{"id":10405,"date":"2021-11-26T17:01:32","date_gmt":"2021-11-26T15:01:32","guid":{"rendered":"https:\/\/www.electrahotels.gr\/nos-hotels\/electra-hotel-athenes\/activites-a-faire\/"},"modified":"2024-07-31T09:50:11","modified_gmt":"2024-07-31T06:50:11","slug":"notre-site","status":"publish","type":"page","link":"https:\/\/www.electrahotels.gr\/fr\/nos-hotels\/electra-rhythm-athens\/notre-site\/","title":{"rendered":"Notre Site"},"content":{"rendered":"\n<p>Situ\u00e9 en haut de la rue Ermou, juste \u00e0 c\u00f4t\u00e9 de la place Syntagma, l&rsquo;Electra Athens est l&rsquo;h\u00f4tel id\u00e9al pour explorer Ath\u00e8nes. L&rsquo;une des premi\u00e8res routes con\u00e7ues dans le plan de ville original, Ermou tire son nom d&rsquo;Herm\u00e8s, le dieu du commerce. Elle a \u00e9t\u00e9 con\u00e7ue comme la principale rue commer\u00e7ante de la ville, et joue toujours ce r\u00f4le aujourd&rsquo;hui. Un paradis pour les amateurs de shopping, les marques de cr\u00e9ateurs et les grandes marques peuvent \u00eatre trouv\u00e9es ici dans des magasins anciens et nouveaux. Cette voie pi\u00e9tonne m\u00e8ne \u00e0 la place Monastiraki, puis au site arch\u00e9ologique de Keramikos.<\/p>\n\n\n\n<p><\/p>\n","protected":false},"excerpt":{"rendered":"<p>Situ\u00e9 en haut de la rue Ermou, juste \u00e0 c\u00f4t\u00e9 de la place Syntagma, l&rsquo;Electra Athens est l&rsquo;h\u00f4tel id\u00e9al pour explorer Ath\u00e8nes. L&rsquo;une des premi\u00e8res routes con\u00e7ues dans le plan de ville original, Ermou tire son nom d&rsquo;Herm\u00e8s, le dieu du commerce. Elle a \u00e9t\u00e9 con\u00e7ue comme la principale rue commer\u00e7ante de la ville, et<\/p>\n","protected":false},"author":1,"featured_media":52015,"parent":10285,"menu_order":0,"comment_status":"closed","ping_status":"closed","template":"page-templates\/single-restaurant.php","meta":{"_acf_changed":false,"footnotes":""},"page_tag":[],"class_list":["post-10405","page","type-page","status-publish","has-post-thumbnail","hentry"],"acf":[],"yoast_head":"<!-- This site is optimized with the Yoast SEO plugin v27.3 - https:\/\/yoast.com\/product\/yoast-seo-wordpress\/ -->\n<title>Activit\u00e9s \u00e0 faire \u00e0 pied \u00e0 Ath\u00e8nes, Gr\u00e8ce || Electra Rhythm Athens<\/title>\n<meta name=\"description\" content=\"Il y a beaucoup de choses fascinantes \u00e0 faire \u00e0 Ath\u00e8nes, en Gr\u00e8ce, \u00e0 quelques pas de la rue Ermou, la rue centrale qui relie les meilleurs endroits de la ville.\" \/>\n<meta name=\"robots\" content=\"index, follow, max-snippet:-1, max-image-preview:large, max-video-preview:-1\" \/>\n<link rel=\"canonical\" href=\"https:\/\/www.electrahotels.gr\/fr\/nos-hotels\/electra-rhythm-athens\/notre-site\/\" \/>\n<meta property=\"og:locale\" content=\"fr_FR\" \/>\n<meta property=\"og:type\" content=\"article\" \/>\n<meta property=\"og:title\" content=\"Activit\u00e9s \u00e0 faire \u00e0 pied \u00e0 Ath\u00e8nes, Gr\u00e8ce || Electra Rhythm Athens\" \/>\n<meta property=\"og:description\" content=\"Il y a beaucoup de choses fascinantes \u00e0 faire \u00e0 Ath\u00e8nes, en Gr\u00e8ce, \u00e0 quelques pas de la rue Ermou, la rue centrale qui relie les meilleurs endroits de la ville.\" \/>\n<meta property=\"og:url\" content=\"https:\/\/www.electrahotels.gr\/fr\/nos-hotels\/electra-rhythm-athens\/notre-site\/\" \/>\n<meta property=\"og:site_name\" content=\"Electra Hotels &amp; Resorts\" \/>\n<meta property=\"article:modified_time\" content=\"2024-07-31T06:50:11+00:00\" \/>\n<meta property=\"og:image\" content=\"https:\/\/www.electrahotels.gr\/app\/uploads\/2021\/09\/img_5396_ok-custom_resized.jpg\" \/>\n\t<meta property=\"og:image:width\" content=\"1920\" \/>\n\t<meta property=\"og:image:height\" content=\"1280\" \/>\n\t<meta property=\"og:image:type\" content=\"image\/jpeg\" \/>\n<meta name=\"twitter:card\" content=\"summary_large_image\" \/>\n<meta name=\"twitter:label1\" content=\"Dur\u00e9e de lecture estim\u00e9e\" \/>\n\t<meta name=\"twitter:data1\" content=\"1 minute\" \/>\n<script type=\"application\/ld+json\" class=\"yoast-schema-graph\">{\"@context\":\"https:\\\/\\\/schema.org\",\"@graph\":[{\"@type\":\"WebPage\",\"@id\":\"https:\\\/\\\/www.electrahotels.gr\\\/fr\\\/nos-hotels\\\/electra-rhythm-athens\\\/notre-site\\\/\",\"url\":\"https:\\\/\\\/www.electrahotels.gr\\\/fr\\\/nos-hotels\\\/electra-rhythm-athens\\\/notre-site\\\/\",\"name\":\"Activit\u00e9s \u00e0 faire \u00e0 pied \u00e0 Ath\u00e8nes, Gr\u00e8ce || Electra Rhythm Athens\",\"isPartOf\":{\"@id\":\"https:\\\/\\\/www.electrahotels.gr\\\/fr\\\/#website\"},\"primaryImageOfPage\":{\"@id\":\"https:\\\/\\\/www.electrahotels.gr\\\/fr\\\/nos-hotels\\\/electra-rhythm-athens\\\/notre-site\\\/#primaryimage\"},\"image\":{\"@id\":\"https:\\\/\\\/www.electrahotels.gr\\\/fr\\\/nos-hotels\\\/electra-rhythm-athens\\\/notre-site\\\/#primaryimage\"},\"thumbnailUrl\":\"https:\\\/\\\/www.electrahotels.gr\\\/app\\\/uploads\\\/2025\\\/01\\\/Monastiraki_location_Rhythm-scaled.jpeg\",\"datePublished\":\"2021-11-26T15:01:32+00:00\",\"dateModified\":\"2024-07-31T06:50:11+00:00\",\"description\":\"Il y a beaucoup de choses fascinantes \u00e0 faire \u00e0 Ath\u00e8nes, en Gr\u00e8ce, \u00e0 quelques pas de la rue Ermou, la rue centrale qui relie les meilleurs endroits de la ville.\",\"breadcrumb\":{\"@id\":\"https:\\\/\\\/www.electrahotels.gr\\\/fr\\\/nos-hotels\\\/electra-rhythm-athens\\\/notre-site\\\/#breadcrumb\"},\"inLanguage\":\"fr-FR\",\"potentialAction\":[{\"@type\":\"ReadAction\",\"target\":[\"https:\\\/\\\/www.electrahotels.gr\\\/fr\\\/nos-hotels\\\/electra-rhythm-athens\\\/notre-site\\\/\"]}]},{\"@type\":\"ImageObject\",\"inLanguage\":\"fr-FR\",\"@id\":\"https:\\\/\\\/www.electrahotels.gr\\\/fr\\\/nos-hotels\\\/electra-rhythm-athens\\\/notre-site\\\/#primaryimage\",\"url\":\"https:\\\/\\\/www.electrahotels.gr\\\/app\\\/uploads\\\/2025\\\/01\\\/Monastiraki_location_Rhythm-scaled.jpeg\",\"contentUrl\":\"https:\\\/\\\/www.electrahotels.gr\\\/app\\\/uploads\\\/2025\\\/01\\\/Monastiraki_location_Rhythm-scaled.jpeg\",\"width\":2560,\"height\":1454,\"caption\":\"aerial panoramic view of Monastiraki square and the Acropolis at sunset in Athens Greece\"},{\"@type\":\"BreadcrumbList\",\"@id\":\"https:\\\/\\\/www.electrahotels.gr\\\/fr\\\/nos-hotels\\\/electra-rhythm-athens\\\/notre-site\\\/#breadcrumb\",\"itemListElement\":[{\"@type\":\"ListItem\",\"position\":1,\"name\":\"Home\",\"item\":\"https:\\\/\\\/www.electrahotels.gr\\\/fr\\\/\"},{\"@type\":\"ListItem\",\"position\":2,\"name\":\"Nos h\u00f4tels\",\"item\":\"https:\\\/\\\/www.electrahotels.gr\\\/fr\\\/nos-hotels\\\/\"},{\"@type\":\"ListItem\",\"position\":3,\"name\":\"Electra Rhythm Athens\",\"item\":\"https:\\\/\\\/www.electrahotels.gr\\\/fr\\\/nos-hotels\\\/electra-rhythm-athens\\\/\"},{\"@type\":\"ListItem\",\"position\":4,\"name\":\"Notre Site\"}]},{\"@type\":\"WebSite\",\"@id\":\"https:\\\/\\\/www.electrahotels.gr\\\/fr\\\/#website\",\"url\":\"https:\\\/\\\/www.electrahotels.gr\\\/fr\\\/\",\"name\":\"Electra Hotels &amp; Resorts\",\"description\":\"A group of luxury hotels in Athens, Thessaloniki, Rhodes and Kefalonia committed to offering quality hospitality, service and luxury\",\"potentialAction\":[{\"@type\":\"SearchAction\",\"target\":{\"@type\":\"EntryPoint\",\"urlTemplate\":\"https:\\\/\\\/www.electrahotels.gr\\\/fr\\\/?s={search_term_string}\"},\"query-input\":{\"@type\":\"PropertyValueSpecification\",\"valueRequired\":true,\"valueName\":\"search_term_string\"}}],\"inLanguage\":\"fr-FR\"}]}<\/script>\n<!-- \/ Yoast SEO plugin. -->","yoast_head_json":{"title":"Activit\u00e9s \u00e0 faire \u00e0 pied \u00e0 Ath\u00e8nes, Gr\u00e8ce || Electra Rhythm Athens","description":"Il y a beaucoup de choses fascinantes \u00e0 faire \u00e0 Ath\u00e8nes, en Gr\u00e8ce, \u00e0 quelques pas de la rue Ermou, la rue centrale qui relie les meilleurs endroits de la ville.","robots":{"index":"index","follow":"follow","max-snippet":"max-snippet:-1","max-image-preview":"max-image-preview:large","max-video-preview":"max-video-preview:-1"},"canonical":"https:\/\/www.electrahotels.gr\/fr\/nos-hotels\/electra-rhythm-athens\/notre-site\/","og_locale":"fr_FR","og_type":"article","og_title":"Activit\u00e9s \u00e0 faire \u00e0 pied \u00e0 Ath\u00e8nes, Gr\u00e8ce || Electra Rhythm Athens","og_description":"Il y a beaucoup de choses fascinantes \u00e0 faire \u00e0 Ath\u00e8nes, en Gr\u00e8ce, \u00e0 quelques pas de la rue Ermou, la rue centrale qui relie les meilleurs endroits de la ville.","og_url":"https:\/\/www.electrahotels.gr\/fr\/nos-hotels\/electra-rhythm-athens\/notre-site\/","og_site_name":"Electra Hotels &amp; Resorts","article_modified_time":"2024-07-31T06:50:11+00:00","og_image":[{"width":1920,"height":1280,"url":"https:\/\/www.electrahotels.gr\/app\/uploads\/2021\/09\/img_5396_ok-custom_resized.jpg","type":"image\/jpeg"}],"twitter_card":"summary_large_image","twitter_misc":{"Dur\u00e9e de lecture estim\u00e9e":"1 minute"},"schema":{"@context":"https:\/\/schema.org","@graph":[{"@type":"WebPage","@id":"https:\/\/www.electrahotels.gr\/fr\/nos-hotels\/electra-rhythm-athens\/notre-site\/","url":"https:\/\/www.electrahotels.gr\/fr\/nos-hotels\/electra-rhythm-athens\/notre-site\/","name":"Activit\u00e9s \u00e0 faire \u00e0 pied \u00e0 Ath\u00e8nes, Gr\u00e8ce || Electra Rhythm Athens","isPartOf":{"@id":"https:\/\/www.electrahotels.gr\/fr\/#website"},"primaryImageOfPage":{"@id":"https:\/\/www.electrahotels.gr\/fr\/nos-hotels\/electra-rhythm-athens\/notre-site\/#primaryimage"},"image":{"@id":"https:\/\/www.electrahotels.gr\/fr\/nos-hotels\/electra-rhythm-athens\/notre-site\/#primaryimage"},"thumbnailUrl":"https:\/\/www.electrahotels.gr\/app\/uploads\/2025\/01\/Monastiraki_location_Rhythm-scaled.jpeg","datePublished":"2021-11-26T15:01:32+00:00","dateModified":"2024-07-31T06:50:11+00:00","description":"Il y a beaucoup de choses fascinantes \u00e0 faire \u00e0 Ath\u00e8nes, en Gr\u00e8ce, \u00e0 quelques pas de la rue Ermou, la rue centrale qui relie les meilleurs endroits de la ville.","breadcrumb":{"@id":"https:\/\/www.electrahotels.gr\/fr\/nos-hotels\/electra-rhythm-athens\/notre-site\/#breadcrumb"},"inLanguage":"fr-FR","potentialAction":[{"@type":"ReadAction","target":["https:\/\/www.electrahotels.gr\/fr\/nos-hotels\/electra-rhythm-athens\/notre-site\/"]}]},{"@type":"ImageObject","inLanguage":"fr-FR","@id":"https:\/\/www.electrahotels.gr\/fr\/nos-hotels\/electra-rhythm-athens\/notre-site\/#primaryimage","url":"https:\/\/www.electrahotels.gr\/app\/uploads\/2025\/01\/Monastiraki_location_Rhythm-scaled.jpeg","contentUrl":"https:\/\/www.electrahotels.gr\/app\/uploads\/2025\/01\/Monastiraki_location_Rhythm-scaled.jpeg","width":2560,"height":1454,"caption":"aerial panoramic view of Monastiraki square and the Acropolis at sunset in Athens Greece"},{"@type":"BreadcrumbList","@id":"https:\/\/www.electrahotels.gr\/fr\/nos-hotels\/electra-rhythm-athens\/notre-site\/#breadcrumb","itemListElement":[{"@type":"ListItem","position":1,"name":"Home","item":"https:\/\/www.electrahotels.gr\/fr\/"},{"@type":"ListItem","position":2,"name":"Nos h\u00f4tels","item":"https:\/\/www.electrahotels.gr\/fr\/nos-hotels\/"},{"@type":"ListItem","position":3,"name":"Electra Rhythm Athens","item":"https:\/\/www.electrahotels.gr\/fr\/nos-hotels\/electra-rhythm-athens\/"},{"@type":"ListItem","position":4,"name":"Notre Site"}]},{"@type":"WebSite","@id":"https:\/\/www.electrahotels.gr\/fr\/#website","url":"https:\/\/www.electrahotels.gr\/fr\/","name":"Electra Hotels &amp; Resorts","description":"A group of luxury hotels in Athens, Thessaloniki, Rhodes and Kefalonia committed to offering quality hospitality, service and luxury","potentialAction":[{"@type":"SearchAction","target":{"@type":"EntryPoint","urlTemplate":"https:\/\/www.electrahotels.gr\/fr\/?s={search_term_string}"},"query-input":{"@type":"PropertyValueSpecification","valueRequired":true,"valueName":"search_term_string"}}],"inLanguage":"fr-FR"}]}},"_links":{"self":[{"href":"https:\/\/www.electrahotels.gr\/fr\/wp-json\/wp\/v2\/pages\/10405","targetHints":{"allow":["GET"]}}],"collection":[{"href":"https:\/\/www.electrahotels.gr\/fr\/wp-json\/wp\/v2\/pages"}],"about":[{"href":"https:\/\/www.electrahotels.gr\/fr\/wp-json\/wp\/v2\/types\/page"}],"author":[{"embeddable":true,"href":"https:\/\/www.electrahotels.gr\/fr\/wp-json\/wp\/v2\/users\/1"}],"replies":[{"embeddable":true,"href":"https:\/\/www.electrahotels.gr\/fr\/wp-json\/wp\/v2\/comments?post=10405"}],"version-history":[{"count":10,"href":"https:\/\/www.electrahotels.gr\/fr\/wp-json\/wp\/v2\/pages\/10405\/revisions"}],"predecessor-version":[{"id":49291,"href":"https:\/\/www.electrahotels.gr\/fr\/wp-json\/wp\/v2\/pages\/10405\/revisions\/49291"}],"up":[{"embeddable":true,"href":"https:\/\/www.electrahotels.gr\/fr\/wp-json\/wp\/v2\/pages\/10285"}],"wp:featuredmedia":[{"embeddable":true,"href":"https:\/\/www.electrahotels.gr\/fr\/wp-json\/wp\/v2\/media\/52015"}],"wp:attachment":[{"href":"https:\/\/www.electrahotels.gr\/fr\/wp-json\/wp\/v2\/media?parent=10405"}],"wp:term":[{"taxonomy":"page_tag","embeddable":true,"href":"https:\/\/www.electrahotels.gr\/fr\/wp-json\/wp\/v2\/page_tag?post=10405"}],"curies":[{"name":"wp","href":"https:\/\/api.w.org\/{rel}","templated":true}]}}