{"id":10406,"date":"2021-11-26T17:01:32","date_gmt":"2021-11-26T15:01:32","guid":{"rendered":"https:\/\/www.electrahotels.gr\/nos-hotels\/electra-metropolis-athenes\/activites-a-faire\/"},"modified":"2024-07-17T11:27:24","modified_gmt":"2024-07-17T08:27:24","slug":"notre-site","status":"publish","type":"page","link":"https:\/\/www.electrahotels.gr\/fr\/nos-hotels\/electra-metropolis-athenes\/notre-site\/","title":{"rendered":"Notre Site"},"content":{"rendered":"\n<p>Il est tr\u00e8s facile de se rendre de l&rsquo;h\u00f4tel aux principales attractions touristiques d&rsquo;Ath\u00e8nes, tandis que les points de d\u00e9part des escapades aux alentours se trouvent \u00e0 deux pas de la place Syntagma.<\/p>\n","protected":false},"excerpt":{"rendered":"<p>Il est tr\u00e8s facile de se rendre de l&rsquo;h\u00f4tel aux principales attractions touristiques d&rsquo;Ath\u00e8nes, tandis que les points de d\u00e9part des escapades aux alentours se trouvent \u00e0 deux pas de la place Syntagma.<\/p>\n","protected":false},"author":1,"featured_media":49148,"parent":10306,"menu_order":0,"comment_status":"closed","ping_status":"closed","template":"page-templates\/single-restaurant.php","meta":{"_acf_changed":false,"footnotes":""},"page_tag":[],"class_list":["post-10406","page","type-page","status-publish","has-post-thumbnail","hentry"],"acf":[],"yoast_head":"<!-- This site is optimized with the Yoast SEO plugin v27.4 - https:\/\/yoast.com\/product\/yoast-seo-wordpress\/ -->\n<title>Vous vous demandez ce qu&#039;il faut faire \u00e0 Ath\u00e8nes, en Gr\u00e8ce ? || Electra Metropolis<\/title>\n<meta name=\"description\" content=\"Si vous vous demandez quoi faire \u00e0 Ath\u00e8nes, en Gr\u00e8ce, vous n&#039;avez pas besoin de vous aventurer tr\u00e8s loin de l&#039;Electra Metropolis, qui b\u00e9n\u00e9ficie d&#039;une situation centrale et d&#039;un emplacement id\u00e9al.\" \/>\n<meta name=\"robots\" content=\"index, follow, max-snippet:-1, max-image-preview:large, max-video-preview:-1\" \/>\n<link rel=\"canonical\" href=\"https:\/\/www.electrahotels.gr\/fr\/nos-hotels\/electra-metropolis-athenes\/notre-site\/\" \/>\n<meta property=\"og:locale\" content=\"fr_FR\" \/>\n<meta property=\"og:type\" content=\"article\" \/>\n<meta property=\"og:title\" content=\"Vous vous demandez ce qu&#039;il faut faire \u00e0 Ath\u00e8nes, en Gr\u00e8ce ? || Electra Metropolis\" \/>\n<meta property=\"og:description\" content=\"Si vous vous demandez quoi faire \u00e0 Ath\u00e8nes, en Gr\u00e8ce, vous n&#039;avez pas besoin de vous aventurer tr\u00e8s loin de l&#039;Electra Metropolis, qui b\u00e9n\u00e9ficie d&#039;une situation centrale et d&#039;un emplacement id\u00e9al.\" \/>\n<meta property=\"og:url\" content=\"https:\/\/www.electrahotels.gr\/fr\/nos-hotels\/electra-metropolis-athenes\/notre-site\/\" \/>\n<meta property=\"og:site_name\" content=\"Electra Hotels &amp; Resorts\" \/>\n<meta property=\"article:modified_time\" content=\"2024-07-17T08:27:24+00:00\" \/>\n<meta property=\"og:image\" content=\"https:\/\/www.electrahotels.gr\/app\/uploads\/2024\/06\/Transfers.jpg\" \/>\n\t<meta property=\"og:image:width\" content=\"1000\" \/>\n\t<meta property=\"og:image:height\" content=\"667\" \/>\n\t<meta property=\"og:image:type\" content=\"image\/jpeg\" \/>\n<meta name=\"twitter:card\" content=\"summary_large_image\" \/>\n<meta name=\"twitter:label1\" content=\"Dur\u00e9e de lecture estim\u00e9e\" \/>\n\t<meta name=\"twitter:data1\" content=\"1 minute\" \/>\n<script type=\"application\/ld+json\" class=\"yoast-schema-graph\">{\"@context\":\"https:\\\/\\\/schema.org\",\"@graph\":[{\"@type\":\"WebPage\",\"@id\":\"https:\\\/\\\/www.electrahotels.gr\\\/fr\\\/nos-hotels\\\/electra-metropolis-athenes\\\/notre-site\\\/\",\"url\":\"https:\\\/\\\/www.electrahotels.gr\\\/fr\\\/nos-hotels\\\/electra-metropolis-athenes\\\/notre-site\\\/\",\"name\":\"Vous vous demandez ce qu'il faut faire \u00e0 Ath\u00e8nes, en Gr\u00e8ce ? || Electra Metropolis\",\"isPartOf\":{\"@id\":\"https:\\\/\\\/www.electrahotels.gr\\\/fr\\\/#website\"},\"primaryImageOfPage\":{\"@id\":\"https:\\\/\\\/www.electrahotels.gr\\\/fr\\\/nos-hotels\\\/electra-metropolis-athenes\\\/notre-site\\\/#primaryimage\"},\"image\":{\"@id\":\"https:\\\/\\\/www.electrahotels.gr\\\/fr\\\/nos-hotels\\\/electra-metropolis-athenes\\\/notre-site\\\/#primaryimage\"},\"thumbnailUrl\":\"https:\\\/\\\/www.electrahotels.gr\\\/app\\\/uploads\\\/2024\\\/07\\\/9K6A0851_ok-_50.jpg\",\"datePublished\":\"2021-11-26T15:01:32+00:00\",\"dateModified\":\"2024-07-17T08:27:24+00:00\",\"description\":\"Si vous vous demandez quoi faire \u00e0 Ath\u00e8nes, en Gr\u00e8ce, vous n'avez pas besoin de vous aventurer tr\u00e8s loin de l'Electra Metropolis, qui b\u00e9n\u00e9ficie d'une situation centrale et d'un emplacement id\u00e9al.\",\"breadcrumb\":{\"@id\":\"https:\\\/\\\/www.electrahotels.gr\\\/fr\\\/nos-hotels\\\/electra-metropolis-athenes\\\/notre-site\\\/#breadcrumb\"},\"inLanguage\":\"fr-FR\",\"potentialAction\":[{\"@type\":\"ReadAction\",\"target\":[\"https:\\\/\\\/www.electrahotels.gr\\\/fr\\\/nos-hotels\\\/electra-metropolis-athenes\\\/notre-site\\\/\"]}]},{\"@type\":\"ImageObject\",\"inLanguage\":\"fr-FR\",\"@id\":\"https:\\\/\\\/www.electrahotels.gr\\\/fr\\\/nos-hotels\\\/electra-metropolis-athenes\\\/notre-site\\\/#primaryimage\",\"url\":\"https:\\\/\\\/www.electrahotels.gr\\\/app\\\/uploads\\\/2024\\\/07\\\/9K6A0851_ok-_50.jpg\",\"contentUrl\":\"https:\\\/\\\/www.electrahotels.gr\\\/app\\\/uploads\\\/2024\\\/07\\\/9K6A0851_ok-_50.jpg\",\"width\":2500,\"height\":1667},{\"@type\":\"BreadcrumbList\",\"@id\":\"https:\\\/\\\/www.electrahotels.gr\\\/fr\\\/nos-hotels\\\/electra-metropolis-athenes\\\/notre-site\\\/#breadcrumb\",\"itemListElement\":[{\"@type\":\"ListItem\",\"position\":1,\"name\":\"Home\",\"item\":\"https:\\\/\\\/www.electrahotels.gr\\\/fr\\\/\"},{\"@type\":\"ListItem\",\"position\":2,\"name\":\"Nos h\u00f4tels\",\"item\":\"https:\\\/\\\/www.electrahotels.gr\\\/fr\\\/nos-hotels\\\/\"},{\"@type\":\"ListItem\",\"position\":3,\"name\":\"Electra Metropolis Ath\u00e8nes\",\"item\":\"https:\\\/\\\/www.electrahotels.gr\\\/fr\\\/nos-hotels\\\/electra-metropolis-athenes\\\/\"},{\"@type\":\"ListItem\",\"position\":4,\"name\":\"Notre Site\"}]},{\"@type\":\"WebSite\",\"@id\":\"https:\\\/\\\/www.electrahotels.gr\\\/fr\\\/#website\",\"url\":\"https:\\\/\\\/www.electrahotels.gr\\\/fr\\\/\",\"name\":\"Electra Hotels &amp; Resorts\",\"description\":\"A group of luxury hotels in Athens, Thessaloniki, Rhodes and Kefalonia committed to offering quality hospitality, service and luxury\",\"potentialAction\":[{\"@type\":\"SearchAction\",\"target\":{\"@type\":\"EntryPoint\",\"urlTemplate\":\"https:\\\/\\\/www.electrahotels.gr\\\/fr\\\/?s={search_term_string}\"},\"query-input\":{\"@type\":\"PropertyValueSpecification\",\"valueRequired\":true,\"valueName\":\"search_term_string\"}}],\"inLanguage\":\"fr-FR\"}]}<\/script>\n<!-- \/ Yoast SEO plugin. -->","yoast_head_json":{"title":"Vous vous demandez ce qu'il faut faire \u00e0 Ath\u00e8nes, en Gr\u00e8ce ? || Electra Metropolis","description":"Si vous vous demandez quoi faire \u00e0 Ath\u00e8nes, en Gr\u00e8ce, vous n'avez pas besoin de vous aventurer tr\u00e8s loin de l'Electra Metropolis, qui b\u00e9n\u00e9ficie d'une situation centrale et d'un emplacement id\u00e9al.","robots":{"index":"index","follow":"follow","max-snippet":"max-snippet:-1","max-image-preview":"max-image-preview:large","max-video-preview":"max-video-preview:-1"},"canonical":"https:\/\/www.electrahotels.gr\/fr\/nos-hotels\/electra-metropolis-athenes\/notre-site\/","og_locale":"fr_FR","og_type":"article","og_title":"Vous vous demandez ce qu'il faut faire \u00e0 Ath\u00e8nes, en Gr\u00e8ce ? || Electra Metropolis","og_description":"Si vous vous demandez quoi faire \u00e0 Ath\u00e8nes, en Gr\u00e8ce, vous n'avez pas besoin de vous aventurer tr\u00e8s loin de l'Electra Metropolis, qui b\u00e9n\u00e9ficie d'une situation centrale et d'un emplacement id\u00e9al.","og_url":"https:\/\/www.electrahotels.gr\/fr\/nos-hotels\/electra-metropolis-athenes\/notre-site\/","og_site_name":"Electra Hotels &amp; Resorts","article_modified_time":"2024-07-17T08:27:24+00:00","og_image":[{"width":1000,"height":667,"url":"https:\/\/www.electrahotels.gr\/app\/uploads\/2024\/06\/Transfers.jpg","type":"image\/jpeg"}],"twitter_card":"summary_large_image","twitter_misc":{"Dur\u00e9e de lecture estim\u00e9e":"1 minute"},"schema":{"@context":"https:\/\/schema.org","@graph":[{"@type":"WebPage","@id":"https:\/\/www.electrahotels.gr\/fr\/nos-hotels\/electra-metropolis-athenes\/notre-site\/","url":"https:\/\/www.electrahotels.gr\/fr\/nos-hotels\/electra-metropolis-athenes\/notre-site\/","name":"Vous vous demandez ce qu'il faut faire \u00e0 Ath\u00e8nes, en Gr\u00e8ce ? || Electra Metropolis","isPartOf":{"@id":"https:\/\/www.electrahotels.gr\/fr\/#website"},"primaryImageOfPage":{"@id":"https:\/\/www.electrahotels.gr\/fr\/nos-hotels\/electra-metropolis-athenes\/notre-site\/#primaryimage"},"image":{"@id":"https:\/\/www.electrahotels.gr\/fr\/nos-hotels\/electra-metropolis-athenes\/notre-site\/#primaryimage"},"thumbnailUrl":"https:\/\/www.electrahotels.gr\/app\/uploads\/2024\/07\/9K6A0851_ok-_50.jpg","datePublished":"2021-11-26T15:01:32+00:00","dateModified":"2024-07-17T08:27:24+00:00","description":"Si vous vous demandez quoi faire \u00e0 Ath\u00e8nes, en Gr\u00e8ce, vous n'avez pas besoin de vous aventurer tr\u00e8s loin de l'Electra Metropolis, qui b\u00e9n\u00e9ficie d'une situation centrale et d'un emplacement id\u00e9al.","breadcrumb":{"@id":"https:\/\/www.electrahotels.gr\/fr\/nos-hotels\/electra-metropolis-athenes\/notre-site\/#breadcrumb"},"inLanguage":"fr-FR","potentialAction":[{"@type":"ReadAction","target":["https:\/\/www.electrahotels.gr\/fr\/nos-hotels\/electra-metropolis-athenes\/notre-site\/"]}]},{"@type":"ImageObject","inLanguage":"fr-FR","@id":"https:\/\/www.electrahotels.gr\/fr\/nos-hotels\/electra-metropolis-athenes\/notre-site\/#primaryimage","url":"https:\/\/www.electrahotels.gr\/app\/uploads\/2024\/07\/9K6A0851_ok-_50.jpg","contentUrl":"https:\/\/www.electrahotels.gr\/app\/uploads\/2024\/07\/9K6A0851_ok-_50.jpg","width":2500,"height":1667},{"@type":"BreadcrumbList","@id":"https:\/\/www.electrahotels.gr\/fr\/nos-hotels\/electra-metropolis-athenes\/notre-site\/#breadcrumb","itemListElement":[{"@type":"ListItem","position":1,"name":"Home","item":"https:\/\/www.electrahotels.gr\/fr\/"},{"@type":"ListItem","position":2,"name":"Nos h\u00f4tels","item":"https:\/\/www.electrahotels.gr\/fr\/nos-hotels\/"},{"@type":"ListItem","position":3,"name":"Electra Metropolis Ath\u00e8nes","item":"https:\/\/www.electrahotels.gr\/fr\/nos-hotels\/electra-metropolis-athenes\/"},{"@type":"ListItem","position":4,"name":"Notre Site"}]},{"@type":"WebSite","@id":"https:\/\/www.electrahotels.gr\/fr\/#website","url":"https:\/\/www.electrahotels.gr\/fr\/","name":"Electra Hotels &amp; Resorts","description":"A group of luxury hotels in Athens, Thessaloniki, Rhodes and Kefalonia committed to offering quality hospitality, service and luxury","potentialAction":[{"@type":"SearchAction","target":{"@type":"EntryPoint","urlTemplate":"https:\/\/www.electrahotels.gr\/fr\/?s={search_term_string}"},"query-input":{"@type":"PropertyValueSpecification","valueRequired":true,"valueName":"search_term_string"}}],"inLanguage":"fr-FR"}]}},"_links":{"self":[{"href":"https:\/\/www.electrahotels.gr\/fr\/wp-json\/wp\/v2\/pages\/10406","targetHints":{"allow":["GET"]}}],"collection":[{"href":"https:\/\/www.electrahotels.gr\/fr\/wp-json\/wp\/v2\/pages"}],"about":[{"href":"https:\/\/www.electrahotels.gr\/fr\/wp-json\/wp\/v2\/types\/page"}],"author":[{"embeddable":true,"href":"https:\/\/www.electrahotels.gr\/fr\/wp-json\/wp\/v2\/users\/1"}],"replies":[{"embeddable":true,"href":"https:\/\/www.electrahotels.gr\/fr\/wp-json\/wp\/v2\/comments?post=10406"}],"version-history":[{"count":10,"href":"https:\/\/www.electrahotels.gr\/fr\/wp-json\/wp\/v2\/pages\/10406\/revisions"}],"predecessor-version":[{"id":49232,"href":"https:\/\/www.electrahotels.gr\/fr\/wp-json\/wp\/v2\/pages\/10406\/revisions\/49232"}],"up":[{"embeddable":true,"href":"https:\/\/www.electrahotels.gr\/fr\/wp-json\/wp\/v2\/pages\/10306"}],"wp:featuredmedia":[{"embeddable":true,"href":"https:\/\/www.electrahotels.gr\/fr\/wp-json\/wp\/v2\/media\/49148"}],"wp:attachment":[{"href":"https:\/\/www.electrahotels.gr\/fr\/wp-json\/wp\/v2\/media?parent=10406"}],"wp:term":[{"taxonomy":"page_tag","embeddable":true,"href":"https:\/\/www.electrahotels.gr\/fr\/wp-json\/wp\/v2\/page_tag?post=10406"}],"curies":[{"name":"wp","href":"https:\/\/api.w.org\/{rel}","templated":true}]}}