{"id":10420,"date":"2021-11-26T17:01:33","date_gmt":"2021-11-26T15:01:33","guid":{"rendered":"https:\/\/www.electrahotels.gr\/transferts\/"},"modified":"2023-04-05T09:07:03","modified_gmt":"2023-04-05T06:07:03","slug":"transferts","status":"publish","type":"page","link":"https:\/\/www.electrahotels.gr\/fr\/transferts\/","title":{"rendered":"Transferts"},"content":{"rendered":"\n<h2 class=\"wp-block-heading\">Organisez facilement votre transfert priv\u00e9 vers ou depuis l&rsquo;h\u00f4tel de votre choix :  <\/h2>\n\n<p class=\"has-text-align-left text-right\"><\/p>\n\n<div class=\"wp-block-columns mt-5 row\">\n<div class=\"wp-block-column col-12 col-md-6\">\n<h4 class=\"wp-block-heading\"><\/h4>\n\n\n<div data-scroll data-scroll-clip>\n<figure class=\"wp-block-image size-full\"><img loading=\"lazy\" decoding=\"async\" width=\"900\" height=\"600\" src=\"https:\/\/www.electrahotels.gr\/app\/uploads\/2021\/10\/1-EXTERIOR-MAIN-1_optimized-900x678-1-1.jpg\" alt=\"\" class=\"wp-image-5456\" srcset=\"https:\/\/www.electrahotels.gr\/app\/uploads\/2021\/10\/1-EXTERIOR-MAIN-1_optimized-900x678-1-1.jpg 900w, https:\/\/www.electrahotels.gr\/app\/uploads\/2021\/10\/1-EXTERIOR-MAIN-1_optimized-900x678-1-1-600x400.jpg 600w, https:\/\/www.electrahotels.gr\/app\/uploads\/2021\/10\/1-EXTERIOR-MAIN-1_optimized-900x678-1-1-768x512.jpg 768w, https:\/\/www.electrahotels.gr\/app\/uploads\/2021\/10\/1-EXTERIOR-MAIN-1_optimized-900x678-1-1-480x320.jpg 480w\" sizes=\"auto, (max-width: 900px) 100vw, 900px\" \/><figcaption class=\"wp-element-caption\">Electra Palace Thessalonique<\/figcaption><\/figure>\n<\/div>\n\n\n<p>Organisez votre transfert priv\u00e9 depuis ou vers l&rsquo;Electra Palace Thessalonique.  <\/p>\n\n\n\n<p><strong><a rel=\"noreferrer noopener\" href=\"https:\/\/booking.taxiplon.gr\/hotels\/electra-palace-thessaloniki\/\" target=\"_blank\">R\u00c9SERVEZ VOTRE TRANSFERT<\/a><\/strong><\/p>\n\n\n\n<figure class=\"wp-block-pullquote\"><blockquote><p><\/p><\/blockquote><\/figure>\n\n\n\n<div class=\"wp-block-buttons\"><\/div>\n<\/div>\n\n\n\n<div class=\"wp-block-column col-12 col-md-6\">\n<h4 class=\"wp-block-heading\"><\/h4>\n\n\n<div data-scroll data-scroll-clip>\n<figure class=\"wp-block-image size-large\"><img loading=\"lazy\" decoding=\"async\" width=\"900\" height=\"600\" src=\"https:\/\/www.electrahotels.gr\/app\/uploads\/2021\/04\/drz-drz_electra-metropolis__Q1A9706-1-900x600.jpg\" alt=\"\" class=\"wp-image-4665\" srcset=\"https:\/\/www.electrahotels.gr\/app\/uploads\/2021\/04\/drz-drz_electra-metropolis__Q1A9706-1-900x600.jpg 900w, https:\/\/www.electrahotels.gr\/app\/uploads\/2021\/04\/drz-drz_electra-metropolis__Q1A9706-1-600x400.jpg 600w, https:\/\/www.electrahotels.gr\/app\/uploads\/2021\/04\/drz-drz_electra-metropolis__Q1A9706-1-768x512.jpg 768w, https:\/\/www.electrahotels.gr\/app\/uploads\/2021\/04\/drz-drz_electra-metropolis__Q1A9706-1-1536x1024.jpg 1536w, https:\/\/www.electrahotels.gr\/app\/uploads\/2021\/04\/drz-drz_electra-metropolis__Q1A9706-1-480x320.jpg 480w, https:\/\/www.electrahotels.gr\/app\/uploads\/2021\/04\/drz-drz_electra-metropolis__Q1A9706-1.jpg 1620w\" sizes=\"auto, (max-width: 900px) 100vw, 900px\" \/><figcaption class=\"wp-element-caption\">Electra Metropolis Ath\u00e8nes<\/figcaption><\/figure>\n<\/div>\n\n\n<p>Organisez votre transfert priv\u00e9 depuis ou vers Electra Metropolis Ath\u00e8nes.<\/p>\n\n\n\n<p><a rel=\"noreferrer noopener\" href=\"https:\/\/booking.taxiplon.gr\/hotels\/electra-metropolis\/\" target=\"_blank\"><strong>R\u00c9SERVEZ VOTRE TRANSFERT<\/strong><\/a><\/p>\n<\/div>\n<\/div>\n\n<div class=\"wp-block-columns mt-5 row\">\n<div class=\"wp-block-column col-12 col-md-6 mt-5 mt-md-0\">\n<h4 class=\"wp-block-heading\"><\/h4>\n\n\n<div data-scroll data-scroll-clip>\n<figure class=\"wp-block-image size-full\"><img loading=\"lazy\" decoding=\"async\" width=\"900\" height=\"600\" src=\"https:\/\/www.electrahotels.gr\/app\/uploads\/2021\/10\/dsc6380_ok-custom_resized.jpg.jpg\" alt=\"\" class=\"wp-image-5467\" srcset=\"https:\/\/www.electrahotels.gr\/app\/uploads\/2021\/10\/dsc6380_ok-custom_resized.jpg.jpg 900w, https:\/\/www.electrahotels.gr\/app\/uploads\/2021\/10\/dsc6380_ok-custom_resized.jpg-600x400.jpg 600w, https:\/\/www.electrahotels.gr\/app\/uploads\/2021\/10\/dsc6380_ok-custom_resized.jpg-768x512.jpg 768w, https:\/\/www.electrahotels.gr\/app\/uploads\/2021\/10\/dsc6380_ok-custom_resized.jpg-480x320.jpg 480w\" sizes=\"auto, (max-width: 900px) 100vw, 900px\" \/><figcaption class=\"wp-element-caption\">Electra Palace Ath\u00e8nes<\/figcaption><\/figure>\n<\/div>\n\n\n<p>Organisez votre transfert priv\u00e9 \u00e0 destination ou en provenance de l&rsquo;Electra Palace Ath\u00e8nes.<\/p>\n\n\n\n<p><a rel=\"noreferrer noopener\" href=\"https:\/\/booking.taxiplon.gr\/hotels\/electra-palace\/\" target=\"_blank\"><strong>R\u00c9SERVEZ VOTRE TRANSFERT<\/strong><\/a><\/p>\n<\/div>\n\n\n\n<div class=\"wp-block-column col-12 col-md-6\">\n<h4 class=\"wp-block-heading\"><\/h4>\n\n\n<div data-scroll data-scroll-clip>\n<figure class=\"wp-block-image size-full\"><img loading=\"lazy\" decoding=\"async\" width=\"900\" height=\"600\" src=\"https:\/\/www.electrahotels.gr\/app\/uploads\/2021\/10\/img_4884_ok-custom_resized.jpg.jpg\" alt=\"\" class=\"wp-image-5471\" srcset=\"https:\/\/www.electrahotels.gr\/app\/uploads\/2021\/10\/img_4884_ok-custom_resized.jpg.jpg 900w, https:\/\/www.electrahotels.gr\/app\/uploads\/2021\/10\/img_4884_ok-custom_resized.jpg-600x400.jpg 600w, https:\/\/www.electrahotels.gr\/app\/uploads\/2021\/10\/img_4884_ok-custom_resized.jpg-768x512.jpg 768w, https:\/\/www.electrahotels.gr\/app\/uploads\/2021\/10\/img_4884_ok-custom_resized.jpg-480x320.jpg 480w\" sizes=\"auto, (max-width: 900px) 100vw, 900px\" \/><figcaption class=\"wp-element-caption\">Electra Ath\u00e8nes<\/figcaption><\/figure>\n<\/div>\n\n\n<p>Organisez votre transfert priv\u00e9 \u00e0 destination ou en provenance d&rsquo;Electra Ath\u00e8nes.  <\/p>\n\n\n\n<p><strong><a rel=\"noreferrer noopener\" href=\"https:\/\/booking.taxiplon.gr\/hotels\/electra-athens\/\" target=\"_blank\">R\u00c9SERVEZ VOTRE TRANSFERT<\/a><\/strong><\/p>\n<\/div>\n<\/div>\n\n<div class=\"wp-block-columns mt-5 row\"><\/div>\n\n<p><\/p>\n\n<h2 class=\"text-center my-5 wp-block-heading\"><\/h2>\n\n<div class=\"wp-block-columns mt-5 row\"><\/div>\n\n<div class=\"wp-block-columns mt-5 row\">\n<div class=\"wp-block-column col-12 col-md-6\"><\/div>\n\n\n\n<div class=\"wp-block-column col-12 col-md-6 mt-5 mt-md-0\"><\/div>\n<\/div>\n\n<div class=\"wp-block-columns mt-5 row\">\n<div class=\"wp-block-column col-12 col-md-6\"><\/div>\n\n\n\n<div class=\"wp-block-column col-12 col-md-6 mt-5 mt-md-0\"><\/div>\n<\/div>\n","protected":false},"excerpt":{"rendered":"<p>Organisez facilement votre transfert priv\u00e9 vers ou depuis l&rsquo;h\u00f4tel de votre choix : Organisez votre transfert priv\u00e9 depuis ou vers l&rsquo;Electra Palace Thessalonique. R\u00c9SERVEZ VOTRE TRANSFERT Organisez votre transfert priv\u00e9 depuis ou vers Electra Metropolis Ath\u00e8nes. R\u00c9SERVEZ VOTRE TRANSFERT Organisez votre transfert priv\u00e9 \u00e0 destination ou en provenance de l&rsquo;Electra Palace Ath\u00e8nes. R\u00c9SERVEZ VOTRE TRANSFERT<\/p>\n","protected":false},"author":1,"featured_media":0,"parent":0,"menu_order":0,"comment_status":"closed","ping_status":"closed","template":"","meta":{"_acf_changed":false,"footnotes":""},"page_tag":[],"class_list":["post-10420","page","type-page","status-publish","hentry"],"acf":[],"yoast_head":"<!-- This site is optimized with the Yoast SEO plugin v27.3 - https:\/\/yoast.com\/product\/yoast-seo-wordpress\/ -->\n<title>Organisez vos transferts d&#039;h\u00f4tel en Gr\u00e8ce avec nous | | Electra Hotels<\/title>\n<meta name=\"description\" content=\"Vous s\u00e9journez dans l&#039;un de nos h\u00f4tels ? Nous serons heureux d&#039;organiser vos transferts d&#039;h\u00f4tel, d&#039;a\u00e9roport et de port en Gr\u00e8ce, notamment \u00e0 Ath\u00e8nes, Thessalonique, Kefalonia et Rhodes.\" \/>\n<meta name=\"robots\" content=\"index, follow, max-snippet:-1, max-image-preview:large, max-video-preview:-1\" \/>\n<link rel=\"canonical\" href=\"https:\/\/www.electrahotels.gr\/fr\/transferts\/\" \/>\n<meta property=\"og:locale\" content=\"fr_FR\" \/>\n<meta property=\"og:type\" content=\"article\" \/>\n<meta property=\"og:title\" content=\"Organisez vos transferts d&#039;h\u00f4tel en Gr\u00e8ce avec nous | | Electra Hotels\" \/>\n<meta property=\"og:description\" content=\"Vous s\u00e9journez dans l&#039;un de nos h\u00f4tels ? Nous serons heureux d&#039;organiser vos transferts d&#039;h\u00f4tel, d&#039;a\u00e9roport et de port en Gr\u00e8ce, notamment \u00e0 Ath\u00e8nes, Thessalonique, Kefalonia et Rhodes.\" \/>\n<meta property=\"og:url\" content=\"https:\/\/www.electrahotels.gr\/fr\/transferts\/\" \/>\n<meta property=\"og:site_name\" content=\"Electra Hotels &amp; Resorts\" \/>\n<meta property=\"article:modified_time\" content=\"2023-04-05T06:07:03+00:00\" \/>\n<meta property=\"og:image\" content=\"https:\/\/www.electrahotels.gr\/app\/uploads\/sites\/75\/2021\/10\/1-EXTERIOR-MAIN-1_optimized-900x678-1-1.jpg\" \/>\n<meta name=\"twitter:card\" content=\"summary_large_image\" \/>\n<script type=\"application\/ld+json\" class=\"yoast-schema-graph\">{\"@context\":\"https:\\\/\\\/schema.org\",\"@graph\":[{\"@type\":\"WebPage\",\"@id\":\"https:\\\/\\\/www.electrahotels.gr\\\/fr\\\/transferts\\\/\",\"url\":\"https:\\\/\\\/www.electrahotels.gr\\\/fr\\\/transferts\\\/\",\"name\":\"Organisez vos transferts d'h\u00f4tel en Gr\u00e8ce avec nous | | Electra Hotels\",\"isPartOf\":{\"@id\":\"https:\\\/\\\/www.electrahotels.gr\\\/fr\\\/#website\"},\"primaryImageOfPage\":{\"@id\":\"https:\\\/\\\/www.electrahotels.gr\\\/fr\\\/transferts\\\/#primaryimage\"},\"image\":{\"@id\":\"https:\\\/\\\/www.electrahotels.gr\\\/fr\\\/transferts\\\/#primaryimage\"},\"thumbnailUrl\":\"https:\\\/\\\/www.electrahotels.gr\\\/app\\\/uploads\\\/2021\\\/10\\\/1-EXTERIOR-MAIN-1_optimized-900x678-1-1.jpg\",\"datePublished\":\"2021-11-26T15:01:33+00:00\",\"dateModified\":\"2023-04-05T06:07:03+00:00\",\"description\":\"Vous s\u00e9journez dans l'un de nos h\u00f4tels ? Nous serons heureux d'organiser vos transferts d'h\u00f4tel, d'a\u00e9roport et de port en Gr\u00e8ce, notamment \u00e0 Ath\u00e8nes, Thessalonique, Kefalonia et Rhodes.\",\"breadcrumb\":{\"@id\":\"https:\\\/\\\/www.electrahotels.gr\\\/fr\\\/transferts\\\/#breadcrumb\"},\"inLanguage\":\"fr-FR\",\"potentialAction\":[{\"@type\":\"ReadAction\",\"target\":[\"https:\\\/\\\/www.electrahotels.gr\\\/fr\\\/transferts\\\/\"]}]},{\"@type\":\"ImageObject\",\"inLanguage\":\"fr-FR\",\"@id\":\"https:\\\/\\\/www.electrahotels.gr\\\/fr\\\/transferts\\\/#primaryimage\",\"url\":\"https:\\\/\\\/www.electrahotels.gr\\\/app\\\/uploads\\\/2021\\\/10\\\/1-EXTERIOR-MAIN-1_optimized-900x678-1-1.jpg\",\"contentUrl\":\"https:\\\/\\\/www.electrahotels.gr\\\/app\\\/uploads\\\/2021\\\/10\\\/1-EXTERIOR-MAIN-1_optimized-900x678-1-1.jpg\"},{\"@type\":\"BreadcrumbList\",\"@id\":\"https:\\\/\\\/www.electrahotels.gr\\\/fr\\\/transferts\\\/#breadcrumb\",\"itemListElement\":[{\"@type\":\"ListItem\",\"position\":1,\"name\":\"Home\",\"item\":\"https:\\\/\\\/www.electrahotels.gr\\\/fr\\\/\"},{\"@type\":\"ListItem\",\"position\":2,\"name\":\"Transferts\"}]},{\"@type\":\"WebSite\",\"@id\":\"https:\\\/\\\/www.electrahotels.gr\\\/fr\\\/#website\",\"url\":\"https:\\\/\\\/www.electrahotels.gr\\\/fr\\\/\",\"name\":\"Electra Hotels &amp; Resorts\",\"description\":\"A group of luxury hotels in Athens, Thessaloniki, Rhodes and Kefalonia committed to offering quality hospitality, service and luxury\",\"potentialAction\":[{\"@type\":\"SearchAction\",\"target\":{\"@type\":\"EntryPoint\",\"urlTemplate\":\"https:\\\/\\\/www.electrahotels.gr\\\/fr\\\/?s={search_term_string}\"},\"query-input\":{\"@type\":\"PropertyValueSpecification\",\"valueRequired\":true,\"valueName\":\"search_term_string\"}}],\"inLanguage\":\"fr-FR\"}]}<\/script>\n<!-- \/ Yoast SEO plugin. -->","yoast_head_json":{"title":"Organisez vos transferts d'h\u00f4tel en Gr\u00e8ce avec nous | | Electra Hotels","description":"Vous s\u00e9journez dans l'un de nos h\u00f4tels ? Nous serons heureux d'organiser vos transferts d'h\u00f4tel, d'a\u00e9roport et de port en Gr\u00e8ce, notamment \u00e0 Ath\u00e8nes, Thessalonique, Kefalonia et Rhodes.","robots":{"index":"index","follow":"follow","max-snippet":"max-snippet:-1","max-image-preview":"max-image-preview:large","max-video-preview":"max-video-preview:-1"},"canonical":"https:\/\/www.electrahotels.gr\/fr\/transferts\/","og_locale":"fr_FR","og_type":"article","og_title":"Organisez vos transferts d'h\u00f4tel en Gr\u00e8ce avec nous | | Electra Hotels","og_description":"Vous s\u00e9journez dans l'un de nos h\u00f4tels ? Nous serons heureux d'organiser vos transferts d'h\u00f4tel, d'a\u00e9roport et de port en Gr\u00e8ce, notamment \u00e0 Ath\u00e8nes, Thessalonique, Kefalonia et Rhodes.","og_url":"https:\/\/www.electrahotels.gr\/fr\/transferts\/","og_site_name":"Electra Hotels &amp; Resorts","article_modified_time":"2023-04-05T06:07:03+00:00","og_image":[{"url":"https:\/\/www.electrahotels.gr\/app\/uploads\/sites\/75\/2021\/10\/1-EXTERIOR-MAIN-1_optimized-900x678-1-1.jpg","type":"","width":"","height":""}],"twitter_card":"summary_large_image","schema":{"@context":"https:\/\/schema.org","@graph":[{"@type":"WebPage","@id":"https:\/\/www.electrahotels.gr\/fr\/transferts\/","url":"https:\/\/www.electrahotels.gr\/fr\/transferts\/","name":"Organisez vos transferts d'h\u00f4tel en Gr\u00e8ce avec nous | | Electra Hotels","isPartOf":{"@id":"https:\/\/www.electrahotels.gr\/fr\/#website"},"primaryImageOfPage":{"@id":"https:\/\/www.electrahotels.gr\/fr\/transferts\/#primaryimage"},"image":{"@id":"https:\/\/www.electrahotels.gr\/fr\/transferts\/#primaryimage"},"thumbnailUrl":"https:\/\/www.electrahotels.gr\/app\/uploads\/2021\/10\/1-EXTERIOR-MAIN-1_optimized-900x678-1-1.jpg","datePublished":"2021-11-26T15:01:33+00:00","dateModified":"2023-04-05T06:07:03+00:00","description":"Vous s\u00e9journez dans l'un de nos h\u00f4tels ? Nous serons heureux d'organiser vos transferts d'h\u00f4tel, d'a\u00e9roport et de port en Gr\u00e8ce, notamment \u00e0 Ath\u00e8nes, Thessalonique, Kefalonia et Rhodes.","breadcrumb":{"@id":"https:\/\/www.electrahotels.gr\/fr\/transferts\/#breadcrumb"},"inLanguage":"fr-FR","potentialAction":[{"@type":"ReadAction","target":["https:\/\/www.electrahotels.gr\/fr\/transferts\/"]}]},{"@type":"ImageObject","inLanguage":"fr-FR","@id":"https:\/\/www.electrahotels.gr\/fr\/transferts\/#primaryimage","url":"https:\/\/www.electrahotels.gr\/app\/uploads\/2021\/10\/1-EXTERIOR-MAIN-1_optimized-900x678-1-1.jpg","contentUrl":"https:\/\/www.electrahotels.gr\/app\/uploads\/2021\/10\/1-EXTERIOR-MAIN-1_optimized-900x678-1-1.jpg"},{"@type":"BreadcrumbList","@id":"https:\/\/www.electrahotels.gr\/fr\/transferts\/#breadcrumb","itemListElement":[{"@type":"ListItem","position":1,"name":"Home","item":"https:\/\/www.electrahotels.gr\/fr\/"},{"@type":"ListItem","position":2,"name":"Transferts"}]},{"@type":"WebSite","@id":"https:\/\/www.electrahotels.gr\/fr\/#website","url":"https:\/\/www.electrahotels.gr\/fr\/","name":"Electra Hotels &amp; Resorts","description":"A group of luxury hotels in Athens, Thessaloniki, Rhodes and Kefalonia committed to offering quality hospitality, service and luxury","potentialAction":[{"@type":"SearchAction","target":{"@type":"EntryPoint","urlTemplate":"https:\/\/www.electrahotels.gr\/fr\/?s={search_term_string}"},"query-input":{"@type":"PropertyValueSpecification","valueRequired":true,"valueName":"search_term_string"}}],"inLanguage":"fr-FR"}]}},"_links":{"self":[{"href":"https:\/\/www.electrahotels.gr\/fr\/wp-json\/wp\/v2\/pages\/10420","targetHints":{"allow":["GET"]}}],"collection":[{"href":"https:\/\/www.electrahotels.gr\/fr\/wp-json\/wp\/v2\/pages"}],"about":[{"href":"https:\/\/www.electrahotels.gr\/fr\/wp-json\/wp\/v2\/types\/page"}],"author":[{"embeddable":true,"href":"https:\/\/www.electrahotels.gr\/fr\/wp-json\/wp\/v2\/users\/1"}],"replies":[{"embeddable":true,"href":"https:\/\/www.electrahotels.gr\/fr\/wp-json\/wp\/v2\/comments?post=10420"}],"version-history":[{"count":9,"href":"https:\/\/www.electrahotels.gr\/fr\/wp-json\/wp\/v2\/pages\/10420\/revisions"}],"predecessor-version":[{"id":37149,"href":"https:\/\/www.electrahotels.gr\/fr\/wp-json\/wp\/v2\/pages\/10420\/revisions\/37149"}],"wp:attachment":[{"href":"https:\/\/www.electrahotels.gr\/fr\/wp-json\/wp\/v2\/media?parent=10420"}],"wp:term":[{"taxonomy":"page_tag","embeddable":true,"href":"https:\/\/www.electrahotels.gr\/fr\/wp-json\/wp\/v2\/page_tag?post=10420"}],"curies":[{"name":"wp","href":"https:\/\/api.w.org\/{rel}","templated":true}]}}