{"id":10439,"date":"2021-11-26T17:01:34","date_gmt":"2021-11-26T15:01:34","guid":{"rendered":"https:\/\/www.electrahotels.gr\/nos-hotels\/electra-hotel-athenes\/contact\/"},"modified":"2023-04-04T13:54:35","modified_gmt":"2023-04-04T10:54:35","slug":"contact","status":"publish","type":"page","link":"https:\/\/www.electrahotels.gr\/fr\/nos-hotels\/electra-rhythm-athens\/contact\/","title":{"rendered":"Contact"},"content":{"rendered":"\n<p>Pour toute question, n&rsquo;h\u00e9sitez pas \u00e0 utiliser le formulaire de contact ci-dessous ou \u00e0 nous contacter directement en utilisant les informations de contact.<\/p>\n","protected":false},"excerpt":{"rendered":"<p>Pour toute question, n&rsquo;h\u00e9sitez pas \u00e0 utiliser le formulaire de contact ci-dessous ou \u00e0 nous contacter directement en utilisant les informations de contact.<\/p>\n","protected":false},"author":1,"featured_media":0,"parent":10285,"menu_order":0,"comment_status":"closed","ping_status":"closed","template":"page-templates\/contact.php","meta":{"_acf_changed":false,"footnotes":""},"page_tag":[],"class_list":["post-10439","page","type-page","status-publish","hentry"],"acf":[],"yoast_head":"<!-- This site is optimized with the Yoast SEO plugin v27.4 - https:\/\/yoast.com\/product\/yoast-seo-wordpress\/ -->\n<title>Prenez contact avec nous - Coordonn\u00e9es || Electra Rhythm Athens<\/title>\n<meta name=\"description\" content=\"Vous avez une question ou une requ\u00eate ? Nous serons heureux d&#039;avoir de vos nouvelles. Prenez contact avec nous \u00e0 Electra Rhythm Athens en utilisant les coordonn\u00e9es que vous trouverez ici.\" \/>\n<meta name=\"robots\" content=\"index, follow, max-snippet:-1, max-image-preview:large, max-video-preview:-1\" \/>\n<link rel=\"canonical\" href=\"https:\/\/www.electrahotels.gr\/fr\/nos-hotels\/electra-rhythm-athens\/contact\/\" \/>\n<meta property=\"og:locale\" content=\"fr_FR\" \/>\n<meta property=\"og:type\" content=\"article\" \/>\n<meta property=\"og:title\" content=\"Prenez contact avec nous - Coordonn\u00e9es || Electra Rhythm Athens\" \/>\n<meta property=\"og:description\" content=\"Vous avez une question ou une requ\u00eate ? Nous serons heureux d&#039;avoir de vos nouvelles. Prenez contact avec nous \u00e0 Electra Rhythm Athens en utilisant les coordonn\u00e9es que vous trouverez ici.\" \/>\n<meta property=\"og:url\" content=\"https:\/\/www.electrahotels.gr\/fr\/nos-hotels\/electra-rhythm-athens\/contact\/\" \/>\n<meta property=\"og:site_name\" content=\"Electra Hotels &amp; Resorts\" \/>\n<meta property=\"article:modified_time\" content=\"2023-04-04T10:54:35+00:00\" \/>\n<meta name=\"twitter:card\" content=\"summary_large_image\" \/>\n<script type=\"application\/ld+json\" class=\"yoast-schema-graph\">{\"@context\":\"https:\\\/\\\/schema.org\",\"@graph\":[{\"@type\":\"WebPage\",\"@id\":\"https:\\\/\\\/www.electrahotels.gr\\\/fr\\\/nos-hotels\\\/electra-rhythm-athens\\\/contact\\\/\",\"url\":\"https:\\\/\\\/www.electrahotels.gr\\\/fr\\\/nos-hotels\\\/electra-rhythm-athens\\\/contact\\\/\",\"name\":\"Prenez contact avec nous - Coordonn\u00e9es || Electra Rhythm Athens\",\"isPartOf\":{\"@id\":\"https:\\\/\\\/www.electrahotels.gr\\\/fr\\\/#website\"},\"datePublished\":\"2021-11-26T15:01:34+00:00\",\"dateModified\":\"2023-04-04T10:54:35+00:00\",\"description\":\"Vous avez une question ou une requ\u00eate ? Nous serons heureux d'avoir de vos nouvelles. Prenez contact avec nous \u00e0 Electra Rhythm Athens en utilisant les coordonn\u00e9es que vous trouverez ici.\",\"breadcrumb\":{\"@id\":\"https:\\\/\\\/www.electrahotels.gr\\\/fr\\\/nos-hotels\\\/electra-rhythm-athens\\\/contact\\\/#breadcrumb\"},\"inLanguage\":\"fr-FR\",\"potentialAction\":[{\"@type\":\"ReadAction\",\"target\":[\"https:\\\/\\\/www.electrahotels.gr\\\/fr\\\/nos-hotels\\\/electra-rhythm-athens\\\/contact\\\/\"]}]},{\"@type\":\"BreadcrumbList\",\"@id\":\"https:\\\/\\\/www.electrahotels.gr\\\/fr\\\/nos-hotels\\\/electra-rhythm-athens\\\/contact\\\/#breadcrumb\",\"itemListElement\":[{\"@type\":\"ListItem\",\"position\":1,\"name\":\"Home\",\"item\":\"https:\\\/\\\/www.electrahotels.gr\\\/fr\\\/\"},{\"@type\":\"ListItem\",\"position\":2,\"name\":\"Nos h\u00f4tels\",\"item\":\"https:\\\/\\\/www.electrahotels.gr\\\/fr\\\/nos-hotels\\\/\"},{\"@type\":\"ListItem\",\"position\":3,\"name\":\"Electra Rhythm Athens\",\"item\":\"https:\\\/\\\/www.electrahotels.gr\\\/fr\\\/nos-hotels\\\/electra-rhythm-athens\\\/\"},{\"@type\":\"ListItem\",\"position\":4,\"name\":\"Contact\"}]},{\"@type\":\"WebSite\",\"@id\":\"https:\\\/\\\/www.electrahotels.gr\\\/fr\\\/#website\",\"url\":\"https:\\\/\\\/www.electrahotels.gr\\\/fr\\\/\",\"name\":\"Electra Hotels &amp; Resorts\",\"description\":\"A group of luxury hotels in Athens, Thessaloniki, Rhodes and Kefalonia committed to offering quality hospitality, service and luxury\",\"potentialAction\":[{\"@type\":\"SearchAction\",\"target\":{\"@type\":\"EntryPoint\",\"urlTemplate\":\"https:\\\/\\\/www.electrahotels.gr\\\/fr\\\/?s={search_term_string}\"},\"query-input\":{\"@type\":\"PropertyValueSpecification\",\"valueRequired\":true,\"valueName\":\"search_term_string\"}}],\"inLanguage\":\"fr-FR\"}]}<\/script>\n<!-- \/ Yoast SEO plugin. -->","yoast_head_json":{"title":"Prenez contact avec nous - Coordonn\u00e9es || Electra Rhythm Athens","description":"Vous avez une question ou une requ\u00eate ? Nous serons heureux d'avoir de vos nouvelles. Prenez contact avec nous \u00e0 Electra Rhythm Athens en utilisant les coordonn\u00e9es que vous trouverez ici.","robots":{"index":"index","follow":"follow","max-snippet":"max-snippet:-1","max-image-preview":"max-image-preview:large","max-video-preview":"max-video-preview:-1"},"canonical":"https:\/\/www.electrahotels.gr\/fr\/nos-hotels\/electra-rhythm-athens\/contact\/","og_locale":"fr_FR","og_type":"article","og_title":"Prenez contact avec nous - Coordonn\u00e9es || Electra Rhythm Athens","og_description":"Vous avez une question ou une requ\u00eate ? Nous serons heureux d'avoir de vos nouvelles. Prenez contact avec nous \u00e0 Electra Rhythm Athens en utilisant les coordonn\u00e9es que vous trouverez ici.","og_url":"https:\/\/www.electrahotels.gr\/fr\/nos-hotels\/electra-rhythm-athens\/contact\/","og_site_name":"Electra Hotels &amp; Resorts","article_modified_time":"2023-04-04T10:54:35+00:00","twitter_card":"summary_large_image","schema":{"@context":"https:\/\/schema.org","@graph":[{"@type":"WebPage","@id":"https:\/\/www.electrahotels.gr\/fr\/nos-hotels\/electra-rhythm-athens\/contact\/","url":"https:\/\/www.electrahotels.gr\/fr\/nos-hotels\/electra-rhythm-athens\/contact\/","name":"Prenez contact avec nous - Coordonn\u00e9es || Electra Rhythm Athens","isPartOf":{"@id":"https:\/\/www.electrahotels.gr\/fr\/#website"},"datePublished":"2021-11-26T15:01:34+00:00","dateModified":"2023-04-04T10:54:35+00:00","description":"Vous avez une question ou une requ\u00eate ? Nous serons heureux d'avoir de vos nouvelles. Prenez contact avec nous \u00e0 Electra Rhythm Athens en utilisant les coordonn\u00e9es que vous trouverez ici.","breadcrumb":{"@id":"https:\/\/www.electrahotels.gr\/fr\/nos-hotels\/electra-rhythm-athens\/contact\/#breadcrumb"},"inLanguage":"fr-FR","potentialAction":[{"@type":"ReadAction","target":["https:\/\/www.electrahotels.gr\/fr\/nos-hotels\/electra-rhythm-athens\/contact\/"]}]},{"@type":"BreadcrumbList","@id":"https:\/\/www.electrahotels.gr\/fr\/nos-hotels\/electra-rhythm-athens\/contact\/#breadcrumb","itemListElement":[{"@type":"ListItem","position":1,"name":"Home","item":"https:\/\/www.electrahotels.gr\/fr\/"},{"@type":"ListItem","position":2,"name":"Nos h\u00f4tels","item":"https:\/\/www.electrahotels.gr\/fr\/nos-hotels\/"},{"@type":"ListItem","position":3,"name":"Electra Rhythm Athens","item":"https:\/\/www.electrahotels.gr\/fr\/nos-hotels\/electra-rhythm-athens\/"},{"@type":"ListItem","position":4,"name":"Contact"}]},{"@type":"WebSite","@id":"https:\/\/www.electrahotels.gr\/fr\/#website","url":"https:\/\/www.electrahotels.gr\/fr\/","name":"Electra Hotels &amp; Resorts","description":"A group of luxury hotels in Athens, Thessaloniki, Rhodes and Kefalonia committed to offering quality hospitality, service and luxury","potentialAction":[{"@type":"SearchAction","target":{"@type":"EntryPoint","urlTemplate":"https:\/\/www.electrahotels.gr\/fr\/?s={search_term_string}"},"query-input":{"@type":"PropertyValueSpecification","valueRequired":true,"valueName":"search_term_string"}}],"inLanguage":"fr-FR"}]}},"_links":{"self":[{"href":"https:\/\/www.electrahotels.gr\/fr\/wp-json\/wp\/v2\/pages\/10439","targetHints":{"allow":["GET"]}}],"collection":[{"href":"https:\/\/www.electrahotels.gr\/fr\/wp-json\/wp\/v2\/pages"}],"about":[{"href":"https:\/\/www.electrahotels.gr\/fr\/wp-json\/wp\/v2\/types\/page"}],"author":[{"embeddable":true,"href":"https:\/\/www.electrahotels.gr\/fr\/wp-json\/wp\/v2\/users\/1"}],"replies":[{"embeddable":true,"href":"https:\/\/www.electrahotels.gr\/fr\/wp-json\/wp\/v2\/comments?post=10439"}],"version-history":[{"count":4,"href":"https:\/\/www.electrahotels.gr\/fr\/wp-json\/wp\/v2\/pages\/10439\/revisions"}],"predecessor-version":[{"id":11386,"href":"https:\/\/www.electrahotels.gr\/fr\/wp-json\/wp\/v2\/pages\/10439\/revisions\/11386"}],"up":[{"embeddable":true,"href":"https:\/\/www.electrahotels.gr\/fr\/wp-json\/wp\/v2\/pages\/10285"}],"wp:attachment":[{"href":"https:\/\/www.electrahotels.gr\/fr\/wp-json\/wp\/v2\/media?parent=10439"}],"wp:term":[{"taxonomy":"page_tag","embeddable":true,"href":"https:\/\/www.electrahotels.gr\/fr\/wp-json\/wp\/v2\/page_tag?post=10439"}],"curies":[{"name":"wp","href":"https:\/\/api.w.org\/{rel}","templated":true}]}}