{"id":10441,"date":"2021-11-26T17:01:34","date_gmt":"2021-11-26T15:01:34","guid":{"rendered":"https:\/\/www.electrahotels.gr\/contact\/"},"modified":"2023-03-30T13:07:04","modified_gmt":"2023-03-30T10:07:04","slug":"contact","status":"publish","type":"page","link":"https:\/\/www.electrahotels.gr\/fr\/contact\/","title":{"rendered":"Contact"},"content":{"rendered":"","protected":false},"excerpt":{"rendered":"","protected":false},"author":1,"featured_media":0,"parent":0,"menu_order":17,"comment_status":"closed","ping_status":"closed","template":"page-templates\/contact.php","meta":{"_acf_changed":false,"footnotes":""},"page_tag":[],"class_list":["post-10441","page","type-page","status-publish","hentry"],"acf":[],"yoast_head":"<!-- This site is optimized with the Yoast SEO plugin v27.4 - https:\/\/yoast.com\/product\/yoast-seo-wordpress\/ -->\n<title>Coordonn\u00e9es de tous les h\u00f4tels Electra en Gr\u00e8ce || Electra Hotels<\/title>\n<meta name=\"description\" content=\"Vous avez une question ou une requ\u00eate ? Nous serons heureux d&#039;avoir de vos nouvelles. Contactez n&#039;importe lequel de nos h\u00f4tels Electra en utilisant les coordonn\u00e9es correspondantes pour chacun d&#039;entre eux.\" \/>\n<meta name=\"robots\" content=\"index, follow, max-snippet:-1, max-image-preview:large, max-video-preview:-1\" \/>\n<link rel=\"canonical\" href=\"https:\/\/www.electrahotels.gr\/fr\/contact\/\" \/>\n<meta property=\"og:locale\" content=\"fr_FR\" \/>\n<meta property=\"og:type\" content=\"article\" \/>\n<meta property=\"og:title\" content=\"Coordonn\u00e9es de tous les h\u00f4tels Electra en Gr\u00e8ce || Electra Hotels\" \/>\n<meta property=\"og:description\" content=\"Vous avez une question ou une requ\u00eate ? Nous serons heureux d&#039;avoir de vos nouvelles. Contactez n&#039;importe lequel de nos h\u00f4tels Electra en utilisant les coordonn\u00e9es correspondantes pour chacun d&#039;entre eux.\" \/>\n<meta property=\"og:url\" content=\"https:\/\/www.electrahotels.gr\/fr\/contact\/\" \/>\n<meta property=\"og:site_name\" content=\"Electra Hotels &amp; Resorts\" \/>\n<meta property=\"article:modified_time\" content=\"2023-03-30T10:07:04+00:00\" \/>\n<meta name=\"twitter:card\" content=\"summary_large_image\" \/>\n<script type=\"application\/ld+json\" class=\"yoast-schema-graph\">{\"@context\":\"https:\\\/\\\/schema.org\",\"@graph\":[{\"@type\":\"WebPage\",\"@id\":\"https:\\\/\\\/www.electrahotels.gr\\\/fr\\\/contact\\\/\",\"url\":\"https:\\\/\\\/www.electrahotels.gr\\\/fr\\\/contact\\\/\",\"name\":\"Coordonn\u00e9es de tous les h\u00f4tels Electra en Gr\u00e8ce || Electra Hotels\",\"isPartOf\":{\"@id\":\"https:\\\/\\\/www.electrahotels.gr\\\/fr\\\/#website\"},\"datePublished\":\"2021-11-26T15:01:34+00:00\",\"dateModified\":\"2023-03-30T10:07:04+00:00\",\"description\":\"Vous avez une question ou une requ\u00eate ? Nous serons heureux d'avoir de vos nouvelles. Contactez n'importe lequel de nos h\u00f4tels Electra en utilisant les coordonn\u00e9es correspondantes pour chacun d'entre eux.\",\"breadcrumb\":{\"@id\":\"https:\\\/\\\/www.electrahotels.gr\\\/fr\\\/contact\\\/#breadcrumb\"},\"inLanguage\":\"fr-FR\",\"potentialAction\":[{\"@type\":\"ReadAction\",\"target\":[\"https:\\\/\\\/www.electrahotels.gr\\\/fr\\\/contact\\\/\"]}]},{\"@type\":\"BreadcrumbList\",\"@id\":\"https:\\\/\\\/www.electrahotels.gr\\\/fr\\\/contact\\\/#breadcrumb\",\"itemListElement\":[{\"@type\":\"ListItem\",\"position\":1,\"name\":\"Home\",\"item\":\"https:\\\/\\\/www.electrahotels.gr\\\/fr\\\/\"},{\"@type\":\"ListItem\",\"position\":2,\"name\":\"Contact\"}]},{\"@type\":\"WebSite\",\"@id\":\"https:\\\/\\\/www.electrahotels.gr\\\/fr\\\/#website\",\"url\":\"https:\\\/\\\/www.electrahotels.gr\\\/fr\\\/\",\"name\":\"Electra Hotels &amp; Resorts\",\"description\":\"A group of luxury hotels in Athens, Thessaloniki, Rhodes and Kefalonia committed to offering quality hospitality, service and luxury\",\"potentialAction\":[{\"@type\":\"SearchAction\",\"target\":{\"@type\":\"EntryPoint\",\"urlTemplate\":\"https:\\\/\\\/www.electrahotels.gr\\\/fr\\\/?s={search_term_string}\"},\"query-input\":{\"@type\":\"PropertyValueSpecification\",\"valueRequired\":true,\"valueName\":\"search_term_string\"}}],\"inLanguage\":\"fr-FR\"}]}<\/script>\n<!-- \/ Yoast SEO plugin. -->","yoast_head_json":{"title":"Coordonn\u00e9es de tous les h\u00f4tels Electra en Gr\u00e8ce || Electra Hotels","description":"Vous avez une question ou une requ\u00eate ? Nous serons heureux d'avoir de vos nouvelles. Contactez n'importe lequel de nos h\u00f4tels Electra en utilisant les coordonn\u00e9es correspondantes pour chacun d'entre eux.","robots":{"index":"index","follow":"follow","max-snippet":"max-snippet:-1","max-image-preview":"max-image-preview:large","max-video-preview":"max-video-preview:-1"},"canonical":"https:\/\/www.electrahotels.gr\/fr\/contact\/","og_locale":"fr_FR","og_type":"article","og_title":"Coordonn\u00e9es de tous les h\u00f4tels Electra en Gr\u00e8ce || Electra Hotels","og_description":"Vous avez une question ou une requ\u00eate ? Nous serons heureux d'avoir de vos nouvelles. Contactez n'importe lequel de nos h\u00f4tels Electra en utilisant les coordonn\u00e9es correspondantes pour chacun d'entre eux.","og_url":"https:\/\/www.electrahotels.gr\/fr\/contact\/","og_site_name":"Electra Hotels &amp; Resorts","article_modified_time":"2023-03-30T10:07:04+00:00","twitter_card":"summary_large_image","schema":{"@context":"https:\/\/schema.org","@graph":[{"@type":"WebPage","@id":"https:\/\/www.electrahotels.gr\/fr\/contact\/","url":"https:\/\/www.electrahotels.gr\/fr\/contact\/","name":"Coordonn\u00e9es de tous les h\u00f4tels Electra en Gr\u00e8ce || Electra Hotels","isPartOf":{"@id":"https:\/\/www.electrahotels.gr\/fr\/#website"},"datePublished":"2021-11-26T15:01:34+00:00","dateModified":"2023-03-30T10:07:04+00:00","description":"Vous avez une question ou une requ\u00eate ? Nous serons heureux d'avoir de vos nouvelles. Contactez n'importe lequel de nos h\u00f4tels Electra en utilisant les coordonn\u00e9es correspondantes pour chacun d'entre eux.","breadcrumb":{"@id":"https:\/\/www.electrahotels.gr\/fr\/contact\/#breadcrumb"},"inLanguage":"fr-FR","potentialAction":[{"@type":"ReadAction","target":["https:\/\/www.electrahotels.gr\/fr\/contact\/"]}]},{"@type":"BreadcrumbList","@id":"https:\/\/www.electrahotels.gr\/fr\/contact\/#breadcrumb","itemListElement":[{"@type":"ListItem","position":1,"name":"Home","item":"https:\/\/www.electrahotels.gr\/fr\/"},{"@type":"ListItem","position":2,"name":"Contact"}]},{"@type":"WebSite","@id":"https:\/\/www.electrahotels.gr\/fr\/#website","url":"https:\/\/www.electrahotels.gr\/fr\/","name":"Electra Hotels &amp; Resorts","description":"A group of luxury hotels in Athens, Thessaloniki, Rhodes and Kefalonia committed to offering quality hospitality, service and luxury","potentialAction":[{"@type":"SearchAction","target":{"@type":"EntryPoint","urlTemplate":"https:\/\/www.electrahotels.gr\/fr\/?s={search_term_string}"},"query-input":{"@type":"PropertyValueSpecification","valueRequired":true,"valueName":"search_term_string"}}],"inLanguage":"fr-FR"}]}},"_links":{"self":[{"href":"https:\/\/www.electrahotels.gr\/fr\/wp-json\/wp\/v2\/pages\/10441","targetHints":{"allow":["GET"]}}],"collection":[{"href":"https:\/\/www.electrahotels.gr\/fr\/wp-json\/wp\/v2\/pages"}],"about":[{"href":"https:\/\/www.electrahotels.gr\/fr\/wp-json\/wp\/v2\/types\/page"}],"author":[{"embeddable":true,"href":"https:\/\/www.electrahotels.gr\/fr\/wp-json\/wp\/v2\/users\/1"}],"replies":[{"embeddable":true,"href":"https:\/\/www.electrahotels.gr\/fr\/wp-json\/wp\/v2\/comments?post=10441"}],"version-history":[{"count":1,"href":"https:\/\/www.electrahotels.gr\/fr\/wp-json\/wp\/v2\/pages\/10441\/revisions"}],"predecessor-version":[{"id":10448,"href":"https:\/\/www.electrahotels.gr\/fr\/wp-json\/wp\/v2\/pages\/10441\/revisions\/10448"}],"wp:attachment":[{"href":"https:\/\/www.electrahotels.gr\/fr\/wp-json\/wp\/v2\/media?parent=10441"}],"wp:term":[{"taxonomy":"page_tag","embeddable":true,"href":"https:\/\/www.electrahotels.gr\/fr\/wp-json\/wp\/v2\/page_tag?post=10441"}],"curies":[{"name":"wp","href":"https:\/\/api.w.org\/{rel}","templated":true}]}}