{"id":10450,"date":"2021-11-26T17:01:34","date_gmt":"2021-11-26T15:01:34","guid":{"rendered":"https:\/\/www.electrahotels.gr\/nos-hotels\/electra-hotel-athenes\/restaurants-et-bars\/"},"modified":"2023-04-04T13:54:33","modified_gmt":"2023-04-04T10:54:33","slug":"restaurants-et-bars","status":"publish","type":"page","link":"https:\/\/www.electrahotels.gr\/fr\/nos-hotels\/electra-rhythm-athens\/restaurants-et-bars\/","title":{"rendered":"Restaurants et bars"},"content":{"rendered":"\n<p>D\u00e9couvrez des saveurs m\u00e9diterran\u00e9ennes cr\u00e9atives et \u00e9lev\u00e9es ou savourez votre caf\u00e9 avec une touche urbaine !<\/p>\n","protected":false},"excerpt":{"rendered":"<p>D\u00e9couvrez des saveurs m\u00e9diterran\u00e9ennes cr\u00e9atives et \u00e9lev\u00e9es ou savourez votre caf\u00e9 avec une touche urbaine !<\/p>\n","protected":false},"author":1,"featured_media":55235,"parent":10285,"menu_order":0,"comment_status":"closed","ping_status":"closed","template":"page-templates\/restaurants.php","meta":{"_acf_changed":false,"footnotes":""},"page_tag":[],"class_list":["post-10450","page","type-page","status-publish","has-post-thumbnail","hentry"],"acf":[],"yoast_head":"<!-- This site is optimized with the Yoast SEO plugin v27.4 - https:\/\/yoast.com\/product\/yoast-seo-wordpress\/ -->\n<title>D\u00eener dans certains des meilleurs restaurants d&#039;Ath\u00e8nes || Electra Rhythm Athens<\/title>\n<meta name=\"description\" content=\"L&#039;Electra Rhythm Athens abrite quelques-uns des meilleurs restaurants d&#039;Ath\u00e8nes, qui allient des saveurs d\u00e9licieuses \u00e0 une ambiance merveilleuse et \u00e0 des vues imprenables sur les monuments.\" \/>\n<meta name=\"robots\" content=\"index, follow, max-snippet:-1, max-image-preview:large, max-video-preview:-1\" \/>\n<link rel=\"canonical\" href=\"https:\/\/www.electrahotels.gr\/fr\/nos-hotels\/electra-rhythm-athens\/restaurants-et-bars\/\" \/>\n<meta property=\"og:locale\" content=\"fr_FR\" \/>\n<meta property=\"og:type\" content=\"article\" \/>\n<meta property=\"og:title\" content=\"D\u00eener dans certains des meilleurs restaurants d&#039;Ath\u00e8nes || Electra Rhythm Athens\" \/>\n<meta property=\"og:description\" content=\"L&#039;Electra Rhythm Athens abrite quelques-uns des meilleurs restaurants d&#039;Ath\u00e8nes, qui allient des saveurs d\u00e9licieuses \u00e0 une ambiance merveilleuse et \u00e0 des vues imprenables sur les monuments.\" \/>\n<meta property=\"og:url\" content=\"https:\/\/www.electrahotels.gr\/fr\/nos-hotels\/electra-rhythm-athens\/restaurants-et-bars\/\" \/>\n<meta property=\"og:site_name\" content=\"Electra Hotels &amp; Resorts\" \/>\n<meta property=\"article:modified_time\" content=\"2023-04-04T10:54:33+00:00\" \/>\n<meta property=\"og:image\" content=\"https:\/\/www.electrahotels.gr\/app\/uploads\/sites\/75\/2021\/09\/img_4025_ok-custom_resized.jpg\" \/>\n\t<meta property=\"og:image:width\" content=\"1920\" \/>\n\t<meta property=\"og:image:height\" content=\"1280\" \/>\n\t<meta property=\"og:image:type\" content=\"image\/jpeg\" \/>\n<meta name=\"twitter:card\" content=\"summary_large_image\" \/>\n<script type=\"application\/ld+json\" class=\"yoast-schema-graph\">{\"@context\":\"https:\\\/\\\/schema.org\",\"@graph\":[{\"@type\":\"WebPage\",\"@id\":\"https:\\\/\\\/www.electrahotels.gr\\\/fr\\\/nos-hotels\\\/electra-rhythm-athens\\\/restaurants-et-bars\\\/\",\"url\":\"https:\\\/\\\/www.electrahotels.gr\\\/fr\\\/nos-hotels\\\/electra-rhythm-athens\\\/restaurants-et-bars\\\/\",\"name\":\"D\u00eener dans certains des meilleurs restaurants d'Ath\u00e8nes || Electra Rhythm Athens\",\"isPartOf\":{\"@id\":\"https:\\\/\\\/www.electrahotels.gr\\\/fr\\\/#website\"},\"primaryImageOfPage\":{\"@id\":\"https:\\\/\\\/www.electrahotels.gr\\\/fr\\\/nos-hotels\\\/electra-rhythm-athens\\\/restaurants-et-bars\\\/#primaryimage\"},\"image\":{\"@id\":\"https:\\\/\\\/www.electrahotels.gr\\\/fr\\\/nos-hotels\\\/electra-rhythm-athens\\\/restaurants-et-bars\\\/#primaryimage\"},\"thumbnailUrl\":\"https:\\\/\\\/www.electrahotels.gr\\\/app\\\/uploads\\\/2025\\\/08\\\/focal-rooftop-dining-experience-electra-rhythm-athens.jpg\",\"datePublished\":\"2021-11-26T15:01:34+00:00\",\"dateModified\":\"2023-04-04T10:54:33+00:00\",\"description\":\"L'Electra Rhythm Athens abrite quelques-uns des meilleurs restaurants d'Ath\u00e8nes, qui allient des saveurs d\u00e9licieuses \u00e0 une ambiance merveilleuse et \u00e0 des vues imprenables sur les monuments.\",\"breadcrumb\":{\"@id\":\"https:\\\/\\\/www.electrahotels.gr\\\/fr\\\/nos-hotels\\\/electra-rhythm-athens\\\/restaurants-et-bars\\\/#breadcrumb\"},\"inLanguage\":\"fr-FR\",\"potentialAction\":[{\"@type\":\"ReadAction\",\"target\":[\"https:\\\/\\\/www.electrahotels.gr\\\/fr\\\/nos-hotels\\\/electra-rhythm-athens\\\/restaurants-et-bars\\\/\"]}]},{\"@type\":\"ImageObject\",\"inLanguage\":\"fr-FR\",\"@id\":\"https:\\\/\\\/www.electrahotels.gr\\\/fr\\\/nos-hotels\\\/electra-rhythm-athens\\\/restaurants-et-bars\\\/#primaryimage\",\"url\":\"https:\\\/\\\/www.electrahotels.gr\\\/app\\\/uploads\\\/2025\\\/08\\\/focal-rooftop-dining-experience-electra-rhythm-athens.jpg\",\"contentUrl\":\"https:\\\/\\\/www.electrahotels.gr\\\/app\\\/uploads\\\/2025\\\/08\\\/focal-rooftop-dining-experience-electra-rhythm-athens.jpg\",\"width\":1752,\"height\":1314},{\"@type\":\"BreadcrumbList\",\"@id\":\"https:\\\/\\\/www.electrahotels.gr\\\/fr\\\/nos-hotels\\\/electra-rhythm-athens\\\/restaurants-et-bars\\\/#breadcrumb\",\"itemListElement\":[{\"@type\":\"ListItem\",\"position\":1,\"name\":\"Home\",\"item\":\"https:\\\/\\\/www.electrahotels.gr\\\/fr\\\/\"},{\"@type\":\"ListItem\",\"position\":2,\"name\":\"Nos h\u00f4tels\",\"item\":\"https:\\\/\\\/www.electrahotels.gr\\\/fr\\\/nos-hotels\\\/\"},{\"@type\":\"ListItem\",\"position\":3,\"name\":\"Electra Rhythm Athens\",\"item\":\"https:\\\/\\\/www.electrahotels.gr\\\/fr\\\/nos-hotels\\\/electra-rhythm-athens\\\/\"},{\"@type\":\"ListItem\",\"position\":4,\"name\":\"Restaurants et bars\"}]},{\"@type\":\"WebSite\",\"@id\":\"https:\\\/\\\/www.electrahotels.gr\\\/fr\\\/#website\",\"url\":\"https:\\\/\\\/www.electrahotels.gr\\\/fr\\\/\",\"name\":\"Electra Hotels &amp; Resorts\",\"description\":\"A group of luxury hotels in Athens, Thessaloniki, Rhodes and Kefalonia committed to offering quality hospitality, service and luxury\",\"potentialAction\":[{\"@type\":\"SearchAction\",\"target\":{\"@type\":\"EntryPoint\",\"urlTemplate\":\"https:\\\/\\\/www.electrahotels.gr\\\/fr\\\/?s={search_term_string}\"},\"query-input\":{\"@type\":\"PropertyValueSpecification\",\"valueRequired\":true,\"valueName\":\"search_term_string\"}}],\"inLanguage\":\"fr-FR\"}]}<\/script>\n<!-- \/ Yoast SEO plugin. -->","yoast_head_json":{"title":"D\u00eener dans certains des meilleurs restaurants d'Ath\u00e8nes || Electra Rhythm Athens","description":"L'Electra Rhythm Athens abrite quelques-uns des meilleurs restaurants d'Ath\u00e8nes, qui allient des saveurs d\u00e9licieuses \u00e0 une ambiance merveilleuse et \u00e0 des vues imprenables sur les monuments.","robots":{"index":"index","follow":"follow","max-snippet":"max-snippet:-1","max-image-preview":"max-image-preview:large","max-video-preview":"max-video-preview:-1"},"canonical":"https:\/\/www.electrahotels.gr\/fr\/nos-hotels\/electra-rhythm-athens\/restaurants-et-bars\/","og_locale":"fr_FR","og_type":"article","og_title":"D\u00eener dans certains des meilleurs restaurants d'Ath\u00e8nes || Electra Rhythm Athens","og_description":"L'Electra Rhythm Athens abrite quelques-uns des meilleurs restaurants d'Ath\u00e8nes, qui allient des saveurs d\u00e9licieuses \u00e0 une ambiance merveilleuse et \u00e0 des vues imprenables sur les monuments.","og_url":"https:\/\/www.electrahotels.gr\/fr\/nos-hotels\/electra-rhythm-athens\/restaurants-et-bars\/","og_site_name":"Electra Hotels &amp; Resorts","article_modified_time":"2023-04-04T10:54:33+00:00","og_image":[{"width":1920,"height":1280,"url":"https:\/\/www.electrahotels.gr\/app\/uploads\/sites\/75\/2021\/09\/img_4025_ok-custom_resized.jpg","type":"image\/jpeg"}],"twitter_card":"summary_large_image","schema":{"@context":"https:\/\/schema.org","@graph":[{"@type":"WebPage","@id":"https:\/\/www.electrahotels.gr\/fr\/nos-hotels\/electra-rhythm-athens\/restaurants-et-bars\/","url":"https:\/\/www.electrahotels.gr\/fr\/nos-hotels\/electra-rhythm-athens\/restaurants-et-bars\/","name":"D\u00eener dans certains des meilleurs restaurants d'Ath\u00e8nes || Electra Rhythm Athens","isPartOf":{"@id":"https:\/\/www.electrahotels.gr\/fr\/#website"},"primaryImageOfPage":{"@id":"https:\/\/www.electrahotels.gr\/fr\/nos-hotels\/electra-rhythm-athens\/restaurants-et-bars\/#primaryimage"},"image":{"@id":"https:\/\/www.electrahotels.gr\/fr\/nos-hotels\/electra-rhythm-athens\/restaurants-et-bars\/#primaryimage"},"thumbnailUrl":"https:\/\/www.electrahotels.gr\/app\/uploads\/2025\/08\/focal-rooftop-dining-experience-electra-rhythm-athens.jpg","datePublished":"2021-11-26T15:01:34+00:00","dateModified":"2023-04-04T10:54:33+00:00","description":"L'Electra Rhythm Athens abrite quelques-uns des meilleurs restaurants d'Ath\u00e8nes, qui allient des saveurs d\u00e9licieuses \u00e0 une ambiance merveilleuse et \u00e0 des vues imprenables sur les monuments.","breadcrumb":{"@id":"https:\/\/www.electrahotels.gr\/fr\/nos-hotels\/electra-rhythm-athens\/restaurants-et-bars\/#breadcrumb"},"inLanguage":"fr-FR","potentialAction":[{"@type":"ReadAction","target":["https:\/\/www.electrahotels.gr\/fr\/nos-hotels\/electra-rhythm-athens\/restaurants-et-bars\/"]}]},{"@type":"ImageObject","inLanguage":"fr-FR","@id":"https:\/\/www.electrahotels.gr\/fr\/nos-hotels\/electra-rhythm-athens\/restaurants-et-bars\/#primaryimage","url":"https:\/\/www.electrahotels.gr\/app\/uploads\/2025\/08\/focal-rooftop-dining-experience-electra-rhythm-athens.jpg","contentUrl":"https:\/\/www.electrahotels.gr\/app\/uploads\/2025\/08\/focal-rooftop-dining-experience-electra-rhythm-athens.jpg","width":1752,"height":1314},{"@type":"BreadcrumbList","@id":"https:\/\/www.electrahotels.gr\/fr\/nos-hotels\/electra-rhythm-athens\/restaurants-et-bars\/#breadcrumb","itemListElement":[{"@type":"ListItem","position":1,"name":"Home","item":"https:\/\/www.electrahotels.gr\/fr\/"},{"@type":"ListItem","position":2,"name":"Nos h\u00f4tels","item":"https:\/\/www.electrahotels.gr\/fr\/nos-hotels\/"},{"@type":"ListItem","position":3,"name":"Electra Rhythm Athens","item":"https:\/\/www.electrahotels.gr\/fr\/nos-hotels\/electra-rhythm-athens\/"},{"@type":"ListItem","position":4,"name":"Restaurants et bars"}]},{"@type":"WebSite","@id":"https:\/\/www.electrahotels.gr\/fr\/#website","url":"https:\/\/www.electrahotels.gr\/fr\/","name":"Electra Hotels &amp; Resorts","description":"A group of luxury hotels in Athens, Thessaloniki, Rhodes and Kefalonia committed to offering quality hospitality, service and luxury","potentialAction":[{"@type":"SearchAction","target":{"@type":"EntryPoint","urlTemplate":"https:\/\/www.electrahotels.gr\/fr\/?s={search_term_string}"},"query-input":{"@type":"PropertyValueSpecification","valueRequired":true,"valueName":"search_term_string"}}],"inLanguage":"fr-FR"}]}},"_links":{"self":[{"href":"https:\/\/www.electrahotels.gr\/fr\/wp-json\/wp\/v2\/pages\/10450","targetHints":{"allow":["GET"]}}],"collection":[{"href":"https:\/\/www.electrahotels.gr\/fr\/wp-json\/wp\/v2\/pages"}],"about":[{"href":"https:\/\/www.electrahotels.gr\/fr\/wp-json\/wp\/v2\/types\/page"}],"author":[{"embeddable":true,"href":"https:\/\/www.electrahotels.gr\/fr\/wp-json\/wp\/v2\/users\/1"}],"replies":[{"embeddable":true,"href":"https:\/\/www.electrahotels.gr\/fr\/wp-json\/wp\/v2\/comments?post=10450"}],"version-history":[{"count":6,"href":"https:\/\/www.electrahotels.gr\/fr\/wp-json\/wp\/v2\/pages\/10450\/revisions"}],"predecessor-version":[{"id":11372,"href":"https:\/\/www.electrahotels.gr\/fr\/wp-json\/wp\/v2\/pages\/10450\/revisions\/11372"}],"up":[{"embeddable":true,"href":"https:\/\/www.electrahotels.gr\/fr\/wp-json\/wp\/v2\/pages\/10285"}],"wp:featuredmedia":[{"embeddable":true,"href":"https:\/\/www.electrahotels.gr\/fr\/wp-json\/wp\/v2\/media\/55235"}],"wp:attachment":[{"href":"https:\/\/www.electrahotels.gr\/fr\/wp-json\/wp\/v2\/media?parent=10450"}],"wp:term":[{"taxonomy":"page_tag","embeddable":true,"href":"https:\/\/www.electrahotels.gr\/fr\/wp-json\/wp\/v2\/page_tag?post=10450"}],"curies":[{"name":"wp","href":"https:\/\/api.w.org\/{rel}","templated":true}]}}