{"id":10451,"date":"2021-11-26T17:01:34","date_gmt":"2021-11-26T15:01:34","guid":{"rendered":"https:\/\/www.electrahotels.gr\/nos-hotels\/electra-palace-thessalonique\/reunions-et-evenements\/"},"modified":"2023-04-04T13:55:06","modified_gmt":"2023-04-04T10:55:06","slug":"reunions-et-evenements","status":"publish","type":"page","link":"https:\/\/www.electrahotels.gr\/fr\/nos-hotels\/electra-palace-thessalonique\/reunions-et-evenements\/","title":{"rendered":"R\u00e9unions et \u00e9v\u00e9nements"},"content":{"rendered":"\n<p>Votre lieu de r\u00e9union et d&rsquo;\u00e9v\u00e9nement id\u00e9al est ici, attendant d&rsquo;\u00eatre d\u00e9couvert. Nos salles de conf\u00e9rence se trouvent au premier \u00e9tage. Ils sont baign\u00e9s de lumi\u00e8re naturelle et comprennent des espaces flexibles qui peuvent accueillir des \u00e9v\u00e9nements de tailles et de philosophies diff\u00e9rentes. C&rsquo;est une exp\u00e9rience \u00e0 part enti\u00e8re. D&rsquo;immenses fen\u00eatres cintr\u00e9es inondent les salles de lumi\u00e8re naturelle, tandis que tous les murs du foyer rendent hommage \u00e0 l&rsquo;histoire glorieuse et multiforme de Thessalonique avec des photos en noir et blanc du c\u00e9l\u00e8bre photographe local Yiannis Kyriakidis.<\/p>\n","protected":false},"excerpt":{"rendered":"<p>Votre lieu de r\u00e9union et d&rsquo;\u00e9v\u00e9nement id\u00e9al est ici, attendant d&rsquo;\u00eatre d\u00e9couvert. Nos salles de conf\u00e9rence se trouvent au premier \u00e9tage. Ils sont baign\u00e9s de lumi\u00e8re naturelle et comprennent des espaces flexibles qui peuvent accueillir des \u00e9v\u00e9nements de tailles et de philosophies diff\u00e9rentes. C&rsquo;est une exp\u00e9rience \u00e0 part enti\u00e8re. D&rsquo;immenses fen\u00eatres cintr\u00e9es inondent les salles<\/p>\n","protected":false},"author":1,"featured_media":9300,"parent":10349,"menu_order":0,"comment_status":"closed","ping_status":"closed","template":"page-templates\/events.php","meta":{"_acf_changed":false,"footnotes":""},"page_tag":[],"class_list":["post-10451","page","type-page","status-publish","has-post-thumbnail","hentry"],"acf":[],"yoast_head":"<!-- This site is optimized with the Yoast SEO plugin v27.4 - https:\/\/yoast.com\/product\/yoast-seo-wordpress\/ -->\n<title>H\u00f4tel de conf\u00e9rence \u00e0 Thessalonique | | Electra Palace Thessalonique<\/title>\n<meta name=\"description\" content=\"Des espaces polyvalents et enti\u00e8rement \u00e9quip\u00e9s offrant une grande flexibilit\u00e9 pour divers \u00e9v\u00e9nements et r\u00e9unions d&#039;affaires dans un h\u00f4tel de conf\u00e9rence de luxe situ\u00e9 au centre de Thessalonique.\" \/>\n<meta name=\"robots\" content=\"index, follow, max-snippet:-1, max-image-preview:large, max-video-preview:-1\" \/>\n<link rel=\"canonical\" href=\"https:\/\/www.electrahotels.gr\/fr\/nos-hotels\/electra-palace-thessalonique\/reunions-et-evenements\/\" \/>\n<meta property=\"og:locale\" content=\"fr_FR\" \/>\n<meta property=\"og:type\" content=\"article\" \/>\n<meta property=\"og:title\" content=\"H\u00f4tel de conf\u00e9rence \u00e0 Thessalonique | | Electra Palace Thessalonique\" \/>\n<meta property=\"og:description\" content=\"Des espaces polyvalents et enti\u00e8rement \u00e9quip\u00e9s offrant une grande flexibilit\u00e9 pour divers \u00e9v\u00e9nements et r\u00e9unions d&#039;affaires dans un h\u00f4tel de conf\u00e9rence de luxe situ\u00e9 au centre de Thessalonique.\" \/>\n<meta property=\"og:url\" content=\"https:\/\/www.electrahotels.gr\/fr\/nos-hotels\/electra-palace-thessalonique\/reunions-et-evenements\/\" \/>\n<meta property=\"og:site_name\" content=\"Electra Hotels &amp; Resorts\" \/>\n<meta property=\"article:modified_time\" content=\"2023-04-04T10:55:06+00:00\" \/>\n<meta property=\"og:image\" content=\"https:\/\/www.electrahotels.gr\/app\/uploads\/sites\/75\/2021\/09\/03-olympiada.jpg\" \/>\n\t<meta property=\"og:image:width\" content=\"1920\" \/>\n\t<meta property=\"og:image:height\" content=\"1280\" \/>\n\t<meta property=\"og:image:type\" content=\"image\/jpeg\" \/>\n<meta name=\"twitter:card\" content=\"summary_large_image\" \/>\n<meta name=\"twitter:label1\" content=\"Dur\u00e9e de lecture estim\u00e9e\" \/>\n\t<meta name=\"twitter:data1\" content=\"1 minute\" \/>\n<script type=\"application\/ld+json\" class=\"yoast-schema-graph\">{\"@context\":\"https:\\\/\\\/schema.org\",\"@graph\":[{\"@type\":\"WebPage\",\"@id\":\"https:\\\/\\\/www.electrahotels.gr\\\/fr\\\/nos-hotels\\\/electra-palace-thessalonique\\\/reunions-et-evenements\\\/\",\"url\":\"https:\\\/\\\/www.electrahotels.gr\\\/fr\\\/nos-hotels\\\/electra-palace-thessalonique\\\/reunions-et-evenements\\\/\",\"name\":\"H\u00f4tel de conf\u00e9rence \u00e0 Thessalonique | | Electra Palace Thessalonique\",\"isPartOf\":{\"@id\":\"https:\\\/\\\/www.electrahotels.gr\\\/fr\\\/#website\"},\"primaryImageOfPage\":{\"@id\":\"https:\\\/\\\/www.electrahotels.gr\\\/fr\\\/nos-hotels\\\/electra-palace-thessalonique\\\/reunions-et-evenements\\\/#primaryimage\"},\"image\":{\"@id\":\"https:\\\/\\\/www.electrahotels.gr\\\/fr\\\/nos-hotels\\\/electra-palace-thessalonique\\\/reunions-et-evenements\\\/#primaryimage\"},\"thumbnailUrl\":\"https:\\\/\\\/www.electrahotels.gr\\\/app\\\/uploads\\\/2021\\\/09\\\/03-olympiada.jpg\",\"datePublished\":\"2021-11-26T15:01:34+00:00\",\"dateModified\":\"2023-04-04T10:55:06+00:00\",\"description\":\"Des espaces polyvalents et enti\u00e8rement \u00e9quip\u00e9s offrant une grande flexibilit\u00e9 pour divers \u00e9v\u00e9nements et r\u00e9unions d'affaires dans un h\u00f4tel de conf\u00e9rence de luxe situ\u00e9 au centre de Thessalonique.\",\"breadcrumb\":{\"@id\":\"https:\\\/\\\/www.electrahotels.gr\\\/fr\\\/nos-hotels\\\/electra-palace-thessalonique\\\/reunions-et-evenements\\\/#breadcrumb\"},\"inLanguage\":\"fr-FR\",\"potentialAction\":[{\"@type\":\"ReadAction\",\"target\":[\"https:\\\/\\\/www.electrahotels.gr\\\/fr\\\/nos-hotels\\\/electra-palace-thessalonique\\\/reunions-et-evenements\\\/\"]}]},{\"@type\":\"ImageObject\",\"inLanguage\":\"fr-FR\",\"@id\":\"https:\\\/\\\/www.electrahotels.gr\\\/fr\\\/nos-hotels\\\/electra-palace-thessalonique\\\/reunions-et-evenements\\\/#primaryimage\",\"url\":\"https:\\\/\\\/www.electrahotels.gr\\\/app\\\/uploads\\\/2021\\\/09\\\/03-olympiada.jpg\",\"contentUrl\":\"https:\\\/\\\/www.electrahotels.gr\\\/app\\\/uploads\\\/2021\\\/09\\\/03-olympiada.jpg\",\"width\":1920,\"height\":1280},{\"@type\":\"BreadcrumbList\",\"@id\":\"https:\\\/\\\/www.electrahotels.gr\\\/fr\\\/nos-hotels\\\/electra-palace-thessalonique\\\/reunions-et-evenements\\\/#breadcrumb\",\"itemListElement\":[{\"@type\":\"ListItem\",\"position\":1,\"name\":\"Home\",\"item\":\"https:\\\/\\\/www.electrahotels.gr\\\/fr\\\/\"},{\"@type\":\"ListItem\",\"position\":2,\"name\":\"Nos h\u00f4tels\",\"item\":\"https:\\\/\\\/www.electrahotels.gr\\\/fr\\\/nos-hotels\\\/\"},{\"@type\":\"ListItem\",\"position\":3,\"name\":\"Electra Palace Thessalonique\",\"item\":\"https:\\\/\\\/www.electrahotels.gr\\\/fr\\\/nos-hotels\\\/electra-palace-thessalonique\\\/\"},{\"@type\":\"ListItem\",\"position\":4,\"name\":\"R\u00e9unions et \u00e9v\u00e9nements\"}]},{\"@type\":\"WebSite\",\"@id\":\"https:\\\/\\\/www.electrahotels.gr\\\/fr\\\/#website\",\"url\":\"https:\\\/\\\/www.electrahotels.gr\\\/fr\\\/\",\"name\":\"Electra Hotels &amp; Resorts\",\"description\":\"A group of luxury hotels in Athens, Thessaloniki, Rhodes and Kefalonia committed to offering quality hospitality, service and luxury\",\"potentialAction\":[{\"@type\":\"SearchAction\",\"target\":{\"@type\":\"EntryPoint\",\"urlTemplate\":\"https:\\\/\\\/www.electrahotels.gr\\\/fr\\\/?s={search_term_string}\"},\"query-input\":{\"@type\":\"PropertyValueSpecification\",\"valueRequired\":true,\"valueName\":\"search_term_string\"}}],\"inLanguage\":\"fr-FR\"}]}<\/script>\n<!-- \/ Yoast SEO plugin. -->","yoast_head_json":{"title":"H\u00f4tel de conf\u00e9rence \u00e0 Thessalonique | | Electra Palace Thessalonique","description":"Des espaces polyvalents et enti\u00e8rement \u00e9quip\u00e9s offrant une grande flexibilit\u00e9 pour divers \u00e9v\u00e9nements et r\u00e9unions d'affaires dans un h\u00f4tel de conf\u00e9rence de luxe situ\u00e9 au centre de Thessalonique.","robots":{"index":"index","follow":"follow","max-snippet":"max-snippet:-1","max-image-preview":"max-image-preview:large","max-video-preview":"max-video-preview:-1"},"canonical":"https:\/\/www.electrahotels.gr\/fr\/nos-hotels\/electra-palace-thessalonique\/reunions-et-evenements\/","og_locale":"fr_FR","og_type":"article","og_title":"H\u00f4tel de conf\u00e9rence \u00e0 Thessalonique | | Electra Palace Thessalonique","og_description":"Des espaces polyvalents et enti\u00e8rement \u00e9quip\u00e9s offrant une grande flexibilit\u00e9 pour divers \u00e9v\u00e9nements et r\u00e9unions d'affaires dans un h\u00f4tel de conf\u00e9rence de luxe situ\u00e9 au centre de Thessalonique.","og_url":"https:\/\/www.electrahotels.gr\/fr\/nos-hotels\/electra-palace-thessalonique\/reunions-et-evenements\/","og_site_name":"Electra Hotels &amp; Resorts","article_modified_time":"2023-04-04T10:55:06+00:00","og_image":[{"width":1920,"height":1280,"url":"https:\/\/www.electrahotels.gr\/app\/uploads\/sites\/75\/2021\/09\/03-olympiada.jpg","type":"image\/jpeg"}],"twitter_card":"summary_large_image","twitter_misc":{"Dur\u00e9e de lecture estim\u00e9e":"1 minute"},"schema":{"@context":"https:\/\/schema.org","@graph":[{"@type":"WebPage","@id":"https:\/\/www.electrahotels.gr\/fr\/nos-hotels\/electra-palace-thessalonique\/reunions-et-evenements\/","url":"https:\/\/www.electrahotels.gr\/fr\/nos-hotels\/electra-palace-thessalonique\/reunions-et-evenements\/","name":"H\u00f4tel de conf\u00e9rence \u00e0 Thessalonique | | Electra Palace Thessalonique","isPartOf":{"@id":"https:\/\/www.electrahotels.gr\/fr\/#website"},"primaryImageOfPage":{"@id":"https:\/\/www.electrahotels.gr\/fr\/nos-hotels\/electra-palace-thessalonique\/reunions-et-evenements\/#primaryimage"},"image":{"@id":"https:\/\/www.electrahotels.gr\/fr\/nos-hotels\/electra-palace-thessalonique\/reunions-et-evenements\/#primaryimage"},"thumbnailUrl":"https:\/\/www.electrahotels.gr\/app\/uploads\/2021\/09\/03-olympiada.jpg","datePublished":"2021-11-26T15:01:34+00:00","dateModified":"2023-04-04T10:55:06+00:00","description":"Des espaces polyvalents et enti\u00e8rement \u00e9quip\u00e9s offrant une grande flexibilit\u00e9 pour divers \u00e9v\u00e9nements et r\u00e9unions d'affaires dans un h\u00f4tel de conf\u00e9rence de luxe situ\u00e9 au centre de Thessalonique.","breadcrumb":{"@id":"https:\/\/www.electrahotels.gr\/fr\/nos-hotels\/electra-palace-thessalonique\/reunions-et-evenements\/#breadcrumb"},"inLanguage":"fr-FR","potentialAction":[{"@type":"ReadAction","target":["https:\/\/www.electrahotels.gr\/fr\/nos-hotels\/electra-palace-thessalonique\/reunions-et-evenements\/"]}]},{"@type":"ImageObject","inLanguage":"fr-FR","@id":"https:\/\/www.electrahotels.gr\/fr\/nos-hotels\/electra-palace-thessalonique\/reunions-et-evenements\/#primaryimage","url":"https:\/\/www.electrahotels.gr\/app\/uploads\/2021\/09\/03-olympiada.jpg","contentUrl":"https:\/\/www.electrahotels.gr\/app\/uploads\/2021\/09\/03-olympiada.jpg","width":1920,"height":1280},{"@type":"BreadcrumbList","@id":"https:\/\/www.electrahotels.gr\/fr\/nos-hotels\/electra-palace-thessalonique\/reunions-et-evenements\/#breadcrumb","itemListElement":[{"@type":"ListItem","position":1,"name":"Home","item":"https:\/\/www.electrahotels.gr\/fr\/"},{"@type":"ListItem","position":2,"name":"Nos h\u00f4tels","item":"https:\/\/www.electrahotels.gr\/fr\/nos-hotels\/"},{"@type":"ListItem","position":3,"name":"Electra Palace Thessalonique","item":"https:\/\/www.electrahotels.gr\/fr\/nos-hotels\/electra-palace-thessalonique\/"},{"@type":"ListItem","position":4,"name":"R\u00e9unions et \u00e9v\u00e9nements"}]},{"@type":"WebSite","@id":"https:\/\/www.electrahotels.gr\/fr\/#website","url":"https:\/\/www.electrahotels.gr\/fr\/","name":"Electra Hotels &amp; Resorts","description":"A group of luxury hotels in Athens, Thessaloniki, Rhodes and Kefalonia committed to offering quality hospitality, service and luxury","potentialAction":[{"@type":"SearchAction","target":{"@type":"EntryPoint","urlTemplate":"https:\/\/www.electrahotels.gr\/fr\/?s={search_term_string}"},"query-input":{"@type":"PropertyValueSpecification","valueRequired":true,"valueName":"search_term_string"}}],"inLanguage":"fr-FR"}]}},"_links":{"self":[{"href":"https:\/\/www.electrahotels.gr\/fr\/wp-json\/wp\/v2\/pages\/10451","targetHints":{"allow":["GET"]}}],"collection":[{"href":"https:\/\/www.electrahotels.gr\/fr\/wp-json\/wp\/v2\/pages"}],"about":[{"href":"https:\/\/www.electrahotels.gr\/fr\/wp-json\/wp\/v2\/types\/page"}],"author":[{"embeddable":true,"href":"https:\/\/www.electrahotels.gr\/fr\/wp-json\/wp\/v2\/users\/1"}],"replies":[{"embeddable":true,"href":"https:\/\/www.electrahotels.gr\/fr\/wp-json\/wp\/v2\/comments?post=10451"}],"version-history":[{"count":7,"href":"https:\/\/www.electrahotels.gr\/fr\/wp-json\/wp\/v2\/pages\/10451\/revisions"}],"predecessor-version":[{"id":12436,"href":"https:\/\/www.electrahotels.gr\/fr\/wp-json\/wp\/v2\/pages\/10451\/revisions\/12436"}],"up":[{"embeddable":true,"href":"https:\/\/www.electrahotels.gr\/fr\/wp-json\/wp\/v2\/pages\/10349"}],"wp:featuredmedia":[{"embeddable":true,"href":"https:\/\/www.electrahotels.gr\/fr\/wp-json\/wp\/v2\/media\/9300"}],"wp:attachment":[{"href":"https:\/\/www.electrahotels.gr\/fr\/wp-json\/wp\/v2\/media?parent=10451"}],"wp:term":[{"taxonomy":"page_tag","embeddable":true,"href":"https:\/\/www.electrahotels.gr\/fr\/wp-json\/wp\/v2\/page_tag?post=10451"}],"curies":[{"name":"wp","href":"https:\/\/api.w.org\/{rel}","templated":true}]}}