{"id":10455,"date":"2021-11-26T17:01:34","date_gmt":"2021-11-26T15:01:34","guid":{"rendered":"https:\/\/www.electrahotels.gr\/nos-hotels\/electra-palace-athenes\/bien-etre-et-forme-physique\/"},"modified":"2023-10-27T16:44:04","modified_gmt":"2023-10-27T13:44:04","slug":"bien-etre-et-forme-physique","status":"publish","type":"page","link":"https:\/\/www.electrahotels.gr\/fr\/nos-hotels\/electra-palace-athenes\/bien-etre-et-forme-physique\/","title":{"rendered":"Bien-\u00eatre et fitness"},"content":{"rendered":"\n<p>Ath\u00e8nes est sans aucun doute la ville des contrastes. Avec des vues sur la colline et sur la mer, urbain mais \u00e9l\u00e9gant, historique mais contemporain, il peut vous inspirer \u00e0 la fois un bon moment et la recherche du silence et de la recherche de l&rsquo;\u00e2me.<\/p>\n\n\n\n<p><\/p>\n\n\n\n<h2 class=\"wp-block-heading\"><strong>Piscine ext\u00e9rieure<\/strong><\/h2>\n\n\n\n<p>Une oasis de fra\u00eecheur vous attend dans notre piscine ext\u00e9rieure de bien-\u00eatre et de remise en forme. D\u00e9couvrez par vos propres sens comment le froid est red\u00e9fini avec une combinaison imbattable d&rsquo;offres qui vous transportent. Des vues pittoresques uniques sur l&rsquo;Acropole et le quartier de Plaka, des cocktails et des collations, ainsi qu&rsquo;un service de premier ordre, tout est r\u00e9uni pour cr\u00e9er une ambiance unique que l&rsquo;on ne trouve nulle part ailleurs dans la ville.<\/p>\n\n\n\n<p>Heures d&rsquo;ouverture : 10:00-20:00<\/p>\n","protected":false},"excerpt":{"rendered":"<p>Ath\u00e8nes est sans aucun doute la ville des contrastes. Avec des vues sur la colline et sur la mer, urbain mais \u00e9l\u00e9gant, historique mais contemporain, il peut vous inspirer \u00e0 la fois un bon moment et la recherche du silence et de la recherche de l&rsquo;\u00e2me. Piscine ext\u00e9rieure Une oasis de fra\u00eecheur vous attend dans<\/p>\n","protected":false},"author":1,"featured_media":0,"parent":10340,"menu_order":0,"comment_status":"closed","ping_status":"closed","template":"page-templates\/single-restaurant.php","meta":{"_acf_changed":false,"footnotes":""},"page_tag":[],"class_list":["post-10455","page","type-page","status-publish","hentry"],"acf":[],"yoast_head":"<!-- This site is optimized with the Yoast SEO plugin v27.4 - https:\/\/yoast.com\/product\/yoast-seo-wordpress\/ -->\n<title>H\u00f4tel spa de luxe \u00e0 Plaka, Ath\u00e8nes || Electra Palace Athens<\/title>\n<meta name=\"description\" content=\"Profitez de soins 5* pour le corps et l&#039;esprit qui visent \u00e0 vous d\u00e9tendre et \u00e0 vous nourrir enti\u00e8rement \u00e0 l&#039;Electra Palace, un h\u00f4tel spa de luxe situ\u00e9 \u00e0 Plaka, dans la ville d&#039;Ath\u00e8nes.\" \/>\n<meta name=\"robots\" content=\"index, follow, max-snippet:-1, max-image-preview:large, max-video-preview:-1\" \/>\n<link rel=\"canonical\" href=\"https:\/\/www.electrahotels.gr\/fr\/nos-hotels\/electra-palace-athenes\/bien-etre-et-forme-physique\/\" \/>\n<meta property=\"og:locale\" content=\"fr_FR\" \/>\n<meta property=\"og:type\" content=\"article\" \/>\n<meta property=\"og:title\" content=\"H\u00f4tel spa de luxe \u00e0 Plaka, Ath\u00e8nes || Electra Palace Athens\" \/>\n<meta property=\"og:description\" content=\"Profitez de soins 5* pour le corps et l&#039;esprit qui visent \u00e0 vous d\u00e9tendre et \u00e0 vous nourrir enti\u00e8rement \u00e0 l&#039;Electra Palace, un h\u00f4tel spa de luxe situ\u00e9 \u00e0 Plaka, dans la ville d&#039;Ath\u00e8nes.\" \/>\n<meta property=\"og:url\" content=\"https:\/\/www.electrahotels.gr\/fr\/nos-hotels\/electra-palace-athenes\/bien-etre-et-forme-physique\/\" \/>\n<meta property=\"og:site_name\" content=\"Electra Hotels &amp; Resorts\" \/>\n<meta property=\"article:modified_time\" content=\"2023-10-27T13:44:04+00:00\" \/>\n<meta property=\"og:image\" content=\"https:\/\/www.electrahotels.gr\/app\/uploads\/sites\/75\/2021\/05\/ELECTRA-METROPOLIS-ATHENS-OUTDOOR-POOL-scaled.jpg\" \/>\n\t<meta property=\"og:image:width\" content=\"2560\" \/>\n\t<meta property=\"og:image:height\" content=\"1919\" \/>\n\t<meta property=\"og:image:type\" content=\"image\/jpeg\" \/>\n<meta name=\"twitter:card\" content=\"summary_large_image\" \/>\n<meta name=\"twitter:label1\" content=\"Dur\u00e9e de lecture estim\u00e9e\" \/>\n\t<meta name=\"twitter:data1\" content=\"1 minute\" \/>\n<script type=\"application\/ld+json\" class=\"yoast-schema-graph\">{\"@context\":\"https:\\\/\\\/schema.org\",\"@graph\":[{\"@type\":\"WebPage\",\"@id\":\"https:\\\/\\\/www.electrahotels.gr\\\/fr\\\/nos-hotels\\\/electra-palace-athenes\\\/bien-etre-et-forme-physique\\\/\",\"url\":\"https:\\\/\\\/www.electrahotels.gr\\\/fr\\\/nos-hotels\\\/electra-palace-athenes\\\/bien-etre-et-forme-physique\\\/\",\"name\":\"H\u00f4tel spa de luxe \u00e0 Plaka, Ath\u00e8nes || Electra Palace Athens\",\"isPartOf\":{\"@id\":\"https:\\\/\\\/www.electrahotels.gr\\\/fr\\\/#website\"},\"datePublished\":\"2021-11-26T15:01:34+00:00\",\"dateModified\":\"2023-10-27T13:44:04+00:00\",\"description\":\"Profitez de soins 5* pour le corps et l'esprit qui visent \u00e0 vous d\u00e9tendre et \u00e0 vous nourrir enti\u00e8rement \u00e0 l'Electra Palace, un h\u00f4tel spa de luxe situ\u00e9 \u00e0 Plaka, dans la ville d'Ath\u00e8nes.\",\"breadcrumb\":{\"@id\":\"https:\\\/\\\/www.electrahotels.gr\\\/fr\\\/nos-hotels\\\/electra-palace-athenes\\\/bien-etre-et-forme-physique\\\/#breadcrumb\"},\"inLanguage\":\"fr-FR\",\"potentialAction\":[{\"@type\":\"ReadAction\",\"target\":[\"https:\\\/\\\/www.electrahotels.gr\\\/fr\\\/nos-hotels\\\/electra-palace-athenes\\\/bien-etre-et-forme-physique\\\/\"]}]},{\"@type\":\"BreadcrumbList\",\"@id\":\"https:\\\/\\\/www.electrahotels.gr\\\/fr\\\/nos-hotels\\\/electra-palace-athenes\\\/bien-etre-et-forme-physique\\\/#breadcrumb\",\"itemListElement\":[{\"@type\":\"ListItem\",\"position\":1,\"name\":\"Home\",\"item\":\"https:\\\/\\\/www.electrahotels.gr\\\/fr\\\/\"},{\"@type\":\"ListItem\",\"position\":2,\"name\":\"Nos h\u00f4tels\",\"item\":\"https:\\\/\\\/www.electrahotels.gr\\\/fr\\\/nos-hotels\\\/\"},{\"@type\":\"ListItem\",\"position\":3,\"name\":\"Electra Palace Ath\u00e8nes\",\"item\":\"https:\\\/\\\/www.electrahotels.gr\\\/fr\\\/nos-hotels\\\/electra-palace-athenes\\\/\"},{\"@type\":\"ListItem\",\"position\":4,\"name\":\"Bien-\u00eatre et fitness\"}]},{\"@type\":\"WebSite\",\"@id\":\"https:\\\/\\\/www.electrahotels.gr\\\/fr\\\/#website\",\"url\":\"https:\\\/\\\/www.electrahotels.gr\\\/fr\\\/\",\"name\":\"Electra Hotels &amp; Resorts\",\"description\":\"A group of luxury hotels in Athens, Thessaloniki, Rhodes and Kefalonia committed to offering quality hospitality, service and luxury\",\"potentialAction\":[{\"@type\":\"SearchAction\",\"target\":{\"@type\":\"EntryPoint\",\"urlTemplate\":\"https:\\\/\\\/www.electrahotels.gr\\\/fr\\\/?s={search_term_string}\"},\"query-input\":{\"@type\":\"PropertyValueSpecification\",\"valueRequired\":true,\"valueName\":\"search_term_string\"}}],\"inLanguage\":\"fr-FR\"}]}<\/script>\n<!-- \/ Yoast SEO plugin. -->","yoast_head_json":{"title":"H\u00f4tel spa de luxe \u00e0 Plaka, Ath\u00e8nes || Electra Palace Athens","description":"Profitez de soins 5* pour le corps et l'esprit qui visent \u00e0 vous d\u00e9tendre et \u00e0 vous nourrir enti\u00e8rement \u00e0 l'Electra Palace, un h\u00f4tel spa de luxe situ\u00e9 \u00e0 Plaka, dans la ville d'Ath\u00e8nes.","robots":{"index":"index","follow":"follow","max-snippet":"max-snippet:-1","max-image-preview":"max-image-preview:large","max-video-preview":"max-video-preview:-1"},"canonical":"https:\/\/www.electrahotels.gr\/fr\/nos-hotels\/electra-palace-athenes\/bien-etre-et-forme-physique\/","og_locale":"fr_FR","og_type":"article","og_title":"H\u00f4tel spa de luxe \u00e0 Plaka, Ath\u00e8nes || Electra Palace Athens","og_description":"Profitez de soins 5* pour le corps et l'esprit qui visent \u00e0 vous d\u00e9tendre et \u00e0 vous nourrir enti\u00e8rement \u00e0 l'Electra Palace, un h\u00f4tel spa de luxe situ\u00e9 \u00e0 Plaka, dans la ville d'Ath\u00e8nes.","og_url":"https:\/\/www.electrahotels.gr\/fr\/nos-hotels\/electra-palace-athenes\/bien-etre-et-forme-physique\/","og_site_name":"Electra Hotels &amp; Resorts","article_modified_time":"2023-10-27T13:44:04+00:00","og_image":[{"width":2560,"height":1919,"url":"https:\/\/www.electrahotels.gr\/app\/uploads\/sites\/75\/2021\/05\/ELECTRA-METROPOLIS-ATHENS-OUTDOOR-POOL-scaled.jpg","type":"image\/jpeg"}],"twitter_card":"summary_large_image","twitter_misc":{"Dur\u00e9e de lecture estim\u00e9e":"1 minute"},"schema":{"@context":"https:\/\/schema.org","@graph":[{"@type":"WebPage","@id":"https:\/\/www.electrahotels.gr\/fr\/nos-hotels\/electra-palace-athenes\/bien-etre-et-forme-physique\/","url":"https:\/\/www.electrahotels.gr\/fr\/nos-hotels\/electra-palace-athenes\/bien-etre-et-forme-physique\/","name":"H\u00f4tel spa de luxe \u00e0 Plaka, Ath\u00e8nes || Electra Palace Athens","isPartOf":{"@id":"https:\/\/www.electrahotels.gr\/fr\/#website"},"datePublished":"2021-11-26T15:01:34+00:00","dateModified":"2023-10-27T13:44:04+00:00","description":"Profitez de soins 5* pour le corps et l'esprit qui visent \u00e0 vous d\u00e9tendre et \u00e0 vous nourrir enti\u00e8rement \u00e0 l'Electra Palace, un h\u00f4tel spa de luxe situ\u00e9 \u00e0 Plaka, dans la ville d'Ath\u00e8nes.","breadcrumb":{"@id":"https:\/\/www.electrahotels.gr\/fr\/nos-hotels\/electra-palace-athenes\/bien-etre-et-forme-physique\/#breadcrumb"},"inLanguage":"fr-FR","potentialAction":[{"@type":"ReadAction","target":["https:\/\/www.electrahotels.gr\/fr\/nos-hotels\/electra-palace-athenes\/bien-etre-et-forme-physique\/"]}]},{"@type":"BreadcrumbList","@id":"https:\/\/www.electrahotels.gr\/fr\/nos-hotels\/electra-palace-athenes\/bien-etre-et-forme-physique\/#breadcrumb","itemListElement":[{"@type":"ListItem","position":1,"name":"Home","item":"https:\/\/www.electrahotels.gr\/fr\/"},{"@type":"ListItem","position":2,"name":"Nos h\u00f4tels","item":"https:\/\/www.electrahotels.gr\/fr\/nos-hotels\/"},{"@type":"ListItem","position":3,"name":"Electra Palace Ath\u00e8nes","item":"https:\/\/www.electrahotels.gr\/fr\/nos-hotels\/electra-palace-athenes\/"},{"@type":"ListItem","position":4,"name":"Bien-\u00eatre et fitness"}]},{"@type":"WebSite","@id":"https:\/\/www.electrahotels.gr\/fr\/#website","url":"https:\/\/www.electrahotels.gr\/fr\/","name":"Electra Hotels &amp; Resorts","description":"A group of luxury hotels in Athens, Thessaloniki, Rhodes and Kefalonia committed to offering quality hospitality, service and luxury","potentialAction":[{"@type":"SearchAction","target":{"@type":"EntryPoint","urlTemplate":"https:\/\/www.electrahotels.gr\/fr\/?s={search_term_string}"},"query-input":{"@type":"PropertyValueSpecification","valueRequired":true,"valueName":"search_term_string"}}],"inLanguage":"fr-FR"}]}},"_links":{"self":[{"href":"https:\/\/www.electrahotels.gr\/fr\/wp-json\/wp\/v2\/pages\/10455","targetHints":{"allow":["GET"]}}],"collection":[{"href":"https:\/\/www.electrahotels.gr\/fr\/wp-json\/wp\/v2\/pages"}],"about":[{"href":"https:\/\/www.electrahotels.gr\/fr\/wp-json\/wp\/v2\/types\/page"}],"author":[{"embeddable":true,"href":"https:\/\/www.electrahotels.gr\/fr\/wp-json\/wp\/v2\/users\/1"}],"replies":[{"embeddable":true,"href":"https:\/\/www.electrahotels.gr\/fr\/wp-json\/wp\/v2\/comments?post=10455"}],"version-history":[{"count":10,"href":"https:\/\/www.electrahotels.gr\/fr\/wp-json\/wp\/v2\/pages\/10455\/revisions"}],"predecessor-version":[{"id":40347,"href":"https:\/\/www.electrahotels.gr\/fr\/wp-json\/wp\/v2\/pages\/10455\/revisions\/40347"}],"up":[{"embeddable":true,"href":"https:\/\/www.electrahotels.gr\/fr\/wp-json\/wp\/v2\/pages\/10340"}],"wp:attachment":[{"href":"https:\/\/www.electrahotels.gr\/fr\/wp-json\/wp\/v2\/media?parent=10455"}],"wp:term":[{"taxonomy":"page_tag","embeddable":true,"href":"https:\/\/www.electrahotels.gr\/fr\/wp-json\/wp\/v2\/page_tag?post=10455"}],"curies":[{"name":"wp","href":"https:\/\/api.w.org\/{rel}","templated":true}]}}