{"id":10470,"date":"2021-11-26T17:01:35","date_gmt":"2021-11-26T15:01:35","guid":{"rendered":"https:\/\/www.electrahotels.gr\/nos-hotels\/electra-palace-thessalonique\/centre-de-bien-etre-et-de-remise-en-forme\/"},"modified":"2023-05-15T11:55:15","modified_gmt":"2023-05-15T08:55:15","slug":"centre-de-bien-etre-et-de-remise-en-forme","status":"publish","type":"page","link":"https:\/\/www.electrahotels.gr\/fr\/nos-hotels\/electra-palace-thessalonique\/centre-de-bien-etre-et-de-remise-en-forme\/","title":{"rendered":"Centre de bien-\u00eatre et de remise en forme"},"content":{"rendered":"\n<p>Il y a plus \u00e0 d\u00e9couvrir au 7\u00e8me \u00e9tage, o\u00f9 une impressionnante piscine ext\u00e9rieure avec sa propre terrasse priv\u00e9e vous attend. Une oasis situ\u00e9e dans le paysage urbain anim\u00e9, elle offre \u00e0 la fois isolement et immersion sensorielle.  <\/p>\n","protected":false},"excerpt":{"rendered":"<p>Il y a plus \u00e0 d\u00e9couvrir au 7\u00e8me \u00e9tage, o\u00f9 une impressionnante piscine ext\u00e9rieure avec sa propre terrasse priv\u00e9e vous attend. Une oasis situ\u00e9e dans le paysage urbain anim\u00e9, elle offre \u00e0 la fois isolement et immersion sensorielle.<\/p>\n","protected":false},"author":1,"featured_media":8400,"parent":10349,"menu_order":0,"comment_status":"closed","ping_status":"closed","template":"page-templates\/single-restaurant.php","meta":{"_acf_changed":false,"footnotes":""},"page_tag":[],"class_list":["post-10470","page","type-page","status-publish","has-post-thumbnail","hentry"],"acf":[],"yoast_head":"<!-- This site is optimized with the Yoast SEO plugin v27.4 - https:\/\/yoast.com\/product\/yoast-seo-wordpress\/ -->\n<title>Centre de bien-\u00eatre et de remise en forme - Electra Hotels &amp; Resorts<\/title>\n<meta name=\"robots\" content=\"index, follow, max-snippet:-1, max-image-preview:large, max-video-preview:-1\" \/>\n<link rel=\"canonical\" href=\"https:\/\/www.electrahotels.gr\/fr\/nos-hotels\/electra-palace-thessalonique\/centre-de-bien-etre-et-de-remise-en-forme\/\" \/>\n<meta property=\"og:locale\" content=\"fr_FR\" \/>\n<meta property=\"og:type\" content=\"article\" \/>\n<meta property=\"og:title\" content=\"Centre de bien-\u00eatre et de remise en forme - Electra Hotels &amp; Resorts\" \/>\n<meta property=\"og:description\" content=\"Il y a plus \u00e0 d\u00e9couvrir au 7\u00e8me \u00e9tage, o\u00f9 une impressionnante piscine ext\u00e9rieure avec sa propre terrasse priv\u00e9e vous attend. Une oasis situ\u00e9e dans le paysage urbain anim\u00e9, elle offre \u00e0 la fois isolement et immersion sensorielle.\" \/>\n<meta property=\"og:url\" content=\"https:\/\/www.electrahotels.gr\/fr\/nos-hotels\/electra-palace-thessalonique\/centre-de-bien-etre-et-de-remise-en-forme\/\" \/>\n<meta property=\"og:site_name\" content=\"Electra Hotels &amp; Resorts\" \/>\n<meta property=\"article:modified_time\" content=\"2023-05-15T08:55:15+00:00\" \/>\n<meta property=\"og:image\" content=\"https:\/\/www.electrahotels.gr\/app\/uploads\/sites\/75\/2021\/05\/ELECTRA-METROPOLIS-ATHENS-OUTDOOR-POOL-scaled.jpg\" \/>\n\t<meta property=\"og:image:width\" content=\"2560\" \/>\n\t<meta property=\"og:image:height\" content=\"1919\" \/>\n\t<meta property=\"og:image:type\" content=\"image\/jpeg\" \/>\n<meta name=\"twitter:card\" content=\"summary_large_image\" \/>\n<script type=\"application\/ld+json\" class=\"yoast-schema-graph\">{\"@context\":\"https:\\\/\\\/schema.org\",\"@graph\":[{\"@type\":\"WebPage\",\"@id\":\"https:\\\/\\\/www.electrahotels.gr\\\/fr\\\/nos-hotels\\\/electra-palace-thessalonique\\\/centre-de-bien-etre-et-de-remise-en-forme\\\/\",\"url\":\"https:\\\/\\\/www.electrahotels.gr\\\/fr\\\/nos-hotels\\\/electra-palace-thessalonique\\\/centre-de-bien-etre-et-de-remise-en-forme\\\/\",\"name\":\"Centre de bien-\u00eatre et de remise en forme - Electra Hotels &amp; Resorts\",\"isPartOf\":{\"@id\":\"https:\\\/\\\/www.electrahotels.gr\\\/fr\\\/#website\"},\"primaryImageOfPage\":{\"@id\":\"https:\\\/\\\/www.electrahotels.gr\\\/fr\\\/nos-hotels\\\/electra-palace-thessalonique\\\/centre-de-bien-etre-et-de-remise-en-forme\\\/#primaryimage\"},\"image\":{\"@id\":\"https:\\\/\\\/www.electrahotels.gr\\\/fr\\\/nos-hotels\\\/electra-palace-thessalonique\\\/centre-de-bien-etre-et-de-remise-en-forme\\\/#primaryimage\"},\"thumbnailUrl\":\"https:\\\/\\\/www.electrahotels.gr\\\/app\\\/uploads\\\/2021\\\/05\\\/ELECTRA-METROPOLIS-ATHENS-OUTDOOR-POOL-scaled.jpg\",\"datePublished\":\"2021-11-26T15:01:35+00:00\",\"dateModified\":\"2023-05-15T08:55:15+00:00\",\"breadcrumb\":{\"@id\":\"https:\\\/\\\/www.electrahotels.gr\\\/fr\\\/nos-hotels\\\/electra-palace-thessalonique\\\/centre-de-bien-etre-et-de-remise-en-forme\\\/#breadcrumb\"},\"inLanguage\":\"fr-FR\",\"potentialAction\":[{\"@type\":\"ReadAction\",\"target\":[\"https:\\\/\\\/www.electrahotels.gr\\\/fr\\\/nos-hotels\\\/electra-palace-thessalonique\\\/centre-de-bien-etre-et-de-remise-en-forme\\\/\"]}]},{\"@type\":\"ImageObject\",\"inLanguage\":\"fr-FR\",\"@id\":\"https:\\\/\\\/www.electrahotels.gr\\\/fr\\\/nos-hotels\\\/electra-palace-thessalonique\\\/centre-de-bien-etre-et-de-remise-en-forme\\\/#primaryimage\",\"url\":\"https:\\\/\\\/www.electrahotels.gr\\\/app\\\/uploads\\\/2021\\\/05\\\/ELECTRA-METROPOLIS-ATHENS-OUTDOOR-POOL-scaled.jpg\",\"contentUrl\":\"https:\\\/\\\/www.electrahotels.gr\\\/app\\\/uploads\\\/2021\\\/05\\\/ELECTRA-METROPOLIS-ATHENS-OUTDOOR-POOL-scaled.jpg\",\"width\":2560,\"height\":1919},{\"@type\":\"BreadcrumbList\",\"@id\":\"https:\\\/\\\/www.electrahotels.gr\\\/fr\\\/nos-hotels\\\/electra-palace-thessalonique\\\/centre-de-bien-etre-et-de-remise-en-forme\\\/#breadcrumb\",\"itemListElement\":[{\"@type\":\"ListItem\",\"position\":1,\"name\":\"Home\",\"item\":\"https:\\\/\\\/www.electrahotels.gr\\\/fr\\\/\"},{\"@type\":\"ListItem\",\"position\":2,\"name\":\"Nos h\u00f4tels\",\"item\":\"https:\\\/\\\/www.electrahotels.gr\\\/fr\\\/nos-hotels\\\/\"},{\"@type\":\"ListItem\",\"position\":3,\"name\":\"Electra Palace Thessalonique\",\"item\":\"https:\\\/\\\/www.electrahotels.gr\\\/fr\\\/nos-hotels\\\/electra-palace-thessalonique\\\/\"},{\"@type\":\"ListItem\",\"position\":4,\"name\":\"Centre de bien-\u00eatre et de remise en forme\"}]},{\"@type\":\"WebSite\",\"@id\":\"https:\\\/\\\/www.electrahotels.gr\\\/fr\\\/#website\",\"url\":\"https:\\\/\\\/www.electrahotels.gr\\\/fr\\\/\",\"name\":\"Electra Hotels &amp; Resorts\",\"description\":\"A group of luxury hotels in Athens, Thessaloniki, Rhodes and Kefalonia committed to offering quality hospitality, service and luxury\",\"potentialAction\":[{\"@type\":\"SearchAction\",\"target\":{\"@type\":\"EntryPoint\",\"urlTemplate\":\"https:\\\/\\\/www.electrahotels.gr\\\/fr\\\/?s={search_term_string}\"},\"query-input\":{\"@type\":\"PropertyValueSpecification\",\"valueRequired\":true,\"valueName\":\"search_term_string\"}}],\"inLanguage\":\"fr-FR\"}]}<\/script>\n<!-- \/ Yoast SEO plugin. -->","yoast_head_json":{"title":"Centre de bien-\u00eatre et de remise en forme - Electra Hotels &amp; Resorts","robots":{"index":"index","follow":"follow","max-snippet":"max-snippet:-1","max-image-preview":"max-image-preview:large","max-video-preview":"max-video-preview:-1"},"canonical":"https:\/\/www.electrahotels.gr\/fr\/nos-hotels\/electra-palace-thessalonique\/centre-de-bien-etre-et-de-remise-en-forme\/","og_locale":"fr_FR","og_type":"article","og_title":"Centre de bien-\u00eatre et de remise en forme - Electra Hotels &amp; Resorts","og_description":"Il y a plus \u00e0 d\u00e9couvrir au 7\u00e8me \u00e9tage, o\u00f9 une impressionnante piscine ext\u00e9rieure avec sa propre terrasse priv\u00e9e vous attend. Une oasis situ\u00e9e dans le paysage urbain anim\u00e9, elle offre \u00e0 la fois isolement et immersion sensorielle.","og_url":"https:\/\/www.electrahotels.gr\/fr\/nos-hotels\/electra-palace-thessalonique\/centre-de-bien-etre-et-de-remise-en-forme\/","og_site_name":"Electra Hotels &amp; Resorts","article_modified_time":"2023-05-15T08:55:15+00:00","og_image":[{"width":2560,"height":1919,"url":"https:\/\/www.electrahotels.gr\/app\/uploads\/sites\/75\/2021\/05\/ELECTRA-METROPOLIS-ATHENS-OUTDOOR-POOL-scaled.jpg","type":"image\/jpeg"}],"twitter_card":"summary_large_image","schema":{"@context":"https:\/\/schema.org","@graph":[{"@type":"WebPage","@id":"https:\/\/www.electrahotels.gr\/fr\/nos-hotels\/electra-palace-thessalonique\/centre-de-bien-etre-et-de-remise-en-forme\/","url":"https:\/\/www.electrahotels.gr\/fr\/nos-hotels\/electra-palace-thessalonique\/centre-de-bien-etre-et-de-remise-en-forme\/","name":"Centre de bien-\u00eatre et de remise en forme - Electra Hotels &amp; Resorts","isPartOf":{"@id":"https:\/\/www.electrahotels.gr\/fr\/#website"},"primaryImageOfPage":{"@id":"https:\/\/www.electrahotels.gr\/fr\/nos-hotels\/electra-palace-thessalonique\/centre-de-bien-etre-et-de-remise-en-forme\/#primaryimage"},"image":{"@id":"https:\/\/www.electrahotels.gr\/fr\/nos-hotels\/electra-palace-thessalonique\/centre-de-bien-etre-et-de-remise-en-forme\/#primaryimage"},"thumbnailUrl":"https:\/\/www.electrahotels.gr\/app\/uploads\/2021\/05\/ELECTRA-METROPOLIS-ATHENS-OUTDOOR-POOL-scaled.jpg","datePublished":"2021-11-26T15:01:35+00:00","dateModified":"2023-05-15T08:55:15+00:00","breadcrumb":{"@id":"https:\/\/www.electrahotels.gr\/fr\/nos-hotels\/electra-palace-thessalonique\/centre-de-bien-etre-et-de-remise-en-forme\/#breadcrumb"},"inLanguage":"fr-FR","potentialAction":[{"@type":"ReadAction","target":["https:\/\/www.electrahotels.gr\/fr\/nos-hotels\/electra-palace-thessalonique\/centre-de-bien-etre-et-de-remise-en-forme\/"]}]},{"@type":"ImageObject","inLanguage":"fr-FR","@id":"https:\/\/www.electrahotels.gr\/fr\/nos-hotels\/electra-palace-thessalonique\/centre-de-bien-etre-et-de-remise-en-forme\/#primaryimage","url":"https:\/\/www.electrahotels.gr\/app\/uploads\/2021\/05\/ELECTRA-METROPOLIS-ATHENS-OUTDOOR-POOL-scaled.jpg","contentUrl":"https:\/\/www.electrahotels.gr\/app\/uploads\/2021\/05\/ELECTRA-METROPOLIS-ATHENS-OUTDOOR-POOL-scaled.jpg","width":2560,"height":1919},{"@type":"BreadcrumbList","@id":"https:\/\/www.electrahotels.gr\/fr\/nos-hotels\/electra-palace-thessalonique\/centre-de-bien-etre-et-de-remise-en-forme\/#breadcrumb","itemListElement":[{"@type":"ListItem","position":1,"name":"Home","item":"https:\/\/www.electrahotels.gr\/fr\/"},{"@type":"ListItem","position":2,"name":"Nos h\u00f4tels","item":"https:\/\/www.electrahotels.gr\/fr\/nos-hotels\/"},{"@type":"ListItem","position":3,"name":"Electra Palace Thessalonique","item":"https:\/\/www.electrahotels.gr\/fr\/nos-hotels\/electra-palace-thessalonique\/"},{"@type":"ListItem","position":4,"name":"Centre de bien-\u00eatre et de remise en forme"}]},{"@type":"WebSite","@id":"https:\/\/www.electrahotels.gr\/fr\/#website","url":"https:\/\/www.electrahotels.gr\/fr\/","name":"Electra Hotels &amp; Resorts","description":"A group of luxury hotels in Athens, Thessaloniki, Rhodes and Kefalonia committed to offering quality hospitality, service and luxury","potentialAction":[{"@type":"SearchAction","target":{"@type":"EntryPoint","urlTemplate":"https:\/\/www.electrahotels.gr\/fr\/?s={search_term_string}"},"query-input":{"@type":"PropertyValueSpecification","valueRequired":true,"valueName":"search_term_string"}}],"inLanguage":"fr-FR"}]}},"_links":{"self":[{"href":"https:\/\/www.electrahotels.gr\/fr\/wp-json\/wp\/v2\/pages\/10470","targetHints":{"allow":["GET"]}}],"collection":[{"href":"https:\/\/www.electrahotels.gr\/fr\/wp-json\/wp\/v2\/pages"}],"about":[{"href":"https:\/\/www.electrahotels.gr\/fr\/wp-json\/wp\/v2\/types\/page"}],"author":[{"embeddable":true,"href":"https:\/\/www.electrahotels.gr\/fr\/wp-json\/wp\/v2\/users\/1"}],"replies":[{"embeddable":true,"href":"https:\/\/www.electrahotels.gr\/fr\/wp-json\/wp\/v2\/comments?post=10470"}],"version-history":[{"count":8,"href":"https:\/\/www.electrahotels.gr\/fr\/wp-json\/wp\/v2\/pages\/10470\/revisions"}],"predecessor-version":[{"id":12356,"href":"https:\/\/www.electrahotels.gr\/fr\/wp-json\/wp\/v2\/pages\/10470\/revisions\/12356"}],"up":[{"embeddable":true,"href":"https:\/\/www.electrahotels.gr\/fr\/wp-json\/wp\/v2\/pages\/10349"}],"wp:featuredmedia":[{"embeddable":true,"href":"https:\/\/www.electrahotels.gr\/fr\/wp-json\/wp\/v2\/media\/8400"}],"wp:attachment":[{"href":"https:\/\/www.electrahotels.gr\/fr\/wp-json\/wp\/v2\/media?parent=10470"}],"wp:term":[{"taxonomy":"page_tag","embeddable":true,"href":"https:\/\/www.electrahotels.gr\/fr\/wp-json\/wp\/v2\/page_tag?post=10470"}],"curies":[{"name":"wp","href":"https:\/\/api.w.org\/{rel}","templated":true}]}}