{"id":10472,"date":"2021-11-26T17:01:35","date_gmt":"2021-11-26T15:01:35","guid":{"rendered":"https:\/\/www.electrahotels.gr\/nos-hotels\/electra-palace-rhodes\/bien-etre-et-forme-physique\/"},"modified":"2023-10-27T16:59:47","modified_gmt":"2023-10-27T13:59:47","slug":"bien-etre-et-forme-physique","status":"publish","type":"page","link":"https:\/\/www.electrahotels.gr\/fr\/nos-hotels\/electra-palace-rhodes\/bien-etre-et-forme-physique\/","title":{"rendered":"Bien-\u00eatre et fitness"},"content":{"rendered":"\n<p>Faites-vous plaisir avec des rituels de massage uniques, des traitements de marque, des soins de beaut\u00e9 \u00e0 la carte, des cours de yoga quotidiens, des s\u00e9ances de m\u00e9ditation sur la plage et bien plus encore. Dans nos nouvelles installations de marque, votre bien-\u00eatre prend un tout nouveau sens.<\/p>\n\n\n\n<p><\/p>\n","protected":false},"excerpt":{"rendered":"<p>Faites-vous plaisir avec des rituels de massage uniques, des traitements de marque, des soins de beaut\u00e9 \u00e0 la carte, des cours de yoga quotidiens, des s\u00e9ances de m\u00e9ditation sur la plage et bien plus encore. Dans nos nouvelles installations de marque, votre bien-\u00eatre prend un tout nouveau sens.<\/p>\n","protected":false},"author":1,"featured_media":9200,"parent":10346,"menu_order":0,"comment_status":"closed","ping_status":"closed","template":"page-templates\/single-restaurant.php","meta":{"_acf_changed":false,"footnotes":""},"page_tag":[],"class_list":["post-10472","page","type-page","status-publish","has-post-thumbnail","hentry"],"acf":[],"yoast_head":"<!-- This site is optimized with the Yoast SEO plugin v27.4 - https:\/\/yoast.com\/product\/yoast-seo-wordpress\/ -->\n<title>D\u00e9tente de luxe dans un h\u00f4tel spa de Rhodes || Electra Palace Rhodes<\/title>\n<meta name=\"description\" content=\"Offrez-vous un moment de d\u00e9tente de luxe bien m\u00e9rit\u00e9 en vous faisant dorloter et en recevant des soins nourrissants \u00e0 l&#039;Electra Palace, un h\u00f4tel spa 5* de Rhodes situ\u00e9 en bord de mer.\" \/>\n<meta name=\"robots\" content=\"index, follow, max-snippet:-1, max-image-preview:large, max-video-preview:-1\" \/>\n<link rel=\"canonical\" href=\"https:\/\/www.electrahotels.gr\/fr\/nos-hotels\/electra-palace-rhodes\/bien-etre-et-forme-physique\/\" \/>\n<meta property=\"og:locale\" content=\"fr_FR\" \/>\n<meta property=\"og:type\" content=\"article\" \/>\n<meta property=\"og:title\" content=\"D\u00e9tente de luxe dans un h\u00f4tel spa de Rhodes || Electra Palace Rhodes\" \/>\n<meta property=\"og:description\" content=\"Offrez-vous un moment de d\u00e9tente de luxe bien m\u00e9rit\u00e9 en vous faisant dorloter et en recevant des soins nourrissants \u00e0 l&#039;Electra Palace, un h\u00f4tel spa 5* de Rhodes situ\u00e9 en bord de mer.\" \/>\n<meta property=\"og:url\" content=\"https:\/\/www.electrahotels.gr\/fr\/nos-hotels\/electra-palace-rhodes\/bien-etre-et-forme-physique\/\" \/>\n<meta property=\"og:site_name\" content=\"Electra Hotels &amp; Resorts\" \/>\n<meta property=\"article:modified_time\" content=\"2023-10-27T13:59:47+00:00\" \/>\n<meta property=\"og:image\" content=\"https:\/\/www.electrahotels.gr\/app\/uploads\/sites\/75\/2021\/09\/wellness-fitness-10_resized.jpg\" \/>\n\t<meta property=\"og:image:width\" content=\"1920\" \/>\n\t<meta property=\"og:image:height\" content=\"1280\" \/>\n\t<meta property=\"og:image:type\" content=\"image\/jpeg\" \/>\n<meta name=\"twitter:card\" content=\"summary_large_image\" \/>\n<meta name=\"twitter:label1\" content=\"Dur\u00e9e de lecture estim\u00e9e\" \/>\n\t<meta name=\"twitter:data1\" content=\"1 minute\" \/>\n<script type=\"application\/ld+json\" class=\"yoast-schema-graph\">{\"@context\":\"https:\\\/\\\/schema.org\",\"@graph\":[{\"@type\":\"WebPage\",\"@id\":\"https:\\\/\\\/www.electrahotels.gr\\\/fr\\\/nos-hotels\\\/electra-palace-rhodes\\\/bien-etre-et-forme-physique\\\/\",\"url\":\"https:\\\/\\\/www.electrahotels.gr\\\/fr\\\/nos-hotels\\\/electra-palace-rhodes\\\/bien-etre-et-forme-physique\\\/\",\"name\":\"D\u00e9tente de luxe dans un h\u00f4tel spa de Rhodes || Electra Palace Rhodes\",\"isPartOf\":{\"@id\":\"https:\\\/\\\/www.electrahotels.gr\\\/fr\\\/#website\"},\"primaryImageOfPage\":{\"@id\":\"https:\\\/\\\/www.electrahotels.gr\\\/fr\\\/nos-hotels\\\/electra-palace-rhodes\\\/bien-etre-et-forme-physique\\\/#primaryimage\"},\"image\":{\"@id\":\"https:\\\/\\\/www.electrahotels.gr\\\/fr\\\/nos-hotels\\\/electra-palace-rhodes\\\/bien-etre-et-forme-physique\\\/#primaryimage\"},\"thumbnailUrl\":\"https:\\\/\\\/www.electrahotels.gr\\\/app\\\/uploads\\\/2021\\\/09\\\/wellness-fitness-10_resized.jpg\",\"datePublished\":\"2021-11-26T15:01:35+00:00\",\"dateModified\":\"2023-10-27T13:59:47+00:00\",\"description\":\"Offrez-vous un moment de d\u00e9tente de luxe bien m\u00e9rit\u00e9 en vous faisant dorloter et en recevant des soins nourrissants \u00e0 l'Electra Palace, un h\u00f4tel spa 5* de Rhodes situ\u00e9 en bord de mer.\",\"breadcrumb\":{\"@id\":\"https:\\\/\\\/www.electrahotels.gr\\\/fr\\\/nos-hotels\\\/electra-palace-rhodes\\\/bien-etre-et-forme-physique\\\/#breadcrumb\"},\"inLanguage\":\"fr-FR\",\"potentialAction\":[{\"@type\":\"ReadAction\",\"target\":[\"https:\\\/\\\/www.electrahotels.gr\\\/fr\\\/nos-hotels\\\/electra-palace-rhodes\\\/bien-etre-et-forme-physique\\\/\"]}]},{\"@type\":\"ImageObject\",\"inLanguage\":\"fr-FR\",\"@id\":\"https:\\\/\\\/www.electrahotels.gr\\\/fr\\\/nos-hotels\\\/electra-palace-rhodes\\\/bien-etre-et-forme-physique\\\/#primaryimage\",\"url\":\"https:\\\/\\\/www.electrahotels.gr\\\/app\\\/uploads\\\/2021\\\/09\\\/wellness-fitness-10_resized.jpg\",\"contentUrl\":\"https:\\\/\\\/www.electrahotels.gr\\\/app\\\/uploads\\\/2021\\\/09\\\/wellness-fitness-10_resized.jpg\",\"width\":1920,\"height\":1280},{\"@type\":\"BreadcrumbList\",\"@id\":\"https:\\\/\\\/www.electrahotels.gr\\\/fr\\\/nos-hotels\\\/electra-palace-rhodes\\\/bien-etre-et-forme-physique\\\/#breadcrumb\",\"itemListElement\":[{\"@type\":\"ListItem\",\"position\":1,\"name\":\"Home\",\"item\":\"https:\\\/\\\/www.electrahotels.gr\\\/fr\\\/\"},{\"@type\":\"ListItem\",\"position\":2,\"name\":\"Nos h\u00f4tels\",\"item\":\"https:\\\/\\\/www.electrahotels.gr\\\/fr\\\/nos-hotels\\\/\"},{\"@type\":\"ListItem\",\"position\":3,\"name\":\"Electra Palace Rhodes\",\"item\":\"https:\\\/\\\/www.electrahotels.gr\\\/fr\\\/nos-hotels\\\/electra-palace-rhodes\\\/\"},{\"@type\":\"ListItem\",\"position\":4,\"name\":\"Bien-\u00eatre et fitness\"}]},{\"@type\":\"WebSite\",\"@id\":\"https:\\\/\\\/www.electrahotels.gr\\\/fr\\\/#website\",\"url\":\"https:\\\/\\\/www.electrahotels.gr\\\/fr\\\/\",\"name\":\"Electra Hotels &amp; Resorts\",\"description\":\"A group of luxury hotels in Athens, Thessaloniki, Rhodes and Kefalonia committed to offering quality hospitality, service and luxury\",\"potentialAction\":[{\"@type\":\"SearchAction\",\"target\":{\"@type\":\"EntryPoint\",\"urlTemplate\":\"https:\\\/\\\/www.electrahotels.gr\\\/fr\\\/?s={search_term_string}\"},\"query-input\":{\"@type\":\"PropertyValueSpecification\",\"valueRequired\":true,\"valueName\":\"search_term_string\"}}],\"inLanguage\":\"fr-FR\"}]}<\/script>\n<!-- \/ Yoast SEO plugin. -->","yoast_head_json":{"title":"D\u00e9tente de luxe dans un h\u00f4tel spa de Rhodes || Electra Palace Rhodes","description":"Offrez-vous un moment de d\u00e9tente de luxe bien m\u00e9rit\u00e9 en vous faisant dorloter et en recevant des soins nourrissants \u00e0 l'Electra Palace, un h\u00f4tel spa 5* de Rhodes situ\u00e9 en bord de mer.","robots":{"index":"index","follow":"follow","max-snippet":"max-snippet:-1","max-image-preview":"max-image-preview:large","max-video-preview":"max-video-preview:-1"},"canonical":"https:\/\/www.electrahotels.gr\/fr\/nos-hotels\/electra-palace-rhodes\/bien-etre-et-forme-physique\/","og_locale":"fr_FR","og_type":"article","og_title":"D\u00e9tente de luxe dans un h\u00f4tel spa de Rhodes || Electra Palace Rhodes","og_description":"Offrez-vous un moment de d\u00e9tente de luxe bien m\u00e9rit\u00e9 en vous faisant dorloter et en recevant des soins nourrissants \u00e0 l'Electra Palace, un h\u00f4tel spa 5* de Rhodes situ\u00e9 en bord de mer.","og_url":"https:\/\/www.electrahotels.gr\/fr\/nos-hotels\/electra-palace-rhodes\/bien-etre-et-forme-physique\/","og_site_name":"Electra Hotels &amp; Resorts","article_modified_time":"2023-10-27T13:59:47+00:00","og_image":[{"width":1920,"height":1280,"url":"https:\/\/www.electrahotels.gr\/app\/uploads\/sites\/75\/2021\/09\/wellness-fitness-10_resized.jpg","type":"image\/jpeg"}],"twitter_card":"summary_large_image","twitter_misc":{"Dur\u00e9e de lecture estim\u00e9e":"1 minute"},"schema":{"@context":"https:\/\/schema.org","@graph":[{"@type":"WebPage","@id":"https:\/\/www.electrahotels.gr\/fr\/nos-hotels\/electra-palace-rhodes\/bien-etre-et-forme-physique\/","url":"https:\/\/www.electrahotels.gr\/fr\/nos-hotels\/electra-palace-rhodes\/bien-etre-et-forme-physique\/","name":"D\u00e9tente de luxe dans un h\u00f4tel spa de Rhodes || Electra Palace Rhodes","isPartOf":{"@id":"https:\/\/www.electrahotels.gr\/fr\/#website"},"primaryImageOfPage":{"@id":"https:\/\/www.electrahotels.gr\/fr\/nos-hotels\/electra-palace-rhodes\/bien-etre-et-forme-physique\/#primaryimage"},"image":{"@id":"https:\/\/www.electrahotels.gr\/fr\/nos-hotels\/electra-palace-rhodes\/bien-etre-et-forme-physique\/#primaryimage"},"thumbnailUrl":"https:\/\/www.electrahotels.gr\/app\/uploads\/2021\/09\/wellness-fitness-10_resized.jpg","datePublished":"2021-11-26T15:01:35+00:00","dateModified":"2023-10-27T13:59:47+00:00","description":"Offrez-vous un moment de d\u00e9tente de luxe bien m\u00e9rit\u00e9 en vous faisant dorloter et en recevant des soins nourrissants \u00e0 l'Electra Palace, un h\u00f4tel spa 5* de Rhodes situ\u00e9 en bord de mer.","breadcrumb":{"@id":"https:\/\/www.electrahotels.gr\/fr\/nos-hotels\/electra-palace-rhodes\/bien-etre-et-forme-physique\/#breadcrumb"},"inLanguage":"fr-FR","potentialAction":[{"@type":"ReadAction","target":["https:\/\/www.electrahotels.gr\/fr\/nos-hotels\/electra-palace-rhodes\/bien-etre-et-forme-physique\/"]}]},{"@type":"ImageObject","inLanguage":"fr-FR","@id":"https:\/\/www.electrahotels.gr\/fr\/nos-hotels\/electra-palace-rhodes\/bien-etre-et-forme-physique\/#primaryimage","url":"https:\/\/www.electrahotels.gr\/app\/uploads\/2021\/09\/wellness-fitness-10_resized.jpg","contentUrl":"https:\/\/www.electrahotels.gr\/app\/uploads\/2021\/09\/wellness-fitness-10_resized.jpg","width":1920,"height":1280},{"@type":"BreadcrumbList","@id":"https:\/\/www.electrahotels.gr\/fr\/nos-hotels\/electra-palace-rhodes\/bien-etre-et-forme-physique\/#breadcrumb","itemListElement":[{"@type":"ListItem","position":1,"name":"Home","item":"https:\/\/www.electrahotels.gr\/fr\/"},{"@type":"ListItem","position":2,"name":"Nos h\u00f4tels","item":"https:\/\/www.electrahotels.gr\/fr\/nos-hotels\/"},{"@type":"ListItem","position":3,"name":"Electra Palace Rhodes","item":"https:\/\/www.electrahotels.gr\/fr\/nos-hotels\/electra-palace-rhodes\/"},{"@type":"ListItem","position":4,"name":"Bien-\u00eatre et fitness"}]},{"@type":"WebSite","@id":"https:\/\/www.electrahotels.gr\/fr\/#website","url":"https:\/\/www.electrahotels.gr\/fr\/","name":"Electra Hotels &amp; Resorts","description":"A group of luxury hotels in Athens, Thessaloniki, Rhodes and Kefalonia committed to offering quality hospitality, service and luxury","potentialAction":[{"@type":"SearchAction","target":{"@type":"EntryPoint","urlTemplate":"https:\/\/www.electrahotels.gr\/fr\/?s={search_term_string}"},"query-input":{"@type":"PropertyValueSpecification","valueRequired":true,"valueName":"search_term_string"}}],"inLanguage":"fr-FR"}]}},"_links":{"self":[{"href":"https:\/\/www.electrahotels.gr\/fr\/wp-json\/wp\/v2\/pages\/10472","targetHints":{"allow":["GET"]}}],"collection":[{"href":"https:\/\/www.electrahotels.gr\/fr\/wp-json\/wp\/v2\/pages"}],"about":[{"href":"https:\/\/www.electrahotels.gr\/fr\/wp-json\/wp\/v2\/types\/page"}],"author":[{"embeddable":true,"href":"https:\/\/www.electrahotels.gr\/fr\/wp-json\/wp\/v2\/users\/1"}],"replies":[{"embeddable":true,"href":"https:\/\/www.electrahotels.gr\/fr\/wp-json\/wp\/v2\/comments?post=10472"}],"version-history":[{"count":10,"href":"https:\/\/www.electrahotels.gr\/fr\/wp-json\/wp\/v2\/pages\/10472\/revisions"}],"predecessor-version":[{"id":40360,"href":"https:\/\/www.electrahotels.gr\/fr\/wp-json\/wp\/v2\/pages\/10472\/revisions\/40360"}],"up":[{"embeddable":true,"href":"https:\/\/www.electrahotels.gr\/fr\/wp-json\/wp\/v2\/pages\/10346"}],"wp:featuredmedia":[{"embeddable":true,"href":"https:\/\/www.electrahotels.gr\/fr\/wp-json\/wp\/v2\/media\/9200"}],"wp:attachment":[{"href":"https:\/\/www.electrahotels.gr\/fr\/wp-json\/wp\/v2\/media?parent=10472"}],"wp:term":[{"taxonomy":"page_tag","embeddable":true,"href":"https:\/\/www.electrahotels.gr\/fr\/wp-json\/wp\/v2\/page_tag?post=10472"}],"curies":[{"name":"wp","href":"https:\/\/api.w.org\/{rel}","templated":true}]}}