{"id":10483,"date":"2021-11-26T17:01:35","date_gmt":"2021-11-26T15:01:35","guid":{"rendered":"https:\/\/www.electrahotels.gr\/nos-hotels\/electra-kefalonia\/bien-etre-et-forme-physique\/"},"modified":"2023-10-27T17:09:56","modified_gmt":"2023-10-27T14:09:56","slug":"bien-etre-et-forme-physique","status":"publish","type":"page","link":"https:\/\/www.electrahotels.gr\/fr\/nos-hotels\/electra-kefalonia\/bien-etre-et-forme-physique\/","title":{"rendered":"Bien-\u00eatre et fitness"},"content":{"rendered":"\n<p>Ce n&rsquo;est pas un secret que C\u00e9phalonie est l&rsquo;une des plus belles \u00eeles grecques. Plein de plages de sable, d&rsquo;eaux \u00e9meraude, de vert sauvage, c&rsquo;est l&rsquo;endroit qui vous aidera \u00e0 faire une pause et \u00e0 vous reconnecter avec votre moi int\u00e9rieur. Dans la mission de renforcer l&rsquo;\u00e9quilibre entre votre corps et votre esprit, vous n&rsquo;\u00eates pas seul.<\/p>\n\n\n\n<p><\/p>\n\n\n\n<p><\/p>\n\n\n\n<h2 class=\"wp-block-heading\"><strong>Piscine ext\u00e9rieure<\/strong><\/h2>\n\n\n\n<p>On se sent toujours mieux au bord d&rsquo;une piscine, et encore plus quand la piscine a une vue aussi captivante sur la mer et le jardin. D\u00e9tendez-vous sur nos chaises longues super confortables, prenez un cocktail ou une collation et d\u00e9couvrez par vous-m\u00eame le sens du mot \u00ab\u00a0chilling\u00a0\u00bb.<\/p>\n\n\n\n<p>Heures d&rsquo;ouverture : 11.00-19.00<\/p>\n","protected":false},"excerpt":{"rendered":"<p>Ce n&rsquo;est pas un secret que C\u00e9phalonie est l&rsquo;une des plus belles \u00eeles grecques. Plein de plages de sable, d&rsquo;eaux \u00e9meraude, de vert sauvage, c&rsquo;est l&rsquo;endroit qui vous aidera \u00e0 faire une pause et \u00e0 vous reconnecter avec votre moi int\u00e9rieur. Dans la mission de renforcer l&rsquo;\u00e9quilibre entre votre corps et votre esprit, vous n&rsquo;\u00eates<\/p>\n","protected":false},"author":1,"featured_media":9273,"parent":10290,"menu_order":0,"comment_status":"closed","ping_status":"closed","template":"page-templates\/single-restaurant.php","meta":{"_acf_changed":false,"footnotes":""},"page_tag":[],"class_list":["post-10483","page","type-page","status-publish","has-post-thumbnail","hentry"],"acf":[],"yoast_head":"<!-- This site is optimized with the Yoast SEO plugin v27.4 - https:\/\/yoast.com\/product\/yoast-seo-wordpress\/ -->\n<title>Se faire dorloter dans un h\u00f4tel spa 5* \u00e0 Kefalonia || Electra Kefalonia<\/title>\n<meta name=\"description\" content=\"Faites-vous plaisir avec des s\u00e9ances de soins de luxe, des th\u00e9rapies de bien-\u00eatre ainsi que des traitements nourrissants et relaxants dans un h\u00f4tel spa 5* de Kefalonia.\" \/>\n<meta name=\"robots\" content=\"index, follow, max-snippet:-1, max-image-preview:large, max-video-preview:-1\" \/>\n<link rel=\"canonical\" href=\"https:\/\/www.electrahotels.gr\/fr\/nos-hotels\/electra-kefalonia\/bien-etre-et-forme-physique\/\" \/>\n<meta property=\"og:locale\" content=\"fr_FR\" \/>\n<meta property=\"og:type\" content=\"article\" \/>\n<meta property=\"og:title\" content=\"Se faire dorloter dans un h\u00f4tel spa 5* \u00e0 Kefalonia || Electra Kefalonia\" \/>\n<meta property=\"og:description\" content=\"Faites-vous plaisir avec des s\u00e9ances de soins de luxe, des th\u00e9rapies de bien-\u00eatre ainsi que des traitements nourrissants et relaxants dans un h\u00f4tel spa 5* de Kefalonia.\" \/>\n<meta property=\"og:url\" content=\"https:\/\/www.electrahotels.gr\/fr\/nos-hotels\/electra-kefalonia\/bien-etre-et-forme-physique\/\" \/>\n<meta property=\"og:site_name\" content=\"Electra Hotels &amp; Resorts\" \/>\n<meta property=\"article:modified_time\" content=\"2023-10-27T14:09:56+00:00\" \/>\n<meta property=\"og:image\" content=\"https:\/\/www.electrahotels.gr\/app\/uploads\/sites\/75\/2021\/09\/Electra_Kefalonia_Hotel_And_Spa_Indoor_Pool-10-1.jpg\" \/>\n\t<meta property=\"og:image:width\" content=\"1920\" \/>\n\t<meta property=\"og:image:height\" content=\"1280\" \/>\n\t<meta property=\"og:image:type\" content=\"image\/jpeg\" \/>\n<meta name=\"twitter:card\" content=\"summary_large_image\" \/>\n<meta name=\"twitter:label1\" content=\"Dur\u00e9e de lecture estim\u00e9e\" \/>\n\t<meta name=\"twitter:data1\" content=\"1 minute\" \/>\n<script type=\"application\/ld+json\" class=\"yoast-schema-graph\">{\"@context\":\"https:\\\/\\\/schema.org\",\"@graph\":[{\"@type\":\"WebPage\",\"@id\":\"https:\\\/\\\/www.electrahotels.gr\\\/fr\\\/nos-hotels\\\/electra-kefalonia\\\/bien-etre-et-forme-physique\\\/\",\"url\":\"https:\\\/\\\/www.electrahotels.gr\\\/fr\\\/nos-hotels\\\/electra-kefalonia\\\/bien-etre-et-forme-physique\\\/\",\"name\":\"Se faire dorloter dans un h\u00f4tel spa 5* \u00e0 Kefalonia || Electra Kefalonia\",\"isPartOf\":{\"@id\":\"https:\\\/\\\/www.electrahotels.gr\\\/fr\\\/#website\"},\"primaryImageOfPage\":{\"@id\":\"https:\\\/\\\/www.electrahotels.gr\\\/fr\\\/nos-hotels\\\/electra-kefalonia\\\/bien-etre-et-forme-physique\\\/#primaryimage\"},\"image\":{\"@id\":\"https:\\\/\\\/www.electrahotels.gr\\\/fr\\\/nos-hotels\\\/electra-kefalonia\\\/bien-etre-et-forme-physique\\\/#primaryimage\"},\"thumbnailUrl\":\"https:\\\/\\\/www.electrahotels.gr\\\/app\\\/uploads\\\/2021\\\/09\\\/Electra_Kefalonia_Hotel_And_Spa_Indoor_Pool-10-1.jpg\",\"datePublished\":\"2021-11-26T15:01:35+00:00\",\"dateModified\":\"2023-10-27T14:09:56+00:00\",\"description\":\"Faites-vous plaisir avec des s\u00e9ances de soins de luxe, des th\u00e9rapies de bien-\u00eatre ainsi que des traitements nourrissants et relaxants dans un h\u00f4tel spa 5* de Kefalonia.\",\"breadcrumb\":{\"@id\":\"https:\\\/\\\/www.electrahotels.gr\\\/fr\\\/nos-hotels\\\/electra-kefalonia\\\/bien-etre-et-forme-physique\\\/#breadcrumb\"},\"inLanguage\":\"fr-FR\",\"potentialAction\":[{\"@type\":\"ReadAction\",\"target\":[\"https:\\\/\\\/www.electrahotels.gr\\\/fr\\\/nos-hotels\\\/electra-kefalonia\\\/bien-etre-et-forme-physique\\\/\"]}]},{\"@type\":\"ImageObject\",\"inLanguage\":\"fr-FR\",\"@id\":\"https:\\\/\\\/www.electrahotels.gr\\\/fr\\\/nos-hotels\\\/electra-kefalonia\\\/bien-etre-et-forme-physique\\\/#primaryimage\",\"url\":\"https:\\\/\\\/www.electrahotels.gr\\\/app\\\/uploads\\\/2021\\\/09\\\/Electra_Kefalonia_Hotel_And_Spa_Indoor_Pool-10-1.jpg\",\"contentUrl\":\"https:\\\/\\\/www.electrahotels.gr\\\/app\\\/uploads\\\/2021\\\/09\\\/Electra_Kefalonia_Hotel_And_Spa_Indoor_Pool-10-1.jpg\",\"width\":1920,\"height\":1280},{\"@type\":\"BreadcrumbList\",\"@id\":\"https:\\\/\\\/www.electrahotels.gr\\\/fr\\\/nos-hotels\\\/electra-kefalonia\\\/bien-etre-et-forme-physique\\\/#breadcrumb\",\"itemListElement\":[{\"@type\":\"ListItem\",\"position\":1,\"name\":\"Home\",\"item\":\"https:\\\/\\\/www.electrahotels.gr\\\/fr\\\/\"},{\"@type\":\"ListItem\",\"position\":2,\"name\":\"Nos h\u00f4tels\",\"item\":\"https:\\\/\\\/www.electrahotels.gr\\\/fr\\\/nos-hotels\\\/\"},{\"@type\":\"ListItem\",\"position\":3,\"name\":\"Electra Kefalonia Hotel and Spa\",\"item\":\"https:\\\/\\\/www.electrahotels.gr\\\/fr\\\/nos-hotels\\\/electra-kefalonia\\\/\"},{\"@type\":\"ListItem\",\"position\":4,\"name\":\"Bien-\u00eatre et fitness\"}]},{\"@type\":\"WebSite\",\"@id\":\"https:\\\/\\\/www.electrahotels.gr\\\/fr\\\/#website\",\"url\":\"https:\\\/\\\/www.electrahotels.gr\\\/fr\\\/\",\"name\":\"Electra Hotels &amp; Resorts\",\"description\":\"A group of luxury hotels in Athens, Thessaloniki, Rhodes and Kefalonia committed to offering quality hospitality, service and luxury\",\"potentialAction\":[{\"@type\":\"SearchAction\",\"target\":{\"@type\":\"EntryPoint\",\"urlTemplate\":\"https:\\\/\\\/www.electrahotels.gr\\\/fr\\\/?s={search_term_string}\"},\"query-input\":{\"@type\":\"PropertyValueSpecification\",\"valueRequired\":true,\"valueName\":\"search_term_string\"}}],\"inLanguage\":\"fr-FR\"}]}<\/script>\n<!-- \/ Yoast SEO plugin. -->","yoast_head_json":{"title":"Se faire dorloter dans un h\u00f4tel spa 5* \u00e0 Kefalonia || Electra Kefalonia","description":"Faites-vous plaisir avec des s\u00e9ances de soins de luxe, des th\u00e9rapies de bien-\u00eatre ainsi que des traitements nourrissants et relaxants dans un h\u00f4tel spa 5* de Kefalonia.","robots":{"index":"index","follow":"follow","max-snippet":"max-snippet:-1","max-image-preview":"max-image-preview:large","max-video-preview":"max-video-preview:-1"},"canonical":"https:\/\/www.electrahotels.gr\/fr\/nos-hotels\/electra-kefalonia\/bien-etre-et-forme-physique\/","og_locale":"fr_FR","og_type":"article","og_title":"Se faire dorloter dans un h\u00f4tel spa 5* \u00e0 Kefalonia || Electra Kefalonia","og_description":"Faites-vous plaisir avec des s\u00e9ances de soins de luxe, des th\u00e9rapies de bien-\u00eatre ainsi que des traitements nourrissants et relaxants dans un h\u00f4tel spa 5* de Kefalonia.","og_url":"https:\/\/www.electrahotels.gr\/fr\/nos-hotels\/electra-kefalonia\/bien-etre-et-forme-physique\/","og_site_name":"Electra Hotels &amp; Resorts","article_modified_time":"2023-10-27T14:09:56+00:00","og_image":[{"width":1920,"height":1280,"url":"https:\/\/www.electrahotels.gr\/app\/uploads\/sites\/75\/2021\/09\/Electra_Kefalonia_Hotel_And_Spa_Indoor_Pool-10-1.jpg","type":"image\/jpeg"}],"twitter_card":"summary_large_image","twitter_misc":{"Dur\u00e9e de lecture estim\u00e9e":"1 minute"},"schema":{"@context":"https:\/\/schema.org","@graph":[{"@type":"WebPage","@id":"https:\/\/www.electrahotels.gr\/fr\/nos-hotels\/electra-kefalonia\/bien-etre-et-forme-physique\/","url":"https:\/\/www.electrahotels.gr\/fr\/nos-hotels\/electra-kefalonia\/bien-etre-et-forme-physique\/","name":"Se faire dorloter dans un h\u00f4tel spa 5* \u00e0 Kefalonia || Electra Kefalonia","isPartOf":{"@id":"https:\/\/www.electrahotels.gr\/fr\/#website"},"primaryImageOfPage":{"@id":"https:\/\/www.electrahotels.gr\/fr\/nos-hotels\/electra-kefalonia\/bien-etre-et-forme-physique\/#primaryimage"},"image":{"@id":"https:\/\/www.electrahotels.gr\/fr\/nos-hotels\/electra-kefalonia\/bien-etre-et-forme-physique\/#primaryimage"},"thumbnailUrl":"https:\/\/www.electrahotels.gr\/app\/uploads\/2021\/09\/Electra_Kefalonia_Hotel_And_Spa_Indoor_Pool-10-1.jpg","datePublished":"2021-11-26T15:01:35+00:00","dateModified":"2023-10-27T14:09:56+00:00","description":"Faites-vous plaisir avec des s\u00e9ances de soins de luxe, des th\u00e9rapies de bien-\u00eatre ainsi que des traitements nourrissants et relaxants dans un h\u00f4tel spa 5* de Kefalonia.","breadcrumb":{"@id":"https:\/\/www.electrahotels.gr\/fr\/nos-hotels\/electra-kefalonia\/bien-etre-et-forme-physique\/#breadcrumb"},"inLanguage":"fr-FR","potentialAction":[{"@type":"ReadAction","target":["https:\/\/www.electrahotels.gr\/fr\/nos-hotels\/electra-kefalonia\/bien-etre-et-forme-physique\/"]}]},{"@type":"ImageObject","inLanguage":"fr-FR","@id":"https:\/\/www.electrahotels.gr\/fr\/nos-hotels\/electra-kefalonia\/bien-etre-et-forme-physique\/#primaryimage","url":"https:\/\/www.electrahotels.gr\/app\/uploads\/2021\/09\/Electra_Kefalonia_Hotel_And_Spa_Indoor_Pool-10-1.jpg","contentUrl":"https:\/\/www.electrahotels.gr\/app\/uploads\/2021\/09\/Electra_Kefalonia_Hotel_And_Spa_Indoor_Pool-10-1.jpg","width":1920,"height":1280},{"@type":"BreadcrumbList","@id":"https:\/\/www.electrahotels.gr\/fr\/nos-hotels\/electra-kefalonia\/bien-etre-et-forme-physique\/#breadcrumb","itemListElement":[{"@type":"ListItem","position":1,"name":"Home","item":"https:\/\/www.electrahotels.gr\/fr\/"},{"@type":"ListItem","position":2,"name":"Nos h\u00f4tels","item":"https:\/\/www.electrahotels.gr\/fr\/nos-hotels\/"},{"@type":"ListItem","position":3,"name":"Electra Kefalonia Hotel and Spa","item":"https:\/\/www.electrahotels.gr\/fr\/nos-hotels\/electra-kefalonia\/"},{"@type":"ListItem","position":4,"name":"Bien-\u00eatre et fitness"}]},{"@type":"WebSite","@id":"https:\/\/www.electrahotels.gr\/fr\/#website","url":"https:\/\/www.electrahotels.gr\/fr\/","name":"Electra Hotels &amp; Resorts","description":"A group of luxury hotels in Athens, Thessaloniki, Rhodes and Kefalonia committed to offering quality hospitality, service and luxury","potentialAction":[{"@type":"SearchAction","target":{"@type":"EntryPoint","urlTemplate":"https:\/\/www.electrahotels.gr\/fr\/?s={search_term_string}"},"query-input":{"@type":"PropertyValueSpecification","valueRequired":true,"valueName":"search_term_string"}}],"inLanguage":"fr-FR"}]}},"_links":{"self":[{"href":"https:\/\/www.electrahotels.gr\/fr\/wp-json\/wp\/v2\/pages\/10483","targetHints":{"allow":["GET"]}}],"collection":[{"href":"https:\/\/www.electrahotels.gr\/fr\/wp-json\/wp\/v2\/pages"}],"about":[{"href":"https:\/\/www.electrahotels.gr\/fr\/wp-json\/wp\/v2\/types\/page"}],"author":[{"embeddable":true,"href":"https:\/\/www.electrahotels.gr\/fr\/wp-json\/wp\/v2\/users\/1"}],"replies":[{"embeddable":true,"href":"https:\/\/www.electrahotels.gr\/fr\/wp-json\/wp\/v2\/comments?post=10483"}],"version-history":[{"count":10,"href":"https:\/\/www.electrahotels.gr\/fr\/wp-json\/wp\/v2\/pages\/10483\/revisions"}],"predecessor-version":[{"id":40368,"href":"https:\/\/www.electrahotels.gr\/fr\/wp-json\/wp\/v2\/pages\/10483\/revisions\/40368"}],"up":[{"embeddable":true,"href":"https:\/\/www.electrahotels.gr\/fr\/wp-json\/wp\/v2\/pages\/10290"}],"wp:featuredmedia":[{"embeddable":true,"href":"https:\/\/www.electrahotels.gr\/fr\/wp-json\/wp\/v2\/media\/9273"}],"wp:attachment":[{"href":"https:\/\/www.electrahotels.gr\/fr\/wp-json\/wp\/v2\/media?parent=10483"}],"wp:term":[{"taxonomy":"page_tag","embeddable":true,"href":"https:\/\/www.electrahotels.gr\/fr\/wp-json\/wp\/v2\/page_tag?post=10483"}],"curies":[{"name":"wp","href":"https:\/\/api.w.org\/{rel}","templated":true}]}}