{"id":10489,"date":"2021-11-26T17:01:35","date_gmt":"2021-11-26T15:01:35","guid":{"rendered":"https:\/\/www.electrahotels.gr\/restaurants\/"},"modified":"2023-10-30T10:49:53","modified_gmt":"2023-10-30T08:49:53","slug":"restaurants","status":"publish","type":"page","link":"https:\/\/www.electrahotels.gr\/fr\/restaurants\/","title":{"rendered":"Restaurants"},"content":{"rendered":"","protected":false},"excerpt":{"rendered":"","protected":false},"author":1,"featured_media":8562,"parent":0,"menu_order":6,"comment_status":"closed","ping_status":"closed","template":"page-templates\/restaurants.php","meta":{"_acf_changed":false,"footnotes":""},"page_tag":[],"class_list":["post-10489","page","type-page","status-publish","has-post-thumbnail","hentry"],"acf":[],"yoast_head":"<!-- This site is optimized with the Yoast SEO plugin v27.4 - https:\/\/yoast.com\/product\/yoast-seo-wordpress\/ -->\n<title>D\u00eener dans certains des meilleurs restaurants de Gr\u00e8ce || Electra Hotels<\/title>\n<meta name=\"description\" content=\"Les h\u00f4tels Electra poss\u00e8dent certains des meilleurs restaurants de Gr\u00e8ce. Chacun d&#039;entre eux vous invite \u00e0 un voyage culinaire au c\u0153ur de saveurs qui inspirent et d\u00e9clenchent des souvenirs.\" \/>\n<meta name=\"robots\" content=\"index, follow, max-snippet:-1, max-image-preview:large, max-video-preview:-1\" \/>\n<link rel=\"canonical\" href=\"https:\/\/www.electrahotels.gr\/fr\/restaurants\/\" \/>\n<meta property=\"og:locale\" content=\"fr_FR\" \/>\n<meta property=\"og:type\" content=\"article\" \/>\n<meta property=\"og:title\" content=\"D\u00eener dans certains des meilleurs restaurants de Gr\u00e8ce || Electra Hotels\" \/>\n<meta property=\"og:description\" content=\"Les h\u00f4tels Electra poss\u00e8dent certains des meilleurs restaurants de Gr\u00e8ce. Chacun d&#039;entre eux vous invite \u00e0 un voyage culinaire au c\u0153ur de saveurs qui inspirent et d\u00e9clenchent des souvenirs.\" \/>\n<meta property=\"og:url\" content=\"https:\/\/www.electrahotels.gr\/fr\/restaurants\/\" \/>\n<meta property=\"og:site_name\" content=\"Electra Hotels &amp; Resorts\" \/>\n<meta property=\"article:modified_time\" content=\"2023-10-30T08:49:53+00:00\" \/>\n<meta property=\"og:image\" content=\"https:\/\/www.electrahotels.gr\/app\/uploads\/sites\/75\/2021\/08\/metropolis_roof_garden-5_resized.jpg\" \/>\n\t<meta property=\"og:image:width\" content=\"1920\" \/>\n\t<meta property=\"og:image:height\" content=\"1280\" \/>\n\t<meta property=\"og:image:type\" content=\"image\/jpeg\" \/>\n<meta name=\"twitter:card\" content=\"summary_large_image\" \/>\n<script type=\"application\/ld+json\" class=\"yoast-schema-graph\">{\"@context\":\"https:\\\/\\\/schema.org\",\"@graph\":[{\"@type\":\"WebPage\",\"@id\":\"https:\\\/\\\/www.electrahotels.gr\\\/fr\\\/restaurants\\\/\",\"url\":\"https:\\\/\\\/www.electrahotels.gr\\\/fr\\\/restaurants\\\/\",\"name\":\"D\u00eener dans certains des meilleurs restaurants de Gr\u00e8ce || Electra Hotels\",\"isPartOf\":{\"@id\":\"https:\\\/\\\/www.electrahotels.gr\\\/fr\\\/#website\"},\"primaryImageOfPage\":{\"@id\":\"https:\\\/\\\/www.electrahotels.gr\\\/fr\\\/restaurants\\\/#primaryimage\"},\"image\":{\"@id\":\"https:\\\/\\\/www.electrahotels.gr\\\/fr\\\/restaurants\\\/#primaryimage\"},\"thumbnailUrl\":\"https:\\\/\\\/www.electrahotels.gr\\\/app\\\/uploads\\\/2021\\\/08\\\/metropolis_roof_garden-5_resized.jpg\",\"datePublished\":\"2021-11-26T15:01:35+00:00\",\"dateModified\":\"2023-10-30T08:49:53+00:00\",\"description\":\"Les h\u00f4tels Electra poss\u00e8dent certains des meilleurs restaurants de Gr\u00e8ce. Chacun d'entre eux vous invite \u00e0 un voyage culinaire au c\u0153ur de saveurs qui inspirent et d\u00e9clenchent des souvenirs.\",\"breadcrumb\":{\"@id\":\"https:\\\/\\\/www.electrahotels.gr\\\/fr\\\/restaurants\\\/#breadcrumb\"},\"inLanguage\":\"fr-FR\",\"potentialAction\":[{\"@type\":\"ReadAction\",\"target\":[\"https:\\\/\\\/www.electrahotels.gr\\\/fr\\\/restaurants\\\/\"]}]},{\"@type\":\"ImageObject\",\"inLanguage\":\"fr-FR\",\"@id\":\"https:\\\/\\\/www.electrahotels.gr\\\/fr\\\/restaurants\\\/#primaryimage\",\"url\":\"https:\\\/\\\/www.electrahotels.gr\\\/app\\\/uploads\\\/2021\\\/08\\\/metropolis_roof_garden-5_resized.jpg\",\"contentUrl\":\"https:\\\/\\\/www.electrahotels.gr\\\/app\\\/uploads\\\/2021\\\/08\\\/metropolis_roof_garden-5_resized.jpg\",\"width\":1920,\"height\":1280},{\"@type\":\"BreadcrumbList\",\"@id\":\"https:\\\/\\\/www.electrahotels.gr\\\/fr\\\/restaurants\\\/#breadcrumb\",\"itemListElement\":[{\"@type\":\"ListItem\",\"position\":1,\"name\":\"Home\",\"item\":\"https:\\\/\\\/www.electrahotels.gr\\\/fr\\\/\"},{\"@type\":\"ListItem\",\"position\":2,\"name\":\"Restaurants\"}]},{\"@type\":\"WebSite\",\"@id\":\"https:\\\/\\\/www.electrahotels.gr\\\/fr\\\/#website\",\"url\":\"https:\\\/\\\/www.electrahotels.gr\\\/fr\\\/\",\"name\":\"Electra Hotels &amp; Resorts\",\"description\":\"A group of luxury hotels in Athens, Thessaloniki, Rhodes and Kefalonia committed to offering quality hospitality, service and luxury\",\"potentialAction\":[{\"@type\":\"SearchAction\",\"target\":{\"@type\":\"EntryPoint\",\"urlTemplate\":\"https:\\\/\\\/www.electrahotels.gr\\\/fr\\\/?s={search_term_string}\"},\"query-input\":{\"@type\":\"PropertyValueSpecification\",\"valueRequired\":true,\"valueName\":\"search_term_string\"}}],\"inLanguage\":\"fr-FR\"}]}<\/script>\n<!-- \/ Yoast SEO plugin. -->","yoast_head_json":{"title":"D\u00eener dans certains des meilleurs restaurants de Gr\u00e8ce || Electra Hotels","description":"Les h\u00f4tels Electra poss\u00e8dent certains des meilleurs restaurants de Gr\u00e8ce. Chacun d'entre eux vous invite \u00e0 un voyage culinaire au c\u0153ur de saveurs qui inspirent et d\u00e9clenchent des souvenirs.","robots":{"index":"index","follow":"follow","max-snippet":"max-snippet:-1","max-image-preview":"max-image-preview:large","max-video-preview":"max-video-preview:-1"},"canonical":"https:\/\/www.electrahotels.gr\/fr\/restaurants\/","og_locale":"fr_FR","og_type":"article","og_title":"D\u00eener dans certains des meilleurs restaurants de Gr\u00e8ce || Electra Hotels","og_description":"Les h\u00f4tels Electra poss\u00e8dent certains des meilleurs restaurants de Gr\u00e8ce. Chacun d'entre eux vous invite \u00e0 un voyage culinaire au c\u0153ur de saveurs qui inspirent et d\u00e9clenchent des souvenirs.","og_url":"https:\/\/www.electrahotels.gr\/fr\/restaurants\/","og_site_name":"Electra Hotels &amp; Resorts","article_modified_time":"2023-10-30T08:49:53+00:00","og_image":[{"width":1920,"height":1280,"url":"https:\/\/www.electrahotels.gr\/app\/uploads\/sites\/75\/2021\/08\/metropolis_roof_garden-5_resized.jpg","type":"image\/jpeg"}],"twitter_card":"summary_large_image","schema":{"@context":"https:\/\/schema.org","@graph":[{"@type":"WebPage","@id":"https:\/\/www.electrahotels.gr\/fr\/restaurants\/","url":"https:\/\/www.electrahotels.gr\/fr\/restaurants\/","name":"D\u00eener dans certains des meilleurs restaurants de Gr\u00e8ce || Electra Hotels","isPartOf":{"@id":"https:\/\/www.electrahotels.gr\/fr\/#website"},"primaryImageOfPage":{"@id":"https:\/\/www.electrahotels.gr\/fr\/restaurants\/#primaryimage"},"image":{"@id":"https:\/\/www.electrahotels.gr\/fr\/restaurants\/#primaryimage"},"thumbnailUrl":"https:\/\/www.electrahotels.gr\/app\/uploads\/2021\/08\/metropolis_roof_garden-5_resized.jpg","datePublished":"2021-11-26T15:01:35+00:00","dateModified":"2023-10-30T08:49:53+00:00","description":"Les h\u00f4tels Electra poss\u00e8dent certains des meilleurs restaurants de Gr\u00e8ce. Chacun d'entre eux vous invite \u00e0 un voyage culinaire au c\u0153ur de saveurs qui inspirent et d\u00e9clenchent des souvenirs.","breadcrumb":{"@id":"https:\/\/www.electrahotels.gr\/fr\/restaurants\/#breadcrumb"},"inLanguage":"fr-FR","potentialAction":[{"@type":"ReadAction","target":["https:\/\/www.electrahotels.gr\/fr\/restaurants\/"]}]},{"@type":"ImageObject","inLanguage":"fr-FR","@id":"https:\/\/www.electrahotels.gr\/fr\/restaurants\/#primaryimage","url":"https:\/\/www.electrahotels.gr\/app\/uploads\/2021\/08\/metropolis_roof_garden-5_resized.jpg","contentUrl":"https:\/\/www.electrahotels.gr\/app\/uploads\/2021\/08\/metropolis_roof_garden-5_resized.jpg","width":1920,"height":1280},{"@type":"BreadcrumbList","@id":"https:\/\/www.electrahotels.gr\/fr\/restaurants\/#breadcrumb","itemListElement":[{"@type":"ListItem","position":1,"name":"Home","item":"https:\/\/www.electrahotels.gr\/fr\/"},{"@type":"ListItem","position":2,"name":"Restaurants"}]},{"@type":"WebSite","@id":"https:\/\/www.electrahotels.gr\/fr\/#website","url":"https:\/\/www.electrahotels.gr\/fr\/","name":"Electra Hotels &amp; Resorts","description":"A group of luxury hotels in Athens, Thessaloniki, Rhodes and Kefalonia committed to offering quality hospitality, service and luxury","potentialAction":[{"@type":"SearchAction","target":{"@type":"EntryPoint","urlTemplate":"https:\/\/www.electrahotels.gr\/fr\/?s={search_term_string}"},"query-input":{"@type":"PropertyValueSpecification","valueRequired":true,"valueName":"search_term_string"}}],"inLanguage":"fr-FR"}]}},"_links":{"self":[{"href":"https:\/\/www.electrahotels.gr\/fr\/wp-json\/wp\/v2\/pages\/10489","targetHints":{"allow":["GET"]}}],"collection":[{"href":"https:\/\/www.electrahotels.gr\/fr\/wp-json\/wp\/v2\/pages"}],"about":[{"href":"https:\/\/www.electrahotels.gr\/fr\/wp-json\/wp\/v2\/types\/page"}],"author":[{"embeddable":true,"href":"https:\/\/www.electrahotels.gr\/fr\/wp-json\/wp\/v2\/users\/1"}],"replies":[{"embeddable":true,"href":"https:\/\/www.electrahotels.gr\/fr\/wp-json\/wp\/v2\/comments?post=10489"}],"version-history":[{"count":10,"href":"https:\/\/www.electrahotels.gr\/fr\/wp-json\/wp\/v2\/pages\/10489\/revisions"}],"predecessor-version":[{"id":40411,"href":"https:\/\/www.electrahotels.gr\/fr\/wp-json\/wp\/v2\/pages\/10489\/revisions\/40411"}],"wp:featuredmedia":[{"embeddable":true,"href":"https:\/\/www.electrahotels.gr\/fr\/wp-json\/wp\/v2\/media\/8562"}],"wp:attachment":[{"href":"https:\/\/www.electrahotels.gr\/fr\/wp-json\/wp\/v2\/media?parent=10489"}],"wp:term":[{"taxonomy":"page_tag","embeddable":true,"href":"https:\/\/www.electrahotels.gr\/fr\/wp-json\/wp\/v2\/page_tag?post=10489"}],"curies":[{"name":"wp","href":"https:\/\/api.w.org\/{rel}","templated":true}]}}