{"id":10495,"date":"2021-11-26T17:01:35","date_gmt":"2021-11-26T15:01:35","guid":{"rendered":"https:\/\/www.electrahotels.gr\/nos-hotels\/electra-palace-thessalonique\/bien-etre-et-forme-physique\/"},"modified":"2023-10-27T17:32:04","modified_gmt":"2023-10-27T14:32:04","slug":"bien-etre-et-forme-physique","status":"publish","type":"page","link":"https:\/\/www.electrahotels.gr\/fr\/nos-hotels\/electra-palace-thessalonique\/bien-etre-et-forme-physique\/","title":{"rendered":"Bien-\u00eatre et fitness"},"content":{"rendered":"\n<p>Cette ambiance urbaine unique, associ\u00e9e \u00e0 notre hospitalit\u00e9 authentique, vous fera certainement rena\u00eetre, que vous soyez ici pour les affaires ou pour le plaisir.<\/p>\n\n\n\n<p>Mais, lorsqu&rsquo;il s&rsquo;agit d&rsquo;un v\u00e9ritable rajeunissement du corps et de l&rsquo;esprit, nous allons au-del\u00e0 de l&rsquo;hospitalit\u00e9 haut de gamme ou authentique. Il y a toujours quelque chose de plus qui fait qu&rsquo;un s\u00e9jour reste grav\u00e9 dans votre m\u00e9moire. Ce qui compte, ce sont les exp\u00e9riences. Des exp\u00e9riences qui inspirent, \u00e9veillent les sens, surprennent, font que vous vous sentez la meilleure version de vous-m\u00eame. Pour ce genre d&rsquo;exp\u00e9rience, vous devez vous rendre dans notre centre de bien-\u00eatre opulent et faire confiance \u00e0 l&rsquo;\u00e9quipe unique et hautement qualifi\u00e9e d&rsquo;Aegeo Spas. Une \u00e9quipe inspir\u00e9e par le bleu profond et envo\u00fbtant de la mer \u00c9g\u00e9e et le pays de l&rsquo;ample lumi\u00e8re, la Gr\u00e8ce.  <\/p>\n\n\n\n<h2 class=\"wp-block-heading\">Piscine ext\u00e9rieure<\/h2>\n\n\n\n<p>Il y a plus \u00e0 d\u00e9couvrir au 7\u00e8me \u00e9tage, o\u00f9 une impressionnante piscine ext\u00e9rieure avec sa propre terrasse priv\u00e9e vous attend. Une oasis situ\u00e9e dans le paysage urbain anim\u00e9, elle offre \u00e0 la fois isolement et immersion sensorielle. Profitez des vues captivantes que vous ne trouverez nulle part ailleurs en ville, sirotez le cocktail de votre choix ou prenez une collation savoureuse et d\u00e9couvrez une nouvelle dimension de la d\u00e9tente.<\/p>\n\n\n\n<p><strong>Heures d&rsquo;ouverture :<\/strong> 11:00-19:00 Si le temps le permet<\/p>\n","protected":false},"excerpt":{"rendered":"<p>Cette ambiance urbaine unique, associ\u00e9e \u00e0 notre hospitalit\u00e9 authentique, vous fera certainement rena\u00eetre, que vous soyez ici pour les affaires ou pour le plaisir. Mais, lorsqu&rsquo;il s&rsquo;agit d&rsquo;un v\u00e9ritable rajeunissement du corps et de l&rsquo;esprit, nous allons au-del\u00e0 de l&rsquo;hospitalit\u00e9 haut de gamme ou authentique. Il y a toujours quelque chose de plus qui fait<\/p>\n","protected":false},"author":1,"featured_media":48802,"parent":10349,"menu_order":0,"comment_status":"closed","ping_status":"closed","template":"page-templates\/single-restaurant.php","meta":{"_acf_changed":false,"footnotes":""},"page_tag":[],"class_list":["post-10495","page","type-page","status-publish","has-post-thumbnail","hentry"],"acf":[],"yoast_head":"<!-- This site is optimized with the Yoast SEO plugin v27.4 - https:\/\/yoast.com\/product\/yoast-seo-wordpress\/ -->\n<title>Le meilleur des h\u00f4tels spa de Thessalonique || Electra Palace Thessalonique<\/title>\n<meta name=\"description\" content=\"Offrez-vous une exp\u00e9rience de relaxation de luxe 5* avec des soins nourrissants dans le plus luxueux des h\u00f4tels spa de Thessalonique.\" \/>\n<meta name=\"robots\" content=\"index, follow, max-snippet:-1, max-image-preview:large, max-video-preview:-1\" \/>\n<link rel=\"canonical\" href=\"https:\/\/www.electrahotels.gr\/fr\/nos-hotels\/electra-palace-thessalonique\/bien-etre-et-forme-physique\/\" \/>\n<meta property=\"og:locale\" content=\"fr_FR\" \/>\n<meta property=\"og:type\" content=\"article\" \/>\n<meta property=\"og:title\" content=\"Le meilleur des h\u00f4tels spa de Thessalonique || Electra Palace Thessalonique\" \/>\n<meta property=\"og:description\" content=\"Offrez-vous une exp\u00e9rience de relaxation de luxe 5* avec des soins nourrissants dans le plus luxueux des h\u00f4tels spa de Thessalonique.\" \/>\n<meta property=\"og:url\" content=\"https:\/\/www.electrahotels.gr\/fr\/nos-hotels\/electra-palace-thessalonique\/bien-etre-et-forme-physique\/\" \/>\n<meta property=\"og:site_name\" content=\"Electra Hotels &amp; Resorts\" \/>\n<meta property=\"article:modified_time\" content=\"2023-10-27T14:32:04+00:00\" \/>\n<meta name=\"twitter:card\" content=\"summary_large_image\" \/>\n<meta name=\"twitter:label1\" content=\"Dur\u00e9e de lecture estim\u00e9e\" \/>\n\t<meta name=\"twitter:data1\" content=\"1 minute\" \/>\n<script type=\"application\/ld+json\" class=\"yoast-schema-graph\">{\"@context\":\"https:\\\/\\\/schema.org\",\"@graph\":[{\"@type\":\"WebPage\",\"@id\":\"https:\\\/\\\/www.electrahotels.gr\\\/fr\\\/nos-hotels\\\/electra-palace-thessalonique\\\/bien-etre-et-forme-physique\\\/\",\"url\":\"https:\\\/\\\/www.electrahotels.gr\\\/fr\\\/nos-hotels\\\/electra-palace-thessalonique\\\/bien-etre-et-forme-physique\\\/\",\"name\":\"Le meilleur des h\u00f4tels spa de Thessalonique || Electra Palace Thessalonique\",\"isPartOf\":{\"@id\":\"https:\\\/\\\/www.electrahotels.gr\\\/fr\\\/#website\"},\"primaryImageOfPage\":{\"@id\":\"https:\\\/\\\/www.electrahotels.gr\\\/fr\\\/nos-hotels\\\/electra-palace-thessalonique\\\/bien-etre-et-forme-physique\\\/#primaryimage\"},\"image\":{\"@id\":\"https:\\\/\\\/www.electrahotels.gr\\\/fr\\\/nos-hotels\\\/electra-palace-thessalonique\\\/bien-etre-et-forme-physique\\\/#primaryimage\"},\"thumbnailUrl\":\"https:\\\/\\\/www.electrahotels.gr\\\/app\\\/uploads\\\/2024\\\/06\\\/9K6A3839_ok-_50.jpg\",\"datePublished\":\"2021-11-26T15:01:35+00:00\",\"dateModified\":\"2023-10-27T14:32:04+00:00\",\"description\":\"Offrez-vous une exp\u00e9rience de relaxation de luxe 5* avec des soins nourrissants dans le plus luxueux des h\u00f4tels spa de Thessalonique.\",\"breadcrumb\":{\"@id\":\"https:\\\/\\\/www.electrahotels.gr\\\/fr\\\/nos-hotels\\\/electra-palace-thessalonique\\\/bien-etre-et-forme-physique\\\/#breadcrumb\"},\"inLanguage\":\"fr-FR\",\"potentialAction\":[{\"@type\":\"ReadAction\",\"target\":[\"https:\\\/\\\/www.electrahotels.gr\\\/fr\\\/nos-hotels\\\/electra-palace-thessalonique\\\/bien-etre-et-forme-physique\\\/\"]}]},{\"@type\":\"ImageObject\",\"inLanguage\":\"fr-FR\",\"@id\":\"https:\\\/\\\/www.electrahotels.gr\\\/fr\\\/nos-hotels\\\/electra-palace-thessalonique\\\/bien-etre-et-forme-physique\\\/#primaryimage\",\"url\":\"https:\\\/\\\/www.electrahotels.gr\\\/app\\\/uploads\\\/2024\\\/06\\\/9K6A3839_ok-_50.jpg\",\"contentUrl\":\"https:\\\/\\\/www.electrahotels.gr\\\/app\\\/uploads\\\/2024\\\/06\\\/9K6A3839_ok-_50.jpg\",\"width\":2500,\"height\":1667},{\"@type\":\"BreadcrumbList\",\"@id\":\"https:\\\/\\\/www.electrahotels.gr\\\/fr\\\/nos-hotels\\\/electra-palace-thessalonique\\\/bien-etre-et-forme-physique\\\/#breadcrumb\",\"itemListElement\":[{\"@type\":\"ListItem\",\"position\":1,\"name\":\"Home\",\"item\":\"https:\\\/\\\/www.electrahotels.gr\\\/fr\\\/\"},{\"@type\":\"ListItem\",\"position\":2,\"name\":\"Nos h\u00f4tels\",\"item\":\"https:\\\/\\\/www.electrahotels.gr\\\/fr\\\/nos-hotels\\\/\"},{\"@type\":\"ListItem\",\"position\":3,\"name\":\"Electra Palace Thessalonique\",\"item\":\"https:\\\/\\\/www.electrahotels.gr\\\/fr\\\/nos-hotels\\\/electra-palace-thessalonique\\\/\"},{\"@type\":\"ListItem\",\"position\":4,\"name\":\"Bien-\u00eatre et fitness\"}]},{\"@type\":\"WebSite\",\"@id\":\"https:\\\/\\\/www.electrahotels.gr\\\/fr\\\/#website\",\"url\":\"https:\\\/\\\/www.electrahotels.gr\\\/fr\\\/\",\"name\":\"Electra Hotels &amp; Resorts\",\"description\":\"A group of luxury hotels in Athens, Thessaloniki, Rhodes and Kefalonia committed to offering quality hospitality, service and luxury\",\"potentialAction\":[{\"@type\":\"SearchAction\",\"target\":{\"@type\":\"EntryPoint\",\"urlTemplate\":\"https:\\\/\\\/www.electrahotels.gr\\\/fr\\\/?s={search_term_string}\"},\"query-input\":{\"@type\":\"PropertyValueSpecification\",\"valueRequired\":true,\"valueName\":\"search_term_string\"}}],\"inLanguage\":\"fr-FR\"}]}<\/script>\n<!-- \/ Yoast SEO plugin. -->","yoast_head_json":{"title":"Le meilleur des h\u00f4tels spa de Thessalonique || Electra Palace Thessalonique","description":"Offrez-vous une exp\u00e9rience de relaxation de luxe 5* avec des soins nourrissants dans le plus luxueux des h\u00f4tels spa de Thessalonique.","robots":{"index":"index","follow":"follow","max-snippet":"max-snippet:-1","max-image-preview":"max-image-preview:large","max-video-preview":"max-video-preview:-1"},"canonical":"https:\/\/www.electrahotels.gr\/fr\/nos-hotels\/electra-palace-thessalonique\/bien-etre-et-forme-physique\/","og_locale":"fr_FR","og_type":"article","og_title":"Le meilleur des h\u00f4tels spa de Thessalonique || Electra Palace Thessalonique","og_description":"Offrez-vous une exp\u00e9rience de relaxation de luxe 5* avec des soins nourrissants dans le plus luxueux des h\u00f4tels spa de Thessalonique.","og_url":"https:\/\/www.electrahotels.gr\/fr\/nos-hotels\/electra-palace-thessalonique\/bien-etre-et-forme-physique\/","og_site_name":"Electra Hotels &amp; Resorts","article_modified_time":"2023-10-27T14:32:04+00:00","twitter_card":"summary_large_image","twitter_misc":{"Dur\u00e9e de lecture estim\u00e9e":"1 minute"},"schema":{"@context":"https:\/\/schema.org","@graph":[{"@type":"WebPage","@id":"https:\/\/www.electrahotels.gr\/fr\/nos-hotels\/electra-palace-thessalonique\/bien-etre-et-forme-physique\/","url":"https:\/\/www.electrahotels.gr\/fr\/nos-hotels\/electra-palace-thessalonique\/bien-etre-et-forme-physique\/","name":"Le meilleur des h\u00f4tels spa de Thessalonique || Electra Palace Thessalonique","isPartOf":{"@id":"https:\/\/www.electrahotels.gr\/fr\/#website"},"primaryImageOfPage":{"@id":"https:\/\/www.electrahotels.gr\/fr\/nos-hotels\/electra-palace-thessalonique\/bien-etre-et-forme-physique\/#primaryimage"},"image":{"@id":"https:\/\/www.electrahotels.gr\/fr\/nos-hotels\/electra-palace-thessalonique\/bien-etre-et-forme-physique\/#primaryimage"},"thumbnailUrl":"https:\/\/www.electrahotels.gr\/app\/uploads\/2024\/06\/9K6A3839_ok-_50.jpg","datePublished":"2021-11-26T15:01:35+00:00","dateModified":"2023-10-27T14:32:04+00:00","description":"Offrez-vous une exp\u00e9rience de relaxation de luxe 5* avec des soins nourrissants dans le plus luxueux des h\u00f4tels spa de Thessalonique.","breadcrumb":{"@id":"https:\/\/www.electrahotels.gr\/fr\/nos-hotels\/electra-palace-thessalonique\/bien-etre-et-forme-physique\/#breadcrumb"},"inLanguage":"fr-FR","potentialAction":[{"@type":"ReadAction","target":["https:\/\/www.electrahotels.gr\/fr\/nos-hotels\/electra-palace-thessalonique\/bien-etre-et-forme-physique\/"]}]},{"@type":"ImageObject","inLanguage":"fr-FR","@id":"https:\/\/www.electrahotels.gr\/fr\/nos-hotels\/electra-palace-thessalonique\/bien-etre-et-forme-physique\/#primaryimage","url":"https:\/\/www.electrahotels.gr\/app\/uploads\/2024\/06\/9K6A3839_ok-_50.jpg","contentUrl":"https:\/\/www.electrahotels.gr\/app\/uploads\/2024\/06\/9K6A3839_ok-_50.jpg","width":2500,"height":1667},{"@type":"BreadcrumbList","@id":"https:\/\/www.electrahotels.gr\/fr\/nos-hotels\/electra-palace-thessalonique\/bien-etre-et-forme-physique\/#breadcrumb","itemListElement":[{"@type":"ListItem","position":1,"name":"Home","item":"https:\/\/www.electrahotels.gr\/fr\/"},{"@type":"ListItem","position":2,"name":"Nos h\u00f4tels","item":"https:\/\/www.electrahotels.gr\/fr\/nos-hotels\/"},{"@type":"ListItem","position":3,"name":"Electra Palace Thessalonique","item":"https:\/\/www.electrahotels.gr\/fr\/nos-hotels\/electra-palace-thessalonique\/"},{"@type":"ListItem","position":4,"name":"Bien-\u00eatre et fitness"}]},{"@type":"WebSite","@id":"https:\/\/www.electrahotels.gr\/fr\/#website","url":"https:\/\/www.electrahotels.gr\/fr\/","name":"Electra Hotels &amp; Resorts","description":"A group of luxury hotels in Athens, Thessaloniki, Rhodes and Kefalonia committed to offering quality hospitality, service and luxury","potentialAction":[{"@type":"SearchAction","target":{"@type":"EntryPoint","urlTemplate":"https:\/\/www.electrahotels.gr\/fr\/?s={search_term_string}"},"query-input":{"@type":"PropertyValueSpecification","valueRequired":true,"valueName":"search_term_string"}}],"inLanguage":"fr-FR"}]}},"_links":{"self":[{"href":"https:\/\/www.electrahotels.gr\/fr\/wp-json\/wp\/v2\/pages\/10495","targetHints":{"allow":["GET"]}}],"collection":[{"href":"https:\/\/www.electrahotels.gr\/fr\/wp-json\/wp\/v2\/pages"}],"about":[{"href":"https:\/\/www.electrahotels.gr\/fr\/wp-json\/wp\/v2\/types\/page"}],"author":[{"embeddable":true,"href":"https:\/\/www.electrahotels.gr\/fr\/wp-json\/wp\/v2\/users\/1"}],"replies":[{"embeddable":true,"href":"https:\/\/www.electrahotels.gr\/fr\/wp-json\/wp\/v2\/comments?post=10495"}],"version-history":[{"count":10,"href":"https:\/\/www.electrahotels.gr\/fr\/wp-json\/wp\/v2\/pages\/10495\/revisions"}],"predecessor-version":[{"id":40378,"href":"https:\/\/www.electrahotels.gr\/fr\/wp-json\/wp\/v2\/pages\/10495\/revisions\/40378"}],"up":[{"embeddable":true,"href":"https:\/\/www.electrahotels.gr\/fr\/wp-json\/wp\/v2\/pages\/10349"}],"wp:featuredmedia":[{"embeddable":true,"href":"https:\/\/www.electrahotels.gr\/fr\/wp-json\/wp\/v2\/media\/48802"}],"wp:attachment":[{"href":"https:\/\/www.electrahotels.gr\/fr\/wp-json\/wp\/v2\/media?parent=10495"}],"wp:term":[{"taxonomy":"page_tag","embeddable":true,"href":"https:\/\/www.electrahotels.gr\/fr\/wp-json\/wp\/v2\/page_tag?post=10495"}],"curies":[{"name":"wp","href":"https:\/\/api.w.org\/{rel}","templated":true}]}}