{"id":10499,"date":"2021-11-26T17:01:36","date_gmt":"2021-11-26T15:01:36","guid":{"rendered":"https:\/\/www.electrahotels.gr\/nos-hotels\/electra-metropolis-athenes\/bien-etre-et-forme-physique\/"},"modified":"2024-05-23T16:47:42","modified_gmt":"2024-05-23T13:47:42","slug":"bien-etre-et-forme-physique","status":"publish","type":"page","link":"https:\/\/www.electrahotels.gr\/fr\/nos-hotels\/electra-metropolis-athenes\/bien-etre-et-forme-physique\/","title":{"rendered":"Bien-\u00eatre et fitness"},"content":{"rendered":"\n<p>Anim\u00e9s par notre philosophie g\u00e9n\u00e9rale, nous pensons qu&rsquo;un s\u00e9jour peut \u00eatre vraiment m\u00e9morable lorsqu&rsquo;il est plus que cela.<\/p>\n\n\n\n<h2 class=\"wp-block-heading\"><br><\/h2>\n\n\n\n<h2 class=\"wp-block-heading\">Piscine ext\u00e9rieure<\/h2>\n\n\n\n<p>L&rsquo;ultime exp\u00e9rience de d\u00e9tente attend les clients \u00e0 la piscine en plein air du<sup>10\u00e8me<\/sup> \u00e9tage. Succombez aux charmes de ce cadre apaisant et savourez un cocktail stimulant ou un d\u00e9licieux en-cas avec une vue imprenable sur l&rsquo;Acropole et la colline de Lycabettus.<\/p>\n\n\n\n<ul class=\"wp-block-list\">\n<li>Heures d&rsquo;ouverture : 11:00-20:00<\/li>\n\n\n\n<li>Si le temps le permet<\/li>\n<\/ul>\n\n\n\n<p><\/p>\n","protected":false},"excerpt":{"rendered":"<p>Anim\u00e9s par notre philosophie g\u00e9n\u00e9rale, nous pensons qu&rsquo;un s\u00e9jour peut \u00eatre vraiment m\u00e9morable lorsqu&rsquo;il est plus que cela. Piscine ext\u00e9rieure L&rsquo;ultime exp\u00e9rience de d\u00e9tente attend les clients \u00e0 la piscine en plein air du10\u00e8me \u00e9tage. Succombez aux charmes de ce cadre apaisant et savourez un cocktail stimulant ou un d\u00e9licieux en-cas avec une vue imprenable<\/p>\n","protected":false},"author":1,"featured_media":48456,"parent":10306,"menu_order":0,"comment_status":"closed","ping_status":"closed","template":"page-templates\/single-restaurant.php","meta":{"_acf_changed":false,"footnotes":""},"page_tag":[],"class_list":["post-10499","page","type-page","status-publish","has-post-thumbnail","hentry"],"acf":[],"yoast_head":"<!-- This site is optimized with the Yoast SEO plugin v27.4 - https:\/\/yoast.com\/product\/yoast-seo-wordpress\/ -->\n<title>H\u00f4tel de luxe avec piscine ext\u00e9rieure dans la ville d&#039;Ath\u00e8nes || Electra Metropolis<\/title>\n<meta name=\"description\" content=\"L&#039;Electra Metropolis est un h\u00f4tel de luxe avec piscine ext\u00e9rieure dans le centre d&#039;Ath\u00e8nes qui vous invite \u00e0 plonger dans la fra\u00eecheur de sa piscine en plein air au 10e \u00e9tage.\" \/>\n<meta name=\"robots\" content=\"index, follow, max-snippet:-1, max-image-preview:large, max-video-preview:-1\" \/>\n<link rel=\"canonical\" href=\"https:\/\/www.electrahotels.gr\/fr\/nos-hotels\/electra-metropolis-athenes\/bien-etre-et-forme-physique\/\" \/>\n<meta property=\"og:locale\" content=\"fr_FR\" \/>\n<meta property=\"og:type\" content=\"article\" \/>\n<meta property=\"og:title\" content=\"H\u00f4tel de luxe avec piscine ext\u00e9rieure dans la ville d&#039;Ath\u00e8nes || Electra Metropolis\" \/>\n<meta property=\"og:description\" content=\"L&#039;Electra Metropolis est un h\u00f4tel de luxe avec piscine ext\u00e9rieure dans le centre d&#039;Ath\u00e8nes qui vous invite \u00e0 plonger dans la fra\u00eecheur de sa piscine en plein air au 10e \u00e9tage.\" \/>\n<meta property=\"og:url\" content=\"https:\/\/www.electrahotels.gr\/fr\/nos-hotels\/electra-metropolis-athenes\/bien-etre-et-forme-physique\/\" \/>\n<meta property=\"og:site_name\" content=\"Electra Hotels &amp; Resorts\" \/>\n<meta property=\"article:modified_time\" content=\"2024-05-23T13:47:42+00:00\" \/>\n<meta property=\"og:image\" content=\"https:\/\/www.electrahotels.gr\/app\/uploads\/2021\/05\/ELECTRA-METROPOLIS-ATHENS-OUTDOOR-POOL-scaled.jpg\" \/>\n\t<meta property=\"og:image:width\" content=\"2560\" \/>\n\t<meta property=\"og:image:height\" content=\"1919\" \/>\n\t<meta property=\"og:image:type\" content=\"image\/jpeg\" \/>\n<meta name=\"twitter:card\" content=\"summary_large_image\" \/>\n<meta name=\"twitter:label1\" content=\"Dur\u00e9e de lecture estim\u00e9e\" \/>\n\t<meta name=\"twitter:data1\" content=\"1 minute\" \/>\n<script type=\"application\/ld+json\" class=\"yoast-schema-graph\">{\"@context\":\"https:\\\/\\\/schema.org\",\"@graph\":[{\"@type\":\"WebPage\",\"@id\":\"https:\\\/\\\/www.electrahotels.gr\\\/fr\\\/nos-hotels\\\/electra-metropolis-athenes\\\/bien-etre-et-forme-physique\\\/\",\"url\":\"https:\\\/\\\/www.electrahotels.gr\\\/fr\\\/nos-hotels\\\/electra-metropolis-athenes\\\/bien-etre-et-forme-physique\\\/\",\"name\":\"H\u00f4tel de luxe avec piscine ext\u00e9rieure dans la ville d'Ath\u00e8nes || Electra Metropolis\",\"isPartOf\":{\"@id\":\"https:\\\/\\\/www.electrahotels.gr\\\/fr\\\/#website\"},\"primaryImageOfPage\":{\"@id\":\"https:\\\/\\\/www.electrahotels.gr\\\/fr\\\/nos-hotels\\\/electra-metropolis-athenes\\\/bien-etre-et-forme-physique\\\/#primaryimage\"},\"image\":{\"@id\":\"https:\\\/\\\/www.electrahotels.gr\\\/fr\\\/nos-hotels\\\/electra-metropolis-athenes\\\/bien-etre-et-forme-physique\\\/#primaryimage\"},\"thumbnailUrl\":\"https:\\\/\\\/www.electrahotels.gr\\\/app\\\/uploads\\\/2024\\\/06\\\/9K6A8246_ok-_50.jpg\",\"datePublished\":\"2021-11-26T15:01:36+00:00\",\"dateModified\":\"2024-05-23T13:47:42+00:00\",\"description\":\"L'Electra Metropolis est un h\u00f4tel de luxe avec piscine ext\u00e9rieure dans le centre d'Ath\u00e8nes qui vous invite \u00e0 plonger dans la fra\u00eecheur de sa piscine en plein air au 10e \u00e9tage.\",\"breadcrumb\":{\"@id\":\"https:\\\/\\\/www.electrahotels.gr\\\/fr\\\/nos-hotels\\\/electra-metropolis-athenes\\\/bien-etre-et-forme-physique\\\/#breadcrumb\"},\"inLanguage\":\"fr-FR\",\"potentialAction\":[{\"@type\":\"ReadAction\",\"target\":[\"https:\\\/\\\/www.electrahotels.gr\\\/fr\\\/nos-hotels\\\/electra-metropolis-athenes\\\/bien-etre-et-forme-physique\\\/\"]}]},{\"@type\":\"ImageObject\",\"inLanguage\":\"fr-FR\",\"@id\":\"https:\\\/\\\/www.electrahotels.gr\\\/fr\\\/nos-hotels\\\/electra-metropolis-athenes\\\/bien-etre-et-forme-physique\\\/#primaryimage\",\"url\":\"https:\\\/\\\/www.electrahotels.gr\\\/app\\\/uploads\\\/2024\\\/06\\\/9K6A8246_ok-_50.jpg\",\"contentUrl\":\"https:\\\/\\\/www.electrahotels.gr\\\/app\\\/uploads\\\/2024\\\/06\\\/9K6A8246_ok-_50.jpg\",\"width\":2500,\"height\":1667},{\"@type\":\"BreadcrumbList\",\"@id\":\"https:\\\/\\\/www.electrahotels.gr\\\/fr\\\/nos-hotels\\\/electra-metropolis-athenes\\\/bien-etre-et-forme-physique\\\/#breadcrumb\",\"itemListElement\":[{\"@type\":\"ListItem\",\"position\":1,\"name\":\"Home\",\"item\":\"https:\\\/\\\/www.electrahotels.gr\\\/fr\\\/\"},{\"@type\":\"ListItem\",\"position\":2,\"name\":\"Nos h\u00f4tels\",\"item\":\"https:\\\/\\\/www.electrahotels.gr\\\/fr\\\/nos-hotels\\\/\"},{\"@type\":\"ListItem\",\"position\":3,\"name\":\"Electra Metropolis Ath\u00e8nes\",\"item\":\"https:\\\/\\\/www.electrahotels.gr\\\/fr\\\/nos-hotels\\\/electra-metropolis-athenes\\\/\"},{\"@type\":\"ListItem\",\"position\":4,\"name\":\"Bien-\u00eatre et fitness\"}]},{\"@type\":\"WebSite\",\"@id\":\"https:\\\/\\\/www.electrahotels.gr\\\/fr\\\/#website\",\"url\":\"https:\\\/\\\/www.electrahotels.gr\\\/fr\\\/\",\"name\":\"Electra Hotels &amp; Resorts\",\"description\":\"A group of luxury hotels in Athens, Thessaloniki, Rhodes and Kefalonia committed to offering quality hospitality, service and luxury\",\"potentialAction\":[{\"@type\":\"SearchAction\",\"target\":{\"@type\":\"EntryPoint\",\"urlTemplate\":\"https:\\\/\\\/www.electrahotels.gr\\\/fr\\\/?s={search_term_string}\"},\"query-input\":{\"@type\":\"PropertyValueSpecification\",\"valueRequired\":true,\"valueName\":\"search_term_string\"}}],\"inLanguage\":\"fr-FR\"}]}<\/script>\n<!-- \/ Yoast SEO plugin. -->","yoast_head_json":{"title":"H\u00f4tel de luxe avec piscine ext\u00e9rieure dans la ville d'Ath\u00e8nes || Electra Metropolis","description":"L'Electra Metropolis est un h\u00f4tel de luxe avec piscine ext\u00e9rieure dans le centre d'Ath\u00e8nes qui vous invite \u00e0 plonger dans la fra\u00eecheur de sa piscine en plein air au 10e \u00e9tage.","robots":{"index":"index","follow":"follow","max-snippet":"max-snippet:-1","max-image-preview":"max-image-preview:large","max-video-preview":"max-video-preview:-1"},"canonical":"https:\/\/www.electrahotels.gr\/fr\/nos-hotels\/electra-metropolis-athenes\/bien-etre-et-forme-physique\/","og_locale":"fr_FR","og_type":"article","og_title":"H\u00f4tel de luxe avec piscine ext\u00e9rieure dans la ville d'Ath\u00e8nes || Electra Metropolis","og_description":"L'Electra Metropolis est un h\u00f4tel de luxe avec piscine ext\u00e9rieure dans le centre d'Ath\u00e8nes qui vous invite \u00e0 plonger dans la fra\u00eecheur de sa piscine en plein air au 10e \u00e9tage.","og_url":"https:\/\/www.electrahotels.gr\/fr\/nos-hotels\/electra-metropolis-athenes\/bien-etre-et-forme-physique\/","og_site_name":"Electra Hotels &amp; Resorts","article_modified_time":"2024-05-23T13:47:42+00:00","og_image":[{"width":2560,"height":1919,"url":"https:\/\/www.electrahotels.gr\/app\/uploads\/2021\/05\/ELECTRA-METROPOLIS-ATHENS-OUTDOOR-POOL-scaled.jpg","type":"image\/jpeg"}],"twitter_card":"summary_large_image","twitter_misc":{"Dur\u00e9e de lecture estim\u00e9e":"1 minute"},"schema":{"@context":"https:\/\/schema.org","@graph":[{"@type":"WebPage","@id":"https:\/\/www.electrahotels.gr\/fr\/nos-hotels\/electra-metropolis-athenes\/bien-etre-et-forme-physique\/","url":"https:\/\/www.electrahotels.gr\/fr\/nos-hotels\/electra-metropolis-athenes\/bien-etre-et-forme-physique\/","name":"H\u00f4tel de luxe avec piscine ext\u00e9rieure dans la ville d'Ath\u00e8nes || Electra Metropolis","isPartOf":{"@id":"https:\/\/www.electrahotels.gr\/fr\/#website"},"primaryImageOfPage":{"@id":"https:\/\/www.electrahotels.gr\/fr\/nos-hotels\/electra-metropolis-athenes\/bien-etre-et-forme-physique\/#primaryimage"},"image":{"@id":"https:\/\/www.electrahotels.gr\/fr\/nos-hotels\/electra-metropolis-athenes\/bien-etre-et-forme-physique\/#primaryimage"},"thumbnailUrl":"https:\/\/www.electrahotels.gr\/app\/uploads\/2024\/06\/9K6A8246_ok-_50.jpg","datePublished":"2021-11-26T15:01:36+00:00","dateModified":"2024-05-23T13:47:42+00:00","description":"L'Electra Metropolis est un h\u00f4tel de luxe avec piscine ext\u00e9rieure dans le centre d'Ath\u00e8nes qui vous invite \u00e0 plonger dans la fra\u00eecheur de sa piscine en plein air au 10e \u00e9tage.","breadcrumb":{"@id":"https:\/\/www.electrahotels.gr\/fr\/nos-hotels\/electra-metropolis-athenes\/bien-etre-et-forme-physique\/#breadcrumb"},"inLanguage":"fr-FR","potentialAction":[{"@type":"ReadAction","target":["https:\/\/www.electrahotels.gr\/fr\/nos-hotels\/electra-metropolis-athenes\/bien-etre-et-forme-physique\/"]}]},{"@type":"ImageObject","inLanguage":"fr-FR","@id":"https:\/\/www.electrahotels.gr\/fr\/nos-hotels\/electra-metropolis-athenes\/bien-etre-et-forme-physique\/#primaryimage","url":"https:\/\/www.electrahotels.gr\/app\/uploads\/2024\/06\/9K6A8246_ok-_50.jpg","contentUrl":"https:\/\/www.electrahotels.gr\/app\/uploads\/2024\/06\/9K6A8246_ok-_50.jpg","width":2500,"height":1667},{"@type":"BreadcrumbList","@id":"https:\/\/www.electrahotels.gr\/fr\/nos-hotels\/electra-metropolis-athenes\/bien-etre-et-forme-physique\/#breadcrumb","itemListElement":[{"@type":"ListItem","position":1,"name":"Home","item":"https:\/\/www.electrahotels.gr\/fr\/"},{"@type":"ListItem","position":2,"name":"Nos h\u00f4tels","item":"https:\/\/www.electrahotels.gr\/fr\/nos-hotels\/"},{"@type":"ListItem","position":3,"name":"Electra Metropolis Ath\u00e8nes","item":"https:\/\/www.electrahotels.gr\/fr\/nos-hotels\/electra-metropolis-athenes\/"},{"@type":"ListItem","position":4,"name":"Bien-\u00eatre et fitness"}]},{"@type":"WebSite","@id":"https:\/\/www.electrahotels.gr\/fr\/#website","url":"https:\/\/www.electrahotels.gr\/fr\/","name":"Electra Hotels &amp; Resorts","description":"A group of luxury hotels in Athens, Thessaloniki, Rhodes and Kefalonia committed to offering quality hospitality, service and luxury","potentialAction":[{"@type":"SearchAction","target":{"@type":"EntryPoint","urlTemplate":"https:\/\/www.electrahotels.gr\/fr\/?s={search_term_string}"},"query-input":{"@type":"PropertyValueSpecification","valueRequired":true,"valueName":"search_term_string"}}],"inLanguage":"fr-FR"}]}},"_links":{"self":[{"href":"https:\/\/www.electrahotels.gr\/fr\/wp-json\/wp\/v2\/pages\/10499","targetHints":{"allow":["GET"]}}],"collection":[{"href":"https:\/\/www.electrahotels.gr\/fr\/wp-json\/wp\/v2\/pages"}],"about":[{"href":"https:\/\/www.electrahotels.gr\/fr\/wp-json\/wp\/v2\/types\/page"}],"author":[{"embeddable":true,"href":"https:\/\/www.electrahotels.gr\/fr\/wp-json\/wp\/v2\/users\/1"}],"replies":[{"embeddable":true,"href":"https:\/\/www.electrahotels.gr\/fr\/wp-json\/wp\/v2\/comments?post=10499"}],"version-history":[{"count":10,"href":"https:\/\/www.electrahotels.gr\/fr\/wp-json\/wp\/v2\/pages\/10499\/revisions"}],"predecessor-version":[{"id":47937,"href":"https:\/\/www.electrahotels.gr\/fr\/wp-json\/wp\/v2\/pages\/10499\/revisions\/47937"}],"up":[{"embeddable":true,"href":"https:\/\/www.electrahotels.gr\/fr\/wp-json\/wp\/v2\/pages\/10306"}],"wp:featuredmedia":[{"embeddable":true,"href":"https:\/\/www.electrahotels.gr\/fr\/wp-json\/wp\/v2\/media\/48456"}],"wp:attachment":[{"href":"https:\/\/www.electrahotels.gr\/fr\/wp-json\/wp\/v2\/media?parent=10499"}],"wp:term":[{"taxonomy":"page_tag","embeddable":true,"href":"https:\/\/www.electrahotels.gr\/fr\/wp-json\/wp\/v2\/page_tag?post=10499"}],"curies":[{"name":"wp","href":"https:\/\/api.w.org\/{rel}","templated":true}]}}