{"id":10500,"date":"2021-11-26T17:01:36","date_gmt":"2021-11-26T15:01:36","guid":{"rendered":"https:\/\/www.electrahotels.gr\/nos-hotels\/electra-palace-athenes\/restaurants-et-bars\/"},"modified":"2023-09-14T11:46:41","modified_gmt":"2023-09-14T08:46:41","slug":"restaurants-et-bars","status":"publish","type":"page","link":"https:\/\/www.electrahotels.gr\/fr\/nos-hotels\/electra-palace-athenes\/restaurants-et-bars\/","title":{"rendered":"Restaurants et bars"},"content":{"rendered":"\n<p>Que vous ayez envie d&rsquo;un d\u00eener \u00e9l\u00e9gant ou simplement d&rsquo;un cocktail et d&rsquo;une collation, nous ferons en sorte de r\u00e9pondre \u00e0 vos besoins.  <\/p>\n","protected":false},"excerpt":{"rendered":"<p>Que vous ayez envie d&rsquo;un d\u00eener \u00e9l\u00e9gant ou simplement d&rsquo;un cocktail et d&rsquo;une collation, nous ferons en sorte de r\u00e9pondre \u00e0 vos besoins.<\/p>\n","protected":false},"author":1,"featured_media":48546,"parent":10340,"menu_order":0,"comment_status":"closed","ping_status":"closed","template":"page-templates\/restaurants.php","meta":{"_acf_changed":false,"footnotes":""},"page_tag":[],"class_list":["post-10500","page","type-page","status-publish","has-post-thumbnail","hentry"],"acf":[],"yoast_head":"<!-- This site is optimized with the Yoast SEO plugin v27.3 - https:\/\/yoast.com\/product\/yoast-seo-wordpress\/ -->\n<title>Restaurants d&#039;Ath\u00e8nes avec vue sur l&#039;Acropole || Electra Palace Athens<\/title>\n<meta name=\"description\" content=\"Pour des exp\u00e9riences culinaires qui resteront grav\u00e9es dans votre m\u00e9moire, nos restaurants exquis d&#039;Ath\u00e8nes avec vue sur l&#039;Acropole allient saveurs d\u00e9lectables et vues fantastiques.\" \/>\n<meta name=\"robots\" content=\"index, follow, max-snippet:-1, max-image-preview:large, max-video-preview:-1\" \/>\n<link rel=\"canonical\" href=\"https:\/\/www.electrahotels.gr\/fr\/nos-hotels\/electra-palace-athenes\/restaurants-et-bars\/\" \/>\n<meta property=\"og:locale\" content=\"fr_FR\" \/>\n<meta property=\"og:type\" content=\"article\" \/>\n<meta property=\"og:title\" content=\"Restaurants d&#039;Ath\u00e8nes avec vue sur l&#039;Acropole || Electra Palace Athens\" \/>\n<meta property=\"og:description\" content=\"Pour des exp\u00e9riences culinaires qui resteront grav\u00e9es dans votre m\u00e9moire, nos restaurants exquis d&#039;Ath\u00e8nes avec vue sur l&#039;Acropole allient saveurs d\u00e9lectables et vues fantastiques.\" \/>\n<meta property=\"og:url\" content=\"https:\/\/www.electrahotels.gr\/fr\/nos-hotels\/electra-palace-athenes\/restaurants-et-bars\/\" \/>\n<meta property=\"og:site_name\" content=\"Electra Hotels &amp; Resorts\" \/>\n<meta property=\"article:modified_time\" content=\"2023-09-14T08:46:41+00:00\" \/>\n<meta property=\"og:image\" content=\"https:\/\/www.electrahotels.gr\/app\/uploads\/sites\/75\/2021\/05\/ELECTRA-METROPOLIS-ATHENS-BREAKFAST-IN-ROOM-ACROPOLIS_VIEW-scaled.jpg\" \/>\n\t<meta property=\"og:image:width\" content=\"2560\" \/>\n\t<meta property=\"og:image:height\" content=\"1707\" \/>\n\t<meta property=\"og:image:type\" content=\"image\/jpeg\" \/>\n<meta name=\"twitter:card\" content=\"summary_large_image\" \/>\n<meta name=\"twitter:label1\" content=\"Dur\u00e9e de lecture estim\u00e9e\" \/>\n\t<meta name=\"twitter:data1\" content=\"1 minute\" \/>\n<script type=\"application\/ld+json\" class=\"yoast-schema-graph\">{\"@context\":\"https:\\\/\\\/schema.org\",\"@graph\":[{\"@type\":\"WebPage\",\"@id\":\"https:\\\/\\\/www.electrahotels.gr\\\/fr\\\/nos-hotels\\\/electra-palace-athenes\\\/restaurants-et-bars\\\/\",\"url\":\"https:\\\/\\\/www.electrahotels.gr\\\/fr\\\/nos-hotels\\\/electra-palace-athenes\\\/restaurants-et-bars\\\/\",\"name\":\"Restaurants d'Ath\u00e8nes avec vue sur l'Acropole || Electra Palace Athens\",\"isPartOf\":{\"@id\":\"https:\\\/\\\/www.electrahotels.gr\\\/fr\\\/#website\"},\"primaryImageOfPage\":{\"@id\":\"https:\\\/\\\/www.electrahotels.gr\\\/fr\\\/nos-hotels\\\/electra-palace-athenes\\\/restaurants-et-bars\\\/#primaryimage\"},\"image\":{\"@id\":\"https:\\\/\\\/www.electrahotels.gr\\\/fr\\\/nos-hotels\\\/electra-palace-athenes\\\/restaurants-et-bars\\\/#primaryimage\"},\"thumbnailUrl\":\"https:\\\/\\\/www.electrahotels.gr\\\/app\\\/uploads\\\/2024\\\/06\\\/9K6A0932_ok--scaled.jpg\",\"datePublished\":\"2021-11-26T15:01:36+00:00\",\"dateModified\":\"2023-09-14T08:46:41+00:00\",\"description\":\"Pour des exp\u00e9riences culinaires qui resteront grav\u00e9es dans votre m\u00e9moire, nos restaurants exquis d'Ath\u00e8nes avec vue sur l'Acropole allient saveurs d\u00e9lectables et vues fantastiques.\",\"breadcrumb\":{\"@id\":\"https:\\\/\\\/www.electrahotels.gr\\\/fr\\\/nos-hotels\\\/electra-palace-athenes\\\/restaurants-et-bars\\\/#breadcrumb\"},\"inLanguage\":\"fr-FR\",\"potentialAction\":[{\"@type\":\"ReadAction\",\"target\":[\"https:\\\/\\\/www.electrahotels.gr\\\/fr\\\/nos-hotels\\\/electra-palace-athenes\\\/restaurants-et-bars\\\/\"]}]},{\"@type\":\"ImageObject\",\"inLanguage\":\"fr-FR\",\"@id\":\"https:\\\/\\\/www.electrahotels.gr\\\/fr\\\/nos-hotels\\\/electra-palace-athenes\\\/restaurants-et-bars\\\/#primaryimage\",\"url\":\"https:\\\/\\\/www.electrahotels.gr\\\/app\\\/uploads\\\/2024\\\/06\\\/9K6A0932_ok--scaled.jpg\",\"contentUrl\":\"https:\\\/\\\/www.electrahotels.gr\\\/app\\\/uploads\\\/2024\\\/06\\\/9K6A0932_ok--scaled.jpg\",\"width\":2560,\"height\":1707},{\"@type\":\"BreadcrumbList\",\"@id\":\"https:\\\/\\\/www.electrahotels.gr\\\/fr\\\/nos-hotels\\\/electra-palace-athenes\\\/restaurants-et-bars\\\/#breadcrumb\",\"itemListElement\":[{\"@type\":\"ListItem\",\"position\":1,\"name\":\"Home\",\"item\":\"https:\\\/\\\/www.electrahotels.gr\\\/fr\\\/\"},{\"@type\":\"ListItem\",\"position\":2,\"name\":\"Nos h\u00f4tels\",\"item\":\"https:\\\/\\\/www.electrahotels.gr\\\/fr\\\/nos-hotels\\\/\"},{\"@type\":\"ListItem\",\"position\":3,\"name\":\"Electra Palace Ath\u00e8nes\",\"item\":\"https:\\\/\\\/www.electrahotels.gr\\\/fr\\\/nos-hotels\\\/electra-palace-athenes\\\/\"},{\"@type\":\"ListItem\",\"position\":4,\"name\":\"Restaurants et bars\"}]},{\"@type\":\"WebSite\",\"@id\":\"https:\\\/\\\/www.electrahotels.gr\\\/fr\\\/#website\",\"url\":\"https:\\\/\\\/www.electrahotels.gr\\\/fr\\\/\",\"name\":\"Electra Hotels &amp; Resorts\",\"description\":\"A group of luxury hotels in Athens, Thessaloniki, Rhodes and Kefalonia committed to offering quality hospitality, service and luxury\",\"potentialAction\":[{\"@type\":\"SearchAction\",\"target\":{\"@type\":\"EntryPoint\",\"urlTemplate\":\"https:\\\/\\\/www.electrahotels.gr\\\/fr\\\/?s={search_term_string}\"},\"query-input\":{\"@type\":\"PropertyValueSpecification\",\"valueRequired\":true,\"valueName\":\"search_term_string\"}}],\"inLanguage\":\"fr-FR\"}]}<\/script>\n<!-- \/ Yoast SEO plugin. -->","yoast_head_json":{"title":"Restaurants d'Ath\u00e8nes avec vue sur l'Acropole || Electra Palace Athens","description":"Pour des exp\u00e9riences culinaires qui resteront grav\u00e9es dans votre m\u00e9moire, nos restaurants exquis d'Ath\u00e8nes avec vue sur l'Acropole allient saveurs d\u00e9lectables et vues fantastiques.","robots":{"index":"index","follow":"follow","max-snippet":"max-snippet:-1","max-image-preview":"max-image-preview:large","max-video-preview":"max-video-preview:-1"},"canonical":"https:\/\/www.electrahotels.gr\/fr\/nos-hotels\/electra-palace-athenes\/restaurants-et-bars\/","og_locale":"fr_FR","og_type":"article","og_title":"Restaurants d'Ath\u00e8nes avec vue sur l'Acropole || Electra Palace Athens","og_description":"Pour des exp\u00e9riences culinaires qui resteront grav\u00e9es dans votre m\u00e9moire, nos restaurants exquis d'Ath\u00e8nes avec vue sur l'Acropole allient saveurs d\u00e9lectables et vues fantastiques.","og_url":"https:\/\/www.electrahotels.gr\/fr\/nos-hotels\/electra-palace-athenes\/restaurants-et-bars\/","og_site_name":"Electra Hotels &amp; Resorts","article_modified_time":"2023-09-14T08:46:41+00:00","og_image":[{"width":2560,"height":1707,"url":"https:\/\/www.electrahotels.gr\/app\/uploads\/sites\/75\/2021\/05\/ELECTRA-METROPOLIS-ATHENS-BREAKFAST-IN-ROOM-ACROPOLIS_VIEW-scaled.jpg","type":"image\/jpeg"}],"twitter_card":"summary_large_image","twitter_misc":{"Dur\u00e9e de lecture estim\u00e9e":"1 minute"},"schema":{"@context":"https:\/\/schema.org","@graph":[{"@type":"WebPage","@id":"https:\/\/www.electrahotels.gr\/fr\/nos-hotels\/electra-palace-athenes\/restaurants-et-bars\/","url":"https:\/\/www.electrahotels.gr\/fr\/nos-hotels\/electra-palace-athenes\/restaurants-et-bars\/","name":"Restaurants d'Ath\u00e8nes avec vue sur l'Acropole || Electra Palace Athens","isPartOf":{"@id":"https:\/\/www.electrahotels.gr\/fr\/#website"},"primaryImageOfPage":{"@id":"https:\/\/www.electrahotels.gr\/fr\/nos-hotels\/electra-palace-athenes\/restaurants-et-bars\/#primaryimage"},"image":{"@id":"https:\/\/www.electrahotels.gr\/fr\/nos-hotels\/electra-palace-athenes\/restaurants-et-bars\/#primaryimage"},"thumbnailUrl":"https:\/\/www.electrahotels.gr\/app\/uploads\/2024\/06\/9K6A0932_ok--scaled.jpg","datePublished":"2021-11-26T15:01:36+00:00","dateModified":"2023-09-14T08:46:41+00:00","description":"Pour des exp\u00e9riences culinaires qui resteront grav\u00e9es dans votre m\u00e9moire, nos restaurants exquis d'Ath\u00e8nes avec vue sur l'Acropole allient saveurs d\u00e9lectables et vues fantastiques.","breadcrumb":{"@id":"https:\/\/www.electrahotels.gr\/fr\/nos-hotels\/electra-palace-athenes\/restaurants-et-bars\/#breadcrumb"},"inLanguage":"fr-FR","potentialAction":[{"@type":"ReadAction","target":["https:\/\/www.electrahotels.gr\/fr\/nos-hotels\/electra-palace-athenes\/restaurants-et-bars\/"]}]},{"@type":"ImageObject","inLanguage":"fr-FR","@id":"https:\/\/www.electrahotels.gr\/fr\/nos-hotels\/electra-palace-athenes\/restaurants-et-bars\/#primaryimage","url":"https:\/\/www.electrahotels.gr\/app\/uploads\/2024\/06\/9K6A0932_ok--scaled.jpg","contentUrl":"https:\/\/www.electrahotels.gr\/app\/uploads\/2024\/06\/9K6A0932_ok--scaled.jpg","width":2560,"height":1707},{"@type":"BreadcrumbList","@id":"https:\/\/www.electrahotels.gr\/fr\/nos-hotels\/electra-palace-athenes\/restaurants-et-bars\/#breadcrumb","itemListElement":[{"@type":"ListItem","position":1,"name":"Home","item":"https:\/\/www.electrahotels.gr\/fr\/"},{"@type":"ListItem","position":2,"name":"Nos h\u00f4tels","item":"https:\/\/www.electrahotels.gr\/fr\/nos-hotels\/"},{"@type":"ListItem","position":3,"name":"Electra Palace Ath\u00e8nes","item":"https:\/\/www.electrahotels.gr\/fr\/nos-hotels\/electra-palace-athenes\/"},{"@type":"ListItem","position":4,"name":"Restaurants et bars"}]},{"@type":"WebSite","@id":"https:\/\/www.electrahotels.gr\/fr\/#website","url":"https:\/\/www.electrahotels.gr\/fr\/","name":"Electra Hotels &amp; Resorts","description":"A group of luxury hotels in Athens, Thessaloniki, Rhodes and Kefalonia committed to offering quality hospitality, service and luxury","potentialAction":[{"@type":"SearchAction","target":{"@type":"EntryPoint","urlTemplate":"https:\/\/www.electrahotels.gr\/fr\/?s={search_term_string}"},"query-input":{"@type":"PropertyValueSpecification","valueRequired":true,"valueName":"search_term_string"}}],"inLanguage":"fr-FR"}]}},"_links":{"self":[{"href":"https:\/\/www.electrahotels.gr\/fr\/wp-json\/wp\/v2\/pages\/10500","targetHints":{"allow":["GET"]}}],"collection":[{"href":"https:\/\/www.electrahotels.gr\/fr\/wp-json\/wp\/v2\/pages"}],"about":[{"href":"https:\/\/www.electrahotels.gr\/fr\/wp-json\/wp\/v2\/types\/page"}],"author":[{"embeddable":true,"href":"https:\/\/www.electrahotels.gr\/fr\/wp-json\/wp\/v2\/users\/1"}],"replies":[{"embeddable":true,"href":"https:\/\/www.electrahotels.gr\/fr\/wp-json\/wp\/v2\/comments?post=10500"}],"version-history":[{"count":7,"href":"https:\/\/www.electrahotels.gr\/fr\/wp-json\/wp\/v2\/pages\/10500\/revisions"}],"predecessor-version":[{"id":39909,"href":"https:\/\/www.electrahotels.gr\/fr\/wp-json\/wp\/v2\/pages\/10500\/revisions\/39909"}],"up":[{"embeddable":true,"href":"https:\/\/www.electrahotels.gr\/fr\/wp-json\/wp\/v2\/pages\/10340"}],"wp:featuredmedia":[{"embeddable":true,"href":"https:\/\/www.electrahotels.gr\/fr\/wp-json\/wp\/v2\/media\/48546"}],"wp:attachment":[{"href":"https:\/\/www.electrahotels.gr\/fr\/wp-json\/wp\/v2\/media?parent=10500"}],"wp:term":[{"taxonomy":"page_tag","embeddable":true,"href":"https:\/\/www.electrahotels.gr\/fr\/wp-json\/wp\/v2\/page_tag?post=10500"}],"curies":[{"name":"wp","href":"https:\/\/api.w.org\/{rel}","templated":true}]}}