{"id":10502,"date":"2021-11-26T17:01:36","date_gmt":"2021-11-26T15:01:36","guid":{"rendered":"https:\/\/www.electrahotels.gr\/nos-hotels\/electra-palace-rhodes\/activites-a-faire\/"},"modified":"2024-07-17T11:40:13","modified_gmt":"2024-07-17T08:40:13","slug":"notre-site","status":"publish","type":"page","link":"https:\/\/www.electrahotels.gr\/fr\/nos-hotels\/electra-palace-rhodes\/notre-site\/","title":{"rendered":"Notre Site"},"content":{"rendered":"\n<p><p><\/p><p>Vieille ville de Rhodes<\/p>\n\t\n<p>\u00c0 quelques kilom\u00e8tres de l\u00e0, la ville enchanteresse de Rhodes est une merveille architecturale : sa partie m\u00e9di\u00e9vale, construite par les Chevaliers Hospitaliers, est class\u00e9e au patrimoine mondial de l&rsquo;UNESCO. \u00c0 c\u00f4t\u00e9, des b\u00e2timents Art d\u00e9co et futuristes t\u00e9moignent de l&rsquo;occupation italienne de Rhodes. En dehors des murs de la ville m\u00e9di\u00e9vale, sur la colline de St. Stefanos, le parc arch\u00e9ologique comprend l&rsquo;ancienne acropole de Rhodes, avec des vues magnifiques sur la vieille et la nouvelle ville et les \u00eeles voisines.<\/p><\/p>\n\n\n\n<p>La petite ville de Lindos<br><\/p>\n\n\n\n<p>Dans la partie sud-est de l&rsquo;\u00eele, la petite ville de Lindos est un autre site populaire aupr\u00e8s des visiteurs, et ce pour une bonne raison : son Acropole, une citadelle naturelle continuellement habit\u00e9e depuis l&rsquo;Antiquit\u00e9, pr\u00e9sente d&rsquo;impressionnants monuments antiques et m\u00e9di\u00e9vaux &#8211; et des vues dominantes sur la mer \u00e0 l&rsquo;est, tandis que la ville elle-m\u00eame, class\u00e9e, est belle et accueillante, avec ses maisons et ses rues d\u00e9cor\u00e9es de petites mosa\u00efques de galets.<\/p>\n","protected":false},"excerpt":{"rendered":"<p>Vieille ville de Rhodes \u00c0 quelques kilom\u00e8tres de l\u00e0, la ville enchanteresse de Rhodes est une merveille architecturale : sa partie m\u00e9di\u00e9vale, construite par les Chevaliers Hospitaliers, est class\u00e9e au patrimoine mondial de l&rsquo;UNESCO. \u00c0 c\u00f4t\u00e9, des b\u00e2timents Art d\u00e9co et futuristes t\u00e9moignent de l&rsquo;occupation italienne de Rhodes. En dehors des murs de la ville<\/p>\n","protected":false},"author":1,"featured_media":9839,"parent":10346,"menu_order":0,"comment_status":"closed","ping_status":"closed","template":"page-templates\/single-restaurant.php","meta":{"_acf_changed":false,"footnotes":""},"page_tag":[],"class_list":["post-10502","page","type-page","status-publish","has-post-thumbnail","hentry"],"acf":[],"yoast_head":"<!-- This site is optimized with the Yoast SEO plugin v27.4 - https:\/\/yoast.com\/product\/yoast-seo-wordpress\/ -->\n<title>Les choses les plus essentielles \u00e0 faire \u00e0 Rhodes || Electra Palace Rhodes<\/title>\n<meta name=\"description\" content=\"Pour d\u00e9couvrir l&#039;essence m\u00eame de Rhodes, voici les recommandations d&#039;Electra Hotels concernant les quatre choses les plus essentielles \u00e0 faire sur l&#039;\u00eele de Rhodes.\" \/>\n<meta name=\"robots\" content=\"index, follow, max-snippet:-1, max-image-preview:large, max-video-preview:-1\" \/>\n<link rel=\"canonical\" href=\"https:\/\/www.electrahotels.gr\/fr\/nos-hotels\/electra-palace-rhodes\/notre-site\/\" \/>\n<meta property=\"og:locale\" content=\"fr_FR\" \/>\n<meta property=\"og:type\" content=\"article\" \/>\n<meta property=\"og:title\" content=\"Les choses les plus essentielles \u00e0 faire \u00e0 Rhodes || Electra Palace Rhodes\" \/>\n<meta property=\"og:description\" content=\"Pour d\u00e9couvrir l&#039;essence m\u00eame de Rhodes, voici les recommandations d&#039;Electra Hotels concernant les quatre choses les plus essentielles \u00e0 faire sur l&#039;\u00eele de Rhodes.\" \/>\n<meta property=\"og:url\" content=\"https:\/\/www.electrahotels.gr\/fr\/nos-hotels\/electra-palace-rhodes\/notre-site\/\" \/>\n<meta property=\"og:site_name\" content=\"Electra Hotels &amp; Resorts\" \/>\n<meta property=\"article:modified_time\" content=\"2024-07-17T08:40:13+00:00\" \/>\n<meta property=\"og:image\" content=\"https:\/\/www.electrahotels.gr\/app\/uploads\/2021\/10\/stamenisnikiforos_Electra_Palace_Rhodes3616.jpg\" \/>\n\t<meta property=\"og:image:width\" content=\"1920\" \/>\n\t<meta property=\"og:image:height\" content=\"1280\" \/>\n\t<meta property=\"og:image:type\" content=\"image\/jpeg\" \/>\n<meta name=\"twitter:card\" content=\"summary_large_image\" \/>\n<meta name=\"twitter:label1\" content=\"Dur\u00e9e de lecture estim\u00e9e\" \/>\n\t<meta name=\"twitter:data1\" content=\"2 minutes\" \/>\n<script type=\"application\/ld+json\" class=\"yoast-schema-graph\">{\"@context\":\"https:\\\/\\\/schema.org\",\"@graph\":[{\"@type\":\"WebPage\",\"@id\":\"https:\\\/\\\/www.electrahotels.gr\\\/fr\\\/nos-hotels\\\/electra-palace-rhodes\\\/notre-site\\\/\",\"url\":\"https:\\\/\\\/www.electrahotels.gr\\\/fr\\\/nos-hotels\\\/electra-palace-rhodes\\\/notre-site\\\/\",\"name\":\"Les choses les plus essentielles \u00e0 faire \u00e0 Rhodes || Electra Palace Rhodes\",\"isPartOf\":{\"@id\":\"https:\\\/\\\/www.electrahotels.gr\\\/fr\\\/#website\"},\"primaryImageOfPage\":{\"@id\":\"https:\\\/\\\/www.electrahotels.gr\\\/fr\\\/nos-hotels\\\/electra-palace-rhodes\\\/notre-site\\\/#primaryimage\"},\"image\":{\"@id\":\"https:\\\/\\\/www.electrahotels.gr\\\/fr\\\/nos-hotels\\\/electra-palace-rhodes\\\/notre-site\\\/#primaryimage\"},\"thumbnailUrl\":\"https:\\\/\\\/www.electrahotels.gr\\\/app\\\/uploads\\\/2021\\\/10\\\/stamenisnikiforos_Electra_Palace_Rhodes3616.jpg\",\"datePublished\":\"2021-11-26T15:01:36+00:00\",\"dateModified\":\"2024-07-17T08:40:13+00:00\",\"description\":\"Pour d\u00e9couvrir l'essence m\u00eame de Rhodes, voici les recommandations d'Electra Hotels concernant les quatre choses les plus essentielles \u00e0 faire sur l'\u00eele de Rhodes.\",\"breadcrumb\":{\"@id\":\"https:\\\/\\\/www.electrahotels.gr\\\/fr\\\/nos-hotels\\\/electra-palace-rhodes\\\/notre-site\\\/#breadcrumb\"},\"inLanguage\":\"fr-FR\",\"potentialAction\":[{\"@type\":\"ReadAction\",\"target\":[\"https:\\\/\\\/www.electrahotels.gr\\\/fr\\\/nos-hotels\\\/electra-palace-rhodes\\\/notre-site\\\/\"]}]},{\"@type\":\"ImageObject\",\"inLanguage\":\"fr-FR\",\"@id\":\"https:\\\/\\\/www.electrahotels.gr\\\/fr\\\/nos-hotels\\\/electra-palace-rhodes\\\/notre-site\\\/#primaryimage\",\"url\":\"https:\\\/\\\/www.electrahotels.gr\\\/app\\\/uploads\\\/2021\\\/10\\\/stamenisnikiforos_Electra_Palace_Rhodes3616.jpg\",\"contentUrl\":\"https:\\\/\\\/www.electrahotels.gr\\\/app\\\/uploads\\\/2021\\\/10\\\/stamenisnikiforos_Electra_Palace_Rhodes3616.jpg\",\"width\":1920,\"height\":1280},{\"@type\":\"BreadcrumbList\",\"@id\":\"https:\\\/\\\/www.electrahotels.gr\\\/fr\\\/nos-hotels\\\/electra-palace-rhodes\\\/notre-site\\\/#breadcrumb\",\"itemListElement\":[{\"@type\":\"ListItem\",\"position\":1,\"name\":\"Home\",\"item\":\"https:\\\/\\\/www.electrahotels.gr\\\/fr\\\/\"},{\"@type\":\"ListItem\",\"position\":2,\"name\":\"Nos h\u00f4tels\",\"item\":\"https:\\\/\\\/www.electrahotels.gr\\\/fr\\\/nos-hotels\\\/\"},{\"@type\":\"ListItem\",\"position\":3,\"name\":\"Electra Palace Rhodes\",\"item\":\"https:\\\/\\\/www.electrahotels.gr\\\/fr\\\/nos-hotels\\\/electra-palace-rhodes\\\/\"},{\"@type\":\"ListItem\",\"position\":4,\"name\":\"Notre Site\"}]},{\"@type\":\"WebSite\",\"@id\":\"https:\\\/\\\/www.electrahotels.gr\\\/fr\\\/#website\",\"url\":\"https:\\\/\\\/www.electrahotels.gr\\\/fr\\\/\",\"name\":\"Electra Hotels &amp; Resorts\",\"description\":\"A group of luxury hotels in Athens, Thessaloniki, Rhodes and Kefalonia committed to offering quality hospitality, service and luxury\",\"potentialAction\":[{\"@type\":\"SearchAction\",\"target\":{\"@type\":\"EntryPoint\",\"urlTemplate\":\"https:\\\/\\\/www.electrahotels.gr\\\/fr\\\/?s={search_term_string}\"},\"query-input\":{\"@type\":\"PropertyValueSpecification\",\"valueRequired\":true,\"valueName\":\"search_term_string\"}}],\"inLanguage\":\"fr-FR\"}]}<\/script>\n<!-- \/ Yoast SEO plugin. -->","yoast_head_json":{"title":"Les choses les plus essentielles \u00e0 faire \u00e0 Rhodes || Electra Palace Rhodes","description":"Pour d\u00e9couvrir l'essence m\u00eame de Rhodes, voici les recommandations d'Electra Hotels concernant les quatre choses les plus essentielles \u00e0 faire sur l'\u00eele de Rhodes.","robots":{"index":"index","follow":"follow","max-snippet":"max-snippet:-1","max-image-preview":"max-image-preview:large","max-video-preview":"max-video-preview:-1"},"canonical":"https:\/\/www.electrahotels.gr\/fr\/nos-hotels\/electra-palace-rhodes\/notre-site\/","og_locale":"fr_FR","og_type":"article","og_title":"Les choses les plus essentielles \u00e0 faire \u00e0 Rhodes || Electra Palace Rhodes","og_description":"Pour d\u00e9couvrir l'essence m\u00eame de Rhodes, voici les recommandations d'Electra Hotels concernant les quatre choses les plus essentielles \u00e0 faire sur l'\u00eele de Rhodes.","og_url":"https:\/\/www.electrahotels.gr\/fr\/nos-hotels\/electra-palace-rhodes\/notre-site\/","og_site_name":"Electra Hotels &amp; Resorts","article_modified_time":"2024-07-17T08:40:13+00:00","og_image":[{"width":1920,"height":1280,"url":"https:\/\/www.electrahotels.gr\/app\/uploads\/2021\/10\/stamenisnikiforos_Electra_Palace_Rhodes3616.jpg","type":"image\/jpeg"}],"twitter_card":"summary_large_image","twitter_misc":{"Dur\u00e9e de lecture estim\u00e9e":"2 minutes"},"schema":{"@context":"https:\/\/schema.org","@graph":[{"@type":"WebPage","@id":"https:\/\/www.electrahotels.gr\/fr\/nos-hotels\/electra-palace-rhodes\/notre-site\/","url":"https:\/\/www.electrahotels.gr\/fr\/nos-hotels\/electra-palace-rhodes\/notre-site\/","name":"Les choses les plus essentielles \u00e0 faire \u00e0 Rhodes || Electra Palace Rhodes","isPartOf":{"@id":"https:\/\/www.electrahotels.gr\/fr\/#website"},"primaryImageOfPage":{"@id":"https:\/\/www.electrahotels.gr\/fr\/nos-hotels\/electra-palace-rhodes\/notre-site\/#primaryimage"},"image":{"@id":"https:\/\/www.electrahotels.gr\/fr\/nos-hotels\/electra-palace-rhodes\/notre-site\/#primaryimage"},"thumbnailUrl":"https:\/\/www.electrahotels.gr\/app\/uploads\/2021\/10\/stamenisnikiforos_Electra_Palace_Rhodes3616.jpg","datePublished":"2021-11-26T15:01:36+00:00","dateModified":"2024-07-17T08:40:13+00:00","description":"Pour d\u00e9couvrir l'essence m\u00eame de Rhodes, voici les recommandations d'Electra Hotels concernant les quatre choses les plus essentielles \u00e0 faire sur l'\u00eele de Rhodes.","breadcrumb":{"@id":"https:\/\/www.electrahotels.gr\/fr\/nos-hotels\/electra-palace-rhodes\/notre-site\/#breadcrumb"},"inLanguage":"fr-FR","potentialAction":[{"@type":"ReadAction","target":["https:\/\/www.electrahotels.gr\/fr\/nos-hotels\/electra-palace-rhodes\/notre-site\/"]}]},{"@type":"ImageObject","inLanguage":"fr-FR","@id":"https:\/\/www.electrahotels.gr\/fr\/nos-hotels\/electra-palace-rhodes\/notre-site\/#primaryimage","url":"https:\/\/www.electrahotels.gr\/app\/uploads\/2021\/10\/stamenisnikiforos_Electra_Palace_Rhodes3616.jpg","contentUrl":"https:\/\/www.electrahotels.gr\/app\/uploads\/2021\/10\/stamenisnikiforos_Electra_Palace_Rhodes3616.jpg","width":1920,"height":1280},{"@type":"BreadcrumbList","@id":"https:\/\/www.electrahotels.gr\/fr\/nos-hotels\/electra-palace-rhodes\/notre-site\/#breadcrumb","itemListElement":[{"@type":"ListItem","position":1,"name":"Home","item":"https:\/\/www.electrahotels.gr\/fr\/"},{"@type":"ListItem","position":2,"name":"Nos h\u00f4tels","item":"https:\/\/www.electrahotels.gr\/fr\/nos-hotels\/"},{"@type":"ListItem","position":3,"name":"Electra Palace Rhodes","item":"https:\/\/www.electrahotels.gr\/fr\/nos-hotels\/electra-palace-rhodes\/"},{"@type":"ListItem","position":4,"name":"Notre Site"}]},{"@type":"WebSite","@id":"https:\/\/www.electrahotels.gr\/fr\/#website","url":"https:\/\/www.electrahotels.gr\/fr\/","name":"Electra Hotels &amp; Resorts","description":"A group of luxury hotels in Athens, Thessaloniki, Rhodes and Kefalonia committed to offering quality hospitality, service and luxury","potentialAction":[{"@type":"SearchAction","target":{"@type":"EntryPoint","urlTemplate":"https:\/\/www.electrahotels.gr\/fr\/?s={search_term_string}"},"query-input":{"@type":"PropertyValueSpecification","valueRequired":true,"valueName":"search_term_string"}}],"inLanguage":"fr-FR"}]}},"_links":{"self":[{"href":"https:\/\/www.electrahotels.gr\/fr\/wp-json\/wp\/v2\/pages\/10502","targetHints":{"allow":["GET"]}}],"collection":[{"href":"https:\/\/www.electrahotels.gr\/fr\/wp-json\/wp\/v2\/pages"}],"about":[{"href":"https:\/\/www.electrahotels.gr\/fr\/wp-json\/wp\/v2\/types\/page"}],"author":[{"embeddable":true,"href":"https:\/\/www.electrahotels.gr\/fr\/wp-json\/wp\/v2\/users\/1"}],"replies":[{"embeddable":true,"href":"https:\/\/www.electrahotels.gr\/fr\/wp-json\/wp\/v2\/comments?post=10502"}],"version-history":[{"count":10,"href":"https:\/\/www.electrahotels.gr\/fr\/wp-json\/wp\/v2\/pages\/10502\/revisions"}],"predecessor-version":[{"id":49244,"href":"https:\/\/www.electrahotels.gr\/fr\/wp-json\/wp\/v2\/pages\/10502\/revisions\/49244"}],"up":[{"embeddable":true,"href":"https:\/\/www.electrahotels.gr\/fr\/wp-json\/wp\/v2\/pages\/10346"}],"wp:featuredmedia":[{"embeddable":true,"href":"https:\/\/www.electrahotels.gr\/fr\/wp-json\/wp\/v2\/media\/9839"}],"wp:attachment":[{"href":"https:\/\/www.electrahotels.gr\/fr\/wp-json\/wp\/v2\/media?parent=10502"}],"wp:term":[{"taxonomy":"page_tag","embeddable":true,"href":"https:\/\/www.electrahotels.gr\/fr\/wp-json\/wp\/v2\/page_tag?post=10502"}],"curies":[{"name":"wp","href":"https:\/\/api.w.org\/{rel}","templated":true}]}}