{"id":10509,"date":"2021-11-26T17:01:36","date_gmt":"2021-11-26T15:01:36","guid":{"rendered":"https:\/\/www.electrahotels.gr\/nos-hotels\/electra-kefalonia\/activites-a-faire\/"},"modified":"2024-07-31T10:20:46","modified_gmt":"2024-07-31T07:20:46","slug":"notre-site","status":"publish","type":"page","link":"https:\/\/www.electrahotels.gr\/fr\/nos-hotels\/electra-kefalonia\/notre-site\/","title":{"rendered":"Notre Site"},"content":{"rendered":"\n<p>Pendant votre s\u00e9jour \u00e0 C\u00e9phalonie, profitez-en pour explorer une autre destination unique de la Gr\u00e8ce. N&rsquo;h\u00e9sitez pas \u00e0 nous faire part de vos suggestions !<\/p>\n\n\n\n<p><\/p>\n","protected":false},"excerpt":{"rendered":"<p>Pendant votre s\u00e9jour \u00e0 C\u00e9phalonie, profitez-en pour explorer une autre destination unique de la Gr\u00e8ce. N&rsquo;h\u00e9sitez pas \u00e0 nous faire part de vos suggestions !<\/p>\n","protected":false},"author":1,"featured_media":9180,"parent":10290,"menu_order":0,"comment_status":"closed","ping_status":"closed","template":"page-templates\/single-restaurant.php","meta":{"_acf_changed":false,"footnotes":""},"page_tag":[],"class_list":["post-10509","page","type-page","status-publish","has-post-thumbnail","hentry"],"acf":[],"yoast_head":"<!-- This site is optimized with the Yoast SEO plugin v27.4 - https:\/\/yoast.com\/product\/yoast-seo-wordpress\/ -->\n<title>Les choses les plus essentielles \u00e0 faire \u00e0 C\u00e9phalonie || Electra Kefalonia<\/title>\n<meta name=\"description\" content=\"Pour d\u00e9couvrir l&#039;essence absolue de C\u00e9phalonie, voici les recommandations d&#039;Electra Hotels concernant les cinq choses les plus essentielles \u00e0 faire sur l&#039;\u00eele de C\u00e9phalonie.\" \/>\n<meta name=\"robots\" content=\"index, follow, max-snippet:-1, max-image-preview:large, max-video-preview:-1\" \/>\n<link rel=\"canonical\" href=\"https:\/\/www.electrahotels.gr\/fr\/nos-hotels\/electra-kefalonia\/notre-site\/\" \/>\n<meta property=\"og:locale\" content=\"fr_FR\" \/>\n<meta property=\"og:type\" content=\"article\" \/>\n<meta property=\"og:title\" content=\"Les choses les plus essentielles \u00e0 faire \u00e0 C\u00e9phalonie || Electra Kefalonia\" \/>\n<meta property=\"og:description\" content=\"Pour d\u00e9couvrir l&#039;essence absolue de C\u00e9phalonie, voici les recommandations d&#039;Electra Hotels concernant les cinq choses les plus essentielles \u00e0 faire sur l&#039;\u00eele de C\u00e9phalonie.\" \/>\n<meta property=\"og:url\" content=\"https:\/\/www.electrahotels.gr\/fr\/nos-hotels\/electra-kefalonia\/notre-site\/\" \/>\n<meta property=\"og:site_name\" content=\"Electra Hotels &amp; Resorts\" \/>\n<meta property=\"article:modified_time\" content=\"2024-07-31T07:20:46+00:00\" \/>\n<meta property=\"og:image\" content=\"https:\/\/www.electrahotels.gr\/app\/uploads\/2021\/09\/Kefalonia_Experience_Outdoors-25-1.jpg\" \/>\n\t<meta property=\"og:image:width\" content=\"1920\" \/>\n\t<meta property=\"og:image:height\" content=\"1280\" \/>\n\t<meta property=\"og:image:type\" content=\"image\/jpeg\" \/>\n<meta name=\"twitter:card\" content=\"summary_large_image\" \/>\n<meta name=\"twitter:label1\" content=\"Dur\u00e9e de lecture estim\u00e9e\" \/>\n\t<meta name=\"twitter:data1\" content=\"1 minute\" \/>\n<script type=\"application\/ld+json\" class=\"yoast-schema-graph\">{\"@context\":\"https:\\\/\\\/schema.org\",\"@graph\":[{\"@type\":\"WebPage\",\"@id\":\"https:\\\/\\\/www.electrahotels.gr\\\/fr\\\/nos-hotels\\\/electra-kefalonia\\\/notre-site\\\/\",\"url\":\"https:\\\/\\\/www.electrahotels.gr\\\/fr\\\/nos-hotels\\\/electra-kefalonia\\\/notre-site\\\/\",\"name\":\"Les choses les plus essentielles \u00e0 faire \u00e0 C\u00e9phalonie || Electra Kefalonia\",\"isPartOf\":{\"@id\":\"https:\\\/\\\/www.electrahotels.gr\\\/fr\\\/#website\"},\"primaryImageOfPage\":{\"@id\":\"https:\\\/\\\/www.electrahotels.gr\\\/fr\\\/nos-hotels\\\/electra-kefalonia\\\/notre-site\\\/#primaryimage\"},\"image\":{\"@id\":\"https:\\\/\\\/www.electrahotels.gr\\\/fr\\\/nos-hotels\\\/electra-kefalonia\\\/notre-site\\\/#primaryimage\"},\"thumbnailUrl\":\"https:\\\/\\\/www.electrahotels.gr\\\/app\\\/uploads\\\/2021\\\/09\\\/Kefalonia_Experience_Outdoors-25-1.jpg\",\"datePublished\":\"2021-11-26T15:01:36+00:00\",\"dateModified\":\"2024-07-31T07:20:46+00:00\",\"description\":\"Pour d\u00e9couvrir l'essence absolue de C\u00e9phalonie, voici les recommandations d'Electra Hotels concernant les cinq choses les plus essentielles \u00e0 faire sur l'\u00eele de C\u00e9phalonie.\",\"breadcrumb\":{\"@id\":\"https:\\\/\\\/www.electrahotels.gr\\\/fr\\\/nos-hotels\\\/electra-kefalonia\\\/notre-site\\\/#breadcrumb\"},\"inLanguage\":\"fr-FR\",\"potentialAction\":[{\"@type\":\"ReadAction\",\"target\":[\"https:\\\/\\\/www.electrahotels.gr\\\/fr\\\/nos-hotels\\\/electra-kefalonia\\\/notre-site\\\/\"]}]},{\"@type\":\"ImageObject\",\"inLanguage\":\"fr-FR\",\"@id\":\"https:\\\/\\\/www.electrahotels.gr\\\/fr\\\/nos-hotels\\\/electra-kefalonia\\\/notre-site\\\/#primaryimage\",\"url\":\"https:\\\/\\\/www.electrahotels.gr\\\/app\\\/uploads\\\/2021\\\/09\\\/Kefalonia_Experience_Outdoors-25-1.jpg\",\"contentUrl\":\"https:\\\/\\\/www.electrahotels.gr\\\/app\\\/uploads\\\/2021\\\/09\\\/Kefalonia_Experience_Outdoors-25-1.jpg\",\"width\":1920,\"height\":1280},{\"@type\":\"BreadcrumbList\",\"@id\":\"https:\\\/\\\/www.electrahotels.gr\\\/fr\\\/nos-hotels\\\/electra-kefalonia\\\/notre-site\\\/#breadcrumb\",\"itemListElement\":[{\"@type\":\"ListItem\",\"position\":1,\"name\":\"Home\",\"item\":\"https:\\\/\\\/www.electrahotels.gr\\\/fr\\\/\"},{\"@type\":\"ListItem\",\"position\":2,\"name\":\"Nos h\u00f4tels\",\"item\":\"https:\\\/\\\/www.electrahotels.gr\\\/fr\\\/nos-hotels\\\/\"},{\"@type\":\"ListItem\",\"position\":3,\"name\":\"Electra Kefalonia Hotel and Spa\",\"item\":\"https:\\\/\\\/www.electrahotels.gr\\\/fr\\\/nos-hotels\\\/electra-kefalonia\\\/\"},{\"@type\":\"ListItem\",\"position\":4,\"name\":\"Notre Site\"}]},{\"@type\":\"WebSite\",\"@id\":\"https:\\\/\\\/www.electrahotels.gr\\\/fr\\\/#website\",\"url\":\"https:\\\/\\\/www.electrahotels.gr\\\/fr\\\/\",\"name\":\"Electra Hotels &amp; Resorts\",\"description\":\"A group of luxury hotels in Athens, Thessaloniki, Rhodes and Kefalonia committed to offering quality hospitality, service and luxury\",\"potentialAction\":[{\"@type\":\"SearchAction\",\"target\":{\"@type\":\"EntryPoint\",\"urlTemplate\":\"https:\\\/\\\/www.electrahotels.gr\\\/fr\\\/?s={search_term_string}\"},\"query-input\":{\"@type\":\"PropertyValueSpecification\",\"valueRequired\":true,\"valueName\":\"search_term_string\"}}],\"inLanguage\":\"fr-FR\"}]}<\/script>\n<!-- \/ Yoast SEO plugin. -->","yoast_head_json":{"title":"Les choses les plus essentielles \u00e0 faire \u00e0 C\u00e9phalonie || Electra Kefalonia","description":"Pour d\u00e9couvrir l'essence absolue de C\u00e9phalonie, voici les recommandations d'Electra Hotels concernant les cinq choses les plus essentielles \u00e0 faire sur l'\u00eele de C\u00e9phalonie.","robots":{"index":"index","follow":"follow","max-snippet":"max-snippet:-1","max-image-preview":"max-image-preview:large","max-video-preview":"max-video-preview:-1"},"canonical":"https:\/\/www.electrahotels.gr\/fr\/nos-hotels\/electra-kefalonia\/notre-site\/","og_locale":"fr_FR","og_type":"article","og_title":"Les choses les plus essentielles \u00e0 faire \u00e0 C\u00e9phalonie || Electra Kefalonia","og_description":"Pour d\u00e9couvrir l'essence absolue de C\u00e9phalonie, voici les recommandations d'Electra Hotels concernant les cinq choses les plus essentielles \u00e0 faire sur l'\u00eele de C\u00e9phalonie.","og_url":"https:\/\/www.electrahotels.gr\/fr\/nos-hotels\/electra-kefalonia\/notre-site\/","og_site_name":"Electra Hotels &amp; Resorts","article_modified_time":"2024-07-31T07:20:46+00:00","og_image":[{"width":1920,"height":1280,"url":"https:\/\/www.electrahotels.gr\/app\/uploads\/2021\/09\/Kefalonia_Experience_Outdoors-25-1.jpg","type":"image\/jpeg"}],"twitter_card":"summary_large_image","twitter_misc":{"Dur\u00e9e de lecture estim\u00e9e":"1 minute"},"schema":{"@context":"https:\/\/schema.org","@graph":[{"@type":"WebPage","@id":"https:\/\/www.electrahotels.gr\/fr\/nos-hotels\/electra-kefalonia\/notre-site\/","url":"https:\/\/www.electrahotels.gr\/fr\/nos-hotels\/electra-kefalonia\/notre-site\/","name":"Les choses les plus essentielles \u00e0 faire \u00e0 C\u00e9phalonie || Electra Kefalonia","isPartOf":{"@id":"https:\/\/www.electrahotels.gr\/fr\/#website"},"primaryImageOfPage":{"@id":"https:\/\/www.electrahotels.gr\/fr\/nos-hotels\/electra-kefalonia\/notre-site\/#primaryimage"},"image":{"@id":"https:\/\/www.electrahotels.gr\/fr\/nos-hotels\/electra-kefalonia\/notre-site\/#primaryimage"},"thumbnailUrl":"https:\/\/www.electrahotels.gr\/app\/uploads\/2021\/09\/Kefalonia_Experience_Outdoors-25-1.jpg","datePublished":"2021-11-26T15:01:36+00:00","dateModified":"2024-07-31T07:20:46+00:00","description":"Pour d\u00e9couvrir l'essence absolue de C\u00e9phalonie, voici les recommandations d'Electra Hotels concernant les cinq choses les plus essentielles \u00e0 faire sur l'\u00eele de C\u00e9phalonie.","breadcrumb":{"@id":"https:\/\/www.electrahotels.gr\/fr\/nos-hotels\/electra-kefalonia\/notre-site\/#breadcrumb"},"inLanguage":"fr-FR","potentialAction":[{"@type":"ReadAction","target":["https:\/\/www.electrahotels.gr\/fr\/nos-hotels\/electra-kefalonia\/notre-site\/"]}]},{"@type":"ImageObject","inLanguage":"fr-FR","@id":"https:\/\/www.electrahotels.gr\/fr\/nos-hotels\/electra-kefalonia\/notre-site\/#primaryimage","url":"https:\/\/www.electrahotels.gr\/app\/uploads\/2021\/09\/Kefalonia_Experience_Outdoors-25-1.jpg","contentUrl":"https:\/\/www.electrahotels.gr\/app\/uploads\/2021\/09\/Kefalonia_Experience_Outdoors-25-1.jpg","width":1920,"height":1280},{"@type":"BreadcrumbList","@id":"https:\/\/www.electrahotels.gr\/fr\/nos-hotels\/electra-kefalonia\/notre-site\/#breadcrumb","itemListElement":[{"@type":"ListItem","position":1,"name":"Home","item":"https:\/\/www.electrahotels.gr\/fr\/"},{"@type":"ListItem","position":2,"name":"Nos h\u00f4tels","item":"https:\/\/www.electrahotels.gr\/fr\/nos-hotels\/"},{"@type":"ListItem","position":3,"name":"Electra Kefalonia Hotel and Spa","item":"https:\/\/www.electrahotels.gr\/fr\/nos-hotels\/electra-kefalonia\/"},{"@type":"ListItem","position":4,"name":"Notre Site"}]},{"@type":"WebSite","@id":"https:\/\/www.electrahotels.gr\/fr\/#website","url":"https:\/\/www.electrahotels.gr\/fr\/","name":"Electra Hotels &amp; Resorts","description":"A group of luxury hotels in Athens, Thessaloniki, Rhodes and Kefalonia committed to offering quality hospitality, service and luxury","potentialAction":[{"@type":"SearchAction","target":{"@type":"EntryPoint","urlTemplate":"https:\/\/www.electrahotels.gr\/fr\/?s={search_term_string}"},"query-input":{"@type":"PropertyValueSpecification","valueRequired":true,"valueName":"search_term_string"}}],"inLanguage":"fr-FR"}]}},"_links":{"self":[{"href":"https:\/\/www.electrahotels.gr\/fr\/wp-json\/wp\/v2\/pages\/10509","targetHints":{"allow":["GET"]}}],"collection":[{"href":"https:\/\/www.electrahotels.gr\/fr\/wp-json\/wp\/v2\/pages"}],"about":[{"href":"https:\/\/www.electrahotels.gr\/fr\/wp-json\/wp\/v2\/types\/page"}],"author":[{"embeddable":true,"href":"https:\/\/www.electrahotels.gr\/fr\/wp-json\/wp\/v2\/users\/1"}],"replies":[{"embeddable":true,"href":"https:\/\/www.electrahotels.gr\/fr\/wp-json\/wp\/v2\/comments?post=10509"}],"version-history":[{"count":10,"href":"https:\/\/www.electrahotels.gr\/fr\/wp-json\/wp\/v2\/pages\/10509\/revisions"}],"predecessor-version":[{"id":49300,"href":"https:\/\/www.electrahotels.gr\/fr\/wp-json\/wp\/v2\/pages\/10509\/revisions\/49300"}],"up":[{"embeddable":true,"href":"https:\/\/www.electrahotels.gr\/fr\/wp-json\/wp\/v2\/pages\/10290"}],"wp:featuredmedia":[{"embeddable":true,"href":"https:\/\/www.electrahotels.gr\/fr\/wp-json\/wp\/v2\/media\/9180"}],"wp:attachment":[{"href":"https:\/\/www.electrahotels.gr\/fr\/wp-json\/wp\/v2\/media?parent=10509"}],"wp:term":[{"taxonomy":"page_tag","embeddable":true,"href":"https:\/\/www.electrahotels.gr\/fr\/wp-json\/wp\/v2\/page_tag?post=10509"}],"curies":[{"name":"wp","href":"https:\/\/api.w.org\/{rel}","templated":true}]}}