{"id":10524,"date":"2021-11-26T17:02:14","date_gmt":"2021-11-26T15:02:14","guid":{"rendered":"https:\/\/www.electrahotels.gr\/notre-histoire\/"},"modified":"2023-03-30T12:46:30","modified_gmt":"2023-03-30T09:46:30","slug":"notre-histoire","status":"publish","type":"page","link":"https:\/\/www.electrahotels.gr\/fr\/notre-histoire\/","title":{"rendered":"Notre histoire"},"content":{"rendered":"\n<p>Le d\u00e9but de notre voyage remonte \u00e0 1965, lorsqu&rsquo;un petit groupe de Grecs visionnaires a donn\u00e9 vie au premier h\u00f4tel de la cha\u00eene, le d\u00e9sormais classique Electra de la rue Ermou. L&rsquo;h\u00f4tel et ce qu&rsquo;il repr\u00e9sentait ont \u00e9t\u00e9 imm\u00e9diatement adopt\u00e9s par les voyageurs locaux et internationaux avertis, ouvrant la voie \u00e0 ce qui allait devenir une histoire \u00e0 succ\u00e8s qui s&rsquo;\u00e9tend sur plus d&rsquo;un demi-si\u00e8cle et comprend 6 h\u00f4tels ind\u00e9pendants &#8211; et ce n&rsquo;est pas fini.<\/p>\n","protected":false},"excerpt":{"rendered":"<p>Le d\u00e9but de notre voyage remonte \u00e0 1965, lorsqu&rsquo;un petit groupe de Grecs visionnaires a donn\u00e9 vie au premier h\u00f4tel de la cha\u00eene, le d\u00e9sormais classique Electra de la rue Ermou. L&rsquo;h\u00f4tel et ce qu&rsquo;il repr\u00e9sentait ont \u00e9t\u00e9 imm\u00e9diatement adopt\u00e9s par les voyageurs locaux et internationaux avertis, ouvrant la voie \u00e0 ce qui allait devenir<\/p>\n","protected":false},"author":1,"featured_media":8667,"parent":0,"menu_order":11,"comment_status":"closed","ping_status":"closed","template":"page-templates\/history.php","meta":{"_acf_changed":false,"footnotes":""},"page_tag":[],"class_list":["post-10524","page","type-page","status-publish","has-post-thumbnail","hentry"],"acf":[],"yoast_head":"<!-- This site is optimized with the Yoast SEO plugin v27.4 - https:\/\/yoast.com\/product\/yoast-seo-wordpress\/ -->\n<title>D\u00e9couvrez l&#039;histoire d&#039;Electra et comment tout a commenc\u00e9 || Electra Hotels<\/title>\n<meta name=\"description\" content=\"Electra Hotels est une marque h\u00f4teli\u00e8re bien \u00e9tablie en Gr\u00e8ce, dont l&#039;histoire remonte \u00e0 1965. D\u00e9couvrez comment tout a commenc\u00e9 et comment cela a progress\u00e9 au fil des ans.\" \/>\n<meta name=\"robots\" content=\"index, follow, max-snippet:-1, max-image-preview:large, max-video-preview:-1\" \/>\n<link rel=\"canonical\" href=\"https:\/\/www.electrahotels.gr\/fr\/notre-histoire\/\" \/>\n<meta property=\"og:locale\" content=\"fr_FR\" \/>\n<meta property=\"og:type\" content=\"article\" \/>\n<meta property=\"og:title\" content=\"D\u00e9couvrez l&#039;histoire d&#039;Electra et comment tout a commenc\u00e9 || Electra Hotels\" \/>\n<meta property=\"og:description\" content=\"Electra Hotels est une marque h\u00f4teli\u00e8re bien \u00e9tablie en Gr\u00e8ce, dont l&#039;histoire remonte \u00e0 1965. D\u00e9couvrez comment tout a commenc\u00e9 et comment cela a progress\u00e9 au fil des ans.\" \/>\n<meta property=\"og:url\" content=\"https:\/\/www.electrahotels.gr\/fr\/notre-histoire\/\" \/>\n<meta property=\"og:site_name\" content=\"Electra Hotels &amp; Resorts\" \/>\n<meta property=\"article:modified_time\" content=\"2023-03-30T09:46:30+00:00\" \/>\n<meta property=\"og:image\" content=\"https:\/\/www.electrahotels.gr\/app\/uploads\/sites\/75\/2021\/04\/library_bistro-2_resized.jpg\" \/>\n\t<meta property=\"og:image:width\" content=\"1920\" \/>\n\t<meta property=\"og:image:height\" content=\"1280\" \/>\n\t<meta property=\"og:image:type\" content=\"image\/jpeg\" \/>\n<meta name=\"twitter:card\" content=\"summary_large_image\" \/>\n<script type=\"application\/ld+json\" class=\"yoast-schema-graph\">{\"@context\":\"https:\\\/\\\/schema.org\",\"@graph\":[{\"@type\":\"WebPage\",\"@id\":\"https:\\\/\\\/www.electrahotels.gr\\\/fr\\\/notre-histoire\\\/\",\"url\":\"https:\\\/\\\/www.electrahotels.gr\\\/fr\\\/notre-histoire\\\/\",\"name\":\"D\u00e9couvrez l'histoire d'Electra et comment tout a commenc\u00e9 || Electra Hotels\",\"isPartOf\":{\"@id\":\"https:\\\/\\\/www.electrahotels.gr\\\/fr\\\/#website\"},\"primaryImageOfPage\":{\"@id\":\"https:\\\/\\\/www.electrahotels.gr\\\/fr\\\/notre-histoire\\\/#primaryimage\"},\"image\":{\"@id\":\"https:\\\/\\\/www.electrahotels.gr\\\/fr\\\/notre-histoire\\\/#primaryimage\"},\"thumbnailUrl\":\"https:\\\/\\\/www.electrahotels.gr\\\/app\\\/uploads\\\/2021\\\/04\\\/library_bistro-2_resized.jpg\",\"datePublished\":\"2021-11-26T15:02:14+00:00\",\"dateModified\":\"2023-03-30T09:46:30+00:00\",\"description\":\"Electra Hotels est une marque h\u00f4teli\u00e8re bien \u00e9tablie en Gr\u00e8ce, dont l'histoire remonte \u00e0 1965. D\u00e9couvrez comment tout a commenc\u00e9 et comment cela a progress\u00e9 au fil des ans.\",\"breadcrumb\":{\"@id\":\"https:\\\/\\\/www.electrahotels.gr\\\/fr\\\/notre-histoire\\\/#breadcrumb\"},\"inLanguage\":\"fr-FR\",\"potentialAction\":[{\"@type\":\"ReadAction\",\"target\":[\"https:\\\/\\\/www.electrahotels.gr\\\/fr\\\/notre-histoire\\\/\"]}]},{\"@type\":\"ImageObject\",\"inLanguage\":\"fr-FR\",\"@id\":\"https:\\\/\\\/www.electrahotels.gr\\\/fr\\\/notre-histoire\\\/#primaryimage\",\"url\":\"https:\\\/\\\/www.electrahotels.gr\\\/app\\\/uploads\\\/2021\\\/04\\\/library_bistro-2_resized.jpg\",\"contentUrl\":\"https:\\\/\\\/www.electrahotels.gr\\\/app\\\/uploads\\\/2021\\\/04\\\/library_bistro-2_resized.jpg\",\"width\":1920,\"height\":1280},{\"@type\":\"BreadcrumbList\",\"@id\":\"https:\\\/\\\/www.electrahotels.gr\\\/fr\\\/notre-histoire\\\/#breadcrumb\",\"itemListElement\":[{\"@type\":\"ListItem\",\"position\":1,\"name\":\"Home\",\"item\":\"https:\\\/\\\/www.electrahotels.gr\\\/fr\\\/\"},{\"@type\":\"ListItem\",\"position\":2,\"name\":\"Notre histoire\"}]},{\"@type\":\"WebSite\",\"@id\":\"https:\\\/\\\/www.electrahotels.gr\\\/fr\\\/#website\",\"url\":\"https:\\\/\\\/www.electrahotels.gr\\\/fr\\\/\",\"name\":\"Electra Hotels &amp; Resorts\",\"description\":\"A group of luxury hotels in Athens, Thessaloniki, Rhodes and Kefalonia committed to offering quality hospitality, service and luxury\",\"potentialAction\":[{\"@type\":\"SearchAction\",\"target\":{\"@type\":\"EntryPoint\",\"urlTemplate\":\"https:\\\/\\\/www.electrahotels.gr\\\/fr\\\/?s={search_term_string}\"},\"query-input\":{\"@type\":\"PropertyValueSpecification\",\"valueRequired\":true,\"valueName\":\"search_term_string\"}}],\"inLanguage\":\"fr-FR\"}]}<\/script>\n<!-- \/ Yoast SEO plugin. -->","yoast_head_json":{"title":"D\u00e9couvrez l'histoire d'Electra et comment tout a commenc\u00e9 || Electra Hotels","description":"Electra Hotels est une marque h\u00f4teli\u00e8re bien \u00e9tablie en Gr\u00e8ce, dont l'histoire remonte \u00e0 1965. D\u00e9couvrez comment tout a commenc\u00e9 et comment cela a progress\u00e9 au fil des ans.","robots":{"index":"index","follow":"follow","max-snippet":"max-snippet:-1","max-image-preview":"max-image-preview:large","max-video-preview":"max-video-preview:-1"},"canonical":"https:\/\/www.electrahotels.gr\/fr\/notre-histoire\/","og_locale":"fr_FR","og_type":"article","og_title":"D\u00e9couvrez l'histoire d'Electra et comment tout a commenc\u00e9 || Electra Hotels","og_description":"Electra Hotels est une marque h\u00f4teli\u00e8re bien \u00e9tablie en Gr\u00e8ce, dont l'histoire remonte \u00e0 1965. D\u00e9couvrez comment tout a commenc\u00e9 et comment cela a progress\u00e9 au fil des ans.","og_url":"https:\/\/www.electrahotels.gr\/fr\/notre-histoire\/","og_site_name":"Electra Hotels &amp; Resorts","article_modified_time":"2023-03-30T09:46:30+00:00","og_image":[{"width":1920,"height":1280,"url":"https:\/\/www.electrahotels.gr\/app\/uploads\/sites\/75\/2021\/04\/library_bistro-2_resized.jpg","type":"image\/jpeg"}],"twitter_card":"summary_large_image","schema":{"@context":"https:\/\/schema.org","@graph":[{"@type":"WebPage","@id":"https:\/\/www.electrahotels.gr\/fr\/notre-histoire\/","url":"https:\/\/www.electrahotels.gr\/fr\/notre-histoire\/","name":"D\u00e9couvrez l'histoire d'Electra et comment tout a commenc\u00e9 || Electra Hotels","isPartOf":{"@id":"https:\/\/www.electrahotels.gr\/fr\/#website"},"primaryImageOfPage":{"@id":"https:\/\/www.electrahotels.gr\/fr\/notre-histoire\/#primaryimage"},"image":{"@id":"https:\/\/www.electrahotels.gr\/fr\/notre-histoire\/#primaryimage"},"thumbnailUrl":"https:\/\/www.electrahotels.gr\/app\/uploads\/2021\/04\/library_bistro-2_resized.jpg","datePublished":"2021-11-26T15:02:14+00:00","dateModified":"2023-03-30T09:46:30+00:00","description":"Electra Hotels est une marque h\u00f4teli\u00e8re bien \u00e9tablie en Gr\u00e8ce, dont l'histoire remonte \u00e0 1965. D\u00e9couvrez comment tout a commenc\u00e9 et comment cela a progress\u00e9 au fil des ans.","breadcrumb":{"@id":"https:\/\/www.electrahotels.gr\/fr\/notre-histoire\/#breadcrumb"},"inLanguage":"fr-FR","potentialAction":[{"@type":"ReadAction","target":["https:\/\/www.electrahotels.gr\/fr\/notre-histoire\/"]}]},{"@type":"ImageObject","inLanguage":"fr-FR","@id":"https:\/\/www.electrahotels.gr\/fr\/notre-histoire\/#primaryimage","url":"https:\/\/www.electrahotels.gr\/app\/uploads\/2021\/04\/library_bistro-2_resized.jpg","contentUrl":"https:\/\/www.electrahotels.gr\/app\/uploads\/2021\/04\/library_bistro-2_resized.jpg","width":1920,"height":1280},{"@type":"BreadcrumbList","@id":"https:\/\/www.electrahotels.gr\/fr\/notre-histoire\/#breadcrumb","itemListElement":[{"@type":"ListItem","position":1,"name":"Home","item":"https:\/\/www.electrahotels.gr\/fr\/"},{"@type":"ListItem","position":2,"name":"Notre histoire"}]},{"@type":"WebSite","@id":"https:\/\/www.electrahotels.gr\/fr\/#website","url":"https:\/\/www.electrahotels.gr\/fr\/","name":"Electra Hotels &amp; Resorts","description":"A group of luxury hotels in Athens, Thessaloniki, Rhodes and Kefalonia committed to offering quality hospitality, service and luxury","potentialAction":[{"@type":"SearchAction","target":{"@type":"EntryPoint","urlTemplate":"https:\/\/www.electrahotels.gr\/fr\/?s={search_term_string}"},"query-input":{"@type":"PropertyValueSpecification","valueRequired":true,"valueName":"search_term_string"}}],"inLanguage":"fr-FR"}]}},"_links":{"self":[{"href":"https:\/\/www.electrahotels.gr\/fr\/wp-json\/wp\/v2\/pages\/10524","targetHints":{"allow":["GET"]}}],"collection":[{"href":"https:\/\/www.electrahotels.gr\/fr\/wp-json\/wp\/v2\/pages"}],"about":[{"href":"https:\/\/www.electrahotels.gr\/fr\/wp-json\/wp\/v2\/types\/page"}],"author":[{"embeddable":true,"href":"https:\/\/www.electrahotels.gr\/fr\/wp-json\/wp\/v2\/users\/1"}],"replies":[{"embeddable":true,"href":"https:\/\/www.electrahotels.gr\/fr\/wp-json\/wp\/v2\/comments?post=10524"}],"version-history":[{"count":2,"href":"https:\/\/www.electrahotels.gr\/fr\/wp-json\/wp\/v2\/pages\/10524\/revisions"}],"predecessor-version":[{"id":10526,"href":"https:\/\/www.electrahotels.gr\/fr\/wp-json\/wp\/v2\/pages\/10524\/revisions\/10526"}],"wp:featuredmedia":[{"embeddable":true,"href":"https:\/\/www.electrahotels.gr\/fr\/wp-json\/wp\/v2\/media\/8667"}],"wp:attachment":[{"href":"https:\/\/www.electrahotels.gr\/fr\/wp-json\/wp\/v2\/media?parent=10524"}],"wp:term":[{"taxonomy":"page_tag","embeddable":true,"href":"https:\/\/www.electrahotels.gr\/fr\/wp-json\/wp\/v2\/page_tag?post=10524"}],"curies":[{"name":"wp","href":"https:\/\/api.w.org\/{rel}","templated":true}]}}