{"id":10578,"date":"2021-11-26T17:34:00","date_gmt":"2021-11-26T15:34:00","guid":{"rendered":"https:\/\/www.electrahotels.gr\/partenaires-electra-rewards\/"},"modified":"2023-04-05T09:07:23","modified_gmt":"2023-04-05T06:07:23","slug":"partenaires-electra-rewards","status":"publish","type":"page","link":"https:\/\/www.electrahotels.gr\/fr\/partenaires-electra-rewards\/","title":{"rendered":"Partenaires Electra Rewards"},"content":{"rendered":"\n<p>B\u00e9n\u00e9ficier d&rsquo;avantages et de remises uniques sur notre r\u00e9seau croissant de partenaires : compagnies a\u00e9riennes, location de voitures, transferts priv\u00e9s, shopping et autres activit\u00e9s de loisirs.<\/p>\n","protected":false},"excerpt":{"rendered":"<p>B\u00e9n\u00e9ficier d&rsquo;avantages et de remises uniques sur notre r\u00e9seau croissant de partenaires : compagnies a\u00e9riennes, location de voitures, transferts priv\u00e9s, shopping et autres activit\u00e9s de loisirs.<\/p>\n","protected":false},"author":1,"featured_media":0,"parent":0,"menu_order":0,"comment_status":"closed","ping_status":"closed","template":"page-templates\/partners.php","meta":{"_acf_changed":false,"footnotes":""},"page_tag":[],"class_list":["post-10578","page","type-page","status-publish","hentry"],"acf":[],"yoast_head":"<!-- This site is optimized with the Yoast SEO plugin v27.4 - https:\/\/yoast.com\/product\/yoast-seo-wordpress\/ -->\n<title>Partenaires Electra Rewards - Electra Hotels &amp; Resorts<\/title>\n<meta name=\"robots\" content=\"index, follow, max-snippet:-1, max-image-preview:large, max-video-preview:-1\" \/>\n<link rel=\"canonical\" href=\"https:\/\/www.electrahotels.gr\/fr\/partenaires-electra-rewards\/\" \/>\n<meta property=\"og:locale\" content=\"fr_FR\" \/>\n<meta property=\"og:type\" content=\"article\" \/>\n<meta property=\"og:title\" content=\"Partenaires Electra Rewards - Electra Hotels &amp; Resorts\" \/>\n<meta property=\"og:description\" content=\"B\u00e9n\u00e9ficier d&rsquo;avantages et de remises uniques sur notre r\u00e9seau croissant de partenaires : compagnies a\u00e9riennes, location de voitures, transferts priv\u00e9s, shopping et autres activit\u00e9s de loisirs.\" \/>\n<meta property=\"og:url\" content=\"https:\/\/www.electrahotels.gr\/fr\/partenaires-electra-rewards\/\" \/>\n<meta property=\"og:site_name\" content=\"Electra Hotels &amp; Resorts\" \/>\n<meta property=\"article:modified_time\" content=\"2023-04-05T06:07:23+00:00\" \/>\n<meta name=\"twitter:card\" content=\"summary_large_image\" \/>\n<script type=\"application\/ld+json\" class=\"yoast-schema-graph\">{\"@context\":\"https:\\\/\\\/schema.org\",\"@graph\":[{\"@type\":\"WebPage\",\"@id\":\"https:\\\/\\\/www.electrahotels.gr\\\/fr\\\/partenaires-electra-rewards\\\/\",\"url\":\"https:\\\/\\\/www.electrahotels.gr\\\/fr\\\/partenaires-electra-rewards\\\/\",\"name\":\"Partenaires Electra Rewards - Electra Hotels &amp; Resorts\",\"isPartOf\":{\"@id\":\"https:\\\/\\\/www.electrahotels.gr\\\/fr\\\/#website\"},\"datePublished\":\"2021-11-26T15:34:00+00:00\",\"dateModified\":\"2023-04-05T06:07:23+00:00\",\"breadcrumb\":{\"@id\":\"https:\\\/\\\/www.electrahotels.gr\\\/fr\\\/partenaires-electra-rewards\\\/#breadcrumb\"},\"inLanguage\":\"fr-FR\",\"potentialAction\":[{\"@type\":\"ReadAction\",\"target\":[\"https:\\\/\\\/www.electrahotels.gr\\\/fr\\\/partenaires-electra-rewards\\\/\"]}]},{\"@type\":\"BreadcrumbList\",\"@id\":\"https:\\\/\\\/www.electrahotels.gr\\\/fr\\\/partenaires-electra-rewards\\\/#breadcrumb\",\"itemListElement\":[{\"@type\":\"ListItem\",\"position\":1,\"name\":\"Home\",\"item\":\"https:\\\/\\\/www.electrahotels.gr\\\/fr\\\/\"},{\"@type\":\"ListItem\",\"position\":2,\"name\":\"Partenaires Electra Rewards\"}]},{\"@type\":\"WebSite\",\"@id\":\"https:\\\/\\\/www.electrahotels.gr\\\/fr\\\/#website\",\"url\":\"https:\\\/\\\/www.electrahotels.gr\\\/fr\\\/\",\"name\":\"Electra Hotels &amp; Resorts\",\"description\":\"A group of luxury hotels in Athens, Thessaloniki, Rhodes and Kefalonia committed to offering quality hospitality, service and luxury\",\"potentialAction\":[{\"@type\":\"SearchAction\",\"target\":{\"@type\":\"EntryPoint\",\"urlTemplate\":\"https:\\\/\\\/www.electrahotels.gr\\\/fr\\\/?s={search_term_string}\"},\"query-input\":{\"@type\":\"PropertyValueSpecification\",\"valueRequired\":true,\"valueName\":\"search_term_string\"}}],\"inLanguage\":\"fr-FR\"}]}<\/script>\n<!-- \/ Yoast SEO plugin. -->","yoast_head_json":{"title":"Partenaires Electra Rewards - Electra Hotels &amp; Resorts","robots":{"index":"index","follow":"follow","max-snippet":"max-snippet:-1","max-image-preview":"max-image-preview:large","max-video-preview":"max-video-preview:-1"},"canonical":"https:\/\/www.electrahotels.gr\/fr\/partenaires-electra-rewards\/","og_locale":"fr_FR","og_type":"article","og_title":"Partenaires Electra Rewards - Electra Hotels &amp; Resorts","og_description":"B\u00e9n\u00e9ficier d&rsquo;avantages et de remises uniques sur notre r\u00e9seau croissant de partenaires : compagnies a\u00e9riennes, location de voitures, transferts priv\u00e9s, shopping et autres activit\u00e9s de loisirs.","og_url":"https:\/\/www.electrahotels.gr\/fr\/partenaires-electra-rewards\/","og_site_name":"Electra Hotels &amp; Resorts","article_modified_time":"2023-04-05T06:07:23+00:00","twitter_card":"summary_large_image","schema":{"@context":"https:\/\/schema.org","@graph":[{"@type":"WebPage","@id":"https:\/\/www.electrahotels.gr\/fr\/partenaires-electra-rewards\/","url":"https:\/\/www.electrahotels.gr\/fr\/partenaires-electra-rewards\/","name":"Partenaires Electra Rewards - Electra Hotels &amp; Resorts","isPartOf":{"@id":"https:\/\/www.electrahotels.gr\/fr\/#website"},"datePublished":"2021-11-26T15:34:00+00:00","dateModified":"2023-04-05T06:07:23+00:00","breadcrumb":{"@id":"https:\/\/www.electrahotels.gr\/fr\/partenaires-electra-rewards\/#breadcrumb"},"inLanguage":"fr-FR","potentialAction":[{"@type":"ReadAction","target":["https:\/\/www.electrahotels.gr\/fr\/partenaires-electra-rewards\/"]}]},{"@type":"BreadcrumbList","@id":"https:\/\/www.electrahotels.gr\/fr\/partenaires-electra-rewards\/#breadcrumb","itemListElement":[{"@type":"ListItem","position":1,"name":"Home","item":"https:\/\/www.electrahotels.gr\/fr\/"},{"@type":"ListItem","position":2,"name":"Partenaires Electra Rewards"}]},{"@type":"WebSite","@id":"https:\/\/www.electrahotels.gr\/fr\/#website","url":"https:\/\/www.electrahotels.gr\/fr\/","name":"Electra Hotels &amp; Resorts","description":"A group of luxury hotels in Athens, Thessaloniki, Rhodes and Kefalonia committed to offering quality hospitality, service and luxury","potentialAction":[{"@type":"SearchAction","target":{"@type":"EntryPoint","urlTemplate":"https:\/\/www.electrahotels.gr\/fr\/?s={search_term_string}"},"query-input":{"@type":"PropertyValueSpecification","valueRequired":true,"valueName":"search_term_string"}}],"inLanguage":"fr-FR"}]}},"_links":{"self":[{"href":"https:\/\/www.electrahotels.gr\/fr\/wp-json\/wp\/v2\/pages\/10578","targetHints":{"allow":["GET"]}}],"collection":[{"href":"https:\/\/www.electrahotels.gr\/fr\/wp-json\/wp\/v2\/pages"}],"about":[{"href":"https:\/\/www.electrahotels.gr\/fr\/wp-json\/wp\/v2\/types\/page"}],"author":[{"embeddable":true,"href":"https:\/\/www.electrahotels.gr\/fr\/wp-json\/wp\/v2\/users\/1"}],"replies":[{"embeddable":true,"href":"https:\/\/www.electrahotels.gr\/fr\/wp-json\/wp\/v2\/comments?post=10578"}],"version-history":[{"count":8,"href":"https:\/\/www.electrahotels.gr\/fr\/wp-json\/wp\/v2\/pages\/10578\/revisions"}],"predecessor-version":[{"id":31508,"href":"https:\/\/www.electrahotels.gr\/fr\/wp-json\/wp\/v2\/pages\/10578\/revisions\/31508"}],"wp:attachment":[{"href":"https:\/\/www.electrahotels.gr\/fr\/wp-json\/wp\/v2\/media?parent=10578"}],"wp:term":[{"taxonomy":"page_tag","embeddable":true,"href":"https:\/\/www.electrahotels.gr\/fr\/wp-json\/wp\/v2\/page_tag?post=10578"}],"curies":[{"name":"wp","href":"https:\/\/api.w.org\/{rel}","templated":true}]}}