{"id":11949,"date":"2022-01-15T11:46:22","date_gmt":"2022-01-15T09:46:22","guid":{"rendered":"https:\/\/www.electrahotels.gr\/accueil\/taxiplon\/"},"modified":"2024-02-12T11:49:01","modified_gmt":"2024-02-12T09:49:01","slug":"taxiplon","status":"publish","type":"page","link":"https:\/\/www.electrahotels.gr\/fr\/accueil\/taxiplon\/","title":{"rendered":"Taxiplon"},"content":{"rendered":"\n<p>Taxiplon est une entreprise innovante qui se consacre \u00e0 la fourniture de services de transport s\u00e9curis\u00e9s, s\u00fbrs et fiables, 24 heures sur 24 et 7 jours sur 7. O\u00f9 que vous soyez, quand vous en avez besoin, nos partenaires mettent \u00e0 votre disposition une flotte de voitures de luxe, constamment renouvel\u00e9e et inspect\u00e9e selon des normes \u00e9lev\u00e9es. <\/p>\n\n<p><\/p>\n","protected":false},"excerpt":{"rendered":"<p>Taxiplon est une entreprise innovante qui se consacre \u00e0 la fourniture de services de transport s\u00e9curis\u00e9s, s\u00fbrs et fiables, 24 heures sur 24 et 7 jours sur 7. O\u00f9 que vous soyez, quand vous en avez besoin, nos partenaires mettent \u00e0 votre disposition une flotte de voitures de luxe, constamment renouvel\u00e9e et inspect\u00e9e selon des<\/p>\n","protected":false},"author":1,"featured_media":10916,"parent":10280,"menu_order":0,"comment_status":"closed","ping_status":"closed","template":"page-templates\/single-restaurant.php","meta":{"_acf_changed":false,"footnotes":""},"page_tag":[],"class_list":["post-11949","page","type-page","status-publish","has-post-thumbnail","hentry"],"acf":[],"yoast_head":"<!-- This site is optimized with the Yoast SEO plugin v27.3 - https:\/\/yoast.com\/product\/yoast-seo-wordpress\/ -->\n<title>Taxiplon || Electra Hotels<\/title>\n<meta name=\"description\" content=\"D\u00e9couvrez un service de taxi exclusif avec Taxiplon, pour faciliter le transport dans la ville et b\u00e9n\u00e9ficier d&#039;avantages suppl\u00e9mentaires lorsque vous \u00eates client des h\u00f4tels Electra.\" \/>\n<meta name=\"robots\" content=\"index, follow, max-snippet:-1, max-image-preview:large, max-video-preview:-1\" \/>\n<link rel=\"canonical\" href=\"https:\/\/www.electrahotels.gr\/fr\/accueil\/taxiplon\/\" \/>\n<meta property=\"og:locale\" content=\"fr_FR\" \/>\n<meta property=\"og:type\" content=\"article\" \/>\n<meta property=\"og:title\" content=\"Taxiplon || Electra Hotels\" \/>\n<meta property=\"og:description\" content=\"D\u00e9couvrez un service de taxi exclusif avec Taxiplon, pour faciliter le transport dans la ville et b\u00e9n\u00e9ficier d&#039;avantages suppl\u00e9mentaires lorsque vous \u00eates client des h\u00f4tels Electra.\" \/>\n<meta property=\"og:url\" content=\"https:\/\/www.electrahotels.gr\/fr\/accueil\/taxiplon\/\" \/>\n<meta property=\"og:site_name\" content=\"Electra Hotels &amp; Resorts\" \/>\n<meta property=\"article:modified_time\" content=\"2024-02-12T09:49:01+00:00\" \/>\n<meta property=\"og:image\" content=\"https:\/\/www.electrahotels.gr\/app\/uploads\/2021\/12\/automobile-g3dd8cb638_1920.jpg\" \/>\n\t<meta property=\"og:image:width\" content=\"1920\" \/>\n\t<meta property=\"og:image:height\" content=\"1280\" \/>\n\t<meta property=\"og:image:type\" content=\"image\/jpeg\" \/>\n<meta name=\"twitter:card\" content=\"summary_large_image\" \/>\n<meta name=\"twitter:label1\" content=\"Dur\u00e9e de lecture estim\u00e9e\" \/>\n\t<meta name=\"twitter:data1\" content=\"1 minute\" \/>\n<script type=\"application\/ld+json\" class=\"yoast-schema-graph\">{\"@context\":\"https:\\\/\\\/schema.org\",\"@graph\":[{\"@type\":\"WebPage\",\"@id\":\"https:\\\/\\\/www.electrahotels.gr\\\/fr\\\/accueil\\\/taxiplon\\\/\",\"url\":\"https:\\\/\\\/www.electrahotels.gr\\\/fr\\\/accueil\\\/taxiplon\\\/\",\"name\":\"Taxiplon || Electra Hotels\",\"isPartOf\":{\"@id\":\"https:\\\/\\\/www.electrahotels.gr\\\/fr\\\/#website\"},\"primaryImageOfPage\":{\"@id\":\"https:\\\/\\\/www.electrahotels.gr\\\/fr\\\/accueil\\\/taxiplon\\\/#primaryimage\"},\"image\":{\"@id\":\"https:\\\/\\\/www.electrahotels.gr\\\/fr\\\/accueil\\\/taxiplon\\\/#primaryimage\"},\"thumbnailUrl\":\"https:\\\/\\\/www.electrahotels.gr\\\/app\\\/uploads\\\/2021\\\/12\\\/automobile-g3dd8cb638_1920.jpg\",\"datePublished\":\"2022-01-15T09:46:22+00:00\",\"dateModified\":\"2024-02-12T09:49:01+00:00\",\"description\":\"D\u00e9couvrez un service de taxi exclusif avec Taxiplon, pour faciliter le transport dans la ville et b\u00e9n\u00e9ficier d'avantages suppl\u00e9mentaires lorsque vous \u00eates client des h\u00f4tels Electra.\",\"breadcrumb\":{\"@id\":\"https:\\\/\\\/www.electrahotels.gr\\\/fr\\\/accueil\\\/taxiplon\\\/#breadcrumb\"},\"inLanguage\":\"fr-FR\",\"potentialAction\":[{\"@type\":\"ReadAction\",\"target\":[\"https:\\\/\\\/www.electrahotels.gr\\\/fr\\\/accueil\\\/taxiplon\\\/\"]}]},{\"@type\":\"ImageObject\",\"inLanguage\":\"fr-FR\",\"@id\":\"https:\\\/\\\/www.electrahotels.gr\\\/fr\\\/accueil\\\/taxiplon\\\/#primaryimage\",\"url\":\"https:\\\/\\\/www.electrahotels.gr\\\/app\\\/uploads\\\/2021\\\/12\\\/automobile-g3dd8cb638_1920.jpg\",\"contentUrl\":\"https:\\\/\\\/www.electrahotels.gr\\\/app\\\/uploads\\\/2021\\\/12\\\/automobile-g3dd8cb638_1920.jpg\",\"width\":1920,\"height\":1280},{\"@type\":\"BreadcrumbList\",\"@id\":\"https:\\\/\\\/www.electrahotels.gr\\\/fr\\\/accueil\\\/taxiplon\\\/#breadcrumb\",\"itemListElement\":[{\"@type\":\"ListItem\",\"position\":1,\"name\":\"Home\",\"item\":\"https:\\\/\\\/www.electrahotels.gr\\\/fr\\\/\"},{\"@type\":\"ListItem\",\"position\":2,\"name\":\"Accueil\",\"item\":\"https:\\\/\\\/www.electrahotels.gr\\\/fr\\\/\"},{\"@type\":\"ListItem\",\"position\":3,\"name\":\"Taxiplon\"}]},{\"@type\":\"WebSite\",\"@id\":\"https:\\\/\\\/www.electrahotels.gr\\\/fr\\\/#website\",\"url\":\"https:\\\/\\\/www.electrahotels.gr\\\/fr\\\/\",\"name\":\"Electra Hotels &amp; Resorts\",\"description\":\"A group of luxury hotels in Athens, Thessaloniki, Rhodes and Kefalonia committed to offering quality hospitality, service and luxury\",\"potentialAction\":[{\"@type\":\"SearchAction\",\"target\":{\"@type\":\"EntryPoint\",\"urlTemplate\":\"https:\\\/\\\/www.electrahotels.gr\\\/fr\\\/?s={search_term_string}\"},\"query-input\":{\"@type\":\"PropertyValueSpecification\",\"valueRequired\":true,\"valueName\":\"search_term_string\"}}],\"inLanguage\":\"fr-FR\"}]}<\/script>\n<!-- \/ Yoast SEO plugin. -->","yoast_head_json":{"title":"Taxiplon || Electra Hotels","description":"D\u00e9couvrez un service de taxi exclusif avec Taxiplon, pour faciliter le transport dans la ville et b\u00e9n\u00e9ficier d'avantages suppl\u00e9mentaires lorsque vous \u00eates client des h\u00f4tels Electra.","robots":{"index":"index","follow":"follow","max-snippet":"max-snippet:-1","max-image-preview":"max-image-preview:large","max-video-preview":"max-video-preview:-1"},"canonical":"https:\/\/www.electrahotels.gr\/fr\/accueil\/taxiplon\/","og_locale":"fr_FR","og_type":"article","og_title":"Taxiplon || Electra Hotels","og_description":"D\u00e9couvrez un service de taxi exclusif avec Taxiplon, pour faciliter le transport dans la ville et b\u00e9n\u00e9ficier d'avantages suppl\u00e9mentaires lorsque vous \u00eates client des h\u00f4tels Electra.","og_url":"https:\/\/www.electrahotels.gr\/fr\/accueil\/taxiplon\/","og_site_name":"Electra Hotels &amp; Resorts","article_modified_time":"2024-02-12T09:49:01+00:00","og_image":[{"width":1920,"height":1280,"url":"https:\/\/www.electrahotels.gr\/app\/uploads\/2021\/12\/automobile-g3dd8cb638_1920.jpg","type":"image\/jpeg"}],"twitter_card":"summary_large_image","twitter_misc":{"Dur\u00e9e de lecture estim\u00e9e":"1 minute"},"schema":{"@context":"https:\/\/schema.org","@graph":[{"@type":"WebPage","@id":"https:\/\/www.electrahotels.gr\/fr\/accueil\/taxiplon\/","url":"https:\/\/www.electrahotels.gr\/fr\/accueil\/taxiplon\/","name":"Taxiplon || Electra Hotels","isPartOf":{"@id":"https:\/\/www.electrahotels.gr\/fr\/#website"},"primaryImageOfPage":{"@id":"https:\/\/www.electrahotels.gr\/fr\/accueil\/taxiplon\/#primaryimage"},"image":{"@id":"https:\/\/www.electrahotels.gr\/fr\/accueil\/taxiplon\/#primaryimage"},"thumbnailUrl":"https:\/\/www.electrahotels.gr\/app\/uploads\/2021\/12\/automobile-g3dd8cb638_1920.jpg","datePublished":"2022-01-15T09:46:22+00:00","dateModified":"2024-02-12T09:49:01+00:00","description":"D\u00e9couvrez un service de taxi exclusif avec Taxiplon, pour faciliter le transport dans la ville et b\u00e9n\u00e9ficier d'avantages suppl\u00e9mentaires lorsque vous \u00eates client des h\u00f4tels Electra.","breadcrumb":{"@id":"https:\/\/www.electrahotels.gr\/fr\/accueil\/taxiplon\/#breadcrumb"},"inLanguage":"fr-FR","potentialAction":[{"@type":"ReadAction","target":["https:\/\/www.electrahotels.gr\/fr\/accueil\/taxiplon\/"]}]},{"@type":"ImageObject","inLanguage":"fr-FR","@id":"https:\/\/www.electrahotels.gr\/fr\/accueil\/taxiplon\/#primaryimage","url":"https:\/\/www.electrahotels.gr\/app\/uploads\/2021\/12\/automobile-g3dd8cb638_1920.jpg","contentUrl":"https:\/\/www.electrahotels.gr\/app\/uploads\/2021\/12\/automobile-g3dd8cb638_1920.jpg","width":1920,"height":1280},{"@type":"BreadcrumbList","@id":"https:\/\/www.electrahotels.gr\/fr\/accueil\/taxiplon\/#breadcrumb","itemListElement":[{"@type":"ListItem","position":1,"name":"Home","item":"https:\/\/www.electrahotels.gr\/fr\/"},{"@type":"ListItem","position":2,"name":"Accueil","item":"https:\/\/www.electrahotels.gr\/fr\/"},{"@type":"ListItem","position":3,"name":"Taxiplon"}]},{"@type":"WebSite","@id":"https:\/\/www.electrahotels.gr\/fr\/#website","url":"https:\/\/www.electrahotels.gr\/fr\/","name":"Electra Hotels &amp; Resorts","description":"A group of luxury hotels in Athens, Thessaloniki, Rhodes and Kefalonia committed to offering quality hospitality, service and luxury","potentialAction":[{"@type":"SearchAction","target":{"@type":"EntryPoint","urlTemplate":"https:\/\/www.electrahotels.gr\/fr\/?s={search_term_string}"},"query-input":{"@type":"PropertyValueSpecification","valueRequired":true,"valueName":"search_term_string"}}],"inLanguage":"fr-FR"}]}},"_links":{"self":[{"href":"https:\/\/www.electrahotels.gr\/fr\/wp-json\/wp\/v2\/pages\/11949","targetHints":{"allow":["GET"]}}],"collection":[{"href":"https:\/\/www.electrahotels.gr\/fr\/wp-json\/wp\/v2\/pages"}],"about":[{"href":"https:\/\/www.electrahotels.gr\/fr\/wp-json\/wp\/v2\/types\/page"}],"author":[{"embeddable":true,"href":"https:\/\/www.electrahotels.gr\/fr\/wp-json\/wp\/v2\/users\/1"}],"replies":[{"embeddable":true,"href":"https:\/\/www.electrahotels.gr\/fr\/wp-json\/wp\/v2\/comments?post=11949"}],"version-history":[{"count":4,"href":"https:\/\/www.electrahotels.gr\/fr\/wp-json\/wp\/v2\/pages\/11949\/revisions"}],"predecessor-version":[{"id":46589,"href":"https:\/\/www.electrahotels.gr\/fr\/wp-json\/wp\/v2\/pages\/11949\/revisions\/46589"}],"up":[{"embeddable":true,"href":"https:\/\/www.electrahotels.gr\/fr\/wp-json\/wp\/v2\/pages\/10280"}],"wp:featuredmedia":[{"embeddable":true,"href":"https:\/\/www.electrahotels.gr\/fr\/wp-json\/wp\/v2\/media\/10916"}],"wp:attachment":[{"href":"https:\/\/www.electrahotels.gr\/fr\/wp-json\/wp\/v2\/media?parent=11949"}],"wp:term":[{"taxonomy":"page_tag","embeddable":true,"href":"https:\/\/www.electrahotels.gr\/fr\/wp-json\/wp\/v2\/page_tag?post=11949"}],"curies":[{"name":"wp","href":"https:\/\/api.w.org\/{rel}","templated":true}]}}