{"id":11951,"date":"2022-01-15T11:46:24","date_gmt":"2022-01-15T09:46:24","guid":{"rendered":"https:\/\/www.electrahotels.gr\/accueil\/spas-aegeo\/"},"modified":"2024-08-30T11:46:13","modified_gmt":"2024-08-30T08:46:13","slug":"spas-aegeo","status":"publish","type":"page","link":"https:\/\/www.electrahotels.gr\/fr\/accueil\/spas-aegeo\/","title":{"rendered":"Spas Aegeo"},"content":{"rendered":"\n<p>Visitez Aegeos Spas, afin de profiter de services de dorlotement et de relaxation tout en profitant du partenariat avec Electra Rewards. Plus pr\u00e9cis\u00e9ment, lorsque vous achetez un traitement ou un service dans les spas Aegeos, vous pouvez gagner 10 points Electra Rewards pour chaque 1\u20ac d\u00e9pens\u00e9. <\/p>\n\n<p><\/p>\n","protected":false},"excerpt":{"rendered":"<p>Visitez Aegeos Spas, afin de profiter de services de dorlotement et de relaxation tout en profitant du partenariat avec Electra Rewards. Plus pr\u00e9cis\u00e9ment, lorsque vous achetez un traitement ou un service dans les spas Aegeos, vous pouvez gagner 10 points Electra Rewards pour chaque 1\u20ac d\u00e9pens\u00e9.<\/p>\n","protected":false},"author":1,"featured_media":10207,"parent":10280,"menu_order":0,"comment_status":"closed","ping_status":"closed","template":"page-templates\/single-restaurant.php","meta":{"_acf_changed":false,"footnotes":""},"page_tag":[],"class_list":["post-11951","page","type-page","status-publish","has-post-thumbnail","hentry"],"acf":[],"yoast_head":"<!-- This site is optimized with the Yoast SEO plugin v27.4 - https:\/\/yoast.com\/product\/yoast-seo-wordpress\/ -->\n<title>Aegeo Spas || Electra Hotels<\/title>\n<meta name=\"description\" content=\"Electra Hotels &amp; Resorts s&#039;est associ\u00e9 aux experts en bien-\u00eatre Aegeo Spas pour tous les traitements de spa. B\u00e9n\u00e9ficiez de r\u00e9ductions exclusives gr\u00e2ce \u00e0 notre programme de r\u00e9compenses.\" \/>\n<meta name=\"robots\" content=\"index, follow, max-snippet:-1, max-image-preview:large, max-video-preview:-1\" \/>\n<link rel=\"canonical\" href=\"https:\/\/www.electrahotels.gr\/fr\/accueil\/spas-aegeo\/\" \/>\n<meta property=\"og:locale\" content=\"fr_FR\" \/>\n<meta property=\"og:type\" content=\"article\" \/>\n<meta property=\"og:title\" content=\"Aegeo Spas || Electra Hotels\" \/>\n<meta property=\"og:description\" content=\"Electra Hotels &amp; Resorts s&#039;est associ\u00e9 aux experts en bien-\u00eatre Aegeo Spas pour tous les traitements de spa. B\u00e9n\u00e9ficiez de r\u00e9ductions exclusives gr\u00e2ce \u00e0 notre programme de r\u00e9compenses.\" \/>\n<meta property=\"og:url\" content=\"https:\/\/www.electrahotels.gr\/fr\/accueil\/spas-aegeo\/\" \/>\n<meta property=\"og:site_name\" content=\"Electra Hotels &amp; Resorts\" \/>\n<meta property=\"article:modified_time\" content=\"2024-08-30T08:46:13+00:00\" \/>\n<meta property=\"og:image\" content=\"https:\/\/www.electrahotels.gr\/app\/uploads\/2021\/10\/Electra_Kefalonia_Spa_Experience-8-1-scaled.jpg\" \/>\n\t<meta property=\"og:image:width\" content=\"1707\" \/>\n\t<meta property=\"og:image:height\" content=\"2560\" \/>\n\t<meta property=\"og:image:type\" content=\"image\/jpeg\" \/>\n<meta name=\"twitter:card\" content=\"summary_large_image\" \/>\n<meta name=\"twitter:label1\" content=\"Dur\u00e9e de lecture estim\u00e9e\" \/>\n\t<meta name=\"twitter:data1\" content=\"1 minute\" \/>\n<script type=\"application\/ld+json\" class=\"yoast-schema-graph\">{\"@context\":\"https:\\\/\\\/schema.org\",\"@graph\":[{\"@type\":\"WebPage\",\"@id\":\"https:\\\/\\\/www.electrahotels.gr\\\/fr\\\/accueil\\\/spas-aegeo\\\/\",\"url\":\"https:\\\/\\\/www.electrahotels.gr\\\/fr\\\/accueil\\\/spas-aegeo\\\/\",\"name\":\"Aegeo Spas || Electra Hotels\",\"isPartOf\":{\"@id\":\"https:\\\/\\\/www.electrahotels.gr\\\/fr\\\/#website\"},\"primaryImageOfPage\":{\"@id\":\"https:\\\/\\\/www.electrahotels.gr\\\/fr\\\/accueil\\\/spas-aegeo\\\/#primaryimage\"},\"image\":{\"@id\":\"https:\\\/\\\/www.electrahotels.gr\\\/fr\\\/accueil\\\/spas-aegeo\\\/#primaryimage\"},\"thumbnailUrl\":\"https:\\\/\\\/www.electrahotels.gr\\\/app\\\/uploads\\\/2021\\\/10\\\/Electra_Kefalonia_Spa_Experience-8-1-scaled.jpg\",\"datePublished\":\"2022-01-15T09:46:24+00:00\",\"dateModified\":\"2024-08-30T08:46:13+00:00\",\"description\":\"Electra Hotels & Resorts s'est associ\u00e9 aux experts en bien-\u00eatre Aegeo Spas pour tous les traitements de spa. B\u00e9n\u00e9ficiez de r\u00e9ductions exclusives gr\u00e2ce \u00e0 notre programme de r\u00e9compenses.\",\"breadcrumb\":{\"@id\":\"https:\\\/\\\/www.electrahotels.gr\\\/fr\\\/accueil\\\/spas-aegeo\\\/#breadcrumb\"},\"inLanguage\":\"fr-FR\",\"potentialAction\":[{\"@type\":\"ReadAction\",\"target\":[\"https:\\\/\\\/www.electrahotels.gr\\\/fr\\\/accueil\\\/spas-aegeo\\\/\"]}]},{\"@type\":\"ImageObject\",\"inLanguage\":\"fr-FR\",\"@id\":\"https:\\\/\\\/www.electrahotels.gr\\\/fr\\\/accueil\\\/spas-aegeo\\\/#primaryimage\",\"url\":\"https:\\\/\\\/www.electrahotels.gr\\\/app\\\/uploads\\\/2021\\\/10\\\/Electra_Kefalonia_Spa_Experience-8-1-scaled.jpg\",\"contentUrl\":\"https:\\\/\\\/www.electrahotels.gr\\\/app\\\/uploads\\\/2021\\\/10\\\/Electra_Kefalonia_Spa_Experience-8-1-scaled.jpg\",\"width\":1707,\"height\":2560},{\"@type\":\"BreadcrumbList\",\"@id\":\"https:\\\/\\\/www.electrahotels.gr\\\/fr\\\/accueil\\\/spas-aegeo\\\/#breadcrumb\",\"itemListElement\":[{\"@type\":\"ListItem\",\"position\":1,\"name\":\"Home\",\"item\":\"https:\\\/\\\/www.electrahotels.gr\\\/fr\\\/\"},{\"@type\":\"ListItem\",\"position\":2,\"name\":\"Accueil\",\"item\":\"https:\\\/\\\/www.electrahotels.gr\\\/fr\\\/\"},{\"@type\":\"ListItem\",\"position\":3,\"name\":\"Spas Aegeo\"}]},{\"@type\":\"WebSite\",\"@id\":\"https:\\\/\\\/www.electrahotels.gr\\\/fr\\\/#website\",\"url\":\"https:\\\/\\\/www.electrahotels.gr\\\/fr\\\/\",\"name\":\"Electra Hotels &amp; Resorts\",\"description\":\"A group of luxury hotels in Athens, Thessaloniki, Rhodes and Kefalonia committed to offering quality hospitality, service and luxury\",\"potentialAction\":[{\"@type\":\"SearchAction\",\"target\":{\"@type\":\"EntryPoint\",\"urlTemplate\":\"https:\\\/\\\/www.electrahotels.gr\\\/fr\\\/?s={search_term_string}\"},\"query-input\":{\"@type\":\"PropertyValueSpecification\",\"valueRequired\":true,\"valueName\":\"search_term_string\"}}],\"inLanguage\":\"fr-FR\"}]}<\/script>\n<!-- \/ Yoast SEO plugin. -->","yoast_head_json":{"title":"Aegeo Spas || Electra Hotels","description":"Electra Hotels & Resorts s'est associ\u00e9 aux experts en bien-\u00eatre Aegeo Spas pour tous les traitements de spa. B\u00e9n\u00e9ficiez de r\u00e9ductions exclusives gr\u00e2ce \u00e0 notre programme de r\u00e9compenses.","robots":{"index":"index","follow":"follow","max-snippet":"max-snippet:-1","max-image-preview":"max-image-preview:large","max-video-preview":"max-video-preview:-1"},"canonical":"https:\/\/www.electrahotels.gr\/fr\/accueil\/spas-aegeo\/","og_locale":"fr_FR","og_type":"article","og_title":"Aegeo Spas || Electra Hotels","og_description":"Electra Hotels & Resorts s'est associ\u00e9 aux experts en bien-\u00eatre Aegeo Spas pour tous les traitements de spa. B\u00e9n\u00e9ficiez de r\u00e9ductions exclusives gr\u00e2ce \u00e0 notre programme de r\u00e9compenses.","og_url":"https:\/\/www.electrahotels.gr\/fr\/accueil\/spas-aegeo\/","og_site_name":"Electra Hotels &amp; Resorts","article_modified_time":"2024-08-30T08:46:13+00:00","og_image":[{"width":1707,"height":2560,"url":"https:\/\/www.electrahotels.gr\/app\/uploads\/2021\/10\/Electra_Kefalonia_Spa_Experience-8-1-scaled.jpg","type":"image\/jpeg"}],"twitter_card":"summary_large_image","twitter_misc":{"Dur\u00e9e de lecture estim\u00e9e":"1 minute"},"schema":{"@context":"https:\/\/schema.org","@graph":[{"@type":"WebPage","@id":"https:\/\/www.electrahotels.gr\/fr\/accueil\/spas-aegeo\/","url":"https:\/\/www.electrahotels.gr\/fr\/accueil\/spas-aegeo\/","name":"Aegeo Spas || Electra Hotels","isPartOf":{"@id":"https:\/\/www.electrahotels.gr\/fr\/#website"},"primaryImageOfPage":{"@id":"https:\/\/www.electrahotels.gr\/fr\/accueil\/spas-aegeo\/#primaryimage"},"image":{"@id":"https:\/\/www.electrahotels.gr\/fr\/accueil\/spas-aegeo\/#primaryimage"},"thumbnailUrl":"https:\/\/www.electrahotels.gr\/app\/uploads\/2021\/10\/Electra_Kefalonia_Spa_Experience-8-1-scaled.jpg","datePublished":"2022-01-15T09:46:24+00:00","dateModified":"2024-08-30T08:46:13+00:00","description":"Electra Hotels & Resorts s'est associ\u00e9 aux experts en bien-\u00eatre Aegeo Spas pour tous les traitements de spa. B\u00e9n\u00e9ficiez de r\u00e9ductions exclusives gr\u00e2ce \u00e0 notre programme de r\u00e9compenses.","breadcrumb":{"@id":"https:\/\/www.electrahotels.gr\/fr\/accueil\/spas-aegeo\/#breadcrumb"},"inLanguage":"fr-FR","potentialAction":[{"@type":"ReadAction","target":["https:\/\/www.electrahotels.gr\/fr\/accueil\/spas-aegeo\/"]}]},{"@type":"ImageObject","inLanguage":"fr-FR","@id":"https:\/\/www.electrahotels.gr\/fr\/accueil\/spas-aegeo\/#primaryimage","url":"https:\/\/www.electrahotels.gr\/app\/uploads\/2021\/10\/Electra_Kefalonia_Spa_Experience-8-1-scaled.jpg","contentUrl":"https:\/\/www.electrahotels.gr\/app\/uploads\/2021\/10\/Electra_Kefalonia_Spa_Experience-8-1-scaled.jpg","width":1707,"height":2560},{"@type":"BreadcrumbList","@id":"https:\/\/www.electrahotels.gr\/fr\/accueil\/spas-aegeo\/#breadcrumb","itemListElement":[{"@type":"ListItem","position":1,"name":"Home","item":"https:\/\/www.electrahotels.gr\/fr\/"},{"@type":"ListItem","position":2,"name":"Accueil","item":"https:\/\/www.electrahotels.gr\/fr\/"},{"@type":"ListItem","position":3,"name":"Spas Aegeo"}]},{"@type":"WebSite","@id":"https:\/\/www.electrahotels.gr\/fr\/#website","url":"https:\/\/www.electrahotels.gr\/fr\/","name":"Electra Hotels &amp; Resorts","description":"A group of luxury hotels in Athens, Thessaloniki, Rhodes and Kefalonia committed to offering quality hospitality, service and luxury","potentialAction":[{"@type":"SearchAction","target":{"@type":"EntryPoint","urlTemplate":"https:\/\/www.electrahotels.gr\/fr\/?s={search_term_string}"},"query-input":{"@type":"PropertyValueSpecification","valueRequired":true,"valueName":"search_term_string"}}],"inLanguage":"fr-FR"}]}},"_links":{"self":[{"href":"https:\/\/www.electrahotels.gr\/fr\/wp-json\/wp\/v2\/pages\/11951","targetHints":{"allow":["GET"]}}],"collection":[{"href":"https:\/\/www.electrahotels.gr\/fr\/wp-json\/wp\/v2\/pages"}],"about":[{"href":"https:\/\/www.electrahotels.gr\/fr\/wp-json\/wp\/v2\/types\/page"}],"author":[{"embeddable":true,"href":"https:\/\/www.electrahotels.gr\/fr\/wp-json\/wp\/v2\/users\/1"}],"replies":[{"embeddable":true,"href":"https:\/\/www.electrahotels.gr\/fr\/wp-json\/wp\/v2\/comments?post=11951"}],"version-history":[{"count":2,"href":"https:\/\/www.electrahotels.gr\/fr\/wp-json\/wp\/v2\/pages\/11951\/revisions"}],"predecessor-version":[{"id":49704,"href":"https:\/\/www.electrahotels.gr\/fr\/wp-json\/wp\/v2\/pages\/11951\/revisions\/49704"}],"up":[{"embeddable":true,"href":"https:\/\/www.electrahotels.gr\/fr\/wp-json\/wp\/v2\/pages\/10280"}],"wp:featuredmedia":[{"embeddable":true,"href":"https:\/\/www.electrahotels.gr\/fr\/wp-json\/wp\/v2\/media\/10207"}],"wp:attachment":[{"href":"https:\/\/www.electrahotels.gr\/fr\/wp-json\/wp\/v2\/media?parent=11951"}],"wp:term":[{"taxonomy":"page_tag","embeddable":true,"href":"https:\/\/www.electrahotels.gr\/fr\/wp-json\/wp\/v2\/page_tag?post=11951"}],"curies":[{"name":"wp","href":"https:\/\/api.w.org\/{rel}","templated":true}]}}