{"id":11953,"date":"2022-01-15T11:48:02","date_gmt":"2022-01-15T09:48:02","guid":{"rendered":"https:\/\/www.electrahotels.gr\/accueil\/bijoux-amadora\/"},"modified":"2023-05-15T12:14:48","modified_gmt":"2023-05-15T09:14:48","slug":"bijoux-amadora","status":"publish","type":"page","link":"https:\/\/www.electrahotels.gr\/fr\/accueil\/bijoux-amadora\/","title":{"rendered":"Bijoux Amadora"},"content":{"rendered":"\n<p>Trouvez le cadeau d&rsquo;\u00e9t\u00e9 id\u00e9al ou offrez-vous un rayon de soleil. Explorez toute la nouvelle s\u00e9lection de bijoux et de montres pour femmes et hommes. Essayez les bijoux contemporains en argent, avec de charmants bracelets, des bagues \u00e9l\u00e9gantes, de superbes colliers et des boucles d&rsquo;oreilles color\u00e9es. <\/p>\n\n<p><\/p>\n","protected":false},"excerpt":{"rendered":"<p>Trouvez le cadeau d&rsquo;\u00e9t\u00e9 id\u00e9al ou offrez-vous un rayon de soleil. Explorez toute la nouvelle s\u00e9lection de bijoux et de montres pour femmes et hommes. Essayez les bijoux contemporains en argent, avec de charmants bracelets, des bagues \u00e9l\u00e9gantes, de superbes colliers et des boucles d&rsquo;oreilles color\u00e9es.<\/p>\n","protected":false},"author":1,"featured_media":10981,"parent":10280,"menu_order":0,"comment_status":"closed","ping_status":"closed","template":"page-templates\/single-restaurant.php","meta":{"_acf_changed":false,"footnotes":""},"page_tag":[],"class_list":["post-11953","page","type-page","status-publish","has-post-thumbnail","hentry"],"acf":[],"yoast_head":"<!-- This site is optimized with the Yoast SEO plugin v27.4 - https:\/\/yoast.com\/product\/yoast-seo-wordpress\/ -->\n<title>Bijoux Amadora || Electra Hotels<\/title>\n<meta name=\"description\" content=\"Essayez les bijoux contemporains en argent. Explorez toute la nouvelle s\u00e9lection de bijoux et de montres pour femmes et hommes.\" \/>\n<meta name=\"robots\" content=\"index, follow, max-snippet:-1, max-image-preview:large, max-video-preview:-1\" \/>\n<link rel=\"canonical\" href=\"https:\/\/www.electrahotels.gr\/fr\/accueil\/bijoux-amadora\/\" \/>\n<meta property=\"og:locale\" content=\"fr_FR\" \/>\n<meta property=\"og:type\" content=\"article\" \/>\n<meta property=\"og:title\" content=\"Bijoux Amadora || Electra Hotels\" \/>\n<meta property=\"og:description\" content=\"Essayez les bijoux contemporains en argent. Explorez toute la nouvelle s\u00e9lection de bijoux et de montres pour femmes et hommes.\" \/>\n<meta property=\"og:url\" content=\"https:\/\/www.electrahotels.gr\/fr\/accueil\/bijoux-amadora\/\" \/>\n<meta property=\"og:site_name\" content=\"Electra Hotels &amp; Resorts\" \/>\n<meta property=\"article:modified_time\" content=\"2023-05-15T09:14:48+00:00\" \/>\n<meta property=\"og:image\" content=\"https:\/\/www.electrahotels.gr\/app\/uploads\/sites\/75\/2021\/12\/craxiolia-1200x800-3.jpg\" \/>\n\t<meta property=\"og:image:width\" content=\"1200\" \/>\n\t<meta property=\"og:image:height\" content=\"800\" \/>\n\t<meta property=\"og:image:type\" content=\"image\/jpeg\" \/>\n<meta name=\"twitter:card\" content=\"summary_large_image\" \/>\n<script type=\"application\/ld+json\" class=\"yoast-schema-graph\">{\"@context\":\"https:\\\/\\\/schema.org\",\"@graph\":[{\"@type\":\"WebPage\",\"@id\":\"https:\\\/\\\/www.electrahotels.gr\\\/fr\\\/accueil\\\/bijoux-amadora\\\/\",\"url\":\"https:\\\/\\\/www.electrahotels.gr\\\/fr\\\/accueil\\\/bijoux-amadora\\\/\",\"name\":\"Bijoux Amadora || Electra Hotels\",\"isPartOf\":{\"@id\":\"https:\\\/\\\/www.electrahotels.gr\\\/fr\\\/#website\"},\"primaryImageOfPage\":{\"@id\":\"https:\\\/\\\/www.electrahotels.gr\\\/fr\\\/accueil\\\/bijoux-amadora\\\/#primaryimage\"},\"image\":{\"@id\":\"https:\\\/\\\/www.electrahotels.gr\\\/fr\\\/accueil\\\/bijoux-amadora\\\/#primaryimage\"},\"thumbnailUrl\":\"https:\\\/\\\/www.electrahotels.gr\\\/app\\\/uploads\\\/2021\\\/12\\\/craxiolia-1200x800-3.jpg\",\"datePublished\":\"2022-01-15T09:48:02+00:00\",\"dateModified\":\"2023-05-15T09:14:48+00:00\",\"description\":\"Essayez les bijoux contemporains en argent. Explorez toute la nouvelle s\u00e9lection de bijoux et de montres pour femmes et hommes.\",\"breadcrumb\":{\"@id\":\"https:\\\/\\\/www.electrahotels.gr\\\/fr\\\/accueil\\\/bijoux-amadora\\\/#breadcrumb\"},\"inLanguage\":\"fr-FR\",\"potentialAction\":[{\"@type\":\"ReadAction\",\"target\":[\"https:\\\/\\\/www.electrahotels.gr\\\/fr\\\/accueil\\\/bijoux-amadora\\\/\"]}]},{\"@type\":\"ImageObject\",\"inLanguage\":\"fr-FR\",\"@id\":\"https:\\\/\\\/www.electrahotels.gr\\\/fr\\\/accueil\\\/bijoux-amadora\\\/#primaryimage\",\"url\":\"https:\\\/\\\/www.electrahotels.gr\\\/app\\\/uploads\\\/2021\\\/12\\\/craxiolia-1200x800-3.jpg\",\"contentUrl\":\"https:\\\/\\\/www.electrahotels.gr\\\/app\\\/uploads\\\/2021\\\/12\\\/craxiolia-1200x800-3.jpg\",\"width\":1200,\"height\":800},{\"@type\":\"BreadcrumbList\",\"@id\":\"https:\\\/\\\/www.electrahotels.gr\\\/fr\\\/accueil\\\/bijoux-amadora\\\/#breadcrumb\",\"itemListElement\":[{\"@type\":\"ListItem\",\"position\":1,\"name\":\"Home\",\"item\":\"https:\\\/\\\/www.electrahotels.gr\\\/fr\\\/\"},{\"@type\":\"ListItem\",\"position\":2,\"name\":\"Accueil\",\"item\":\"https:\\\/\\\/www.electrahotels.gr\\\/fr\\\/\"},{\"@type\":\"ListItem\",\"position\":3,\"name\":\"Bijoux Amadora\"}]},{\"@type\":\"WebSite\",\"@id\":\"https:\\\/\\\/www.electrahotels.gr\\\/fr\\\/#website\",\"url\":\"https:\\\/\\\/www.electrahotels.gr\\\/fr\\\/\",\"name\":\"Electra Hotels &amp; Resorts\",\"description\":\"A group of luxury hotels in Athens, Thessaloniki, Rhodes and Kefalonia committed to offering quality hospitality, service and luxury\",\"potentialAction\":[{\"@type\":\"SearchAction\",\"target\":{\"@type\":\"EntryPoint\",\"urlTemplate\":\"https:\\\/\\\/www.electrahotels.gr\\\/fr\\\/?s={search_term_string}\"},\"query-input\":{\"@type\":\"PropertyValueSpecification\",\"valueRequired\":true,\"valueName\":\"search_term_string\"}}],\"inLanguage\":\"fr-FR\"}]}<\/script>\n<!-- \/ Yoast SEO plugin. -->","yoast_head_json":{"title":"Bijoux Amadora || Electra Hotels","description":"Essayez les bijoux contemporains en argent. Explorez toute la nouvelle s\u00e9lection de bijoux et de montres pour femmes et hommes.","robots":{"index":"index","follow":"follow","max-snippet":"max-snippet:-1","max-image-preview":"max-image-preview:large","max-video-preview":"max-video-preview:-1"},"canonical":"https:\/\/www.electrahotels.gr\/fr\/accueil\/bijoux-amadora\/","og_locale":"fr_FR","og_type":"article","og_title":"Bijoux Amadora || Electra Hotels","og_description":"Essayez les bijoux contemporains en argent. Explorez toute la nouvelle s\u00e9lection de bijoux et de montres pour femmes et hommes.","og_url":"https:\/\/www.electrahotels.gr\/fr\/accueil\/bijoux-amadora\/","og_site_name":"Electra Hotels &amp; Resorts","article_modified_time":"2023-05-15T09:14:48+00:00","og_image":[{"width":1200,"height":800,"url":"https:\/\/www.electrahotels.gr\/app\/uploads\/sites\/75\/2021\/12\/craxiolia-1200x800-3.jpg","type":"image\/jpeg"}],"twitter_card":"summary_large_image","schema":{"@context":"https:\/\/schema.org","@graph":[{"@type":"WebPage","@id":"https:\/\/www.electrahotels.gr\/fr\/accueil\/bijoux-amadora\/","url":"https:\/\/www.electrahotels.gr\/fr\/accueil\/bijoux-amadora\/","name":"Bijoux Amadora || Electra Hotels","isPartOf":{"@id":"https:\/\/www.electrahotels.gr\/fr\/#website"},"primaryImageOfPage":{"@id":"https:\/\/www.electrahotels.gr\/fr\/accueil\/bijoux-amadora\/#primaryimage"},"image":{"@id":"https:\/\/www.electrahotels.gr\/fr\/accueil\/bijoux-amadora\/#primaryimage"},"thumbnailUrl":"https:\/\/www.electrahotels.gr\/app\/uploads\/2021\/12\/craxiolia-1200x800-3.jpg","datePublished":"2022-01-15T09:48:02+00:00","dateModified":"2023-05-15T09:14:48+00:00","description":"Essayez les bijoux contemporains en argent. Explorez toute la nouvelle s\u00e9lection de bijoux et de montres pour femmes et hommes.","breadcrumb":{"@id":"https:\/\/www.electrahotels.gr\/fr\/accueil\/bijoux-amadora\/#breadcrumb"},"inLanguage":"fr-FR","potentialAction":[{"@type":"ReadAction","target":["https:\/\/www.electrahotels.gr\/fr\/accueil\/bijoux-amadora\/"]}]},{"@type":"ImageObject","inLanguage":"fr-FR","@id":"https:\/\/www.electrahotels.gr\/fr\/accueil\/bijoux-amadora\/#primaryimage","url":"https:\/\/www.electrahotels.gr\/app\/uploads\/2021\/12\/craxiolia-1200x800-3.jpg","contentUrl":"https:\/\/www.electrahotels.gr\/app\/uploads\/2021\/12\/craxiolia-1200x800-3.jpg","width":1200,"height":800},{"@type":"BreadcrumbList","@id":"https:\/\/www.electrahotels.gr\/fr\/accueil\/bijoux-amadora\/#breadcrumb","itemListElement":[{"@type":"ListItem","position":1,"name":"Home","item":"https:\/\/www.electrahotels.gr\/fr\/"},{"@type":"ListItem","position":2,"name":"Accueil","item":"https:\/\/www.electrahotels.gr\/fr\/"},{"@type":"ListItem","position":3,"name":"Bijoux Amadora"}]},{"@type":"WebSite","@id":"https:\/\/www.electrahotels.gr\/fr\/#website","url":"https:\/\/www.electrahotels.gr\/fr\/","name":"Electra Hotels &amp; Resorts","description":"A group of luxury hotels in Athens, Thessaloniki, Rhodes and Kefalonia committed to offering quality hospitality, service and luxury","potentialAction":[{"@type":"SearchAction","target":{"@type":"EntryPoint","urlTemplate":"https:\/\/www.electrahotels.gr\/fr\/?s={search_term_string}"},"query-input":{"@type":"PropertyValueSpecification","valueRequired":true,"valueName":"search_term_string"}}],"inLanguage":"fr-FR"}]}},"_links":{"self":[{"href":"https:\/\/www.electrahotels.gr\/fr\/wp-json\/wp\/v2\/pages\/11953","targetHints":{"allow":["GET"]}}],"collection":[{"href":"https:\/\/www.electrahotels.gr\/fr\/wp-json\/wp\/v2\/pages"}],"about":[{"href":"https:\/\/www.electrahotels.gr\/fr\/wp-json\/wp\/v2\/types\/page"}],"author":[{"embeddable":true,"href":"https:\/\/www.electrahotels.gr\/fr\/wp-json\/wp\/v2\/users\/1"}],"replies":[{"embeddable":true,"href":"https:\/\/www.electrahotels.gr\/fr\/wp-json\/wp\/v2\/comments?post=11953"}],"version-history":[{"count":1,"href":"https:\/\/www.electrahotels.gr\/fr\/wp-json\/wp\/v2\/pages\/11953\/revisions"}],"predecessor-version":[{"id":11954,"href":"https:\/\/www.electrahotels.gr\/fr\/wp-json\/wp\/v2\/pages\/11953\/revisions\/11954"}],"up":[{"embeddable":true,"href":"https:\/\/www.electrahotels.gr\/fr\/wp-json\/wp\/v2\/pages\/10280"}],"wp:featuredmedia":[{"embeddable":true,"href":"https:\/\/www.electrahotels.gr\/fr\/wp-json\/wp\/v2\/media\/10981"}],"wp:attachment":[{"href":"https:\/\/www.electrahotels.gr\/fr\/wp-json\/wp\/v2\/media?parent=11953"}],"wp:term":[{"taxonomy":"page_tag","embeddable":true,"href":"https:\/\/www.electrahotels.gr\/fr\/wp-json\/wp\/v2\/page_tag?post=11953"}],"curies":[{"name":"wp","href":"https:\/\/api.w.org\/{rel}","templated":true}]}}