{"id":11955,"date":"2022-01-15T11:48:03","date_gmt":"2022-01-15T09:48:03","guid":{"rendered":"https:\/\/www.electrahotels.gr\/accueil\/grands-magasins-de-lattique\/"},"modified":"2023-05-15T12:14:48","modified_gmt":"2023-05-15T09:14:48","slug":"grands-magasins-de-lattique","status":"publish","type":"page","link":"https:\/\/www.electrahotels.gr\/fr\/accueil\/grands-magasins-de-lattique\/","title":{"rendered":"Grands magasins de \u0391ttica"},"content":{"rendered":"\n<p>attica est la premi\u00e8re destination mode et beaut\u00e9 en Gr\u00e8ce, un guichet unique pour les marques de cr\u00e9ateurs \u00e0 Ath\u00e8nes et \u00e0 Thessalonique. Notre partenariat avec les grands magasins Attica vous donnera l&rsquo;occasion de d\u00e9couvrir un monde rempli de vos marques de mode et de beaut\u00e9 pr\u00e9f\u00e9r\u00e9es ! <\/p>\n\n<p><\/p>\n","protected":false},"excerpt":{"rendered":"<p>attica est la premi\u00e8re destination mode et beaut\u00e9 en Gr\u00e8ce, un guichet unique pour les marques de cr\u00e9ateurs \u00e0 Ath\u00e8nes et \u00e0 Thessalonique. Notre partenariat avec les grands magasins Attica vous donnera l&rsquo;occasion de d\u00e9couvrir un monde rempli de vos marques de mode et de beaut\u00e9 pr\u00e9f\u00e9r\u00e9es !<\/p>\n","protected":false},"author":1,"featured_media":10950,"parent":10280,"menu_order":0,"comment_status":"closed","ping_status":"closed","template":"page-templates\/single-restaurant.php","meta":{"_acf_changed":false,"footnotes":""},"page_tag":[],"class_list":["post-11955","page","type-page","status-publish","has-post-thumbnail","hentry"],"acf":[],"yoast_head":"<!-- This site is optimized with the Yoast SEO plugin v27.4 - https:\/\/yoast.com\/product\/yoast-seo-wordpress\/ -->\n<title>Grands magasins de \u0391ttica || Electra Hotels<\/title>\n<meta name=\"description\" content=\"Bienvenue \u00e0 Attica Stores, un guichet unique pour les marques de cr\u00e9ateurs \u00e0 Ath\u00e8nes et \u00e0 Thessalonique. Profitez de votre s\u00e9jour et obtenez un bon de r\u00e9duction\" \/>\n<meta name=\"robots\" content=\"index, follow, max-snippet:-1, max-image-preview:large, max-video-preview:-1\" \/>\n<link rel=\"canonical\" href=\"https:\/\/www.electrahotels.gr\/fr\/accueil\/grands-magasins-de-lattique\/\" \/>\n<meta property=\"og:locale\" content=\"fr_FR\" \/>\n<meta property=\"og:type\" content=\"article\" \/>\n<meta property=\"og:title\" content=\"Grands magasins de \u0391ttica || Electra Hotels\" \/>\n<meta property=\"og:description\" content=\"Bienvenue \u00e0 Attica Stores, un guichet unique pour les marques de cr\u00e9ateurs \u00e0 Ath\u00e8nes et \u00e0 Thessalonique. Profitez de votre s\u00e9jour et obtenez un bon de r\u00e9duction\" \/>\n<meta property=\"og:url\" content=\"https:\/\/www.electrahotels.gr\/fr\/accueil\/grands-magasins-de-lattique\/\" \/>\n<meta property=\"og:site_name\" content=\"Electra Hotels &amp; Resorts\" \/>\n<meta property=\"article:modified_time\" content=\"2023-05-15T09:14:48+00:00\" \/>\n<meta property=\"og:image\" content=\"https:\/\/www.electrahotels.gr\/app\/uploads\/sites\/75\/2021\/12\/goldenHall_2_516x367.jpg\" \/>\n\t<meta property=\"og:image:width\" content=\"516\" \/>\n\t<meta property=\"og:image:height\" content=\"367\" \/>\n\t<meta property=\"og:image:type\" content=\"image\/jpeg\" \/>\n<meta name=\"twitter:card\" content=\"summary_large_image\" \/>\n<script type=\"application\/ld+json\" class=\"yoast-schema-graph\">{\"@context\":\"https:\\\/\\\/schema.org\",\"@graph\":[{\"@type\":\"WebPage\",\"@id\":\"https:\\\/\\\/www.electrahotels.gr\\\/fr\\\/accueil\\\/grands-magasins-de-lattique\\\/\",\"url\":\"https:\\\/\\\/www.electrahotels.gr\\\/fr\\\/accueil\\\/grands-magasins-de-lattique\\\/\",\"name\":\"Grands magasins de \u0391ttica || Electra Hotels\",\"isPartOf\":{\"@id\":\"https:\\\/\\\/www.electrahotels.gr\\\/fr\\\/#website\"},\"primaryImageOfPage\":{\"@id\":\"https:\\\/\\\/www.electrahotels.gr\\\/fr\\\/accueil\\\/grands-magasins-de-lattique\\\/#primaryimage\"},\"image\":{\"@id\":\"https:\\\/\\\/www.electrahotels.gr\\\/fr\\\/accueil\\\/grands-magasins-de-lattique\\\/#primaryimage\"},\"thumbnailUrl\":\"https:\\\/\\\/www.electrahotels.gr\\\/app\\\/uploads\\\/2021\\\/12\\\/goldenHall_2_516x367.jpg\",\"datePublished\":\"2022-01-15T09:48:03+00:00\",\"dateModified\":\"2023-05-15T09:14:48+00:00\",\"description\":\"Bienvenue \u00e0 Attica Stores, un guichet unique pour les marques de cr\u00e9ateurs \u00e0 Ath\u00e8nes et \u00e0 Thessalonique. Profitez de votre s\u00e9jour et obtenez un bon de r\u00e9duction\",\"breadcrumb\":{\"@id\":\"https:\\\/\\\/www.electrahotels.gr\\\/fr\\\/accueil\\\/grands-magasins-de-lattique\\\/#breadcrumb\"},\"inLanguage\":\"fr-FR\",\"potentialAction\":[{\"@type\":\"ReadAction\",\"target\":[\"https:\\\/\\\/www.electrahotels.gr\\\/fr\\\/accueil\\\/grands-magasins-de-lattique\\\/\"]}]},{\"@type\":\"ImageObject\",\"inLanguage\":\"fr-FR\",\"@id\":\"https:\\\/\\\/www.electrahotels.gr\\\/fr\\\/accueil\\\/grands-magasins-de-lattique\\\/#primaryimage\",\"url\":\"https:\\\/\\\/www.electrahotels.gr\\\/app\\\/uploads\\\/2021\\\/12\\\/goldenHall_2_516x367.jpg\",\"contentUrl\":\"https:\\\/\\\/www.electrahotels.gr\\\/app\\\/uploads\\\/2021\\\/12\\\/goldenHall_2_516x367.jpg\",\"width\":516,\"height\":367},{\"@type\":\"BreadcrumbList\",\"@id\":\"https:\\\/\\\/www.electrahotels.gr\\\/fr\\\/accueil\\\/grands-magasins-de-lattique\\\/#breadcrumb\",\"itemListElement\":[{\"@type\":\"ListItem\",\"position\":1,\"name\":\"Home\",\"item\":\"https:\\\/\\\/www.electrahotels.gr\\\/fr\\\/\"},{\"@type\":\"ListItem\",\"position\":2,\"name\":\"Accueil\",\"item\":\"https:\\\/\\\/www.electrahotels.gr\\\/fr\\\/\"},{\"@type\":\"ListItem\",\"position\":3,\"name\":\"Grands magasins de \u0391ttica\"}]},{\"@type\":\"WebSite\",\"@id\":\"https:\\\/\\\/www.electrahotels.gr\\\/fr\\\/#website\",\"url\":\"https:\\\/\\\/www.electrahotels.gr\\\/fr\\\/\",\"name\":\"Electra Hotels &amp; Resorts\",\"description\":\"A group of luxury hotels in Athens, Thessaloniki, Rhodes and Kefalonia committed to offering quality hospitality, service and luxury\",\"potentialAction\":[{\"@type\":\"SearchAction\",\"target\":{\"@type\":\"EntryPoint\",\"urlTemplate\":\"https:\\\/\\\/www.electrahotels.gr\\\/fr\\\/?s={search_term_string}\"},\"query-input\":{\"@type\":\"PropertyValueSpecification\",\"valueRequired\":true,\"valueName\":\"search_term_string\"}}],\"inLanguage\":\"fr-FR\"}]}<\/script>\n<!-- \/ Yoast SEO plugin. -->","yoast_head_json":{"title":"Grands magasins de \u0391ttica || Electra Hotels","description":"Bienvenue \u00e0 Attica Stores, un guichet unique pour les marques de cr\u00e9ateurs \u00e0 Ath\u00e8nes et \u00e0 Thessalonique. Profitez de votre s\u00e9jour et obtenez un bon de r\u00e9duction","robots":{"index":"index","follow":"follow","max-snippet":"max-snippet:-1","max-image-preview":"max-image-preview:large","max-video-preview":"max-video-preview:-1"},"canonical":"https:\/\/www.electrahotels.gr\/fr\/accueil\/grands-magasins-de-lattique\/","og_locale":"fr_FR","og_type":"article","og_title":"Grands magasins de \u0391ttica || Electra Hotels","og_description":"Bienvenue \u00e0 Attica Stores, un guichet unique pour les marques de cr\u00e9ateurs \u00e0 Ath\u00e8nes et \u00e0 Thessalonique. Profitez de votre s\u00e9jour et obtenez un bon de r\u00e9duction","og_url":"https:\/\/www.electrahotels.gr\/fr\/accueil\/grands-magasins-de-lattique\/","og_site_name":"Electra Hotels &amp; Resorts","article_modified_time":"2023-05-15T09:14:48+00:00","og_image":[{"width":516,"height":367,"url":"https:\/\/www.electrahotels.gr\/app\/uploads\/sites\/75\/2021\/12\/goldenHall_2_516x367.jpg","type":"image\/jpeg"}],"twitter_card":"summary_large_image","schema":{"@context":"https:\/\/schema.org","@graph":[{"@type":"WebPage","@id":"https:\/\/www.electrahotels.gr\/fr\/accueil\/grands-magasins-de-lattique\/","url":"https:\/\/www.electrahotels.gr\/fr\/accueil\/grands-magasins-de-lattique\/","name":"Grands magasins de \u0391ttica || Electra Hotels","isPartOf":{"@id":"https:\/\/www.electrahotels.gr\/fr\/#website"},"primaryImageOfPage":{"@id":"https:\/\/www.electrahotels.gr\/fr\/accueil\/grands-magasins-de-lattique\/#primaryimage"},"image":{"@id":"https:\/\/www.electrahotels.gr\/fr\/accueil\/grands-magasins-de-lattique\/#primaryimage"},"thumbnailUrl":"https:\/\/www.electrahotels.gr\/app\/uploads\/2021\/12\/goldenHall_2_516x367.jpg","datePublished":"2022-01-15T09:48:03+00:00","dateModified":"2023-05-15T09:14:48+00:00","description":"Bienvenue \u00e0 Attica Stores, un guichet unique pour les marques de cr\u00e9ateurs \u00e0 Ath\u00e8nes et \u00e0 Thessalonique. Profitez de votre s\u00e9jour et obtenez un bon de r\u00e9duction","breadcrumb":{"@id":"https:\/\/www.electrahotels.gr\/fr\/accueil\/grands-magasins-de-lattique\/#breadcrumb"},"inLanguage":"fr-FR","potentialAction":[{"@type":"ReadAction","target":["https:\/\/www.electrahotels.gr\/fr\/accueil\/grands-magasins-de-lattique\/"]}]},{"@type":"ImageObject","inLanguage":"fr-FR","@id":"https:\/\/www.electrahotels.gr\/fr\/accueil\/grands-magasins-de-lattique\/#primaryimage","url":"https:\/\/www.electrahotels.gr\/app\/uploads\/2021\/12\/goldenHall_2_516x367.jpg","contentUrl":"https:\/\/www.electrahotels.gr\/app\/uploads\/2021\/12\/goldenHall_2_516x367.jpg","width":516,"height":367},{"@type":"BreadcrumbList","@id":"https:\/\/www.electrahotels.gr\/fr\/accueil\/grands-magasins-de-lattique\/#breadcrumb","itemListElement":[{"@type":"ListItem","position":1,"name":"Home","item":"https:\/\/www.electrahotels.gr\/fr\/"},{"@type":"ListItem","position":2,"name":"Accueil","item":"https:\/\/www.electrahotels.gr\/fr\/"},{"@type":"ListItem","position":3,"name":"Grands magasins de \u0391ttica"}]},{"@type":"WebSite","@id":"https:\/\/www.electrahotels.gr\/fr\/#website","url":"https:\/\/www.electrahotels.gr\/fr\/","name":"Electra Hotels &amp; Resorts","description":"A group of luxury hotels in Athens, Thessaloniki, Rhodes and Kefalonia committed to offering quality hospitality, service and luxury","potentialAction":[{"@type":"SearchAction","target":{"@type":"EntryPoint","urlTemplate":"https:\/\/www.electrahotels.gr\/fr\/?s={search_term_string}"},"query-input":{"@type":"PropertyValueSpecification","valueRequired":true,"valueName":"search_term_string"}}],"inLanguage":"fr-FR"}]}},"_links":{"self":[{"href":"https:\/\/www.electrahotels.gr\/fr\/wp-json\/wp\/v2\/pages\/11955","targetHints":{"allow":["GET"]}}],"collection":[{"href":"https:\/\/www.electrahotels.gr\/fr\/wp-json\/wp\/v2\/pages"}],"about":[{"href":"https:\/\/www.electrahotels.gr\/fr\/wp-json\/wp\/v2\/types\/page"}],"author":[{"embeddable":true,"href":"https:\/\/www.electrahotels.gr\/fr\/wp-json\/wp\/v2\/users\/1"}],"replies":[{"embeddable":true,"href":"https:\/\/www.electrahotels.gr\/fr\/wp-json\/wp\/v2\/comments?post=11955"}],"version-history":[{"count":2,"href":"https:\/\/www.electrahotels.gr\/fr\/wp-json\/wp\/v2\/pages\/11955\/revisions"}],"predecessor-version":[{"id":31465,"href":"https:\/\/www.electrahotels.gr\/fr\/wp-json\/wp\/v2\/pages\/11955\/revisions\/31465"}],"up":[{"embeddable":true,"href":"https:\/\/www.electrahotels.gr\/fr\/wp-json\/wp\/v2\/pages\/10280"}],"wp:featuredmedia":[{"embeddable":true,"href":"https:\/\/www.electrahotels.gr\/fr\/wp-json\/wp\/v2\/media\/10950"}],"wp:attachment":[{"href":"https:\/\/www.electrahotels.gr\/fr\/wp-json\/wp\/v2\/media?parent=11955"}],"wp:term":[{"taxonomy":"page_tag","embeddable":true,"href":"https:\/\/www.electrahotels.gr\/fr\/wp-json\/wp\/v2\/page_tag?post=11955"}],"curies":[{"name":"wp","href":"https:\/\/api.w.org\/{rel}","templated":true}]}}