{"id":18334,"date":"2022-03-10T11:52:04","date_gmt":"2022-03-10T09:52:04","guid":{"rendered":"https:\/\/www.electrahotels.gr\/copie-de-lapplication-mobile-delectra-hotels\/"},"modified":"2024-10-14T09:37:34","modified_gmt":"2024-10-14T06:37:34","slug":"copie-de-lapplication-mobile-delectra-hotels","status":"publish","type":"page","link":"https:\/\/www.electrahotels.gr\/fr\/copie-de-lapplication-mobile-delectra-hotels\/","title":{"rendered":"Politique de s\u00e9curit\u00e9 alimentaire d&rsquo;Electra"},"content":{"rendered":"\n<p style=\"font-size:16px\">Electra Hotels &amp; Resorts Group is fully aligned with modern needs and is committed to providing high-quality services across our hotels, with the safety of our guests as our primary objective. A key component of our premium services is ensuring the quality and safety of the food products we offer to our guests, by taking measures at all stages of preparation and throughout our supply chain.<\/p>\n\n\n\n<p style=\"font-size:16px\">To be best-in-class and deliver consistent, high-quality products while ensuring profitability in a highly competitive environment, we have established, implemented, and maintained an up-to-date food safety policy based on the following principles:<\/p>\n\n\n\n<ul class=\"wp-block-list\">\n<li style=\"font-size:16px\">Comply with the principles of the Food Safety Management System, developed in accordance with the ISO 22000:2018 standard.<\/li>\n\n\n\n<li style=\"font-size:16px\">Follow procedures and strive for continuous improvement in both our services and the internal processes of the company.<\/li>\n\n\n\n<li style=\"font-size:16px\">Provide regular training on food safety and hygiene to employees, ensuring they are kept updated.<\/li>\n\n\n\n<li style=\"font-size:16px\">Regularly verify the Food Safety Management System.<\/li>\n\n\n\n<li style=\"font-size:16px\">Monitor all critical control points and prerequisites for food safety during food handling.<\/li>\n\n\n\n<li style=\"font-size:16px\">Ensure resources are available for maintaining and updating the Food Safety Management System, purchasing new equipment, improving facilities and infrastructure, and creating a positive working environment.<\/li>\n\n\n\n<li style=\"font-size:16px\">Maintain open communication with suppliers, customers, authorities, and other external partners.<\/li>\n\n\n\n<li style=\"font-size:16px\">Monitor and implement all relevant legislative requirements.<\/li>\n\n\n\n<li style=\"font-size:16px\">Protect the environment and continuously reduce our environmental footprint.<\/li>\n<\/ul>\n\n\n\n<p style=\"font-size:16px\">These principles are achieved through:<\/p>\n\n\n\n<ul class=\"wp-block-list\">\n<li style=\"font-size:16px\">Measuring relevant indicators and setting ambitious targets for food safety.<\/li>\n\n\n\n<li style=\"font-size:16px\">Taking corrective actions when necessary and treating complaints, failures, non-conformities, and weaknesses as opportunities for improvement.<\/li>\n\n\n\n<li style=\"font-size:16px\">Holding regular meetings to facilitate the exchange of information and experiences.<\/li>\n\n\n\n<li style=\"font-size:16px\">Monitoring the effectiveness of the Food Safety Management System and ensuring the necessary resources are provided to maintain and update it.<\/li>\n\n\n\n<li style=\"font-size:16px\">Fostering and continuously reinforcing a corporate food safety culture among our employees.<\/li>\n<\/ul>\n\n\n\n<div class=\"wp-block-columns alignwide\">\n<div class=\"wp-block-column\" style=\"flex-basis:100%\">\n<p style=\"font-size:16px\">As part of our commitment to continuous improvement, our Group identifies threats and opportunities, evaluates them, and sets targets to minimize risks and capitalize on opportunities. Additionally, we assess internal and external factors, as well as stakeholder interests, to clearly define the framework for the company&rsquo;s operations.<\/p>\n\n\n\n<p style=\"font-size:16px\">Through these efforts, we ensure our goals are achieved and take pride in working as a team to advance the success of our hotels.<\/p>\n<\/div>\n<\/div>\n\n\n\n<p style=\"font-size:14px\">10-2024 Approved by: CEO Electra Hotels &amp; Resorts, Giannis A. Retsos<\/p>\n\n\n\n<div class=\"wp-block-columns mt-5 row\"><\/div>\n\n\n\n<div class=\"wp-block-columns mt-5 row\">\n<div class=\"wp-block-column col-12 col-md-6\"><\/div>\n\n\n\n<div class=\"wp-block-column col-12 col-md-6 mt-5 mt-md-0\"><\/div>\n<\/div>\n\n\n\n<div class=\"wp-block-columns mt-5 row\">\n<div class=\"wp-block-column col-12 col-md-6\"><\/div>\n\n\n\n<div class=\"wp-block-column col-12 col-md-6 mt-5 mt-md-0\"><\/div>\n<\/div>\n","protected":false},"excerpt":{"rendered":"<p>Electra Hotels &amp; Resorts Group is fully aligned with modern needs and is committed to providing high-quality services across our hotels, with the safety of our guests as our primary objective. A key component of our premium services is ensuring the quality and safety of the food products we offer to our guests, by taking<\/p>\n","protected":false},"author":8,"featured_media":0,"parent":0,"menu_order":0,"comment_status":"closed","ping_status":"closed","template":"","meta":{"_acf_changed":false,"footnotes":""},"page_tag":[],"class_list":["post-18334","page","type-page","status-publish","hentry"],"acf":[],"yoast_head":"<!-- This site is optimized with the Yoast SEO plugin v27.4 - https:\/\/yoast.com\/product\/yoast-seo-wordpress\/ -->\n<title>Politique de s\u00e9curit\u00e9 alimentaire d&#039;Electra - Electra Hotels &amp; Resorts<\/title>\n<meta name=\"description\" content=\"Vous trouverez ici toutes les informations relatives \u00e0 la politique de s\u00e9curit\u00e9 alimentaire des h\u00f4tels Electra, y compris la mani\u00e8re dont nous garantissons la qualit\u00e9 des aliments que nous vous servons, et bien plus encore.\" \/>\n<meta name=\"robots\" content=\"index, follow, max-snippet:-1, max-image-preview:large, max-video-preview:-1\" \/>\n<link rel=\"canonical\" href=\"https:\/\/www.electrahotels.gr\/fr\/copie-de-lapplication-mobile-delectra-hotels\/\" \/>\n<meta property=\"og:locale\" content=\"fr_FR\" \/>\n<meta property=\"og:type\" content=\"article\" \/>\n<meta property=\"og:title\" content=\"Politique de s\u00e9curit\u00e9 alimentaire d&#039;Electra - Electra Hotels &amp; Resorts\" \/>\n<meta property=\"og:description\" content=\"Vous trouverez ici toutes les informations relatives \u00e0 la politique de s\u00e9curit\u00e9 alimentaire des h\u00f4tels Electra, y compris la mani\u00e8re dont nous garantissons la qualit\u00e9 des aliments que nous vous servons, et bien plus encore.\" \/>\n<meta property=\"og:url\" content=\"https:\/\/www.electrahotels.gr\/fr\/copie-de-lapplication-mobile-delectra-hotels\/\" \/>\n<meta property=\"og:site_name\" content=\"Electra Hotels &amp; Resorts\" \/>\n<meta property=\"article:modified_time\" content=\"2024-10-14T06:37:34+00:00\" \/>\n<meta name=\"twitter:card\" content=\"summary_large_image\" \/>\n<meta name=\"twitter:label1\" content=\"Dur\u00e9e de lecture estim\u00e9e\" \/>\n\t<meta name=\"twitter:data1\" content=\"2 minutes\" \/>\n<script type=\"application\/ld+json\" class=\"yoast-schema-graph\">{\"@context\":\"https:\\\/\\\/schema.org\",\"@graph\":[{\"@type\":\"WebPage\",\"@id\":\"https:\\\/\\\/www.electrahotels.gr\\\/fr\\\/copie-de-lapplication-mobile-delectra-hotels\\\/\",\"url\":\"https:\\\/\\\/www.electrahotels.gr\\\/fr\\\/copie-de-lapplication-mobile-delectra-hotels\\\/\",\"name\":\"Politique de s\u00e9curit\u00e9 alimentaire d'Electra - Electra Hotels &amp; Resorts\",\"isPartOf\":{\"@id\":\"https:\\\/\\\/www.electrahotels.gr\\\/fr\\\/#website\"},\"datePublished\":\"2022-03-10T09:52:04+00:00\",\"dateModified\":\"2024-10-14T06:37:34+00:00\",\"description\":\"Vous trouverez ici toutes les informations relatives \u00e0 la politique de s\u00e9curit\u00e9 alimentaire des h\u00f4tels Electra, y compris la mani\u00e8re dont nous garantissons la qualit\u00e9 des aliments que nous vous servons, et bien plus encore.\",\"breadcrumb\":{\"@id\":\"https:\\\/\\\/www.electrahotels.gr\\\/fr\\\/copie-de-lapplication-mobile-delectra-hotels\\\/#breadcrumb\"},\"inLanguage\":\"fr-FR\",\"potentialAction\":[{\"@type\":\"ReadAction\",\"target\":[\"https:\\\/\\\/www.electrahotels.gr\\\/fr\\\/copie-de-lapplication-mobile-delectra-hotels\\\/\"]}]},{\"@type\":\"BreadcrumbList\",\"@id\":\"https:\\\/\\\/www.electrahotels.gr\\\/fr\\\/copie-de-lapplication-mobile-delectra-hotels\\\/#breadcrumb\",\"itemListElement\":[{\"@type\":\"ListItem\",\"position\":1,\"name\":\"Home\",\"item\":\"https:\\\/\\\/www.electrahotels.gr\\\/fr\\\/\"},{\"@type\":\"ListItem\",\"position\":2,\"name\":\"Politique de s\u00e9curit\u00e9 alimentaire d&rsquo;Electra\"}]},{\"@type\":\"WebSite\",\"@id\":\"https:\\\/\\\/www.electrahotels.gr\\\/fr\\\/#website\",\"url\":\"https:\\\/\\\/www.electrahotels.gr\\\/fr\\\/\",\"name\":\"Electra Hotels &amp; Resorts\",\"description\":\"A group of luxury hotels in Athens, Thessaloniki, Rhodes and Kefalonia committed to offering quality hospitality, service and luxury\",\"potentialAction\":[{\"@type\":\"SearchAction\",\"target\":{\"@type\":\"EntryPoint\",\"urlTemplate\":\"https:\\\/\\\/www.electrahotels.gr\\\/fr\\\/?s={search_term_string}\"},\"query-input\":{\"@type\":\"PropertyValueSpecification\",\"valueRequired\":true,\"valueName\":\"search_term_string\"}}],\"inLanguage\":\"fr-FR\"}]}<\/script>\n<!-- \/ Yoast SEO plugin. -->","yoast_head_json":{"title":"Politique de s\u00e9curit\u00e9 alimentaire d'Electra - Electra Hotels &amp; Resorts","description":"Vous trouverez ici toutes les informations relatives \u00e0 la politique de s\u00e9curit\u00e9 alimentaire des h\u00f4tels Electra, y compris la mani\u00e8re dont nous garantissons la qualit\u00e9 des aliments que nous vous servons, et bien plus encore.","robots":{"index":"index","follow":"follow","max-snippet":"max-snippet:-1","max-image-preview":"max-image-preview:large","max-video-preview":"max-video-preview:-1"},"canonical":"https:\/\/www.electrahotels.gr\/fr\/copie-de-lapplication-mobile-delectra-hotels\/","og_locale":"fr_FR","og_type":"article","og_title":"Politique de s\u00e9curit\u00e9 alimentaire d'Electra - Electra Hotels &amp; Resorts","og_description":"Vous trouverez ici toutes les informations relatives \u00e0 la politique de s\u00e9curit\u00e9 alimentaire des h\u00f4tels Electra, y compris la mani\u00e8re dont nous garantissons la qualit\u00e9 des aliments que nous vous servons, et bien plus encore.","og_url":"https:\/\/www.electrahotels.gr\/fr\/copie-de-lapplication-mobile-delectra-hotels\/","og_site_name":"Electra Hotels &amp; Resorts","article_modified_time":"2024-10-14T06:37:34+00:00","twitter_card":"summary_large_image","twitter_misc":{"Dur\u00e9e de lecture estim\u00e9e":"2 minutes"},"schema":{"@context":"https:\/\/schema.org","@graph":[{"@type":"WebPage","@id":"https:\/\/www.electrahotels.gr\/fr\/copie-de-lapplication-mobile-delectra-hotels\/","url":"https:\/\/www.electrahotels.gr\/fr\/copie-de-lapplication-mobile-delectra-hotels\/","name":"Politique de s\u00e9curit\u00e9 alimentaire d'Electra - Electra Hotels &amp; Resorts","isPartOf":{"@id":"https:\/\/www.electrahotels.gr\/fr\/#website"},"datePublished":"2022-03-10T09:52:04+00:00","dateModified":"2024-10-14T06:37:34+00:00","description":"Vous trouverez ici toutes les informations relatives \u00e0 la politique de s\u00e9curit\u00e9 alimentaire des h\u00f4tels Electra, y compris la mani\u00e8re dont nous garantissons la qualit\u00e9 des aliments que nous vous servons, et bien plus encore.","breadcrumb":{"@id":"https:\/\/www.electrahotels.gr\/fr\/copie-de-lapplication-mobile-delectra-hotels\/#breadcrumb"},"inLanguage":"fr-FR","potentialAction":[{"@type":"ReadAction","target":["https:\/\/www.electrahotels.gr\/fr\/copie-de-lapplication-mobile-delectra-hotels\/"]}]},{"@type":"BreadcrumbList","@id":"https:\/\/www.electrahotels.gr\/fr\/copie-de-lapplication-mobile-delectra-hotels\/#breadcrumb","itemListElement":[{"@type":"ListItem","position":1,"name":"Home","item":"https:\/\/www.electrahotels.gr\/fr\/"},{"@type":"ListItem","position":2,"name":"Politique de s\u00e9curit\u00e9 alimentaire d&rsquo;Electra"}]},{"@type":"WebSite","@id":"https:\/\/www.electrahotels.gr\/fr\/#website","url":"https:\/\/www.electrahotels.gr\/fr\/","name":"Electra Hotels &amp; Resorts","description":"A group of luxury hotels in Athens, Thessaloniki, Rhodes and Kefalonia committed to offering quality hospitality, service and luxury","potentialAction":[{"@type":"SearchAction","target":{"@type":"EntryPoint","urlTemplate":"https:\/\/www.electrahotels.gr\/fr\/?s={search_term_string}"},"query-input":{"@type":"PropertyValueSpecification","valueRequired":true,"valueName":"search_term_string"}}],"inLanguage":"fr-FR"}]}},"_links":{"self":[{"href":"https:\/\/www.electrahotels.gr\/fr\/wp-json\/wp\/v2\/pages\/18334","targetHints":{"allow":["GET"]}}],"collection":[{"href":"https:\/\/www.electrahotels.gr\/fr\/wp-json\/wp\/v2\/pages"}],"about":[{"href":"https:\/\/www.electrahotels.gr\/fr\/wp-json\/wp\/v2\/types\/page"}],"author":[{"embeddable":true,"href":"https:\/\/www.electrahotels.gr\/fr\/wp-json\/wp\/v2\/users\/8"}],"replies":[{"embeddable":true,"href":"https:\/\/www.electrahotels.gr\/fr\/wp-json\/wp\/v2\/comments?post=18334"}],"version-history":[{"count":12,"href":"https:\/\/www.electrahotels.gr\/fr\/wp-json\/wp\/v2\/pages\/18334\/revisions"}],"predecessor-version":[{"id":50118,"href":"https:\/\/www.electrahotels.gr\/fr\/wp-json\/wp\/v2\/pages\/18334\/revisions\/50118"}],"wp:attachment":[{"href":"https:\/\/www.electrahotels.gr\/fr\/wp-json\/wp\/v2\/media?parent=18334"}],"wp:term":[{"taxonomy":"page_tag","embeddable":true,"href":"https:\/\/www.electrahotels.gr\/fr\/wp-json\/wp\/v2\/page_tag?post=18334"}],"curies":[{"name":"wp","href":"https:\/\/api.w.org\/{rel}","templated":true}]}}