{"id":34732,"date":"2023-01-19T13:27:00","date_gmt":"2023-01-19T11:27:00","guid":{"rendered":"https:\/\/www.electrahotels.gr\/?page_id=34732"},"modified":"2023-09-22T16:40:10","modified_gmt":"2023-09-22T13:40:10","slug":"reamenagement-complet-de-la-propriete-en-2023-test","status":"publish","type":"page","link":"https:\/\/www.electrahotels.gr\/fr\/nos-hotels\/electra-palace-rhodes\/reamenagement-complet-de-la-propriete-en-2023-test\/","title":{"rendered":"L&rsquo;exp\u00e9rience de l&rsquo;Electra Palace \u00e0 Rhodes"},"content":{"rendered":"\n<h3 class=\"wp-block-heading h5 text-secondary\">Le tout nouveau look des vacances en hauteur<\/h3>\n\n\n\n<p>Apr\u00e8s d&rsquo;importants travaux de r\u00e9novation, nous sommes ravis de d\u00e9voiler le tout nouveau visage de l&rsquo;Electra Palace Rhodes, qui offre un tout nouveau niveau d&rsquo;exp\u00e9rience de vacances sur l&rsquo;\u00eele de Rhodes.<\/p>\n","protected":false},"excerpt":{"rendered":"<p>Le tout nouveau look des vacances en hauteur Apr\u00e8s d&rsquo;importants travaux de r\u00e9novation, nous sommes ravis de d\u00e9voiler le tout nouveau visage de l&rsquo;Electra Palace Rhodes, qui offre un tout nouveau niveau d&rsquo;exp\u00e9rience de vacances sur l&rsquo;\u00eele de Rhodes.<\/p>\n","protected":false},"author":1,"featured_media":32422,"parent":10346,"menu_order":0,"comment_status":"closed","ping_status":"closed","template":"page-templates\/hotel-landing-page.php","meta":{"_acf_changed":false,"footnotes":""},"page_tag":[],"class_list":["post-34732","page","type-page","status-publish","has-post-thumbnail","hentry"],"acf":[],"yoast_head":"<!-- This site is optimized with the Yoast SEO plugin v27.4 - https:\/\/yoast.com\/product\/yoast-seo-wordpress\/ -->\n<title>L&#039;exp\u00e9rience de l&#039;Electra Palace \u00e0 Rhodes - Electra Hotels &amp; Resorts<\/title>\n<meta name=\"description\" content=\"L&#039;Electra Palace Rhodes fait l&#039;objet d&#039;une r\u00e9novation compl\u00e8te et pr\u00e9voit d&#039;\u00eatre inaugur\u00e9 pour le d\u00e9but de la saison 2023.\" \/>\n<meta name=\"robots\" content=\"index, follow, max-snippet:-1, max-image-preview:large, max-video-preview:-1\" \/>\n<link rel=\"canonical\" href=\"https:\/\/www.electrahotels.gr\/fr\/nos-hotels\/electra-palace-rhodes\/reamenagement-complet-de-la-propriete-en-2023-test\/\" \/>\n<meta property=\"og:locale\" content=\"fr_FR\" \/>\n<meta property=\"og:type\" content=\"article\" \/>\n<meta property=\"og:title\" content=\"L&#039;exp\u00e9rience de l&#039;Electra Palace \u00e0 Rhodes - Electra Hotels &amp; Resorts\" \/>\n<meta property=\"og:description\" content=\"L&#039;Electra Palace Rhodes fait l&#039;objet d&#039;une r\u00e9novation compl\u00e8te et pr\u00e9voit d&#039;\u00eatre inaugur\u00e9 pour le d\u00e9but de la saison 2023.\" \/>\n<meta property=\"og:url\" content=\"https:\/\/www.electrahotels.gr\/fr\/nos-hotels\/electra-palace-rhodes\/reamenagement-complet-de-la-propriete-en-2023-test\/\" \/>\n<meta property=\"og:site_name\" content=\"Electra Hotels &amp; Resorts\" \/>\n<meta property=\"article:modified_time\" content=\"2023-09-22T13:40:10+00:00\" \/>\n<meta property=\"og:image\" content=\"https:\/\/www.electrahotels.gr\/app\/uploads\/sites\/75\/2022\/11\/POOL-ISLE.jpg\" \/>\n\t<meta property=\"og:image:width\" content=\"1920\" \/>\n\t<meta property=\"og:image:height\" content=\"1080\" \/>\n\t<meta property=\"og:image:type\" content=\"image\/jpeg\" \/>\n<meta name=\"twitter:card\" content=\"summary_large_image\" \/>\n<meta name=\"twitter:label1\" content=\"Dur\u00e9e de lecture estim\u00e9e\" \/>\n\t<meta name=\"twitter:data1\" content=\"1 minute\" \/>\n<script type=\"application\/ld+json\" class=\"yoast-schema-graph\">{\"@context\":\"https:\\\/\\\/schema.org\",\"@graph\":[{\"@type\":\"WebPage\",\"@id\":\"https:\\\/\\\/www.electrahotels.gr\\\/fr\\\/nos-hotels\\\/electra-palace-rhodes\\\/reamenagement-complet-de-la-propriete-en-2023-test\\\/\",\"url\":\"https:\\\/\\\/www.electrahotels.gr\\\/fr\\\/nos-hotels\\\/electra-palace-rhodes\\\/reamenagement-complet-de-la-propriete-en-2023-test\\\/\",\"name\":\"L'exp\u00e9rience de l'Electra Palace \u00e0 Rhodes - Electra Hotels &amp; Resorts\",\"isPartOf\":{\"@id\":\"https:\\\/\\\/www.electrahotels.gr\\\/fr\\\/#website\"},\"primaryImageOfPage\":{\"@id\":\"https:\\\/\\\/www.electrahotels.gr\\\/fr\\\/nos-hotels\\\/electra-palace-rhodes\\\/reamenagement-complet-de-la-propriete-en-2023-test\\\/#primaryimage\"},\"image\":{\"@id\":\"https:\\\/\\\/www.electrahotels.gr\\\/fr\\\/nos-hotels\\\/electra-palace-rhodes\\\/reamenagement-complet-de-la-propriete-en-2023-test\\\/#primaryimage\"},\"thumbnailUrl\":\"https:\\\/\\\/www.electrahotels.gr\\\/app\\\/uploads\\\/2022\\\/11\\\/POOL-ISLE.jpg\",\"datePublished\":\"2023-01-19T11:27:00+00:00\",\"dateModified\":\"2023-09-22T13:40:10+00:00\",\"description\":\"L'Electra Palace Rhodes fait l'objet d'une r\u00e9novation compl\u00e8te et pr\u00e9voit d'\u00eatre inaugur\u00e9 pour le d\u00e9but de la saison 2023.\",\"breadcrumb\":{\"@id\":\"https:\\\/\\\/www.electrahotels.gr\\\/fr\\\/nos-hotels\\\/electra-palace-rhodes\\\/reamenagement-complet-de-la-propriete-en-2023-test\\\/#breadcrumb\"},\"inLanguage\":\"fr-FR\",\"potentialAction\":[{\"@type\":\"ReadAction\",\"target\":[\"https:\\\/\\\/www.electrahotels.gr\\\/fr\\\/nos-hotels\\\/electra-palace-rhodes\\\/reamenagement-complet-de-la-propriete-en-2023-test\\\/\"]}]},{\"@type\":\"ImageObject\",\"inLanguage\":\"fr-FR\",\"@id\":\"https:\\\/\\\/www.electrahotels.gr\\\/fr\\\/nos-hotels\\\/electra-palace-rhodes\\\/reamenagement-complet-de-la-propriete-en-2023-test\\\/#primaryimage\",\"url\":\"https:\\\/\\\/www.electrahotels.gr\\\/app\\\/uploads\\\/2022\\\/11\\\/POOL-ISLE.jpg\",\"contentUrl\":\"https:\\\/\\\/www.electrahotels.gr\\\/app\\\/uploads\\\/2022\\\/11\\\/POOL-ISLE.jpg\",\"width\":1920,\"height\":1080},{\"@type\":\"BreadcrumbList\",\"@id\":\"https:\\\/\\\/www.electrahotels.gr\\\/fr\\\/nos-hotels\\\/electra-palace-rhodes\\\/reamenagement-complet-de-la-propriete-en-2023-test\\\/#breadcrumb\",\"itemListElement\":[{\"@type\":\"ListItem\",\"position\":1,\"name\":\"Home\",\"item\":\"https:\\\/\\\/www.electrahotels.gr\\\/fr\\\/\"},{\"@type\":\"ListItem\",\"position\":2,\"name\":\"Nos h\u00f4tels\",\"item\":\"https:\\\/\\\/www.electrahotels.gr\\\/fr\\\/nos-hotels\\\/\"},{\"@type\":\"ListItem\",\"position\":3,\"name\":\"Electra Palace Rhodes\",\"item\":\"https:\\\/\\\/www.electrahotels.gr\\\/fr\\\/nos-hotels\\\/electra-palace-rhodes\\\/\"},{\"@type\":\"ListItem\",\"position\":4,\"name\":\"L&#8217;exp\u00e9rience de l&#8217;Electra Palace \u00e0 Rhodes\"}]},{\"@type\":\"WebSite\",\"@id\":\"https:\\\/\\\/www.electrahotels.gr\\\/fr\\\/#website\",\"url\":\"https:\\\/\\\/www.electrahotels.gr\\\/fr\\\/\",\"name\":\"Electra Hotels &amp; Resorts\",\"description\":\"A group of luxury hotels in Athens, Thessaloniki, Rhodes and Kefalonia committed to offering quality hospitality, service and luxury\",\"potentialAction\":[{\"@type\":\"SearchAction\",\"target\":{\"@type\":\"EntryPoint\",\"urlTemplate\":\"https:\\\/\\\/www.electrahotels.gr\\\/fr\\\/?s={search_term_string}\"},\"query-input\":{\"@type\":\"PropertyValueSpecification\",\"valueRequired\":true,\"valueName\":\"search_term_string\"}}],\"inLanguage\":\"fr-FR\"}]}<\/script>\n<!-- \/ Yoast SEO plugin. -->","yoast_head_json":{"title":"L'exp\u00e9rience de l'Electra Palace \u00e0 Rhodes - Electra Hotels &amp; Resorts","description":"L'Electra Palace Rhodes fait l'objet d'une r\u00e9novation compl\u00e8te et pr\u00e9voit d'\u00eatre inaugur\u00e9 pour le d\u00e9but de la saison 2023.","robots":{"index":"index","follow":"follow","max-snippet":"max-snippet:-1","max-image-preview":"max-image-preview:large","max-video-preview":"max-video-preview:-1"},"canonical":"https:\/\/www.electrahotels.gr\/fr\/nos-hotels\/electra-palace-rhodes\/reamenagement-complet-de-la-propriete-en-2023-test\/","og_locale":"fr_FR","og_type":"article","og_title":"L'exp\u00e9rience de l'Electra Palace \u00e0 Rhodes - Electra Hotels &amp; Resorts","og_description":"L'Electra Palace Rhodes fait l'objet d'une r\u00e9novation compl\u00e8te et pr\u00e9voit d'\u00eatre inaugur\u00e9 pour le d\u00e9but de la saison 2023.","og_url":"https:\/\/www.electrahotels.gr\/fr\/nos-hotels\/electra-palace-rhodes\/reamenagement-complet-de-la-propriete-en-2023-test\/","og_site_name":"Electra Hotels &amp; Resorts","article_modified_time":"2023-09-22T13:40:10+00:00","og_image":[{"width":1920,"height":1080,"url":"https:\/\/www.electrahotels.gr\/app\/uploads\/sites\/75\/2022\/11\/POOL-ISLE.jpg","type":"image\/jpeg"}],"twitter_card":"summary_large_image","twitter_misc":{"Dur\u00e9e de lecture estim\u00e9e":"1 minute"},"schema":{"@context":"https:\/\/schema.org","@graph":[{"@type":"WebPage","@id":"https:\/\/www.electrahotels.gr\/fr\/nos-hotels\/electra-palace-rhodes\/reamenagement-complet-de-la-propriete-en-2023-test\/","url":"https:\/\/www.electrahotels.gr\/fr\/nos-hotels\/electra-palace-rhodes\/reamenagement-complet-de-la-propriete-en-2023-test\/","name":"L'exp\u00e9rience de l'Electra Palace \u00e0 Rhodes - Electra Hotels &amp; Resorts","isPartOf":{"@id":"https:\/\/www.electrahotels.gr\/fr\/#website"},"primaryImageOfPage":{"@id":"https:\/\/www.electrahotels.gr\/fr\/nos-hotels\/electra-palace-rhodes\/reamenagement-complet-de-la-propriete-en-2023-test\/#primaryimage"},"image":{"@id":"https:\/\/www.electrahotels.gr\/fr\/nos-hotels\/electra-palace-rhodes\/reamenagement-complet-de-la-propriete-en-2023-test\/#primaryimage"},"thumbnailUrl":"https:\/\/www.electrahotels.gr\/app\/uploads\/2022\/11\/POOL-ISLE.jpg","datePublished":"2023-01-19T11:27:00+00:00","dateModified":"2023-09-22T13:40:10+00:00","description":"L'Electra Palace Rhodes fait l'objet d'une r\u00e9novation compl\u00e8te et pr\u00e9voit d'\u00eatre inaugur\u00e9 pour le d\u00e9but de la saison 2023.","breadcrumb":{"@id":"https:\/\/www.electrahotels.gr\/fr\/nos-hotels\/electra-palace-rhodes\/reamenagement-complet-de-la-propriete-en-2023-test\/#breadcrumb"},"inLanguage":"fr-FR","potentialAction":[{"@type":"ReadAction","target":["https:\/\/www.electrahotels.gr\/fr\/nos-hotels\/electra-palace-rhodes\/reamenagement-complet-de-la-propriete-en-2023-test\/"]}]},{"@type":"ImageObject","inLanguage":"fr-FR","@id":"https:\/\/www.electrahotels.gr\/fr\/nos-hotels\/electra-palace-rhodes\/reamenagement-complet-de-la-propriete-en-2023-test\/#primaryimage","url":"https:\/\/www.electrahotels.gr\/app\/uploads\/2022\/11\/POOL-ISLE.jpg","contentUrl":"https:\/\/www.electrahotels.gr\/app\/uploads\/2022\/11\/POOL-ISLE.jpg","width":1920,"height":1080},{"@type":"BreadcrumbList","@id":"https:\/\/www.electrahotels.gr\/fr\/nos-hotels\/electra-palace-rhodes\/reamenagement-complet-de-la-propriete-en-2023-test\/#breadcrumb","itemListElement":[{"@type":"ListItem","position":1,"name":"Home","item":"https:\/\/www.electrahotels.gr\/fr\/"},{"@type":"ListItem","position":2,"name":"Nos h\u00f4tels","item":"https:\/\/www.electrahotels.gr\/fr\/nos-hotels\/"},{"@type":"ListItem","position":3,"name":"Electra Palace Rhodes","item":"https:\/\/www.electrahotels.gr\/fr\/nos-hotels\/electra-palace-rhodes\/"},{"@type":"ListItem","position":4,"name":"L&#8217;exp\u00e9rience de l&#8217;Electra Palace \u00e0 Rhodes"}]},{"@type":"WebSite","@id":"https:\/\/www.electrahotels.gr\/fr\/#website","url":"https:\/\/www.electrahotels.gr\/fr\/","name":"Electra Hotels &amp; Resorts","description":"A group of luxury hotels in Athens, Thessaloniki, Rhodes and Kefalonia committed to offering quality hospitality, service and luxury","potentialAction":[{"@type":"SearchAction","target":{"@type":"EntryPoint","urlTemplate":"https:\/\/www.electrahotels.gr\/fr\/?s={search_term_string}"},"query-input":{"@type":"PropertyValueSpecification","valueRequired":true,"valueName":"search_term_string"}}],"inLanguage":"fr-FR"}]}},"_links":{"self":[{"href":"https:\/\/www.electrahotels.gr\/fr\/wp-json\/wp\/v2\/pages\/34732","targetHints":{"allow":["GET"]}}],"collection":[{"href":"https:\/\/www.electrahotels.gr\/fr\/wp-json\/wp\/v2\/pages"}],"about":[{"href":"https:\/\/www.electrahotels.gr\/fr\/wp-json\/wp\/v2\/types\/page"}],"author":[{"embeddable":true,"href":"https:\/\/www.electrahotels.gr\/fr\/wp-json\/wp\/v2\/users\/1"}],"replies":[{"embeddable":true,"href":"https:\/\/www.electrahotels.gr\/fr\/wp-json\/wp\/v2\/comments?post=34732"}],"version-history":[{"count":10,"href":"https:\/\/www.electrahotels.gr\/fr\/wp-json\/wp\/v2\/pages\/34732\/revisions"}],"predecessor-version":[{"id":40110,"href":"https:\/\/www.electrahotels.gr\/fr\/wp-json\/wp\/v2\/pages\/34732\/revisions\/40110"}],"up":[{"embeddable":true,"href":"https:\/\/www.electrahotels.gr\/fr\/wp-json\/wp\/v2\/pages\/10346"}],"wp:featuredmedia":[{"embeddable":true,"href":"https:\/\/www.electrahotels.gr\/fr\/wp-json\/wp\/v2\/media\/32422"}],"wp:attachment":[{"href":"https:\/\/www.electrahotels.gr\/fr\/wp-json\/wp\/v2\/media?parent=34732"}],"wp:term":[{"taxonomy":"page_tag","embeddable":true,"href":"https:\/\/www.electrahotels.gr\/fr\/wp-json\/wp\/v2\/page_tag?post=34732"}],"curies":[{"name":"wp","href":"https:\/\/api.w.org\/{rel}","templated":true}]}}