{"id":35544,"date":"2023-02-15T13:48:22","date_gmt":"2023-02-15T11:48:22","guid":{"rendered":"https:\/\/www.electrahotels.gr\/recompenses-electra\/"},"modified":"2025-01-20T10:56:04","modified_gmt":"2025-01-20T08:56:04","slug":"electra-rewards","status":"publish","type":"page","link":"https:\/\/www.electrahotels.gr\/fr\/electra-rewards\/","title":{"rendered":"R\u00e9compenses Electra"},"content":{"rendered":"\r\n<p>Nous sommes ravis de vous compter parmi nos membres, car nous nous engageons \u00e0 vous offrir des avantages exceptionnels, des offres uniques et une attention personnalis\u00e9e.<\/p>\r\n\r\n\r\n\r\n<p>Ce programme a \u00e9t\u00e9 con\u00e7u avec pour priorit\u00e9 votre satisfaction, dans le but d&rsquo;am\u00e9liorer votre s\u00e9jour et de vous remercier sinc\u00e8rement d&rsquo;avoir choisi Electra Hotels &amp; Resorts.<\/p>\r\n","protected":false},"excerpt":{"rendered":"<p>Nous sommes ravis de vous compter parmi nos membres, car nous nous engageons \u00e0 vous offrir des avantages exceptionnels, des offres uniques et une attention personnalis\u00e9e. Ce programme a \u00e9t\u00e9 con\u00e7u avec pour priorit\u00e9 votre satisfaction, dans le but d&rsquo;am\u00e9liorer votre s\u00e9jour et de vous remercier sinc\u00e8rement d&rsquo;avoir choisi Electra Hotels &amp; Resorts.<\/p>\n","protected":false},"author":1,"featured_media":0,"parent":0,"menu_order":0,"comment_status":"closed","ping_status":"closed","template":"loyalty-templates\/loyalty.php","meta":{"_acf_changed":false,"footnotes":""},"page_tag":[],"class_list":["post-35544","page","type-page","status-publish","hentry"],"acf":[],"yoast_head":"<!-- This site is optimized with the Yoast SEO plugin v27.4 - https:\/\/yoast.com\/product\/yoast-seo-wordpress\/ -->\n<title>R\u00e9compenses Electra - Electra Hotels &amp; Resorts<\/title>\n<meta name=\"robots\" content=\"index, follow, max-snippet:-1, max-image-preview:large, max-video-preview:-1\" \/>\n<link rel=\"canonical\" href=\"https:\/\/www.electrahotels.gr\/fr\/electra-rewards\/\" \/>\n<meta property=\"og:locale\" content=\"fr_FR\" \/>\n<meta property=\"og:type\" content=\"article\" \/>\n<meta property=\"og:title\" content=\"R\u00e9compenses Electra - Electra Hotels &amp; Resorts\" \/>\n<meta property=\"og:description\" content=\"Nous sommes ravis de vous compter parmi nos membres, car nous nous engageons \u00e0 vous offrir des avantages exceptionnels, des offres uniques et une attention personnalis\u00e9e. Ce programme a \u00e9t\u00e9 con\u00e7u avec pour priorit\u00e9 votre satisfaction, dans le but d&rsquo;am\u00e9liorer votre s\u00e9jour et de vous remercier sinc\u00e8rement d&rsquo;avoir choisi Electra Hotels &amp; Resorts.\" \/>\n<meta property=\"og:url\" content=\"https:\/\/www.electrahotels.gr\/fr\/electra-rewards\/\" \/>\n<meta property=\"og:site_name\" content=\"Electra Hotels &amp; Resorts\" \/>\n<meta property=\"article:modified_time\" content=\"2025-01-20T08:56:04+00:00\" \/>\n<meta name=\"twitter:card\" content=\"summary_large_image\" \/>\n<meta name=\"twitter:label1\" content=\"Dur\u00e9e de lecture estim\u00e9e\" \/>\n\t<meta name=\"twitter:data1\" content=\"1 minute\" \/>\n<script type=\"application\/ld+json\" class=\"yoast-schema-graph\">{\"@context\":\"https:\\\/\\\/schema.org\",\"@graph\":[{\"@type\":\"WebPage\",\"@id\":\"https:\\\/\\\/www.electrahotels.gr\\\/fr\\\/electra-rewards\\\/\",\"url\":\"https:\\\/\\\/www.electrahotels.gr\\\/fr\\\/electra-rewards\\\/\",\"name\":\"R\u00e9compenses Electra - Electra Hotels &amp; Resorts\",\"isPartOf\":{\"@id\":\"https:\\\/\\\/www.electrahotels.gr\\\/fr\\\/#website\"},\"datePublished\":\"2023-02-15T11:48:22+00:00\",\"dateModified\":\"2025-01-20T08:56:04+00:00\",\"breadcrumb\":{\"@id\":\"https:\\\/\\\/www.electrahotels.gr\\\/fr\\\/electra-rewards\\\/#breadcrumb\"},\"inLanguage\":\"fr-FR\",\"potentialAction\":[{\"@type\":\"ReadAction\",\"target\":[\"https:\\\/\\\/www.electrahotels.gr\\\/fr\\\/electra-rewards\\\/\"]}]},{\"@type\":\"BreadcrumbList\",\"@id\":\"https:\\\/\\\/www.electrahotels.gr\\\/fr\\\/electra-rewards\\\/#breadcrumb\",\"itemListElement\":[{\"@type\":\"ListItem\",\"position\":1,\"name\":\"Home\",\"item\":\"https:\\\/\\\/www.electrahotels.gr\\\/fr\\\/\"},{\"@type\":\"ListItem\",\"position\":2,\"name\":\"R\u00e9compenses Electra\"}]},{\"@type\":\"WebSite\",\"@id\":\"https:\\\/\\\/www.electrahotels.gr\\\/fr\\\/#website\",\"url\":\"https:\\\/\\\/www.electrahotels.gr\\\/fr\\\/\",\"name\":\"Electra Hotels &amp; Resorts\",\"description\":\"A group of luxury hotels in Athens, Thessaloniki, Rhodes and Kefalonia committed to offering quality hospitality, service and luxury\",\"potentialAction\":[{\"@type\":\"SearchAction\",\"target\":{\"@type\":\"EntryPoint\",\"urlTemplate\":\"https:\\\/\\\/www.electrahotels.gr\\\/fr\\\/?s={search_term_string}\"},\"query-input\":{\"@type\":\"PropertyValueSpecification\",\"valueRequired\":true,\"valueName\":\"search_term_string\"}}],\"inLanguage\":\"fr-FR\"}]}<\/script>\n<!-- \/ Yoast SEO plugin. -->","yoast_head_json":{"title":"R\u00e9compenses Electra - Electra Hotels &amp; Resorts","robots":{"index":"index","follow":"follow","max-snippet":"max-snippet:-1","max-image-preview":"max-image-preview:large","max-video-preview":"max-video-preview:-1"},"canonical":"https:\/\/www.electrahotels.gr\/fr\/electra-rewards\/","og_locale":"fr_FR","og_type":"article","og_title":"R\u00e9compenses Electra - Electra Hotels &amp; Resorts","og_description":"Nous sommes ravis de vous compter parmi nos membres, car nous nous engageons \u00e0 vous offrir des avantages exceptionnels, des offres uniques et une attention personnalis\u00e9e. Ce programme a \u00e9t\u00e9 con\u00e7u avec pour priorit\u00e9 votre satisfaction, dans le but d&rsquo;am\u00e9liorer votre s\u00e9jour et de vous remercier sinc\u00e8rement d&rsquo;avoir choisi Electra Hotels &amp; Resorts.","og_url":"https:\/\/www.electrahotels.gr\/fr\/electra-rewards\/","og_site_name":"Electra Hotels &amp; Resorts","article_modified_time":"2025-01-20T08:56:04+00:00","twitter_card":"summary_large_image","twitter_misc":{"Dur\u00e9e de lecture estim\u00e9e":"1 minute"},"schema":{"@context":"https:\/\/schema.org","@graph":[{"@type":"WebPage","@id":"https:\/\/www.electrahotels.gr\/fr\/electra-rewards\/","url":"https:\/\/www.electrahotels.gr\/fr\/electra-rewards\/","name":"R\u00e9compenses Electra - Electra Hotels &amp; Resorts","isPartOf":{"@id":"https:\/\/www.electrahotels.gr\/fr\/#website"},"datePublished":"2023-02-15T11:48:22+00:00","dateModified":"2025-01-20T08:56:04+00:00","breadcrumb":{"@id":"https:\/\/www.electrahotels.gr\/fr\/electra-rewards\/#breadcrumb"},"inLanguage":"fr-FR","potentialAction":[{"@type":"ReadAction","target":["https:\/\/www.electrahotels.gr\/fr\/electra-rewards\/"]}]},{"@type":"BreadcrumbList","@id":"https:\/\/www.electrahotels.gr\/fr\/electra-rewards\/#breadcrumb","itemListElement":[{"@type":"ListItem","position":1,"name":"Home","item":"https:\/\/www.electrahotels.gr\/fr\/"},{"@type":"ListItem","position":2,"name":"R\u00e9compenses Electra"}]},{"@type":"WebSite","@id":"https:\/\/www.electrahotels.gr\/fr\/#website","url":"https:\/\/www.electrahotels.gr\/fr\/","name":"Electra Hotels &amp; Resorts","description":"A group of luxury hotels in Athens, Thessaloniki, Rhodes and Kefalonia committed to offering quality hospitality, service and luxury","potentialAction":[{"@type":"SearchAction","target":{"@type":"EntryPoint","urlTemplate":"https:\/\/www.electrahotels.gr\/fr\/?s={search_term_string}"},"query-input":{"@type":"PropertyValueSpecification","valueRequired":true,"valueName":"search_term_string"}}],"inLanguage":"fr-FR"}]}},"_links":{"self":[{"href":"https:\/\/www.electrahotels.gr\/fr\/wp-json\/wp\/v2\/pages\/35544","targetHints":{"allow":["GET"]}}],"collection":[{"href":"https:\/\/www.electrahotels.gr\/fr\/wp-json\/wp\/v2\/pages"}],"about":[{"href":"https:\/\/www.electrahotels.gr\/fr\/wp-json\/wp\/v2\/types\/page"}],"author":[{"embeddable":true,"href":"https:\/\/www.electrahotels.gr\/fr\/wp-json\/wp\/v2\/users\/1"}],"replies":[{"embeddable":true,"href":"https:\/\/www.electrahotels.gr\/fr\/wp-json\/wp\/v2\/comments?post=35544"}],"version-history":[{"count":14,"href":"https:\/\/www.electrahotels.gr\/fr\/wp-json\/wp\/v2\/pages\/35544\/revisions"}],"predecessor-version":[{"id":51701,"href":"https:\/\/www.electrahotels.gr\/fr\/wp-json\/wp\/v2\/pages\/35544\/revisions\/51701"}],"wp:attachment":[{"href":"https:\/\/www.electrahotels.gr\/fr\/wp-json\/wp\/v2\/media?parent=35544"}],"wp:term":[{"taxonomy":"page_tag","embeddable":true,"href":"https:\/\/www.electrahotels.gr\/fr\/wp-json\/wp\/v2\/page_tag?post=35544"}],"curies":[{"name":"wp","href":"https:\/\/api.w.org\/{rel}","templated":true}]}}