{"id":48226,"date":"2024-05-08T18:01:53","date_gmt":"2024-05-08T15:01:53","guid":{"rendered":"https:\/\/www.electrahotels.gr\/concierge-group\/"},"modified":"2025-05-06T09:53:26","modified_gmt":"2025-05-06T06:53:26","slug":"concierge-group","status":"publish","type":"page","link":"https:\/\/www.electrahotels.gr\/fr\/concierge-group\/","title":{"rendered":"Concierge Group"},"content":{"rendered":"\r\n<p>Chez Electra Hotels &amp; Resorts, nous pensons que chaque moment de votre voyage doit \u00eatre extraordinaire. C&rsquo;est pourquoi nous avons con\u00e7u notre service de conciergerie pour qu&rsquo;il soit votre compagnon de confiance, \u00e0 la fois sur place et en ligne, et qu&rsquo;il vous permette de vivre des moments qui resteront grav\u00e9s dans votre m\u00e9moire longtemps apr\u00e8s votre visite.<\/p>\r\n\r\n\r\n\r\n<p>Imaginez-vous en train de savourer les meilleurs vins, de vous laisser tenter par des exp\u00e9riences gastronomiques exquises et de vous faire dorloter avec des soins de spa rajeunissants. Gr\u00e2ce \u00e0 notre s\u00e9lection d&rsquo;activit\u00e9s s\u00e9lectionn\u00e9es par des experts, des visites de sites historiques aux excursions culturelles, chaque aspect de votre voyage est con\u00e7u pour vous immerger dans la richesse de votre destination.<\/p>\r\n\r\n\r\n\r\n<p>Le concierge Electra est plus qu&rsquo;un simple service &#8211; ayant eux-m\u00eames exp\u00e9riment\u00e9 les suggestions, nos concierges sont des conteurs passionn\u00e9s, d\u00e9sireux de d\u00e9voiler les joyaux cach\u00e9s et les secrets locaux qui rendent chaque destination unique. Que vous exploriez les rues voisines dans l&rsquo;un de nos h\u00f4tels urbains ou que vous vous d\u00e9tendiez sur une plage immacul\u00e9e dans l&rsquo;un de nos h\u00f4tels insulaires, nos concierges d\u00e9vou\u00e9s sont toujours \u00e0 votre service, pr\u00eats \u00e0 transformer vos r\u00eaves en r\u00e9alit\u00e9 et \u00e0 devenir vos guides pendant que vous d\u00e9couvrez de nouvelles destinations.<\/p>\r\n\r\n\r\n\r\n<p>L\u00e0 o\u00f9 chaque exp\u00e9rience est con\u00e7ue avec soin et o\u00f9 chaque moment refl\u00e8te l&rsquo;hospitalit\u00e9 grecque \u00e0 l&rsquo;\u00e9tat pur.<\/p>\r\n","protected":false},"excerpt":{"rendered":"<p>Chez Electra Hotels &amp; Resorts, nous pensons que chaque moment de votre voyage doit \u00eatre extraordinaire. C&rsquo;est pourquoi nous avons con\u00e7u notre service de conciergerie pour qu&rsquo;il soit votre compagnon de confiance, \u00e0 la fois sur place et en ligne, et qu&rsquo;il vous permette de vivre des moments qui resteront grav\u00e9s dans votre m\u00e9moire longtemps<\/p>\n","protected":false},"author":200,"featured_media":48091,"parent":0,"menu_order":0,"comment_status":"closed","ping_status":"closed","template":"page-templates\/concierge-group.php","meta":{"_acf_changed":false,"footnotes":""},"page_tag":[],"class_list":["post-48226","page","type-page","status-publish","has-post-thumbnail","hentry"],"acf":[],"yoast_head":"<!-- This site is optimized with the Yoast SEO plugin v27.4 - https:\/\/yoast.com\/product\/yoast-seo-wordpress\/ -->\n<title>Concierge Group - Electra Hotels &amp; Resorts<\/title>\n<meta name=\"robots\" content=\"index, follow, max-snippet:-1, max-image-preview:large, max-video-preview:-1\" \/>\n<link rel=\"canonical\" href=\"https:\/\/www.electrahotels.gr\/fr\/concierge-group\/\" \/>\n<meta property=\"og:locale\" content=\"fr_FR\" \/>\n<meta property=\"og:type\" content=\"article\" \/>\n<meta property=\"og:title\" content=\"Concierge Group - Electra Hotels &amp; Resorts\" \/>\n<meta property=\"og:description\" content=\"Chez Electra Hotels &amp; Resorts, nous pensons que chaque moment de votre voyage doit \u00eatre extraordinaire. C&rsquo;est pourquoi nous avons con\u00e7u notre service de conciergerie pour qu&rsquo;il soit votre compagnon de confiance, \u00e0 la fois sur place et en ligne, et qu&rsquo;il vous permette de vivre des moments qui resteront grav\u00e9s dans votre m\u00e9moire longtemps\" \/>\n<meta property=\"og:url\" content=\"https:\/\/www.electrahotels.gr\/fr\/concierge-group\/\" \/>\n<meta property=\"og:site_name\" content=\"Electra Hotels &amp; Resorts\" \/>\n<meta property=\"article:modified_time\" content=\"2025-05-06T06:53:26+00:00\" \/>\n<meta property=\"og:image\" content=\"https:\/\/www.electrahotels.gr\/app\/uploads\/2024\/06\/main-photo-concierge.jpg\" \/>\n\t<meta property=\"og:image:width\" content=\"901\" \/>\n\t<meta property=\"og:image:height\" content=\"1200\" \/>\n\t<meta property=\"og:image:type\" content=\"image\/jpeg\" \/>\n<meta name=\"twitter:card\" content=\"summary_large_image\" \/>\n<meta name=\"twitter:label1\" content=\"Dur\u00e9e de lecture estim\u00e9e\" \/>\n\t<meta name=\"twitter:data1\" content=\"2 minutes\" \/>\n<script type=\"application\/ld+json\" class=\"yoast-schema-graph\">{\"@context\":\"https:\\\/\\\/schema.org\",\"@graph\":[{\"@type\":\"WebPage\",\"@id\":\"https:\\\/\\\/www.electrahotels.gr\\\/fr\\\/concierge-group\\\/\",\"url\":\"https:\\\/\\\/www.electrahotels.gr\\\/fr\\\/concierge-group\\\/\",\"name\":\"Concierge Group - Electra Hotels &amp; Resorts\",\"isPartOf\":{\"@id\":\"https:\\\/\\\/www.electrahotels.gr\\\/fr\\\/#website\"},\"primaryImageOfPage\":{\"@id\":\"https:\\\/\\\/www.electrahotels.gr\\\/fr\\\/concierge-group\\\/#primaryimage\"},\"image\":{\"@id\":\"https:\\\/\\\/www.electrahotels.gr\\\/fr\\\/concierge-group\\\/#primaryimage\"},\"thumbnailUrl\":\"https:\\\/\\\/www.electrahotels.gr\\\/app\\\/uploads\\\/2024\\\/06\\\/main-photo-concierge.jpg\",\"datePublished\":\"2024-05-08T15:01:53+00:00\",\"dateModified\":\"2025-05-06T06:53:26+00:00\",\"breadcrumb\":{\"@id\":\"https:\\\/\\\/www.electrahotels.gr\\\/fr\\\/concierge-group\\\/#breadcrumb\"},\"inLanguage\":\"fr-FR\",\"potentialAction\":[{\"@type\":\"ReadAction\",\"target\":[\"https:\\\/\\\/www.electrahotels.gr\\\/fr\\\/concierge-group\\\/\"]}]},{\"@type\":\"ImageObject\",\"inLanguage\":\"fr-FR\",\"@id\":\"https:\\\/\\\/www.electrahotels.gr\\\/fr\\\/concierge-group\\\/#primaryimage\",\"url\":\"https:\\\/\\\/www.electrahotels.gr\\\/app\\\/uploads\\\/2024\\\/06\\\/main-photo-concierge.jpg\",\"contentUrl\":\"https:\\\/\\\/www.electrahotels.gr\\\/app\\\/uploads\\\/2024\\\/06\\\/main-photo-concierge.jpg\",\"width\":901,\"height\":1200},{\"@type\":\"BreadcrumbList\",\"@id\":\"https:\\\/\\\/www.electrahotels.gr\\\/fr\\\/concierge-group\\\/#breadcrumb\",\"itemListElement\":[{\"@type\":\"ListItem\",\"position\":1,\"name\":\"Home\",\"item\":\"https:\\\/\\\/www.electrahotels.gr\\\/fr\\\/\"},{\"@type\":\"ListItem\",\"position\":2,\"name\":\"Concierge Group\"}]},{\"@type\":\"WebSite\",\"@id\":\"https:\\\/\\\/www.electrahotels.gr\\\/fr\\\/#website\",\"url\":\"https:\\\/\\\/www.electrahotels.gr\\\/fr\\\/\",\"name\":\"Electra Hotels &amp; Resorts\",\"description\":\"A group of luxury hotels in Athens, Thessaloniki, Rhodes and Kefalonia committed to offering quality hospitality, service and luxury\",\"potentialAction\":[{\"@type\":\"SearchAction\",\"target\":{\"@type\":\"EntryPoint\",\"urlTemplate\":\"https:\\\/\\\/www.electrahotels.gr\\\/fr\\\/?s={search_term_string}\"},\"query-input\":{\"@type\":\"PropertyValueSpecification\",\"valueRequired\":true,\"valueName\":\"search_term_string\"}}],\"inLanguage\":\"fr-FR\"}]}<\/script>\n<!-- \/ Yoast SEO plugin. -->","yoast_head_json":{"title":"Concierge Group - Electra Hotels &amp; Resorts","robots":{"index":"index","follow":"follow","max-snippet":"max-snippet:-1","max-image-preview":"max-image-preview:large","max-video-preview":"max-video-preview:-1"},"canonical":"https:\/\/www.electrahotels.gr\/fr\/concierge-group\/","og_locale":"fr_FR","og_type":"article","og_title":"Concierge Group - Electra Hotels &amp; Resorts","og_description":"Chez Electra Hotels &amp; Resorts, nous pensons que chaque moment de votre voyage doit \u00eatre extraordinaire. C&rsquo;est pourquoi nous avons con\u00e7u notre service de conciergerie pour qu&rsquo;il soit votre compagnon de confiance, \u00e0 la fois sur place et en ligne, et qu&rsquo;il vous permette de vivre des moments qui resteront grav\u00e9s dans votre m\u00e9moire longtemps","og_url":"https:\/\/www.electrahotels.gr\/fr\/concierge-group\/","og_site_name":"Electra Hotels &amp; Resorts","article_modified_time":"2025-05-06T06:53:26+00:00","og_image":[{"width":901,"height":1200,"url":"https:\/\/www.electrahotels.gr\/app\/uploads\/2024\/06\/main-photo-concierge.jpg","type":"image\/jpeg"}],"twitter_card":"summary_large_image","twitter_misc":{"Dur\u00e9e de lecture estim\u00e9e":"2 minutes"},"schema":{"@context":"https:\/\/schema.org","@graph":[{"@type":"WebPage","@id":"https:\/\/www.electrahotels.gr\/fr\/concierge-group\/","url":"https:\/\/www.electrahotels.gr\/fr\/concierge-group\/","name":"Concierge Group - Electra Hotels &amp; Resorts","isPartOf":{"@id":"https:\/\/www.electrahotels.gr\/fr\/#website"},"primaryImageOfPage":{"@id":"https:\/\/www.electrahotels.gr\/fr\/concierge-group\/#primaryimage"},"image":{"@id":"https:\/\/www.electrahotels.gr\/fr\/concierge-group\/#primaryimage"},"thumbnailUrl":"https:\/\/www.electrahotels.gr\/app\/uploads\/2024\/06\/main-photo-concierge.jpg","datePublished":"2024-05-08T15:01:53+00:00","dateModified":"2025-05-06T06:53:26+00:00","breadcrumb":{"@id":"https:\/\/www.electrahotels.gr\/fr\/concierge-group\/#breadcrumb"},"inLanguage":"fr-FR","potentialAction":[{"@type":"ReadAction","target":["https:\/\/www.electrahotels.gr\/fr\/concierge-group\/"]}]},{"@type":"ImageObject","inLanguage":"fr-FR","@id":"https:\/\/www.electrahotels.gr\/fr\/concierge-group\/#primaryimage","url":"https:\/\/www.electrahotels.gr\/app\/uploads\/2024\/06\/main-photo-concierge.jpg","contentUrl":"https:\/\/www.electrahotels.gr\/app\/uploads\/2024\/06\/main-photo-concierge.jpg","width":901,"height":1200},{"@type":"BreadcrumbList","@id":"https:\/\/www.electrahotels.gr\/fr\/concierge-group\/#breadcrumb","itemListElement":[{"@type":"ListItem","position":1,"name":"Home","item":"https:\/\/www.electrahotels.gr\/fr\/"},{"@type":"ListItem","position":2,"name":"Concierge Group"}]},{"@type":"WebSite","@id":"https:\/\/www.electrahotels.gr\/fr\/#website","url":"https:\/\/www.electrahotels.gr\/fr\/","name":"Electra Hotels &amp; Resorts","description":"A group of luxury hotels in Athens, Thessaloniki, Rhodes and Kefalonia committed to offering quality hospitality, service and luxury","potentialAction":[{"@type":"SearchAction","target":{"@type":"EntryPoint","urlTemplate":"https:\/\/www.electrahotels.gr\/fr\/?s={search_term_string}"},"query-input":{"@type":"PropertyValueSpecification","valueRequired":true,"valueName":"search_term_string"}}],"inLanguage":"fr-FR"}]}},"_links":{"self":[{"href":"https:\/\/www.electrahotels.gr\/fr\/wp-json\/wp\/v2\/pages\/48226","targetHints":{"allow":["GET"]}}],"collection":[{"href":"https:\/\/www.electrahotels.gr\/fr\/wp-json\/wp\/v2\/pages"}],"about":[{"href":"https:\/\/www.electrahotels.gr\/fr\/wp-json\/wp\/v2\/types\/page"}],"author":[{"embeddable":true,"href":"https:\/\/www.electrahotels.gr\/fr\/wp-json\/wp\/v2\/users\/200"}],"replies":[{"embeddable":true,"href":"https:\/\/www.electrahotels.gr\/fr\/wp-json\/wp\/v2\/comments?post=48226"}],"version-history":[{"count":2,"href":"https:\/\/www.electrahotels.gr\/fr\/wp-json\/wp\/v2\/pages\/48226\/revisions"}],"predecessor-version":[{"id":48234,"href":"https:\/\/www.electrahotels.gr\/fr\/wp-json\/wp\/v2\/pages\/48226\/revisions\/48234"}],"wp:featuredmedia":[{"embeddable":true,"href":"https:\/\/www.electrahotels.gr\/fr\/wp-json\/wp\/v2\/media\/48091"}],"wp:attachment":[{"href":"https:\/\/www.electrahotels.gr\/fr\/wp-json\/wp\/v2\/media?parent=48226"}],"wp:term":[{"taxonomy":"page_tag","embeddable":true,"href":"https:\/\/www.electrahotels.gr\/fr\/wp-json\/wp\/v2\/page_tag?post=48226"}],"curies":[{"name":"wp","href":"https:\/\/api.w.org\/{rel}","templated":true}]}}