{"id":48236,"date":"2024-06-11T16:21:26","date_gmt":"2024-06-11T13:21:26","guid":{"rendered":"https:\/\/www.electrahotels.gr\/nos-hotels\/electra-metropolis-athenes\/concierge\/"},"modified":"2024-09-13T17:01:07","modified_gmt":"2024-09-13T14:01:07","slug":"concierge","status":"publish","type":"page","link":"https:\/\/www.electrahotels.gr\/fr\/nos-hotels\/electra-metropolis-athenes\/concierge\/","title":{"rendered":"Concierge"},"content":{"rendered":"\r\n<p>Am\u00e9liorez votre visite \u00e0 Ath\u00e8nes gr\u00e2ce \u00e0 notre service de conciergerie, con\u00e7u pour que chaque instant compte. Qu&rsquo;il s&rsquo;agisse d&rsquo;organiser des visites priv\u00e9es de l&rsquo;Acropole ou d&rsquo;explorer la Riviera d&rsquo;Ath\u00e8nes et les villes voisines, notre service de conciergerie vous garantit une exp\u00e9rience de voyage fluide et enrichissante. Explorez l&rsquo;effervescence culturelle et la profondeur historique d&rsquo;Ath\u00e8nes gr\u00e2ce \u00e0 nos services sur mesure. Faites d\u00e9filer vers le bas pour d\u00e9couvrir toutes les options disponibles.<\/p>\r\n","protected":false},"excerpt":{"rendered":"<p>Am\u00e9liorez votre visite \u00e0 Ath\u00e8nes gr\u00e2ce \u00e0 notre service de conciergerie, con\u00e7u pour que chaque instant compte. Qu&rsquo;il s&rsquo;agisse d&rsquo;organiser des visites priv\u00e9es de l&rsquo;Acropole ou d&rsquo;explorer la Riviera d&rsquo;Ath\u00e8nes et les villes voisines, notre service de conciergerie vous garantit une exp\u00e9rience de voyage fluide et enrichissante. Explorez l&rsquo;effervescence culturelle et la profondeur historique d&rsquo;Ath\u00e8nes<\/p>\n","protected":false},"author":200,"featured_media":0,"parent":10306,"menu_order":0,"comment_status":"closed","ping_status":"closed","template":"page-templates\/concierge-hotel.php","meta":{"_acf_changed":false,"footnotes":""},"page_tag":[],"class_list":["post-48236","page","type-page","status-publish","hentry"],"acf":[],"yoast_head":"<!-- This site is optimized with the Yoast SEO plugin v27.3 - https:\/\/yoast.com\/product\/yoast-seo-wordpress\/ -->\n<title>Concierge - Electra Hotels &amp; Resorts<\/title>\n<meta name=\"robots\" content=\"index, follow, max-snippet:-1, max-image-preview:large, max-video-preview:-1\" \/>\n<link rel=\"canonical\" href=\"https:\/\/www.electrahotels.gr\/fr\/nos-hotels\/electra-metropolis-athenes\/concierge\/\" \/>\n<meta property=\"og:locale\" content=\"fr_FR\" \/>\n<meta property=\"og:type\" content=\"article\" \/>\n<meta property=\"og:title\" content=\"Concierge - Electra Hotels &amp; Resorts\" \/>\n<meta property=\"og:description\" content=\"Am\u00e9liorez votre visite \u00e0 Ath\u00e8nes gr\u00e2ce \u00e0 notre service de conciergerie, con\u00e7u pour que chaque instant compte. Qu&rsquo;il s&rsquo;agisse d&rsquo;organiser des visites priv\u00e9es de l&rsquo;Acropole ou d&rsquo;explorer la Riviera d&rsquo;Ath\u00e8nes et les villes voisines, notre service de conciergerie vous garantit une exp\u00e9rience de voyage fluide et enrichissante. Explorez l&rsquo;effervescence culturelle et la profondeur historique d&rsquo;Ath\u00e8nes\" \/>\n<meta property=\"og:url\" content=\"https:\/\/www.electrahotels.gr\/fr\/nos-hotels\/electra-metropolis-athenes\/concierge\/\" \/>\n<meta property=\"og:site_name\" content=\"Electra Hotels &amp; Resorts\" \/>\n<meta property=\"article:modified_time\" content=\"2024-09-13T14:01:07+00:00\" \/>\n<meta name=\"twitter:card\" content=\"summary_large_image\" \/>\n<meta name=\"twitter:label1\" content=\"Dur\u00e9e de lecture estim\u00e9e\" \/>\n\t<meta name=\"twitter:data1\" content=\"1 minute\" \/>\n<script type=\"application\/ld+json\" class=\"yoast-schema-graph\">{\"@context\":\"https:\\\/\\\/schema.org\",\"@graph\":[{\"@type\":\"WebPage\",\"@id\":\"https:\\\/\\\/www.electrahotels.gr\\\/fr\\\/nos-hotels\\\/electra-metropolis-athenes\\\/concierge\\\/\",\"url\":\"https:\\\/\\\/www.electrahotels.gr\\\/fr\\\/nos-hotels\\\/electra-metropolis-athenes\\\/concierge\\\/\",\"name\":\"Concierge - Electra Hotels &amp; Resorts\",\"isPartOf\":{\"@id\":\"https:\\\/\\\/www.electrahotels.gr\\\/fr\\\/#website\"},\"datePublished\":\"2024-06-11T13:21:26+00:00\",\"dateModified\":\"2024-09-13T14:01:07+00:00\",\"breadcrumb\":{\"@id\":\"https:\\\/\\\/www.electrahotels.gr\\\/fr\\\/nos-hotels\\\/electra-metropolis-athenes\\\/concierge\\\/#breadcrumb\"},\"inLanguage\":\"fr-FR\",\"potentialAction\":[{\"@type\":\"ReadAction\",\"target\":[\"https:\\\/\\\/www.electrahotels.gr\\\/fr\\\/nos-hotels\\\/electra-metropolis-athenes\\\/concierge\\\/\"]}]},{\"@type\":\"BreadcrumbList\",\"@id\":\"https:\\\/\\\/www.electrahotels.gr\\\/fr\\\/nos-hotels\\\/electra-metropolis-athenes\\\/concierge\\\/#breadcrumb\",\"itemListElement\":[{\"@type\":\"ListItem\",\"position\":1,\"name\":\"Home\",\"item\":\"https:\\\/\\\/www.electrahotels.gr\\\/fr\\\/\"},{\"@type\":\"ListItem\",\"position\":2,\"name\":\"Nos h\u00f4tels\",\"item\":\"https:\\\/\\\/www.electrahotels.gr\\\/fr\\\/nos-hotels\\\/\"},{\"@type\":\"ListItem\",\"position\":3,\"name\":\"Electra Metropolis Ath\u00e8nes\",\"item\":\"https:\\\/\\\/www.electrahotels.gr\\\/fr\\\/nos-hotels\\\/electra-metropolis-athenes\\\/\"},{\"@type\":\"ListItem\",\"position\":4,\"name\":\"Concierge\"}]},{\"@type\":\"WebSite\",\"@id\":\"https:\\\/\\\/www.electrahotels.gr\\\/fr\\\/#website\",\"url\":\"https:\\\/\\\/www.electrahotels.gr\\\/fr\\\/\",\"name\":\"Electra Hotels &amp; Resorts\",\"description\":\"A group of luxury hotels in Athens, Thessaloniki, Rhodes and Kefalonia committed to offering quality hospitality, service and luxury\",\"potentialAction\":[{\"@type\":\"SearchAction\",\"target\":{\"@type\":\"EntryPoint\",\"urlTemplate\":\"https:\\\/\\\/www.electrahotels.gr\\\/fr\\\/?s={search_term_string}\"},\"query-input\":{\"@type\":\"PropertyValueSpecification\",\"valueRequired\":true,\"valueName\":\"search_term_string\"}}],\"inLanguage\":\"fr-FR\"}]}<\/script>\n<!-- \/ Yoast SEO plugin. -->","yoast_head_json":{"title":"Concierge - Electra Hotels &amp; Resorts","robots":{"index":"index","follow":"follow","max-snippet":"max-snippet:-1","max-image-preview":"max-image-preview:large","max-video-preview":"max-video-preview:-1"},"canonical":"https:\/\/www.electrahotels.gr\/fr\/nos-hotels\/electra-metropolis-athenes\/concierge\/","og_locale":"fr_FR","og_type":"article","og_title":"Concierge - Electra Hotels &amp; Resorts","og_description":"Am\u00e9liorez votre visite \u00e0 Ath\u00e8nes gr\u00e2ce \u00e0 notre service de conciergerie, con\u00e7u pour que chaque instant compte. Qu&rsquo;il s&rsquo;agisse d&rsquo;organiser des visites priv\u00e9es de l&rsquo;Acropole ou d&rsquo;explorer la Riviera d&rsquo;Ath\u00e8nes et les villes voisines, notre service de conciergerie vous garantit une exp\u00e9rience de voyage fluide et enrichissante. Explorez l&rsquo;effervescence culturelle et la profondeur historique d&rsquo;Ath\u00e8nes","og_url":"https:\/\/www.electrahotels.gr\/fr\/nos-hotels\/electra-metropolis-athenes\/concierge\/","og_site_name":"Electra Hotels &amp; Resorts","article_modified_time":"2024-09-13T14:01:07+00:00","twitter_card":"summary_large_image","twitter_misc":{"Dur\u00e9e de lecture estim\u00e9e":"1 minute"},"schema":{"@context":"https:\/\/schema.org","@graph":[{"@type":"WebPage","@id":"https:\/\/www.electrahotels.gr\/fr\/nos-hotels\/electra-metropolis-athenes\/concierge\/","url":"https:\/\/www.electrahotels.gr\/fr\/nos-hotels\/electra-metropolis-athenes\/concierge\/","name":"Concierge - Electra Hotels &amp; Resorts","isPartOf":{"@id":"https:\/\/www.electrahotels.gr\/fr\/#website"},"datePublished":"2024-06-11T13:21:26+00:00","dateModified":"2024-09-13T14:01:07+00:00","breadcrumb":{"@id":"https:\/\/www.electrahotels.gr\/fr\/nos-hotels\/electra-metropolis-athenes\/concierge\/#breadcrumb"},"inLanguage":"fr-FR","potentialAction":[{"@type":"ReadAction","target":["https:\/\/www.electrahotels.gr\/fr\/nos-hotels\/electra-metropolis-athenes\/concierge\/"]}]},{"@type":"BreadcrumbList","@id":"https:\/\/www.electrahotels.gr\/fr\/nos-hotels\/electra-metropolis-athenes\/concierge\/#breadcrumb","itemListElement":[{"@type":"ListItem","position":1,"name":"Home","item":"https:\/\/www.electrahotels.gr\/fr\/"},{"@type":"ListItem","position":2,"name":"Nos h\u00f4tels","item":"https:\/\/www.electrahotels.gr\/fr\/nos-hotels\/"},{"@type":"ListItem","position":3,"name":"Electra Metropolis Ath\u00e8nes","item":"https:\/\/www.electrahotels.gr\/fr\/nos-hotels\/electra-metropolis-athenes\/"},{"@type":"ListItem","position":4,"name":"Concierge"}]},{"@type":"WebSite","@id":"https:\/\/www.electrahotels.gr\/fr\/#website","url":"https:\/\/www.electrahotels.gr\/fr\/","name":"Electra Hotels &amp; Resorts","description":"A group of luxury hotels in Athens, Thessaloniki, Rhodes and Kefalonia committed to offering quality hospitality, service and luxury","potentialAction":[{"@type":"SearchAction","target":{"@type":"EntryPoint","urlTemplate":"https:\/\/www.electrahotels.gr\/fr\/?s={search_term_string}"},"query-input":{"@type":"PropertyValueSpecification","valueRequired":true,"valueName":"search_term_string"}}],"inLanguage":"fr-FR"}]}},"_links":{"self":[{"href":"https:\/\/www.electrahotels.gr\/fr\/wp-json\/wp\/v2\/pages\/48236","targetHints":{"allow":["GET"]}}],"collection":[{"href":"https:\/\/www.electrahotels.gr\/fr\/wp-json\/wp\/v2\/pages"}],"about":[{"href":"https:\/\/www.electrahotels.gr\/fr\/wp-json\/wp\/v2\/types\/page"}],"author":[{"embeddable":true,"href":"https:\/\/www.electrahotels.gr\/fr\/wp-json\/wp\/v2\/users\/200"}],"replies":[{"embeddable":true,"href":"https:\/\/www.electrahotels.gr\/fr\/wp-json\/wp\/v2\/comments?post=48236"}],"version-history":[{"count":7,"href":"https:\/\/www.electrahotels.gr\/fr\/wp-json\/wp\/v2\/pages\/48236\/revisions"}],"predecessor-version":[{"id":49780,"href":"https:\/\/www.electrahotels.gr\/fr\/wp-json\/wp\/v2\/pages\/48236\/revisions\/49780"}],"up":[{"embeddable":true,"href":"https:\/\/www.electrahotels.gr\/fr\/wp-json\/wp\/v2\/pages\/10306"}],"wp:attachment":[{"href":"https:\/\/www.electrahotels.gr\/fr\/wp-json\/wp\/v2\/media?parent=48236"}],"wp:term":[{"taxonomy":"page_tag","embeddable":true,"href":"https:\/\/www.electrahotels.gr\/fr\/wp-json\/wp\/v2\/page_tag?post=48236"}],"curies":[{"name":"wp","href":"https:\/\/api.w.org\/{rel}","templated":true}]}}