{"id":48262,"date":"2024-05-10T10:41:11","date_gmt":"2024-05-10T07:41:11","guid":{"rendered":"https:\/\/www.electrahotels.gr\/nos-hotels\/electra-hotel-athenes\/concierge\/"},"modified":"2024-09-13T17:06:15","modified_gmt":"2024-09-13T14:06:15","slug":"concierge","status":"publish","type":"page","link":"https:\/\/www.electrahotels.gr\/fr\/nos-hotels\/electra-rhythm-athens\/concierge\/","title":{"rendered":"Concierge"},"content":{"rendered":"\r\n<p>D\u00e9couvrez Ath\u00e8nes gr\u00e2ce \u00e0 notre service de conciergerie, qui vous permettra de vivre des exp\u00e9riences exceptionnelles. Nos concierges, qui connaissent parfaitement la ville, vous proposent des recommandations personnalis\u00e9es, qu&rsquo;il s&rsquo;agisse de visites historiques ou d&rsquo;activit\u00e9s exclusives. Apprenez \u00e0 conna\u00eetre la ville comme jamais auparavant gr\u00e2ce \u00e0 nos services sur mesure, et faites en sorte que chaque moment de votre s\u00e9jour soit extraordinaire. Faites d\u00e9filer vers le bas pour d\u00e9couvrir toutes les options disponibles.<\/p>\r\n","protected":false},"excerpt":{"rendered":"<p>D\u00e9couvrez Ath\u00e8nes gr\u00e2ce \u00e0 notre service de conciergerie, qui vous permettra de vivre des exp\u00e9riences exceptionnelles. Nos concierges, qui connaissent parfaitement la ville, vous proposent des recommandations personnalis\u00e9es, qu&rsquo;il s&rsquo;agisse de visites historiques ou d&rsquo;activit\u00e9s exclusives. Apprenez \u00e0 conna\u00eetre la ville comme jamais auparavant gr\u00e2ce \u00e0 nos services sur mesure, et faites en sorte que<\/p>\n","protected":false},"author":200,"featured_media":0,"parent":10285,"menu_order":0,"comment_status":"closed","ping_status":"closed","template":"page-templates\/concierge-hotel.php","meta":{"_acf_changed":false,"footnotes":""},"page_tag":[],"class_list":["post-48262","page","type-page","status-publish","hentry"],"acf":[],"yoast_head":"<!-- This site is optimized with the Yoast SEO plugin v27.4 - https:\/\/yoast.com\/product\/yoast-seo-wordpress\/ -->\n<title>Concierge - Electra Hotels &amp; Resorts<\/title>\n<meta name=\"robots\" content=\"index, follow, max-snippet:-1, max-image-preview:large, max-video-preview:-1\" \/>\n<link rel=\"canonical\" href=\"https:\/\/www.electrahotels.gr\/fr\/nos-hotels\/electra-rhythm-athens\/concierge\/\" \/>\n<meta property=\"og:locale\" content=\"fr_FR\" \/>\n<meta property=\"og:type\" content=\"article\" \/>\n<meta property=\"og:title\" content=\"Concierge - Electra Hotels &amp; Resorts\" \/>\n<meta property=\"og:description\" content=\"D\u00e9couvrez Ath\u00e8nes gr\u00e2ce \u00e0 notre service de conciergerie, qui vous permettra de vivre des exp\u00e9riences exceptionnelles. Nos concierges, qui connaissent parfaitement la ville, vous proposent des recommandations personnalis\u00e9es, qu&rsquo;il s&rsquo;agisse de visites historiques ou d&rsquo;activit\u00e9s exclusives. Apprenez \u00e0 conna\u00eetre la ville comme jamais auparavant gr\u00e2ce \u00e0 nos services sur mesure, et faites en sorte que\" \/>\n<meta property=\"og:url\" content=\"https:\/\/www.electrahotels.gr\/fr\/nos-hotels\/electra-rhythm-athens\/concierge\/\" \/>\n<meta property=\"og:site_name\" content=\"Electra Hotels &amp; Resorts\" \/>\n<meta property=\"article:modified_time\" content=\"2024-09-13T14:06:15+00:00\" \/>\n<meta name=\"twitter:card\" content=\"summary_large_image\" \/>\n<meta name=\"twitter:label1\" content=\"Dur\u00e9e de lecture estim\u00e9e\" \/>\n\t<meta name=\"twitter:data1\" content=\"1 minute\" \/>\n<script type=\"application\/ld+json\" class=\"yoast-schema-graph\">{\"@context\":\"https:\\\/\\\/schema.org\",\"@graph\":[{\"@type\":\"WebPage\",\"@id\":\"https:\\\/\\\/www.electrahotels.gr\\\/fr\\\/nos-hotels\\\/electra-rhythm-athens\\\/concierge\\\/\",\"url\":\"https:\\\/\\\/www.electrahotels.gr\\\/fr\\\/nos-hotels\\\/electra-rhythm-athens\\\/concierge\\\/\",\"name\":\"Concierge - Electra Hotels &amp; Resorts\",\"isPartOf\":{\"@id\":\"https:\\\/\\\/www.electrahotels.gr\\\/fr\\\/#website\"},\"datePublished\":\"2024-05-10T07:41:11+00:00\",\"dateModified\":\"2024-09-13T14:06:15+00:00\",\"breadcrumb\":{\"@id\":\"https:\\\/\\\/www.electrahotels.gr\\\/fr\\\/nos-hotels\\\/electra-rhythm-athens\\\/concierge\\\/#breadcrumb\"},\"inLanguage\":\"fr-FR\",\"potentialAction\":[{\"@type\":\"ReadAction\",\"target\":[\"https:\\\/\\\/www.electrahotels.gr\\\/fr\\\/nos-hotels\\\/electra-rhythm-athens\\\/concierge\\\/\"]}]},{\"@type\":\"BreadcrumbList\",\"@id\":\"https:\\\/\\\/www.electrahotels.gr\\\/fr\\\/nos-hotels\\\/electra-rhythm-athens\\\/concierge\\\/#breadcrumb\",\"itemListElement\":[{\"@type\":\"ListItem\",\"position\":1,\"name\":\"Home\",\"item\":\"https:\\\/\\\/www.electrahotels.gr\\\/fr\\\/\"},{\"@type\":\"ListItem\",\"position\":2,\"name\":\"Nos h\u00f4tels\",\"item\":\"https:\\\/\\\/www.electrahotels.gr\\\/fr\\\/nos-hotels\\\/\"},{\"@type\":\"ListItem\",\"position\":3,\"name\":\"Electra Rhythm Athens\",\"item\":\"https:\\\/\\\/www.electrahotels.gr\\\/fr\\\/nos-hotels\\\/electra-rhythm-athens\\\/\"},{\"@type\":\"ListItem\",\"position\":4,\"name\":\"Concierge\"}]},{\"@type\":\"WebSite\",\"@id\":\"https:\\\/\\\/www.electrahotels.gr\\\/fr\\\/#website\",\"url\":\"https:\\\/\\\/www.electrahotels.gr\\\/fr\\\/\",\"name\":\"Electra Hotels &amp; Resorts\",\"description\":\"A group of luxury hotels in Athens, Thessaloniki, Rhodes and Kefalonia committed to offering quality hospitality, service and luxury\",\"potentialAction\":[{\"@type\":\"SearchAction\",\"target\":{\"@type\":\"EntryPoint\",\"urlTemplate\":\"https:\\\/\\\/www.electrahotels.gr\\\/fr\\\/?s={search_term_string}\"},\"query-input\":{\"@type\":\"PropertyValueSpecification\",\"valueRequired\":true,\"valueName\":\"search_term_string\"}}],\"inLanguage\":\"fr-FR\"}]}<\/script>\n<!-- \/ Yoast SEO plugin. -->","yoast_head_json":{"title":"Concierge - Electra Hotels &amp; Resorts","robots":{"index":"index","follow":"follow","max-snippet":"max-snippet:-1","max-image-preview":"max-image-preview:large","max-video-preview":"max-video-preview:-1"},"canonical":"https:\/\/www.electrahotels.gr\/fr\/nos-hotels\/electra-rhythm-athens\/concierge\/","og_locale":"fr_FR","og_type":"article","og_title":"Concierge - Electra Hotels &amp; Resorts","og_description":"D\u00e9couvrez Ath\u00e8nes gr\u00e2ce \u00e0 notre service de conciergerie, qui vous permettra de vivre des exp\u00e9riences exceptionnelles. Nos concierges, qui connaissent parfaitement la ville, vous proposent des recommandations personnalis\u00e9es, qu&rsquo;il s&rsquo;agisse de visites historiques ou d&rsquo;activit\u00e9s exclusives. Apprenez \u00e0 conna\u00eetre la ville comme jamais auparavant gr\u00e2ce \u00e0 nos services sur mesure, et faites en sorte que","og_url":"https:\/\/www.electrahotels.gr\/fr\/nos-hotels\/electra-rhythm-athens\/concierge\/","og_site_name":"Electra Hotels &amp; Resorts","article_modified_time":"2024-09-13T14:06:15+00:00","twitter_card":"summary_large_image","twitter_misc":{"Dur\u00e9e de lecture estim\u00e9e":"1 minute"},"schema":{"@context":"https:\/\/schema.org","@graph":[{"@type":"WebPage","@id":"https:\/\/www.electrahotels.gr\/fr\/nos-hotels\/electra-rhythm-athens\/concierge\/","url":"https:\/\/www.electrahotels.gr\/fr\/nos-hotels\/electra-rhythm-athens\/concierge\/","name":"Concierge - Electra Hotels &amp; Resorts","isPartOf":{"@id":"https:\/\/www.electrahotels.gr\/fr\/#website"},"datePublished":"2024-05-10T07:41:11+00:00","dateModified":"2024-09-13T14:06:15+00:00","breadcrumb":{"@id":"https:\/\/www.electrahotels.gr\/fr\/nos-hotels\/electra-rhythm-athens\/concierge\/#breadcrumb"},"inLanguage":"fr-FR","potentialAction":[{"@type":"ReadAction","target":["https:\/\/www.electrahotels.gr\/fr\/nos-hotels\/electra-rhythm-athens\/concierge\/"]}]},{"@type":"BreadcrumbList","@id":"https:\/\/www.electrahotels.gr\/fr\/nos-hotels\/electra-rhythm-athens\/concierge\/#breadcrumb","itemListElement":[{"@type":"ListItem","position":1,"name":"Home","item":"https:\/\/www.electrahotels.gr\/fr\/"},{"@type":"ListItem","position":2,"name":"Nos h\u00f4tels","item":"https:\/\/www.electrahotels.gr\/fr\/nos-hotels\/"},{"@type":"ListItem","position":3,"name":"Electra Rhythm Athens","item":"https:\/\/www.electrahotels.gr\/fr\/nos-hotels\/electra-rhythm-athens\/"},{"@type":"ListItem","position":4,"name":"Concierge"}]},{"@type":"WebSite","@id":"https:\/\/www.electrahotels.gr\/fr\/#website","url":"https:\/\/www.electrahotels.gr\/fr\/","name":"Electra Hotels &amp; Resorts","description":"A group of luxury hotels in Athens, Thessaloniki, Rhodes and Kefalonia committed to offering quality hospitality, service and luxury","potentialAction":[{"@type":"SearchAction","target":{"@type":"EntryPoint","urlTemplate":"https:\/\/www.electrahotels.gr\/fr\/?s={search_term_string}"},"query-input":{"@type":"PropertyValueSpecification","valueRequired":true,"valueName":"search_term_string"}}],"inLanguage":"fr-FR"}]}},"_links":{"self":[{"href":"https:\/\/www.electrahotels.gr\/fr\/wp-json\/wp\/v2\/pages\/48262","targetHints":{"allow":["GET"]}}],"collection":[{"href":"https:\/\/www.electrahotels.gr\/fr\/wp-json\/wp\/v2\/pages"}],"about":[{"href":"https:\/\/www.electrahotels.gr\/fr\/wp-json\/wp\/v2\/types\/page"}],"author":[{"embeddable":true,"href":"https:\/\/www.electrahotels.gr\/fr\/wp-json\/wp\/v2\/users\/200"}],"replies":[{"embeddable":true,"href":"https:\/\/www.electrahotels.gr\/fr\/wp-json\/wp\/v2\/comments?post=48262"}],"version-history":[{"count":5,"href":"https:\/\/www.electrahotels.gr\/fr\/wp-json\/wp\/v2\/pages\/48262\/revisions"}],"predecessor-version":[{"id":49802,"href":"https:\/\/www.electrahotels.gr\/fr\/wp-json\/wp\/v2\/pages\/48262\/revisions\/49802"}],"up":[{"embeddable":true,"href":"https:\/\/www.electrahotels.gr\/fr\/wp-json\/wp\/v2\/pages\/10285"}],"wp:attachment":[{"href":"https:\/\/www.electrahotels.gr\/fr\/wp-json\/wp\/v2\/media?parent=48262"}],"wp:term":[{"taxonomy":"page_tag","embeddable":true,"href":"https:\/\/www.electrahotels.gr\/fr\/wp-json\/wp\/v2\/page_tag?post=48262"}],"curies":[{"name":"wp","href":"https:\/\/api.w.org\/{rel}","templated":true}]}}